{"id":132,"date":"2015-09-18T15:24:46","date_gmt":"2015-09-18T14:24:46","guid":{"rendered":"http:\/\/84.39.218.255\/wp-content\/uploads\/2015\/09\/hr\/?page_id=132"},"modified":"2015-09-18T15:24:46","modified_gmt":"2015-09-18T14:24:46","slug":"zakonodavstvo-republike-hrvatske","status":"publish","type":"page","link":"http:\/\/www.si-hr.eu\/hr\/program\/zakonodavstvo\/zakonodavstvo-republike-hrvatske\/","title":{"rendered":"Zakonodavstvo Republike Hrvatske"},"content":{"rendered":"<p>Ovdje mo\u017eete prona\u0107i zakonodavstvo Republike Hrvatske.<\/p>\n<p><a class=\"link_pdf\" href=\"http:\/\/84.39.218.255\/wp-content\/uploads\/2015\/09\/Odluka%20o%20imenovanju%20osoba%20nadle%C5%BEnih%20za%20upravljnje%20IPA_1.pdf\" target=\"_blank\">Odluka o imenovanju osoba nadle\u017enih za upravljanje IPA (NN 34\/08) (73.2k)<\/a><\/p>\n<p><a class=\"link_pdf\" href=\"http:\/\/84.39.218.255\/wp-content\/uploads\/2015\/09\/Uredba%20o%20opsegu%20i%20sadr%C5%BEaju%20odgovornosti%20te%20ovlastima%20tijela%20nadle%C5%BEnih%20za%20upravljanje%20IPA_2.pdf\" target=\"_blank\">Uredba o opsegu i sadr\u017eaju odgovornosti te ovlastima tijela nadle\u017enih za upravljanje IPA (NN 34\/08) (86.7k)<\/a><\/p>\n<p><a class=\"link_pdf\" href=\"http:\/\/84.39.218.255\/wp-content\/uploads\/2015\/09\/Zakon%20o%20sustavu%20provedbe%20programa%20europske%20unije%20i%20sustavu%20provedbe%20projekata%20financiranih%20iz%20sredstava%20zajmova%20i%20darovnica%20iz%20ostalih%20inozemnih%20izvora_1.pdf\" target=\"_blank\">Zakon o sustavu provedbe programa europske unije i sustavu provedbe projekata financiranih iz sredstava zajmova i darovnica iz ostalih inozemnih izvora (NN 58\/06) (89.8k)<\/a><\/p>\n","protected":false},"excerpt":{"rendered":"<p>Ovdje mo\u017eete prona\u0107i zakonodavstvo Republike Hrvatske. Odluka o imenovanju osoba nadle\u017enih za upravljanje IPA (NN 34\/08) (73.2k) Uredba o opsegu i sadr\u017eaju odgovornosti te ovlastima tijela nadle\u017enih za upravljanje IPA &hellip; <a href=\"http:\/\/www.si-hr.eu\/hr\/program\/zakonodavstvo\/zakonodavstvo-republike-hrvatske\/\" class=\"more-link\">Preberi ve\u010d <span class=\"screen-reader-text\">Zakonodavstvo Republike Hrvatske<\/span> <span class=\"meta-nav\">&rarr;<\/span><\/a><\/p>\n","protected":false},"author":1,"featured_media":0,"parent":126,"menu_order":0,"comment_status":"closed","ping_status":"closed","template":"","meta":{"ngg_post_thumbnail":0},"acf":[],"_links":{"self":[{"href":"http:\/\/www.si-hr.eu\/hr\/wp-json\/wp\/v2\/pages\/132"}],"collection":[{"href":"http:\/\/www.si-hr.eu\/hr\/wp-json\/wp\/v2\/pages"}],"about":[{"href":"http:\/\/www.si-hr.eu\/hr\/wp-json\/wp\/v2\/types\/page"}],"author":[{"embeddable":true,"href":"http:\/\/www.si-hr.eu\/hr\/wp-json\/wp\/v2\/users\/1"}],"replies":[{"embeddable":true,"href":"http:\/\/www.si-hr.eu\/hr\/wp-json\/wp\/v2\/comments?post=132"}],"version-history":[{"count":1,"href":"http:\/\/www.si-hr.eu\/hr\/wp-json\/wp\/v2\/pages\/132\/revisions"}],"predecessor-version":[{"id":133,"href":"http:\/\/www.si-hr.eu\/hr\/wp-json\/wp\/v2\/pages\/132\/revisions\/133"}],"up":[{"embeddable":true,"href":"http:\/\/www.si-hr.eu\/hr\/wp-json\/wp\/v2\/pages\/126"}],"wp:attachment":[{"href":"http:\/\/www.si-hr.eu\/hr\/wp-json\/wp\/v2\/media?parent=132"}],"curies":[{"name":"wp","href":"https:\/\/api.w.org\/{rel}","templated":true}]}}