{"id":134,"date":"2015-09-18T15:25:15","date_gmt":"2015-09-18T14:25:15","guid":{"rendered":"http:\/\/84.39.218.255\/wp-content\/uploads\/2015\/09\/hr\/?page_id=134"},"modified":"2015-09-18T15:25:15","modified_gmt":"2015-09-18T14:25:15","slug":"brosura-programa","status":"publish","type":"page","link":"http:\/\/www.si-hr.eu\/hr\/program\/brosura-programa\/","title":{"rendered":"Bro\u0161ura programa"},"content":{"rendered":"<p>Ovdje je objavljena op\u0107a bro\u0161ura Prekograni\u010dnog programa IPA Slovenija-Hrvatska 2007.-2013.<\/p>\n<p><a class=\"link_pdf\" href=\"http:\/\/84.39.218.255\/wp-content\/uploads\/2015\/09\/CRO.pdf\" target=\"_blank\">Letak (2M)<\/a><\/p>\n","protected":false},"excerpt":{"rendered":"<p>Ovdje je objavljena op\u0107a bro\u0161ura Prekograni\u010dnog programa IPA Slovenija-Hrvatska 2007.-2013. Letak (2M)<\/p>\n","protected":false},"author":1,"featured_media":0,"parent":21,"menu_order":0,"comment_status":"closed","ping_status":"closed","template":"","meta":{"ngg_post_thumbnail":0},"acf":[],"_links":{"self":[{"href":"http:\/\/www.si-hr.eu\/hr\/wp-json\/wp\/v2\/pages\/134"}],"collection":[{"href":"http:\/\/www.si-hr.eu\/hr\/wp-json\/wp\/v2\/pages"}],"about":[{"href":"http:\/\/www.si-hr.eu\/hr\/wp-json\/wp\/v2\/types\/page"}],"author":[{"embeddable":true,"href":"http:\/\/www.si-hr.eu\/hr\/wp-json\/wp\/v2\/users\/1"}],"replies":[{"embeddable":true,"href":"http:\/\/www.si-hr.eu\/hr\/wp-json\/wp\/v2\/comments?post=134"}],"version-history":[{"count":1,"href":"http:\/\/www.si-hr.eu\/hr\/wp-json\/wp\/v2\/pages\/134\/revisions"}],"predecessor-version":[{"id":135,"href":"http:\/\/www.si-hr.eu\/hr\/wp-json\/wp\/v2\/pages\/134\/revisions\/135"}],"up":[{"embeddable":true,"href":"http:\/\/www.si-hr.eu\/hr\/wp-json\/wp\/v2\/pages\/21"}],"wp:attachment":[{"href":"http:\/\/www.si-hr.eu\/hr\/wp-json\/wp\/v2\/media?parent=134"}],"curies":[{"name":"wp","href":"https:\/\/api.w.org\/{rel}","templated":true}]}}