{"id":249,"date":"2015-09-24T09:09:03","date_gmt":"2015-09-24T08:09:03","guid":{"rendered":"http:\/\/84.39.218.255\/hr\/?page_id=249"},"modified":"2015-09-24T09:11:58","modified_gmt":"2015-09-24T08:11:58","slug":"informativna-radionica-u-brezicama","status":"publish","type":"page","link":"http:\/\/www.si-hr.eu\/hr\/galerija\/informativna-radionica-u-brezicama\/","title":{"rendered":"Informativna radionica u Bre\u017eicama"},"content":{"rendered":"<p>Ovdje mo\u017eete prona\u0107i fotografije s informativne radionice odr\u017eane u Bre\u017eicama 28.2.2012.<\/p>\n","protected":false},"excerpt":{"rendered":"<p>Ovdje mo\u017eete prona\u0107i fotografije s informativne radionice odr\u017eane u Bre\u017eicama 28.2.2012.<\/p>\n","protected":false},"author":1,"featured_media":0,"parent":245,"menu_order":0,"comment_status":"closed","ping_status":"closed","template":"","meta":{"ngg_post_thumbnail":0},"acf":[],"_links":{"self":[{"href":"http:\/\/www.si-hr.eu\/hr\/wp-json\/wp\/v2\/pages\/249"}],"collection":[{"href":"http:\/\/www.si-hr.eu\/hr\/wp-json\/wp\/v2\/pages"}],"about":[{"href":"http:\/\/www.si-hr.eu\/hr\/wp-json\/wp\/v2\/types\/page"}],"author":[{"embeddable":true,"href":"http:\/\/www.si-hr.eu\/hr\/wp-json\/wp\/v2\/users\/1"}],"replies":[{"embeddable":true,"href":"http:\/\/www.si-hr.eu\/hr\/wp-json\/wp\/v2\/comments?post=249"}],"version-history":[{"count":1,"href":"http:\/\/www.si-hr.eu\/hr\/wp-json\/wp\/v2\/pages\/249\/revisions"}],"predecessor-version":[{"id":250,"href":"http:\/\/www.si-hr.eu\/hr\/wp-json\/wp\/v2\/pages\/249\/revisions\/250"}],"up":[{"embeddable":true,"href":"http:\/\/www.si-hr.eu\/hr\/wp-json\/wp\/v2\/pages\/245"}],"wp:attachment":[{"href":"http:\/\/www.si-hr.eu\/hr\/wp-json\/wp\/v2\/media?parent=249"}],"curies":[{"name":"wp","href":"https:\/\/api.w.org\/{rel}","templated":true}]}}