{"id":263,"date":"2015-09-24T09:11:43","date_gmt":"2015-09-24T08:11:43","guid":{"rendered":"http:\/\/84.39.218.255\/hr\/?page_id=263"},"modified":"2015-09-24T09:11:43","modified_gmt":"2015-09-24T08:11:43","slug":"uvodna-prezentacija-op-ipa-si-hr-2007-2013-otocec","status":"publish","type":"page","link":"http:\/\/www.si-hr.eu\/hr\/galerija\/uvodna-prezentacija-op-ipa-si-hr-2007-2013-otocec\/","title":{"rendered":"Uvodna prezentacija OP IPA SI-HR 2007-2013, Oto\u010dec"},"content":{"rendered":"<p>Tu mo\u017eete prona\u0107i slike.<\/p>\n","protected":false},"excerpt":{"rendered":"<p>Tu mo\u017eete prona\u0107i slike.<\/p>\n","protected":false},"author":1,"featured_media":0,"parent":245,"menu_order":0,"comment_status":"closed","ping_status":"closed","template":"","meta":{"ngg_post_thumbnail":0},"acf":[],"_links":{"self":[{"href":"http:\/\/www.si-hr.eu\/hr\/wp-json\/wp\/v2\/pages\/263"}],"collection":[{"href":"http:\/\/www.si-hr.eu\/hr\/wp-json\/wp\/v2\/pages"}],"about":[{"href":"http:\/\/www.si-hr.eu\/hr\/wp-json\/wp\/v2\/types\/page"}],"author":[{"embeddable":true,"href":"http:\/\/www.si-hr.eu\/hr\/wp-json\/wp\/v2\/users\/1"}],"replies":[{"embeddable":true,"href":"http:\/\/www.si-hr.eu\/hr\/wp-json\/wp\/v2\/comments?post=263"}],"version-history":[{"count":1,"href":"http:\/\/www.si-hr.eu\/hr\/wp-json\/wp\/v2\/pages\/263\/revisions"}],"predecessor-version":[{"id":264,"href":"http:\/\/www.si-hr.eu\/hr\/wp-json\/wp\/v2\/pages\/263\/revisions\/264"}],"up":[{"embeddable":true,"href":"http:\/\/www.si-hr.eu\/hr\/wp-json\/wp\/v2\/pages\/245"}],"wp:attachment":[{"href":"http:\/\/www.si-hr.eu\/hr\/wp-json\/wp\/v2\/media?parent=263"}],"curies":[{"name":"wp","href":"https:\/\/api.w.org\/{rel}","templated":true}]}}