{"id":47,"date":"2015-09-18T14:16:22","date_gmt":"2015-09-18T13:16:22","guid":{"rendered":"http:\/\/84.39.218.255\/wp-content\/uploads\/2015\/09\/hr\/?page_id=47"},"modified":"2015-09-18T14:16:22","modified_gmt":"2015-09-18T13:16:22","slug":"odluke-4-sastanka-zop","status":"publish","type":"page","link":"http:\/\/www.si-hr.eu\/hr\/o-nama\/sastanak-zajednickog-odbora-za-pracenje\/odluke-4-sastanka-zop\/","title":{"rendered":"Odluke 4. sastanka ZOP"},"content":{"rendered":"<p>Odluke \u010detvrtog sastanka Zajedni\u010dkog odbora za pra\u0107enje Operativnog programa Slovenija-Hrvatska 2007.-2013.<\/p>\n<p><a class=\"link_doc\" href=\"http:\/\/84.39.218.255\/wp-content\/uploads\/2015\/09\/Conclusions%204%20JMC_2.doc\" target=\"_blank\">Odluke 4. ZNO (198k)<\/a><\/p>\n","protected":false},"excerpt":{"rendered":"<p>Odluke \u010detvrtog sastanka Zajedni\u010dkog odbora za pra\u0107enje Operativnog programa Slovenija-Hrvatska 2007.-2013. Odluke 4. ZNO (198k)<\/p>\n","protected":false},"author":1,"featured_media":0,"parent":39,"menu_order":0,"comment_status":"closed","ping_status":"closed","template":"","meta":{"ngg_post_thumbnail":0},"acf":[],"_links":{"self":[{"href":"http:\/\/www.si-hr.eu\/hr\/wp-json\/wp\/v2\/pages\/47"}],"collection":[{"href":"http:\/\/www.si-hr.eu\/hr\/wp-json\/wp\/v2\/pages"}],"about":[{"href":"http:\/\/www.si-hr.eu\/hr\/wp-json\/wp\/v2\/types\/page"}],"author":[{"embeddable":true,"href":"http:\/\/www.si-hr.eu\/hr\/wp-json\/wp\/v2\/users\/1"}],"replies":[{"embeddable":true,"href":"http:\/\/www.si-hr.eu\/hr\/wp-json\/wp\/v2\/comments?post=47"}],"version-history":[{"count":1,"href":"http:\/\/www.si-hr.eu\/hr\/wp-json\/wp\/v2\/pages\/47\/revisions"}],"predecessor-version":[{"id":48,"href":"http:\/\/www.si-hr.eu\/hr\/wp-json\/wp\/v2\/pages\/47\/revisions\/48"}],"up":[{"embeddable":true,"href":"http:\/\/www.si-hr.eu\/hr\/wp-json\/wp\/v2\/pages\/39"}],"wp:attachment":[{"href":"http:\/\/www.si-hr.eu\/hr\/wp-json\/wp\/v2\/media?parent=47"}],"curies":[{"name":"wp","href":"https:\/\/api.w.org\/{rel}","templated":true}]}}