{"id":51,"date":"2015-09-18T14:17:13","date_gmt":"2015-09-18T13:17:13","guid":{"rendered":"http:\/\/84.39.218.255\/wp-content\/uploads\/2015\/09\/hr\/?page_id=51"},"modified":"2015-09-18T14:17:13","modified_gmt":"2015-09-18T13:17:13","slug":"odluke-6-sastanka-zop","status":"publish","type":"page","link":"http:\/\/www.si-hr.eu\/hr\/o-nama\/sastanak-zajednickog-odbora-za-pracenje\/odluke-6-sastanka-zop\/","title":{"rendered":"Odluke 6. sastanka ZOP"},"content":{"rendered":"<p>Odluke \u0161estog sastanka Zajedni\u010dkog odbora za pra\u0107enje IPA Operativnog programa Slovenija-Hrvatska 2007.-2013.<\/p>\n<p><a class=\"link_doc\" href=\"http:\/\/84.39.218.255\/wp-content\/uploads\/2015\/09\/Minutes-6th%20JMC.doc\" target=\"_blank\">Odluke 6. sastanka ZOP (140.5k)<\/a><\/p>\n","protected":false},"excerpt":{"rendered":"<p>Odluke \u0161estog sastanka Zajedni\u010dkog odbora za pra\u0107enje IPA Operativnog programa Slovenija-Hrvatska 2007.-2013. Odluke 6. sastanka ZOP (140.5k)<\/p>\n","protected":false},"author":1,"featured_media":0,"parent":39,"menu_order":0,"comment_status":"closed","ping_status":"closed","template":"","meta":{"ngg_post_thumbnail":0},"acf":[],"_links":{"self":[{"href":"http:\/\/www.si-hr.eu\/hr\/wp-json\/wp\/v2\/pages\/51"}],"collection":[{"href":"http:\/\/www.si-hr.eu\/hr\/wp-json\/wp\/v2\/pages"}],"about":[{"href":"http:\/\/www.si-hr.eu\/hr\/wp-json\/wp\/v2\/types\/page"}],"author":[{"embeddable":true,"href":"http:\/\/www.si-hr.eu\/hr\/wp-json\/wp\/v2\/users\/1"}],"replies":[{"embeddable":true,"href":"http:\/\/www.si-hr.eu\/hr\/wp-json\/wp\/v2\/comments?post=51"}],"version-history":[{"count":1,"href":"http:\/\/www.si-hr.eu\/hr\/wp-json\/wp\/v2\/pages\/51\/revisions"}],"predecessor-version":[{"id":52,"href":"http:\/\/www.si-hr.eu\/hr\/wp-json\/wp\/v2\/pages\/51\/revisions\/52"}],"up":[{"embeddable":true,"href":"http:\/\/www.si-hr.eu\/hr\/wp-json\/wp\/v2\/pages\/39"}],"wp:attachment":[{"href":"http:\/\/www.si-hr.eu\/hr\/wp-json\/wp\/v2\/media?parent=51"}],"curies":[{"name":"wp","href":"https:\/\/api.w.org\/{rel}","templated":true}]}}