{"id":603,"date":"2017-03-30T09:39:55","date_gmt":"2017-03-30T08:39:55","guid":{"rendered":"http:\/\/www.si-hr.eu\/hr\/?page_id=603"},"modified":"2017-03-30T09:44:18","modified_gmt":"2017-03-30T08:44:18","slug":"evaluacija-op-si-hr-2007-2013","status":"publish","type":"page","link":"http:\/\/www.si-hr.eu\/hr\/program\/programski-dokumenti\/evaluacija-op-si-hr-2007-2013\/","title":{"rendered":"Evaluacija OP SI-HR 2007-2013"},"content":{"rendered":"<p><a href=\"http:\/\/www.si-hr.eu\/hr\/wp-content\/uploads\/sites\/9\/2017\/03\/Koncno_porocilo_vrednotenja_23-12-2016.pdf\" target=\"_blank\">Zavr\u0161no evaluacijsko izvje\u0161\u0107e &#8211; draft<\/a><\/p>\n","protected":false},"excerpt":{"rendered":"<p>Zavr\u0161no evaluacijsko izvje\u0161\u0107e &#8211; draft<\/p>\n","protected":false},"author":1,"featured_media":0,"parent":120,"menu_order":0,"comment_status":"closed","ping_status":"closed","template":"","meta":{"ngg_post_thumbnail":0},"acf":[],"_links":{"self":[{"href":"http:\/\/www.si-hr.eu\/hr\/wp-json\/wp\/v2\/pages\/603"}],"collection":[{"href":"http:\/\/www.si-hr.eu\/hr\/wp-json\/wp\/v2\/pages"}],"about":[{"href":"http:\/\/www.si-hr.eu\/hr\/wp-json\/wp\/v2\/types\/page"}],"author":[{"embeddable":true,"href":"http:\/\/www.si-hr.eu\/hr\/wp-json\/wp\/v2\/users\/1"}],"replies":[{"embeddable":true,"href":"http:\/\/www.si-hr.eu\/hr\/wp-json\/wp\/v2\/comments?post=603"}],"version-history":[{"count":2,"href":"http:\/\/www.si-hr.eu\/hr\/wp-json\/wp\/v2\/pages\/603\/revisions"}],"predecessor-version":[{"id":607,"href":"http:\/\/www.si-hr.eu\/hr\/wp-json\/wp\/v2\/pages\/603\/revisions\/607"}],"up":[{"embeddable":true,"href":"http:\/\/www.si-hr.eu\/hr\/wp-json\/wp\/v2\/pages\/120"}],"wp:attachment":[{"href":"http:\/\/www.si-hr.eu\/hr\/wp-json\/wp\/v2\/media?parent=603"}],"curies":[{"name":"wp","href":"https:\/\/api.w.org\/{rel}","templated":true}]}}