{"id":62,"date":"2015-09-18T14:23:09","date_gmt":"2015-09-18T13:23:09","guid":{"rendered":"http:\/\/84.39.218.255\/wp-content\/uploads\/2015\/09\/hr\/?page_id=62"},"modified":"2015-09-18T14:23:09","modified_gmt":"2015-09-18T13:23:09","slug":"upute-za-korisnike","status":"publish","type":"page","link":"http:\/\/www.si-hr.eu\/hr\/projekti\/upute-za-korisnike\/","title":{"rendered":"Upute za korisnike"},"content":{"rendered":"<h3>Va\u017eno upozorenje za projekte odobrene u okviru 3. poziva na dostavu prijedloga projekata<\/h3>\n<p>Tre\u0107i stavak \u010dlanka 105a (2) Uredbe br. 1083\/2006 uveden Ugovorom o pristupanju Republike Hrvatske glasi:<br \/>\n\u201eOperacije koje nisu navedene u prvom i drugom podstavku i za koje su pozivi na podno\u0161enje projektnih prijedloga objavljeni u skladu s \u010dlankom 158. Uredbe Komisije (EZ) br. 718\/2007 ili za koje su prijave podnesene nadle\u017enim tijelima prije dana pristupanja, a za koje se ugovaranje mo\u017ee zavr\u0161iti samo nakon tog dana, provode se u skladu s uvjetima i pravilima prihvatljivosti koji su objavljeni u odgovaraju\u0107em pozivu na podno\u0161enje projektnih prijedloga ili onima o kojima su potencijalni korisnici unaprijed obavije\u0161teni\u201c.<\/p>\n<p>To zna\u010di da za sve projekte koji su bili odobreni u okviru poziva na dostavu prijedloga projekata, a koji su objavljeni prije pristupanja Hrvatske Europskoj uniji vrijede ona pravila vezana uz prihvatljivost koja su bila objavljena zajedno sa pozivom na dostavu prijedloga projekata. Posljedi\u010dno, to zna\u010di da za sve projekte odobrene unutar 3. poziva na dostavu prijedloga projekata OP IPA SI-HR 2007-2013 vrijede ista pravila vezana uz prihvatljivost koja su bila objavljena u okviru natje\u010dajne dokumentacije predmetnog Poziva zajedno sa pravilima PRAG na podru\u010dju javne nabave. Pritom je tako\u0111er va\u017eno upozoriti na to da projekti koji su odobreni i \u010dija je provedba zapo\u010dela nakon 30. lipnja 2013. vrijedi pravilo da se prilikom navo\u0111enja operativnog programa kao i prilikom informiranja i obavje\u0161tavanja javnosti vi\u0161e ne smiju referirati na Instrument pretpristupne pomo\u0107i (IPA) te iz tog razloga skra\u0107enica operativnog programa glasi OP SI-HR 2007-2013. Za dodatne informacije pogledajte kategoriju \u201eUpute za informiranje i obavje\u0161tavanje\u201c.<\/p>\n<h3>Upute za korisnike<\/h3>\n<p>Ovdje mo\u017eete prona\u0107i upute za korisnike.<\/p>\n","protected":false},"excerpt":{"rendered":"<p>Va\u017eno upozorenje za projekte odobrene u okviru 3. poziva na dostavu prijedloga projekata Tre\u0107i stavak \u010dlanka 105a (2) Uredbe br. 1083\/2006 uveden Ugovorom o pristupanju Republike Hrvatske glasi: \u201eOperacije koje &hellip; <a href=\"http:\/\/www.si-hr.eu\/hr\/projekti\/upute-za-korisnike\/\" class=\"more-link\">Preberi ve\u010d <span class=\"screen-reader-text\">Upute za korisnike<\/span> <span class=\"meta-nav\">&rarr;<\/span><\/a><\/p>\n","protected":false},"author":1,"featured_media":0,"parent":25,"menu_order":0,"comment_status":"closed","ping_status":"closed","template":"","meta":{"ngg_post_thumbnail":0},"acf":[],"_links":{"self":[{"href":"http:\/\/www.si-hr.eu\/hr\/wp-json\/wp\/v2\/pages\/62"}],"collection":[{"href":"http:\/\/www.si-hr.eu\/hr\/wp-json\/wp\/v2\/pages"}],"about":[{"href":"http:\/\/www.si-hr.eu\/hr\/wp-json\/wp\/v2\/types\/page"}],"author":[{"embeddable":true,"href":"http:\/\/www.si-hr.eu\/hr\/wp-json\/wp\/v2\/users\/1"}],"replies":[{"embeddable":true,"href":"http:\/\/www.si-hr.eu\/hr\/wp-json\/wp\/v2\/comments?post=62"}],"version-history":[{"count":1,"href":"http:\/\/www.si-hr.eu\/hr\/wp-json\/wp\/v2\/pages\/62\/revisions"}],"predecessor-version":[{"id":63,"href":"http:\/\/www.si-hr.eu\/hr\/wp-json\/wp\/v2\/pages\/62\/revisions\/63"}],"up":[{"embeddable":true,"href":"http:\/\/www.si-hr.eu\/hr\/wp-json\/wp\/v2\/pages\/25"}],"wp:attachment":[{"href":"http:\/\/www.si-hr.eu\/hr\/wp-json\/wp\/v2\/media?parent=62"}],"curies":[{"name":"wp","href":"https:\/\/api.w.org\/{rel}","templated":true}]}}