{"id":64,"date":"2015-09-18T14:24:12","date_gmt":"2015-09-18T13:24:12","guid":{"rendered":"http:\/\/84.39.218.255\/wp-content\/uploads\/2015\/09\/hr\/?page_id=64"},"modified":"2015-09-18T14:24:12","modified_gmt":"2015-09-18T13:24:12","slug":"radionice-za-isarr-i-izvjestavanje","status":"publish","type":"page","link":"http:\/\/www.si-hr.eu\/hr\/projekti\/upute-za-korisnike\/radionice-za-isarr-i-izvjestavanje\/","title":{"rendered":"Radionice za ISARR i izvje\u0161tavanje"},"content":{"rendered":"<h3>Radionice za ISARR i izvje\u0161tavanje<\/h3>\n<p>Ovdje mo\u017eete preuzeti prezentacije s radionica o izvje\u0161tavanju organiziranih u okviru 1. i 2. Poziva na dostavu prijedloga projekata.<\/p>\n<p><a class=\"link_extern2\" title=\"Fotogalerija radionice\" href=\"http:\/\/www.si-hr.eu\/image_gallery_hr\/workshop_for_beneficiaries_in_karlovac\" target=\"_blank\">Fotogalerija radionice<\/a><\/p>\n<h3>Radionica &#8211; 2. Poziv na dostavu prijedloga projekata<\/h3>\n<p>Ovdje mo\u017eete prona\u0107i pozivnicu i materijale s radionice odr\u017eane u Mo\u0161\u010deni\u0107koj Dragi 31.5.2011.<\/p>\n<p><a class=\"link_doc\" href=\"http:\/\/84.39.218.255\/wp-content\/uploads\/2015\/09\/POZIV%20%202%20JR%20Mo%C5%A1%C4%87eni%C4%8Dka%20Draga_1.doc\" target=\"_blank\">Pozivnica (226.5k)<\/a><a class=\"link_zip\" href=\"http:\/\/84.39.218.255\/wp-content\/uploads\/2015\/09\/delavnica%20Mo%C5%A1%C4%87eni%C5%A1ka%20Draga%20-%20HR_1.zip\" target=\"_blank\">Prezentacije za radionicu (7M)<\/a><\/p>\n<h3>Radionica &#8211; 1. Poziv na dostavu prijedloga projekata<\/h3>\n<p>Ovdje mo\u017eete prona\u0107i pozivnicu i materijale s radionice u Karlovcu 10.12.2009.<\/p>\n<p><a class=\"link_doc\" href=\"http:\/\/84.39.218.255\/wp-content\/uploads\/2015\/09\/VABILO%20NA%20DELAVNICE%20-%20dvojezi%C4%8Dno_5.doc\" target=\"_blank\">Pozivnica (310.5k)<\/a><a class=\"link_zip\" href=\"http:\/\/84.39.218.255\/wp-content\/uploads\/2015\/09\/Prezentacije%20za%20radionicu%2010.12.2009,%20Karlovac.zip\" target=\"_blank\">Prezentacije za radionicu (3M)<\/a><\/p>\n","protected":false},"excerpt":{"rendered":"<p>Radionice za ISARR i izvje\u0161tavanje Ovdje mo\u017eete preuzeti prezentacije s radionica o izvje\u0161tavanju organiziranih u okviru 1. i 2. Poziva na dostavu prijedloga projekata. Fotogalerija radionice Radionica &#8211; 2. Poziv &hellip; <a href=\"http:\/\/www.si-hr.eu\/hr\/projekti\/upute-za-korisnike\/radionice-za-isarr-i-izvjestavanje\/\" class=\"more-link\">Preberi ve\u010d <span class=\"screen-reader-text\">Radionice za ISARR i izvje\u0161tavanje<\/span> <span class=\"meta-nav\">&rarr;<\/span><\/a><\/p>\n","protected":false},"author":1,"featured_media":0,"parent":62,"menu_order":0,"comment_status":"closed","ping_status":"closed","template":"","meta":{"ngg_post_thumbnail":0},"acf":[],"_links":{"self":[{"href":"http:\/\/www.si-hr.eu\/hr\/wp-json\/wp\/v2\/pages\/64"}],"collection":[{"href":"http:\/\/www.si-hr.eu\/hr\/wp-json\/wp\/v2\/pages"}],"about":[{"href":"http:\/\/www.si-hr.eu\/hr\/wp-json\/wp\/v2\/types\/page"}],"author":[{"embeddable":true,"href":"http:\/\/www.si-hr.eu\/hr\/wp-json\/wp\/v2\/users\/1"}],"replies":[{"embeddable":true,"href":"http:\/\/www.si-hr.eu\/hr\/wp-json\/wp\/v2\/comments?post=64"}],"version-history":[{"count":1,"href":"http:\/\/www.si-hr.eu\/hr\/wp-json\/wp\/v2\/pages\/64\/revisions"}],"predecessor-version":[{"id":65,"href":"http:\/\/www.si-hr.eu\/hr\/wp-json\/wp\/v2\/pages\/64\/revisions\/65"}],"up":[{"embeddable":true,"href":"http:\/\/www.si-hr.eu\/hr\/wp-json\/wp\/v2\/pages\/62"}],"wp:attachment":[{"href":"http:\/\/www.si-hr.eu\/hr\/wp-json\/wp\/v2\/media?parent=64"}],"curies":[{"name":"wp","href":"https:\/\/api.w.org\/{rel}","templated":true}]}}