{"id":66,"date":"2015-09-18T14:25:43","date_gmt":"2015-09-18T13:25:43","guid":{"rendered":"http:\/\/84.39.218.255\/wp-content\/uploads\/2015\/09\/hr\/?page_id=66"},"modified":"2015-09-18T14:25:43","modified_gmt":"2015-09-18T13:25:43","slug":"mup-isarr","status":"publish","type":"page","link":"http:\/\/www.si-hr.eu\/hr\/projekti\/upute-za-korisnike\/mup-isarr\/","title":{"rendered":"MUP (ISARR)"},"content":{"rendered":"<h3>Nova verzija Uputa za uporabu modula za uno\u0161enje podataka \u2013 MUP (ISARR)<\/h3>\n<p>24.4.2015. objavljena je nova verzija Uputa za uporabu modula za uno\u0161enje podataka \u2013 MUP (ISARR) koja sadr\u017ei sljede\u0107e izmjene:<br \/>\nNASLOVNICA DOKUMENTA<br \/>\n\u2022 Mijenja se broj verzije, te je sad \u201eVerzija 1.0\u201c<br \/>\n\u2022 Mijenja se datum dokumenta, te je sad \u201eLjubljana, 2012.\u201c<\/p>\n<p>1.1 STANJE DOKUMENTA<br \/>\n\u2022 Stanje dokumenta mijenja se, te sad glasi:<\/p>\n<p>Namjena dokumenta: Upute za uporabu modula za unos podataka \u2013 MUP \u2013 Cilj 3.<br \/>\nSadr\u017eaj: Vidi kazalo sadr\u017eaja<br \/>\nOznaka dok.: MVP-04\/ISARR<br \/>\nStatus: Kona\u010dna verzija<br \/>\nVerzija: 1.0<br \/>\nDatum verzije: 4.6.2012.<br \/>\nNaru\u010ditelj\/korisnik: Republika Slovenija \u2013 SVLR<br \/>\nAutori: IPMIT d.o.o.<br \/>\nKomentar privremenih verzija:<br \/>\nDostavljeno:<br \/>\nPovijest verzija<\/p>\n<p>Verzija Datum posljednje izmjene Napomene<br \/>\n0.1 28. 08. 2009. Kona\u010dna verzija dokumenta<br \/>\n0.2 16. 09. 2009. Dodane upute za uno\u0161enje pokazatelja, brisanje uputa za unos fizi\u010dkih osoba<br \/>\n0.3 22. 06. 2010. Dodano obja\u0161njenje vezano za unos i izvje\u0161tavanje o dosezajuu fizi\u010dkih ciljeva (pokazatelja)<br \/>\n0.4 14. 07.2010. Dodan opis polja, datum pla\u0107anja EU dijela, pokazatelji<br \/>\n0.5 21. 01. 2011. Nova unosna maska pri unosu dokumenata<br \/>\n0.6 15. 02. 2011. Uskla\u0111enje uputa s uputama iz <a href=\"http:\/\/www.si-at.eu\/\">http:\/\/www.si-at.eu<\/a> (dodan pau\u0161al, nulto izvje\u0161\u0107e; brisanje uputa za unos dokumenta za pla\u0107anje predujma); dodana fusnota za planiranje pokazatelja<br \/>\n0.7 03 .05. 2011. Ozna\u010davanje zaklju\u010dnog izvje\u0161\u0107a<br \/>\n0.8 13. 09. 2011. Izmjena uputa sukladno vizualnom identitetu ISARR-a<br \/>\n0.9 20.12.2011. Izmjena uputa sukladno izmjeni vizualnog identiteta procesa provedbe (MVP)<br \/>\n1.0 4.6.2012. Izmjena uputa sukladno zahtjevu 7401 \u2013 pohranjivanje ispisa<\/p>\n<p>4.7.1. KREIRANJE IZVJE\u0160\u0106A O NAPRETKU (ME\u0110UVREMENOG IZVJE\u0160\u0106A) ODNOSNO ZAHTJEVA ZA POVRATOM SREDSTAVA, URE\u0110IVANJE I A\u017dURIRANJE IZVJE\u0160\u0106A<\/p>\n<p>\u2022 Mijenja se naslov koji sada glasi: Kreiranje izvje\u0161\u0107a o napretku (me\u0111uvremenog izvje\u0161\u0107a) odnosno zahtjeva za povratom sredstava, ure\u0111ivanje i a\u017euriranje izvje\u0161\u0107a<br \/>\n\u2022 Na kraju prvog paragrafa dodaje se: &#8221; partnera odnosno zahtjeva za povratom sredstava.&#8221;<br \/>\n\u2022 Mijenja se naziv slike 18. u: &#8221; Kreiranje zahtjeva za povratom sredstava&#8221; i bri\u0161e:&#8221; izvje\u0161\u0107a o napretku (me\u0111uvremenog izvje\u0161\u0107a&#8221;<\/p>\n<p>4.7.2. PRIKAZ PODATAKA ZAHTJEVA ZA POVRATOM SREDSTAVA I IZRADA ISPISA<\/p>\n<p>\u2022 Mijenja se naslov koji sada glasi: &#8220;Prikaz podataka zahtjeva za povratom sredstava i izrada ispisa&#8221;<br \/>\n\u2022 Bri\u0161e se u naslovu i prvoj re\u010denici :&#8221;izvje\u0161\u0107a o napretku (me\u0111uvremenog izvje\u0161\u0107a)&#8221;<br \/>\n\u2022 Na kraju prve re\u010denice dodaje se: &#8221; zahtjeva za povratom sredstava.&#8221;,<br \/>\n\u2022 Ispred poslijednje re\u010denice dodaje se novi odlomak:&#8221; Podaci na ispisima koje korisnik u procesu provedbe ima mogu\u0107nost tiskati, pohranjuju se nakon predaje izvje\u0161\u0107a. Ponovno se generiraju i pohranjuju i u slu\u010daju ponovnog slanja izvje\u0161\u0107a, ukoliko do njega do\u0111e.<br \/>\n\u2022<\/p>\n<p>\u00ab<\/p>\n<p>5.1. KREIRANJE ZAVR\u0160NOG (ZAJEDNI\u010cKOG) IZVJE\u0160\u0106A \u2013 ZAHTJEVA ZA POVRATOM SREDSTAVA<\/p>\n<p>\u2022 Mijenja se naslov koji sada glasi: &#8220;Kreiranje zavr\u0161nog (zajedni\u010dkog) izvje\u0161\u0107a \u2013 zahtjeva za povratom sredstava&#8221;<br \/>\n\u2022 U re\u010denici izme\u0111u slika 26. i 27. bri\u0161e &#8220;zajedni\u010dkog izvje\u0161\u0107a&#8221; i &#8220;izvje\u0161\u0107a o napretku (me\u0111uvremenog izvje\u0161\u0107a)&#8221; te se re\u010denica mijenja i sada glasi:&#8221; Kreiranje zahtjeva za povrat sredstava se ne razlikuje od kreiranja zahtjeva za isplatom.&#8221;<br \/>\n\u2022 Mijenja se naziv slike 27. u:&#8221; ZzP&#8221;<br \/>\n\u2022 Ispred odlomka za kojim slijedi slika 33. dodaje se odlomak:&#8221; Podaci na ispisima koje korisnik u procesu provedbe ima mogu\u0107nost tiskati, pohranjuju se nakon predaje izvje\u0161\u0107a. Ponovno se generiraju i pohranjuju i u slu\u010daju ponovnog slanja izvje\u0161\u0107a, ukoliko do njega do\u0111e.&#8221;<\/p>\n<p>SLIKE<\/p>\n<p>\u2022 Slika 18.: Naziv slike se mijenja i sada glasi: &#8220;Kreiranje zahtjeva za povratom sredstava&#8221;<br \/>\n\u2022 Slika 27: naziv slike se mijenja i sada glasi: &#8220;ZzP&#8221;<\/p>\n<p><a class=\"link_pdf\" href=\"http:\/\/84.39.218.255\/wp-content\/uploads\/2015\/09\/Upute%20za%20uporabu%20modula%20za%20unosenje%20podataka%20MUP_1.pdf\" target=\"_blank\">Upute za uporabu modula za unosenje podataka MUP (1.8M)<\/a><\/p>\n<h3>Upute za uporabu modula za uno\u0161enje podataka\u2013MUP(ISARR)<\/h3>\n<p>Ovdje mo\u017eete preuzeti Upute za uporabu modula za uno\u0161enje podataka\u2013MUP(ISARR).<\/p>\n<p>11.10.2011. je bila objavljena nova verzija Uputa za uporabu modula za uno\u0161enje podataka-MUP (ISARR) te CORRIGENDUM koji sadr\u017ei izmjene napravljene u uputama.<\/p>\n<p><a class=\"link_pdf\" href=\"http:\/\/84.39.218.255\/wp-content\/uploads\/2015\/09\/Navodila%20MUP,%2019.1.2012.pdf\" target=\"_blank\">Upute za uporabu modula za uno\u0161enje podataka\u2013MUP(ISARR) (4.2M)<\/a><\/p>\n<p><a class=\"link_pdf\" href=\"http:\/\/84.39.218.255\/wp-content\/uploads\/2015\/09\/CORRIGENDUM%20-%20MUP%2019.%201.2012.pdf\" target=\"_blank\">Upute za uporabu modula za uno\u0161enje podataka\u2013MUP(ISARR) &#8211; CORRIGENDUM (359.9k)<\/a><\/p>\n","protected":false},"excerpt":{"rendered":"<p>Nova verzija Uputa za uporabu modula za uno\u0161enje podataka \u2013 MUP (ISARR) 24.4.2015. objavljena je nova verzija Uputa za uporabu modula za uno\u0161enje podataka \u2013 MUP (ISARR) koja sadr\u017ei sljede\u0107e &hellip; <a href=\"http:\/\/www.si-hr.eu\/hr\/projekti\/upute-za-korisnike\/mup-isarr\/\" class=\"more-link\">Preberi ve\u010d <span class=\"screen-reader-text\">MUP (ISARR)<\/span> <span class=\"meta-nav\">&rarr;<\/span><\/a><\/p>\n","protected":false},"author":1,"featured_media":0,"parent":62,"menu_order":0,"comment_status":"closed","ping_status":"closed","template":"","meta":{"ngg_post_thumbnail":0},"acf":[],"_links":{"self":[{"href":"http:\/\/www.si-hr.eu\/hr\/wp-json\/wp\/v2\/pages\/66"}],"collection":[{"href":"http:\/\/www.si-hr.eu\/hr\/wp-json\/wp\/v2\/pages"}],"about":[{"href":"http:\/\/www.si-hr.eu\/hr\/wp-json\/wp\/v2\/types\/page"}],"author":[{"embeddable":true,"href":"http:\/\/www.si-hr.eu\/hr\/wp-json\/wp\/v2\/users\/1"}],"replies":[{"embeddable":true,"href":"http:\/\/www.si-hr.eu\/hr\/wp-json\/wp\/v2\/comments?post=66"}],"version-history":[{"count":1,"href":"http:\/\/www.si-hr.eu\/hr\/wp-json\/wp\/v2\/pages\/66\/revisions"}],"predecessor-version":[{"id":67,"href":"http:\/\/www.si-hr.eu\/hr\/wp-json\/wp\/v2\/pages\/66\/revisions\/67"}],"up":[{"embeddable":true,"href":"http:\/\/www.si-hr.eu\/hr\/wp-json\/wp\/v2\/pages\/62"}],"wp:attachment":[{"href":"http:\/\/www.si-hr.eu\/hr\/wp-json\/wp\/v2\/media?parent=66"}],"curies":[{"name":"wp","href":"https:\/\/api.w.org\/{rel}","templated":true}]}}