{"id":70,"date":"2015-09-18T14:26:48","date_gmt":"2015-09-18T13:26:48","guid":{"rendered":"http:\/\/84.39.218.255\/wp-content\/uploads\/2015\/09\/hr\/?page_id=70"},"modified":"2015-09-18T14:26:48","modified_gmt":"2015-09-18T13:26:48","slug":"smjernice-za-lakse-predfinanciranje-projekata","status":"publish","type":"page","link":"http:\/\/www.si-hr.eu\/hr\/projekti\/upute-za-korisnike\/smjernice-za-lakse-predfinanciranje-projekata\/","title":{"rendered":"Smjernice za lak\u0161e predfinanciranje projekata"},"content":{"rendered":"<p>Ovdje mo\u017eete prona\u0107i smjernice za lak\u0161e predfinanciranje projekata OP SI-HR 2007.-2013.<\/p>\n<p><a class=\"link_pdf\" href=\"http:\/\/84.39.218.255\/wp-content\/uploads\/2015\/09\/Smjernice%20za%20lak%C5%A1e%20predfinanciranje%20projekata%20OP%20IPA%20SI-HR.pdf\" target=\"_blank\">Smjernice (118.8k)<\/a><\/p>\n","protected":false},"excerpt":{"rendered":"<p>Ovdje mo\u017eete prona\u0107i smjernice za lak\u0161e predfinanciranje projekata OP SI-HR 2007.-2013. Smjernice (118.8k)<\/p>\n","protected":false},"author":1,"featured_media":0,"parent":62,"menu_order":0,"comment_status":"closed","ping_status":"closed","template":"","meta":{"ngg_post_thumbnail":0},"acf":[],"_links":{"self":[{"href":"http:\/\/www.si-hr.eu\/hr\/wp-json\/wp\/v2\/pages\/70"}],"collection":[{"href":"http:\/\/www.si-hr.eu\/hr\/wp-json\/wp\/v2\/pages"}],"about":[{"href":"http:\/\/www.si-hr.eu\/hr\/wp-json\/wp\/v2\/types\/page"}],"author":[{"embeddable":true,"href":"http:\/\/www.si-hr.eu\/hr\/wp-json\/wp\/v2\/users\/1"}],"replies":[{"embeddable":true,"href":"http:\/\/www.si-hr.eu\/hr\/wp-json\/wp\/v2\/comments?post=70"}],"version-history":[{"count":1,"href":"http:\/\/www.si-hr.eu\/hr\/wp-json\/wp\/v2\/pages\/70\/revisions"}],"predecessor-version":[{"id":71,"href":"http:\/\/www.si-hr.eu\/hr\/wp-json\/wp\/v2\/pages\/70\/revisions\/71"}],"up":[{"embeddable":true,"href":"http:\/\/www.si-hr.eu\/hr\/wp-json\/wp\/v2\/pages\/62"}],"wp:attachment":[{"href":"http:\/\/www.si-hr.eu\/hr\/wp-json\/wp\/v2\/media?parent=70"}],"curies":[{"name":"wp","href":"https:\/\/api.w.org\/{rel}","templated":true}]}}