{"id":72,"date":"2015-09-18T14:27:54","date_gmt":"2015-09-18T13:27:54","guid":{"rendered":"http:\/\/84.39.218.255\/wp-content\/uploads\/2015\/09\/hr\/?page_id=72"},"modified":"2015-09-18T14:27:54","modified_gmt":"2015-09-18T13:27:54","slug":"upute-za-informiranje-i-obavjestavanje","status":"publish","type":"page","link":"http:\/\/www.si-hr.eu\/hr\/projekti\/upute-za-korisnike\/upute-za-informiranje-i-obavjestavanje\/","title":{"rendered":"Upute za informiranje i obavje\u0161tavanje"},"content":{"rendered":"<p>Ovdje mo\u017eete preuzeti Upute za informiranje i obavje\u0161tavanje javnosti za korisnike.<\/p>\n<p>Dana 17.2.2014. objavljene su nove verzije logotipa.<br \/>\n<b><br \/>\nVA\u017dNO UPOZORENJE:<\/b><br \/>\nLogotipi se koriste u skladu s Uputama za informiranje i obavje\u0161tavanje javnosti za korisnike kao i Priru\u010dnikom cjelokupnog grafi\u010dkog prikaza koji se tako\u0111er odnose i na sve aktivnosti sa podru\u010dja informiranja i obavje\u0161tavanja javnosti, pri \u010demu je iste svakako potrebno koristiti smisleno. To zna\u010di da za projekte odobrene unutar 3. poziva na dostavu prijedloga projekata vrijedi pravilo da se isti vi\u0161e ne referiraju na Instrument pretpristupne pomo\u0107i (IPA) kako u nazivu operativnoga programa tako i op\u0107enito, ve\u0107 se, u skladu sa novim logotipima, referiraju na Europsku teritorijalnu suradnju te Europski fond za regionalni razvoj. Novi kontakt podaci su:<\/p>\n<p>Slu\u017eba Vlade Republike Slovenije za razvoj i europsku kohezijsku politiku<br \/>\nZajedni\u010dko tehni\u010dko tajni\u0161tvo Slovenija-Hrvatska 2007. \u2013 2013.<br \/>\nOsoba za kontakt: Gordana Stani\u0161i\u0107<br \/>\nKotnikova 5<br \/>\nSI-1000 Ljubljana<br \/>\nTel.: (+386) 1 3201 411<br \/>\nE-po\u0161ta: <span id=\"eeEncEmail_ufrun1mP5u\"><a href=\"mailto:jts-si-hr.svlr@gov.si\">jts-si-hr.svlr@gov.si<\/a><\/span><\/p>\n<p><a class=\"link_zip\" href=\"http:\/\/84.39.218.255\/wp-content\/uploads\/2015\/09\/si-hr_logo_croatian_hr.zip\" target=\"_blank\">Hrvatski logotipi (6.3M)<\/a><\/p>\n<p><a class=\"link_zip\" href=\"http:\/\/84.39.218.255\/wp-content\/uploads\/2015\/09\/si_hr_logo_multilingual_hr.zip\" target=\"_blank\">Vi\u0161ejezi\u010dni logotipi (6.5M)<\/a><\/p>\n<p><a class=\"link_zip\" href=\"http:\/\/84.39.218.255\/wp-content\/uploads\/2015\/09\/si-hr_public_croatian_hr.zip\" target=\"_blank\">Hrvatski publicitet (5.8M)<\/a><\/p>\n<p><a class=\"link_zip\" href=\"http:\/\/84.39.218.255\/wp-content\/uploads\/2015\/09\/si-hr_public_multilingual_hr.zip\" target=\"_blank\">Vi\u0161ejezi\u010dni publicitet (5.7M)<\/a><\/p>\n<p><a class=\"link_pdf\" href=\"http:\/\/84.39.218.255\/wp-content\/uploads\/2015\/09\/Upute%20za%20informiranje%20i%20obavjestavanje%20javnosti%20za%20korisnike_1.pdf\" target=\"_blank\">Upute za informiranje i obavjestavanje javnosti za korisnike (1.7M)<\/a><\/p>\n<p><a class=\"link_pdf\" href=\"http:\/\/84.39.218.255\/wp-content\/uploads\/2015\/09\/Prirucnik_CGP_HR.pdf\" target=\"_blank\">Priru\u010dnik cjelokupnog grafi\u010dkog prikaza (7.9M)<\/a><\/p>\n<p><a class=\"link_pdf\" href=\"http:\/\/84.39.218.255\/wp-content\/uploads\/2015\/09\/CORRIGENDUM%20Upute%20za%20informiranje.pdf\" target=\"_blank\">Corrigendum &#8211; Upute za informiranje i obavje\u0161tavanje javnosti za korisnike (143.3k)<\/a><\/p>\n<p><a class=\"link_zip\" href=\"http:\/\/84.39.218.255\/wp-content\/uploads\/2015\/09\/Logotipi%20nove%20Slu%C5%BEbe%20Vlade%20RS_1.zip\" target=\"_blank\">Logotipi SVRK (797.3k)<\/a><\/p>\n","protected":false},"excerpt":{"rendered":"<p>Ovdje mo\u017eete preuzeti Upute za informiranje i obavje\u0161tavanje javnosti za korisnike. Dana 17.2.2014. objavljene su nove verzije logotipa. VA\u017dNO UPOZORENJE: Logotipi se koriste u skladu s Uputama za informiranje i &hellip; <a href=\"http:\/\/www.si-hr.eu\/hr\/projekti\/upute-za-korisnike\/upute-za-informiranje-i-obavjestavanje\/\" class=\"more-link\">Preberi ve\u010d <span class=\"screen-reader-text\">Upute za informiranje i obavje\u0161tavanje<\/span> <span class=\"meta-nav\">&rarr;<\/span><\/a><\/p>\n","protected":false},"author":1,"featured_media":0,"parent":62,"menu_order":0,"comment_status":"closed","ping_status":"closed","template":"","meta":{"ngg_post_thumbnail":0},"acf":[],"_links":{"self":[{"href":"http:\/\/www.si-hr.eu\/hr\/wp-json\/wp\/v2\/pages\/72"}],"collection":[{"href":"http:\/\/www.si-hr.eu\/hr\/wp-json\/wp\/v2\/pages"}],"about":[{"href":"http:\/\/www.si-hr.eu\/hr\/wp-json\/wp\/v2\/types\/page"}],"author":[{"embeddable":true,"href":"http:\/\/www.si-hr.eu\/hr\/wp-json\/wp\/v2\/users\/1"}],"replies":[{"embeddable":true,"href":"http:\/\/www.si-hr.eu\/hr\/wp-json\/wp\/v2\/comments?post=72"}],"version-history":[{"count":1,"href":"http:\/\/www.si-hr.eu\/hr\/wp-json\/wp\/v2\/pages\/72\/revisions"}],"predecessor-version":[{"id":73,"href":"http:\/\/www.si-hr.eu\/hr\/wp-json\/wp\/v2\/pages\/72\/revisions\/73"}],"up":[{"embeddable":true,"href":"http:\/\/www.si-hr.eu\/hr\/wp-json\/wp\/v2\/pages\/62"}],"wp:attachment":[{"href":"http:\/\/www.si-hr.eu\/hr\/wp-json\/wp\/v2\/media?parent=72"}],"curies":[{"name":"wp","href":"https:\/\/api.w.org\/{rel}","templated":true}]}}