{"id":78,"date":"2015-09-18T14:30:59","date_gmt":"2015-09-18T13:30:59","guid":{"rendered":"http:\/\/84.39.218.255\/wp-content\/uploads\/2015\/09\/hr\/?page_id=78"},"modified":"2015-09-18T14:30:59","modified_gmt":"2015-09-18T13:30:59","slug":"prirucnik-o-prihvatljivosti-troskova","status":"publish","type":"page","link":"http:\/\/www.si-hr.eu\/hr\/projekti\/upute-za-korisnike\/prirucnik-o-prihvatljivosti-troskova\/","title":{"rendered":"Priru\u010dnik o prihvatljivosti tro\u0161kova"},"content":{"rendered":"<h3>Upute za ra\u010dunovodstvo hrvatskim korisnicima programa Slovenija-Hrvatska<\/h3>\n<p>U prilogu mo\u017eete prona\u0107i Upute za ra\u010dunovodstvo hrvatskim korisnicima programa Slovenija-Hrvatska.<\/p>\n<p><a class=\"link_pdf\" href=\"http:\/\/84.39.218.255\/wp-content\/uploads\/2015\/09\/Upute%20za%20ra%C4%8Dunovodstvo%20hrvatskim%20korisnicima%20programa%20Slovenija-Hrvatska_2.pdf\" target=\"_blank\">Upute za ra\u010dunovodstvo hrvatskim korisnicima programa Slovenija-Hrvatska (167.9k)<\/a><\/p>\n<h3>Priru\u010dnik o prihvatljivosti tro\u0161kova<\/h3>\n<p>Ovdje mo\u017eete prona\u0107i korigiranu verziju Priru\u010dnika o prihvatljivosti tro\u0161kova koja je objavljena xx.xx.2014. Ista sadr\u017ei sljede\u0107e izmjene:<br \/>\n1. U cijelom dokumentu izmijenjeni su logotipi operativnog programa.<br \/>\n2. U nazivu operativnog programa izbrisano je referiranje ne IPA-u. U samom tekstu, referiranje na EFRR dodano je referiranju na IPA-u (IPA\/EFRR).<br \/>\n3. Re\u010denica u fusnoti 6. izmijenjena je i sada glasi: \u201eDa bi se putovanje izvan programskog podru\u010dja smatralo prihvatljivim, mora se vidjeti da je putovanje korisno za doti\u010dnu operaciju i unaprijed odobreno njegovim navo\u0111enjem u Prijavnom obrascu ili prethodnim odobrenjem od strane ZTT-a\/UT-a.\u201c<br \/>\n4. U poglavlju 2.2 TRO\u0160KOVI VANJSKIH USLUGA, u to\u010dki 1. uklonjen je sljede\u0107i dio teksta: \u201eza sudionike ako su relevantni\u201c.<br \/>\n5. U poglavlju 2.3.1.1 AMORTIZACIJA, u drugom stavku, dodana je re\u010denica koja glasi: \u201eOprema mora biti nabavljena tijekom provedbe projekta te za potrebe projekta\u201c.<br \/>\n6. U fusnoti 15. dodana je re\u010denica te navedena fusnota sada glasi: \u201eNapominjemo da prihod nije isto \u0161to i dobit. Ujedno napominjemo da se prihodi odnose samo na projekte sufinancirane u okviru 1. Poziva na dostavu prijedloga projekata.\u201c<br \/>\n7. U poglavlju 3.3 JAVNA NABAVA promijenjen je stavak 4. na na\u010din da glasi: \u201eZa ovaj program kod dodjele ugovora o nabavi usluga, roba i radova, svi korisnici du\u017eni su slijediti postupke nabave, odredbe tre\u0107eg poglavlja drugog dijela, glave IV. Uredbe (EZ, Euratom) br. 1605\/2002 i tre\u0107eg poglavlja drugog dijela, glave III. Uredbe (EZ, Euratom) br. 2342\/2002, kao i Odluku Komisije C (2007) 2034 o propisima i postupcima primjenjivim na ugovore o nabavi usluga, roba i radova financirane iz op\u0107eg prora\u010duna Europskih zajednica u svrhe suradnje sa tre\u0107im zemljama, osim dijela II.8.2.\u201c.<br \/>\n8. Tablica 1: Financijski pragovi i svi povezani postupci izmijenjena je u skladu sa promjenama PRAG-a.<br \/>\n9. U poglavlju 4. INDIKATIVNI POPIS NEPRIHVATLJIVIH TRO\u0160KOVA, u stavku 2. izbrisan je sljede\u0107i dio teksta: \u201eza doprinos iz IPA-e\u201c. To\u010dka e se mijenja na na\u010din da glasi: \u201eoperativni tro\u0161kovi, osim u slu\u010dajevima kada je druga\u010dije odre\u0111eno okvirnim ugovorima s me\u0111unarodnim organizacijama.\u201c<\/p>\n<p><a class=\"link_pdf\" href=\"http:\/\/84.39.218.255\/wp-content\/uploads\/2015\/09\/Priru%C4%8Dnik%20o%20prihvatljivosti%20tro%C5%A1kova%20-Verzija%204%20final,%20Sije%C4%8Danj%202014.pdf\" target=\"_blank\">Priru\u010dnik o prihvatljivosti tro\u0161kova (310.6k)<\/a><\/p>\n<h3>Smjernice o prihvatljivosti tro\u0161kova<\/h3>\n<p>U nastavku mo\u017eete preuzeti Smjernice o prihvatljivosti tro\u0161kova sa pripadaju\u0107im prilozima za projektne partnere iz Hrvatske.<\/p>\n<p><a class=\"link_xls\" href=\"http:\/\/84.39.218.255\/wp-content\/uploads\/2015\/09\/Prilog%201%20Evidencija%20anga%C5%BEmana%20na%20ostalim%20projektima_1.xlsx\" target=\"_blank\">Evidencija anga\u017emana na ostalim projektima (4.1M)<\/a><\/p>\n<p><a class=\"link_pdf\" href=\"http:\/\/84.39.218.255\/wp-content\/uploads\/2015\/09\/Smjernice%20o%20prihvatljivosti%20tro%C5%A1kova_CRO%20PP_2.pdf\" target=\"_blank\">Smjernice o prihvatljivosti tro\u0161kova (705.8k)<\/a><\/p>\n<p><a class=\"link_xls\" href=\"http:\/\/84.39.218.255\/wp-content\/uploads\/2015\/09\/Prilog%202%20Kalkulacija%20prosje%C4%8Dne%20potro%C5%A1nje%20putnih%20tro%C5%A1kova%20za%20slu%C5%BEbeni%20automobil_1.xlsx\" target=\"_blank\">Kalkulacija prosje\u010dne potro\u0161nje putnih tro\u0161kova za slu\u017ebeni automobil (46.1k)<\/a><\/p>\n<p><a class=\"link_xls\" href=\"http:\/\/84.39.218.255\/wp-content\/uploads\/2015\/09\/Dnevni%20vremenski%20plan%20rada%204.4.2014..xls\" target=\"_blank\">Dnevni vremenski plan rada (2.5M)<\/a><\/p>\n<p><a class=\"link_xls\" href=\"http:\/\/84.39.218.255\/wp-content\/uploads\/2015\/09\/Mjese%C4%8Dni%20vremenski%20plan%20rada%204.4.2014..xls\" target=\"_blank\">Mjese\u010dni vremenski plan rada (2.5M)<\/a><\/p>\n","protected":false},"excerpt":{"rendered":"<p>Upute za ra\u010dunovodstvo hrvatskim korisnicima programa Slovenija-Hrvatska U prilogu mo\u017eete prona\u0107i Upute za ra\u010dunovodstvo hrvatskim korisnicima programa Slovenija-Hrvatska. Upute za ra\u010dunovodstvo hrvatskim korisnicima programa Slovenija-Hrvatska (167.9k) Priru\u010dnik o prihvatljivosti tro\u0161kova &hellip; <a href=\"http:\/\/www.si-hr.eu\/hr\/projekti\/upute-za-korisnike\/prirucnik-o-prihvatljivosti-troskova\/\" class=\"more-link\">Preberi ve\u010d <span class=\"screen-reader-text\">Priru\u010dnik o prihvatljivosti tro\u0161kova<\/span> <span class=\"meta-nav\">&rarr;<\/span><\/a><\/p>\n","protected":false},"author":1,"featured_media":0,"parent":62,"menu_order":0,"comment_status":"closed","ping_status":"closed","template":"","meta":{"ngg_post_thumbnail":0},"acf":[],"_links":{"self":[{"href":"http:\/\/www.si-hr.eu\/hr\/wp-json\/wp\/v2\/pages\/78"}],"collection":[{"href":"http:\/\/www.si-hr.eu\/hr\/wp-json\/wp\/v2\/pages"}],"about":[{"href":"http:\/\/www.si-hr.eu\/hr\/wp-json\/wp\/v2\/types\/page"}],"author":[{"embeddable":true,"href":"http:\/\/www.si-hr.eu\/hr\/wp-json\/wp\/v2\/users\/1"}],"replies":[{"embeddable":true,"href":"http:\/\/www.si-hr.eu\/hr\/wp-json\/wp\/v2\/comments?post=78"}],"version-history":[{"count":1,"href":"http:\/\/www.si-hr.eu\/hr\/wp-json\/wp\/v2\/pages\/78\/revisions"}],"predecessor-version":[{"id":79,"href":"http:\/\/www.si-hr.eu\/hr\/wp-json\/wp\/v2\/pages\/78\/revisions\/79"}],"up":[{"embeddable":true,"href":"http:\/\/www.si-hr.eu\/hr\/wp-json\/wp\/v2\/pages\/62"}],"wp:attachment":[{"href":"http:\/\/www.si-hr.eu\/hr\/wp-json\/wp\/v2\/media?parent=78"}],"curies":[{"name":"wp","href":"https:\/\/api.w.org\/{rel}","templated":true}]}}