{"id":80,"date":"2015-09-18T14:33:43","date_gmt":"2015-09-18T13:33:43","guid":{"rendered":"http:\/\/84.39.218.255\/wp-content\/uploads\/2015\/09\/hr\/?page_id=80"},"modified":"2015-09-18T14:33:43","modified_gmt":"2015-09-18T13:33:43","slug":"prag-prirucnik","status":"publish","type":"page","link":"http:\/\/www.si-hr.eu\/hr\/projekti\/upute-za-korisnike\/prag-prirucnik\/","title":{"rendered":"PRAG &#8211; Priru\u010dnik"},"content":{"rendered":"<h3>Izmjene dokumenta PRAG iz travnja 2014.<\/h3>\n<p>Obavje\u0161tavamo vas kako je tijekom mjeseca travnja 2014. godine do\u0161lo do manjih izmjena dokumenta PRAG, te pripadaju\u010dih mu obrazaca. Sa\u017eetak prakti\u010dnog priru\u010dnika na hrvatskom jeziku koji vrijedi od travnja 2014. nalazi se u privitku.<\/p>\n<p>Novu verziju PRAG priru\u010dnika i pripadaju\u0107ih obrazaca na engleskom jeziku mo\u017eete prona\u0107i na sljede\u0107oj poveznici: <a href=\"http:\/\/ec.europa.eu\/europeaid\/prag\/document.do?locale=en\">http:\/\/ec.europa.eu\/europeaid\/prag\/document.do?locale=en<\/a><\/p>\n<p><a class=\"link_doc\" href=\"http:\/\/84.39.218.255\/wp-content\/uploads\/2015\/09\/SAZETAK%20PRAG_2014_HR.doc\" target=\"_blank\">Sa\u017eetak prakti\u010dnog priru\u010dnika (1.1M)<\/a><\/p>\n<h3>Va\u017ena napomena za projekte odobrene u sklopu 3. JP &#8211; dodatno obja\u0161njenje u skladu sa dopisom EK<\/h3>\n<p>\u010clanak 105a (2) Uredbe br. 1083\/2006, koji je izmijenjen Ugovorom o pristupanju Republike Hrvatske, glasi:<\/p>\n<p>&#8220;Postupci javne nabave vezani za operacije u okviru programa ili oni koji se odnose na velike projekte iz stavka 1., za koje je bio do datuma pristupanja ve\u0107 objavljen poziv na nadmetanje u Slu\u017ebenom listu Europske unije, provode se u skladu sa pravilima tog poziva. \u010clanak 165. Uredbe (EZ, Euratom) br. 1605\/2002 se ne primjenjuje. &#8221;<\/p>\n<p>&#8220;Operacije koje nisu obuhva\u0107ene u prvom i drugom podstavku i za koje su bili pozivi za dostavu projektnih prijedloga objavljeni u skladu s \u010dlankom 158. Uredbe Komisije (EZ) br. 718\/2007 od 12. lipnja 2007. ili za koje su projektni prijedlozi dostavljeni nadle\u017enom tijelu prije datuma pristupanja i za koje bi bilo mogu\u0107e zaklju\u010diti ugovor tek nakon tog datuma, provode se u skladu sa uvjetima i pravilima prihvatljivosti objavljenima u odgovaraju\u0107em javnom pozivu za projektne prijedloge ili uvjetima i pravilima o prihvatljivosti o kojima su potencijalni projektni partneri bili prethodno obavije\u0161teni. &#8221;<\/p>\n<p>To zna\u010di da za operacije odobrene u okviru 3. javnog poziva Operativnog programa Slovenija-Hrvatska 2007-2013 vrijede pravila prihvatljivosti koja su bila objavljena kao dio natje\u010dajne dokumentacije tog poziva. Vezano za javnu nabavu primjenjuju se pravila PRAG-a, osim za javne nabave gdje vrijede uredbe EU o javnoj nabavi te ujedno nacionalno zakonodavstvo ukoliko je ono u skladu s propisima EU-a, npr. u slu\u010dajevima u kojima financijski pragovi za javne nabave prema\u0161uju predvi\u0111ene financijske pragove, koji su podlo\u017eni promjenama.<br \/>\nFinancijski pragovi su sljede\u0107i:<br \/>\nUgovor u podru\u010dju gradnje, ugovori o koncesijama za izvo\u0111enje radova, ugovori na podru\u010dju subvencioniranih radova 5.186.000 EUR<br \/>\nSvi ugovori o uslugama, sva natje\u010daji, svi ugovori za subvencionirane usluge, svi ugovori za robu 207.000 EUR<\/p>\n<p>Vi\u0161e informacija mo\u017eete prona\u0107i na:\u00a0<a href=\"http:\/\/ec.europa.eu\/internal_market\/publicprocurement\/rules\/current\/index_en.htm#maincontentSec2\">http:\/\/ec.europa.eu\/internal_market\/publicprocurement\/rules\/current\/index_en.htm#maincontentSec2<\/a><\/p>\n<h3>Izmjene dokumenta PRAG iz sije\u010dnja 2013.<\/h3>\n<p>Obavje\u0161tavamo Vas kako je tijekom mjeseca sije\u010dnja 2013. godine do\u0161lo do manjih izmjena dokumenta PRAG te njegovih obrazaca. Promjene se prvenstveno odnose na jezi\u010dno i sadr\u017eajno uskla\u0111ivanje dokumenta te pripadaju\u0107ih mu obrazaca. Sa\u017eetak prakti\u010dnog priru\u010dnika na hrvatskom jeziku koji vrijedi od sije\u010dnja 2013. nalazi se u privitku.<\/p>\n<p><a class=\"link_doc\" href=\"http:\/\/84.39.218.255\/wp-content\/uploads\/2015\/09\/PRAG%202013%20HR.docx\" target=\"_blank\">Sa\u017eetak prakti\u010dnog priru\u010dnika (288.4k)<\/a><\/p>\n<h3>Promjene PRAG &#8211; sije\u010danj 2013.<\/h3>\n<p>S po\u010detkom ove godine do\u0161lo je do promjene grani\u010dnih vrijednosti pojedinih procedura koje se primjenjuju za potrebe provo\u0111enja postupka javne nabave koji se u okviru vanjskih aktivnosti financiraju iz zajedni\u010dkog prora\u010duna Europske unije.<\/p>\n<p>Nova verzija PRAG priru\u010dnika i pripadaju\u0107ih obrazaca na slovenskom i hrvatskom jeziku bit \u0107e objavljena naknadno.<\/p>\n<p>Novu verziju PRAG priru\u010dnika i pripadaju\u0107ih obrazaca na engleskom jeziku mo\u017eete prona\u0107i na sljede\u0107oj poveznici:http:\/\/ec.europa.eu\/europeaid\/prag\/document.do;jsessionid=pRVsQ4XXWWT2fCZh6pf2xqDMjk9NYL4sLpSpqfKycQw13pJrKXy7!172126273<\/p>\n<p>Napominjemo kako se u slu\u010daju natje\u010daja koji su provo\u0111eni tijekom 2012. te jo\u0161 nisu zavr\u0161eni primjenjuje odredbe priru\u010dnika PRAG 2012.<\/p>\n<p>Nove grani\u010dne vrijednosti i postupke koji se primjenjuju od sije\u010dnja 2013. mo\u017eete prona\u0107i ovdje:<\/p>\n<p><a class=\"link_pdf\" href=\"http:\/\/84.39.218.255\/wp-content\/uploads\/2015\/09\/PRAG%20-%20Nove%20grani%C4%8Dne%20vrijednosti%202013.pdf\" target=\"_blank\">PRAG &#8211; Nove grani\u010dne vrijednosti (185.3k)<\/a><\/p>\n<h3>Novi PRAG &#8211; velja\u010da 2012<\/h3>\n<p>Sa\u017eetak prakti\u010dnog priru\u010dnika na hrvatskom jeziku koji vrijedi od velja\u010de 2012. mo\u017eete prona\u0107i u prilogu ispod.<\/p>\n<p><a class=\"link_pdf\" href=\"http:\/\/84.39.218.255\/wp-content\/uploads\/2015\/09\/PRAG%2020012%20hr%20clean%20corr..pdf\" target=\"_blank\">Prakti\u010dni vodi\u010d kroz procedure ugovaranja pomo\u0107i EU tre\u0107im zemljama (1.3M)<\/a><\/p>\n<h3>Izmjene PRAG &#8211; sije\u010danj 2012<\/h3>\n<p>Ovdje mo\u017eete prona\u0107i popis izmjena te prezentaciju glavih izmjena Prakti\u010dnog priru\u010dnika za izvo\u0111enje postupaka javne nabave koji se u okviru vanjskih aktivnosti financiraju iz zajedni\u010dkog prora\u010duna Europske Unije. Nova verzija sa\u017eetka prakti\u010dnog vodi\u010da kroz PRAG i obrasci bit \u0107e naknadno objavljeni.<\/p>\n<p>Novi PRAG priru\u010dnik i obrasce na engleskom jeziku mo\u017eete na\u0107i na sljede\u0107oj web stranici:<\/p>\n<p><a href=\"http:\/\/ec.europa.eu\/europeaid\/eprag\/document.do?locale=en\">http:\/\/ec.europa.eu\/europeaid\/eprag\/document.do?locale=en<\/a><\/p>\n<p><a class=\"link_pdf\" href=\"http:\/\/84.39.218.255\/wp-content\/uploads\/2015\/09\/Seznam%20sprememb%20PRAG%20HR.pdf\" target=\"_blank\">Popis izmjena PRAG-a u sije\u010dnju 2012. (62.8k)<\/a><\/p>\n<p><a class=\"link_pdf\" href=\"http:\/\/84.39.218.255\/wp-content\/uploads\/2015\/09\/SPREMEMBE%20PRAG%20HR.pdf\" target=\"_blank\">Prezentacija glavnih izmjena u PRAG-u, sije\u010danj 2012. (56.9k)<\/a><\/p>\n<h3>Radionica o provedbi javne nabave po PRAG-u<\/h3>\n<p>Ovdje mo\u017eete prona\u0107i pozivnicu i prezentacije s radionice o provedbi javne nabave po PRAG-u, odr\u017eane 15.6.2011. u Ljubljani.<\/p>\n<p><a class=\"link_doc\" href=\"http:\/\/84.39.218.255\/wp-content\/uploads\/2015\/09\/VABILO-POZIV%2015.6.%20MONS_1_1.doc\" target=\"_blank\">Pozivnica (1.5M)<\/a><\/p>\n<p><a class=\"link_zip\" href=\"http:\/\/84.39.218.255\/wp-content\/uploads\/2015\/09\/gradivo%20HR_1.zip\" target=\"_blank\">Prezentacije s radionice (4.6M)<\/a><\/p>\n<h3>Novi PRAG &#8211; studeni 2010<\/h3>\n<p>Prakti\u010dni priru\u010dnik za izvo\u0111enje postupaka javne nabave koji se u okviru vanjskih aktivnosti financiraju iz zajedni\u010dkog prora\u010duna Europske unije \u2013 Practical Guide to Contract procedures for EC external actions \u2013 je dostupan na internet stranici Europske komisije:<\/p>\n<p><a href=\"http:\/\/ec.europa.eu\/europeaid\/work\/procedures\/implementation\/practical_guide\/index_en.htm\">http:\/\/ec.europa.eu\/europeaid\/work\/procedures\/implementation\/practical_guide\/index_en.htm<\/a><\/p>\n<p>Sa\u017eetak prakti\u010dnog priru\u010dnika na hrvatskom jeziku koji vrijedi od studenog 2010. (verzija sije\u010dan 2011.) mo\u017eete prona\u0107i u prilogu ispod.<\/p>\n<p><a class=\"link_pdf\" href=\"http:\/\/84.39.218.255\/wp-content\/uploads\/2015\/09\/PRAG%202010%20hr%20finalna%20verzija%20s%20obrascima.pdf\" target=\"_blank\">PRAKTI\u010cNI VODI\u010c KROZ PROCEDURE UGOVARANJA POMO\u0106I EUROPSKIH ZAJEDNICA TRE\u0106IM ZEMLJAMA (verzija sije\u010danj 2011) (605.8k)<\/a><\/p>\n<h3>PRAG<\/h3>\n<p>Prakti\u010dni priru\u010dnik za izvo\u0111enje postupaka javne nabave koji se u okviru vanjskih aktivnosti financiraju iz zajedni\u010dkog prora\u010duna Europske Unije \u2013 Practical Guide to Contract procedures for EC external actions \u2013 je dostupan na internet stranici Europske komisije:<\/p>\n<p><a class=\"link_pdf\" href=\"http:\/\/ec.europa.eu\/europeaid\/work\/procedures\/implementation\/practical_guide\/documents\/2008new_prag_final_en.pdf\" target=\"_blank\">http:\/\/ec.europa.eu\/europeaid\/work\/procedures\/implementation\/practical_guide\/documents\/2008new_prag_final_en.pdf<\/a><\/p>\n<p>Promjene priru\u010dnika (Summary of changes to the PRAG 2008 in Corrigendum, 15. June 2009) su tako\u0111er dostupne na internet stranici Europske komisije:<\/p>\n<p><a href=\"http:\/\/ec.europa.eu\/europeaid\/work\/procedures\/implementation\/practical_guide\/index_en.htm\">http:\/\/ec.europa.eu\/europeaid\/work\/procedures\/implementation\/practical_guide\/index_en.htm<\/a><\/p>\n<p>Dana 22.1.2010 je u sa\u017eetku priru\u010dnika napravljena sljede\u0107a promjena:<\/p>\n<p>Strana 7, DECENTRALIZIRANA KONTROLA: &#8220;Odluke koje se odnose na nabavu i dodjeljivanje ugovora donosi naru\u010ditelj koji ih nakon toga proslje\u0111uje Upravlja\u010dkom tijelu na odobrenje&#8221; je promjenjeno u &#8220;Odluke koje se odnose na nabavu i dodjeljivanje ugovora donosi naru\u010ditelj&#8221;.<\/p>\n<p>Dana 29.1.2010 je u sa\u017eetku priru\u010dnika napravljena sljede\u0107a promjena:<\/p>\n<p>Strana 8, POSTUPAK PREGOVARANJA S KONKURENTSKIM SUBJEKTIMA: &#8220;Na kraju postupka odabire ekonomski najprimjereniju ponudu, koja je u slu\u010daju davanja usluga cjenovno najpovoljnija, a u slu\u010daju nabave ili izvo\u0111enja radova najjeftinija&#8221; je promjenjeno u &#8220;Na kraju postupka odabire tehni\u010dki najprimjereniju ponudu, koja je u slu\u010daju davanja usluga ekonomski najpovoljnija, a u slu\u010daju nabave ili izvo\u0111enja radova najjeftinija&#8221;.<\/p>\n<p><a class=\"link_pdf\" href=\"http:\/\/84.39.218.255\/wp-content\/uploads\/2015\/09\/Broshura%20Practical%20Guide%20EC%20external%20actions%20HR_29.1.2010.pdf\" target=\"_blank\">PRAKTI\u010cNI VODI\u010c KROZ PROCEDURE UGOVARANJA POMO\u0106I EUROPSKIH ZAJEDNICA TRE\u0106IM ZEMLJAMA (492.4k)<\/a><\/p>\n<p><a class=\"link_pdf\" href=\"http:\/\/84.39.218.255\/wp-content\/uploads\/2015\/09\/Decision%20C%20(2007)%202034%20of%2024%20May%202007%20HR.pdf\" target=\"_blank\">Odluka C (2007) 2034 (136.5k)<\/a><\/p>\n","protected":false},"excerpt":{"rendered":"<p>Izmjene dokumenta PRAG iz travnja 2014. Obavje\u0161tavamo vas kako je tijekom mjeseca travnja 2014. godine do\u0161lo do manjih izmjena dokumenta PRAG, te pripadaju\u010dih mu obrazaca. Sa\u017eetak prakti\u010dnog priru\u010dnika na hrvatskom &hellip; <a href=\"http:\/\/www.si-hr.eu\/hr\/projekti\/upute-za-korisnike\/prag-prirucnik\/\" class=\"more-link\">Preberi ve\u010d <span class=\"screen-reader-text\">PRAG &#8211; Priru\u010dnik<\/span> <span class=\"meta-nav\">&rarr;<\/span><\/a><\/p>\n","protected":false},"author":1,"featured_media":0,"parent":62,"menu_order":0,"comment_status":"closed","ping_status":"closed","template":"","meta":{"ngg_post_thumbnail":0},"acf":[],"_links":{"self":[{"href":"http:\/\/www.si-hr.eu\/hr\/wp-json\/wp\/v2\/pages\/80"}],"collection":[{"href":"http:\/\/www.si-hr.eu\/hr\/wp-json\/wp\/v2\/pages"}],"about":[{"href":"http:\/\/www.si-hr.eu\/hr\/wp-json\/wp\/v2\/types\/page"}],"author":[{"embeddable":true,"href":"http:\/\/www.si-hr.eu\/hr\/wp-json\/wp\/v2\/users\/1"}],"replies":[{"embeddable":true,"href":"http:\/\/www.si-hr.eu\/hr\/wp-json\/wp\/v2\/comments?post=80"}],"version-history":[{"count":1,"href":"http:\/\/www.si-hr.eu\/hr\/wp-json\/wp\/v2\/pages\/80\/revisions"}],"predecessor-version":[{"id":81,"href":"http:\/\/www.si-hr.eu\/hr\/wp-json\/wp\/v2\/pages\/80\/revisions\/81"}],"up":[{"embeddable":true,"href":"http:\/\/www.si-hr.eu\/hr\/wp-json\/wp\/v2\/pages\/62"}],"wp:attachment":[{"href":"http:\/\/www.si-hr.eu\/hr\/wp-json\/wp\/v2\/media?parent=80"}],"curies":[{"name":"wp","href":"https:\/\/api.w.org\/{rel}","templated":true}]}}