{"id":82,"date":"2015-09-18T14:36:37","date_gmt":"2015-09-18T13:36:37","guid":{"rendered":"http:\/\/84.39.218.255\/wp-content\/uploads\/2015\/09\/hr\/?page_id=82"},"modified":"2015-09-18T14:37:38","modified_gmt":"2015-09-18T13:37:38","slug":"prag-obrasci","status":"publish","type":"page","link":"http:\/\/www.si-hr.eu\/hr\/projekti\/upute-za-korisnike\/prag-obrasci\/","title":{"rendered":"PRAG &#8211; Obrasci"},"content":{"rendered":"<h3>Novi PRAG obrasci<\/h3>\n<p>Obrasci PRAG-a na hrvatskom jeziku koji vrijede od travnja 2014. nalaze se u privitku.<\/p>\n<p><a class=\"link_zip\" href=\"http:\/\/84.39.218.255\/wp-content\/uploads\/2015\/09\/OBRAZCI_STORITVE_POENOST_2014_HR.zip\" target=\"_blank\">Obrasci za ugovaranje usluga (pojednostavljeni) &#8211; verzija 2014. (1M)<\/a><\/p>\n<p><a class=\"link_zip\" href=\"http:\/\/84.39.218.255\/wp-content\/uploads\/2015\/09\/OBRAZCI%20DOBAVE_HR_2014.zip\" target=\"_blank\">Obrasci za nabavu roba &#8211; verzija 2014. (3.1M)<\/a><\/p>\n<p><a class=\"link_zip\" href=\"http:\/\/84.39.218.255\/wp-content\/uploads\/2015\/09\/OBRAZCI_STORITVE_HR_2014.zip\" target=\"_blank\">Obrasci za ugovaranje usluga &#8211; verzija 2014. (4.6M)<\/a><\/p>\n<p><a class=\"link_zip\" href=\"http:\/\/84.39.218.255\/wp-content\/uploads\/2015\/09\/OBRASCI%20ZA%20GRA%C4%90EVINSKE%20RADOVE_HR_2014_NOVI%20LOGO.zip\" target=\"_blank\">Obrasci za gra\u0111evinske radove &#8211; verzija 2014 (5.2M)<\/a><\/p>\n<h3>PRAG obrasci<\/h3>\n<p>Obrasci PRAG-a na hrvatskom jeziku koji vrijede od sije\u010dnja 2013. do travnja 2014. nalaze se u privitku.<\/p>\n<p><a class=\"link_zip\" href=\"http:\/\/84.39.218.255\/wp-content\/uploads\/2015\/09\/OBRASCI%20USLUGE%20POJEDNOSTAVLJENI%20POSTUPAK_CLEAN_2013_HR.zip\" target=\"_blank\">Obrasci za ugovaranje usluga (pojednostavljeni postupak) &#8211; verzija 2013. (3M)<\/a><\/p>\n<p><a class=\"link_zip\" href=\"http:\/\/84.39.218.255\/wp-content\/uploads\/2015\/09\/OBRAZCI%20ZA%20NABAVU%20ROBE%20CLEAN%202013.zip\" target=\"_blank\">Obrasci za nabavu robe &#8211; verzija 2013. (2M)<\/a><\/p>\n<p><a class=\"link_zip\" href=\"http:\/\/84.39.218.255\/wp-content\/uploads\/2015\/09\/OBRAZCI_RADOVI_CLEAN_2013.zip\" target=\"_blank\">Obrasci za radove &#8211; verzija 2013. (2.8M)<\/a><\/p>\n<p><a class=\"link_zip\" href=\"http:\/\/84.39.218.255\/wp-content\/uploads\/2015\/09\/OBRASCI%20USLUGE%20HR%202013.zip\" target=\"_blank\">Obrasci za usluge &#8211; verzija 2013. (2.7M)<\/a><\/p>\n<h3>Obrasci za usluge<\/h3>\n<p>Ovdje mo\u017eete prona\u0107i obrasce za usluge koji vrijede od sije\u010dnja 2012.<\/p>\n<p><a class=\"link_zip\" href=\"http:\/\/84.39.218.255\/wp-content\/uploads\/2015\/09\/OBRASCI%20ZA%20USLUGE%20B%20-%20clean.zip\" target=\"_blank\">Obrasci za usluge (2.3M)<\/a><\/p>\n<h3>Obrasci za usluge &#8211; pojednostavljena natje\u010dajna dokumentacija<\/h3>\n<p>Ovjde mo\u017eete prona\u0107i obrasce za usluge koji vrijede od sije\u010dnja 2012. godine. U obrascima za radove i nabavu robe nije do\u0161lo do promjena osim \u0161to se na dnu dokumenta mijenja prosinac 2010. u sije\u010danj 2012.<\/p>\n<p><a class=\"link_zip\" href=\"http:\/\/84.39.218.255\/wp-content\/uploads\/2015\/09\/Obrasci%20za%20usluge%20-%20pojednostavljena%20nd%202012%20-%20clean.zip\" target=\"_blank\">Obrasci za usluge &#8211; pojednostavljena natje\u010dajna dokumentacija (592.5k)<\/a><\/p>\n<h3>PRAG obrasci<\/h3>\n<p>Obrasce na hrvatskom jeziku koji vrijede od studenog 2010. (verzija sije\u010danj 2011.)do sije\u010dnja 2013. mo\u017eete prona\u0107i u prilogu ispod.<\/p>\n<p><a class=\"link_zip\" href=\"http:\/\/84.39.218.255\/wp-content\/uploads\/2015\/09\/OBRASCI%20ZA%20NABAVU%20ROBE%20C,%2019.1.2012.zip\" target=\"_blank\">Obrasci za nabavu robe (1.9M)<\/a><\/p>\n<p><a class=\"link_zip\" href=\"http:\/\/84.39.218.255\/wp-content\/uploads\/2015\/09\/OBRASCI%20ZA%20RADOVE%20D.zip\" target=\"_blank\">Obrasci za radove (2.6M)<\/a><\/p>\n<p><a class=\"link_zip\" href=\"http:\/\/84.39.218.255\/wp-content\/uploads\/2015\/09\/OBRASCI%20ZA%20USLUGE%20B_1.zip\" target=\"_blank\">Obrasci za usluge (2.1M)<\/a><\/p>\n<p><a class=\"link_zip\" href=\"http:\/\/84.39.218.255\/wp-content\/uploads\/2015\/09\/Obrasci%20za%20nabavu%20robe%20-%20pojednostavljena%20nd%202010_1.zip\" target=\"_blank\">Obrasci za nabavu robe &#8211; pojednostavljena nd (673.6k)<\/a><\/p>\n<p><a class=\"link_zip\" href=\"http:\/\/84.39.218.255\/wp-content\/uploads\/2015\/09\/Obrasci%20za%20usluge%20-%20pojednostavljena%20nd%202010_1.zip\" target=\"_blank\">Obrasci za usluge &#8211; pojednostavljena nd (518.9k)<\/a><\/p>\n","protected":false},"excerpt":{"rendered":"<p>Novi PRAG obrasci Obrasci PRAG-a na hrvatskom jeziku koji vrijede od travnja 2014. nalaze se u privitku. Obrasci za ugovaranje usluga (pojednostavljeni) &#8211; verzija 2014. (1M) Obrasci za nabavu roba &hellip; <a href=\"http:\/\/www.si-hr.eu\/hr\/projekti\/upute-za-korisnike\/prag-obrasci\/\" class=\"more-link\">Preberi ve\u010d <span class=\"screen-reader-text\">PRAG &#8211; Obrasci<\/span> <span class=\"meta-nav\">&rarr;<\/span><\/a><\/p>\n","protected":false},"author":1,"featured_media":0,"parent":62,"menu_order":0,"comment_status":"closed","ping_status":"closed","template":"","meta":{"ngg_post_thumbnail":0},"acf":[],"_links":{"self":[{"href":"http:\/\/www.si-hr.eu\/hr\/wp-json\/wp\/v2\/pages\/82"}],"collection":[{"href":"http:\/\/www.si-hr.eu\/hr\/wp-json\/wp\/v2\/pages"}],"about":[{"href":"http:\/\/www.si-hr.eu\/hr\/wp-json\/wp\/v2\/types\/page"}],"author":[{"embeddable":true,"href":"http:\/\/www.si-hr.eu\/hr\/wp-json\/wp\/v2\/users\/1"}],"replies":[{"embeddable":true,"href":"http:\/\/www.si-hr.eu\/hr\/wp-json\/wp\/v2\/comments?post=82"}],"version-history":[{"count":1,"href":"http:\/\/www.si-hr.eu\/hr\/wp-json\/wp\/v2\/pages\/82\/revisions"}],"predecessor-version":[{"id":83,"href":"http:\/\/www.si-hr.eu\/hr\/wp-json\/wp\/v2\/pages\/82\/revisions\/83"}],"up":[{"embeddable":true,"href":"http:\/\/www.si-hr.eu\/hr\/wp-json\/wp\/v2\/pages\/62"}],"wp:attachment":[{"href":"http:\/\/www.si-hr.eu\/hr\/wp-json\/wp\/v2\/media?parent=82"}],"curies":[{"name":"wp","href":"https:\/\/api.w.org\/{rel}","templated":true}]}}