{"id":86,"date":"2015-09-18T14:38:36","date_gmt":"2015-09-18T13:38:36","guid":{"rendered":"http:\/\/84.39.218.255\/wp-content\/uploads\/2015\/09\/hr\/?page_id=86"},"modified":"2015-09-18T14:38:36","modified_gmt":"2015-09-18T13:38:36","slug":"zbornik-sufinanciranih-projektov-programa-za-susjedstvo-si-hu-hr-2004-2006","status":"publish","type":"page","link":"http:\/\/www.si-hr.eu\/hr\/projekti\/zbornik-sufinanciranih-projektov-programa-za-susjedstvo-si-hu-hr-2004-2006\/","title":{"rendered":"Zbornik sufinanciranih projektov Programa za susjedstvo SI-HU-HR 2004-2006"},"content":{"rendered":"<p>Ovdje mo\u017eete prona\u0107i Zbornik sufinanciranih projekata Programa za susjedstvo Slovenija-Ma\u0111arska-Hrvatska 2007.-2013.<\/p>\n<p><a class=\"link_pdf\" href=\"http:\/\/84.39.218.255\/wp-content\/uploads\/2015\/09\/Zbornik_vlada_SL-HV-HR_hr.pdf\" target=\"_blank\">Zbornik sufinanciranih projekata (22.2M)<\/a><\/p>\n","protected":false},"excerpt":{"rendered":"<p>Ovdje mo\u017eete prona\u0107i Zbornik sufinanciranih projekata Programa za susjedstvo Slovenija-Ma\u0111arska-Hrvatska 2007.-2013. Zbornik sufinanciranih projekata (22.2M)<\/p>\n","protected":false},"author":1,"featured_media":0,"parent":25,"menu_order":0,"comment_status":"closed","ping_status":"closed","template":"","meta":{"ngg_post_thumbnail":0},"acf":[],"_links":{"self":[{"href":"http:\/\/www.si-hr.eu\/hr\/wp-json\/wp\/v2\/pages\/86"}],"collection":[{"href":"http:\/\/www.si-hr.eu\/hr\/wp-json\/wp\/v2\/pages"}],"about":[{"href":"http:\/\/www.si-hr.eu\/hr\/wp-json\/wp\/v2\/types\/page"}],"author":[{"embeddable":true,"href":"http:\/\/www.si-hr.eu\/hr\/wp-json\/wp\/v2\/users\/1"}],"replies":[{"embeddable":true,"href":"http:\/\/www.si-hr.eu\/hr\/wp-json\/wp\/v2\/comments?post=86"}],"version-history":[{"count":1,"href":"http:\/\/www.si-hr.eu\/hr\/wp-json\/wp\/v2\/pages\/86\/revisions"}],"predecessor-version":[{"id":87,"href":"http:\/\/www.si-hr.eu\/hr\/wp-json\/wp\/v2\/pages\/86\/revisions\/87"}],"up":[{"embeddable":true,"href":"http:\/\/www.si-hr.eu\/hr\/wp-json\/wp\/v2\/pages\/25"}],"wp:attachment":[{"href":"http:\/\/www.si-hr.eu\/hr\/wp-json\/wp\/v2\/media?parent=86"}],"curies":[{"name":"wp","href":"https:\/\/api.w.org\/{rel}","templated":true}]}}