{"id":88,"date":"2015-09-18T14:56:17","date_gmt":"2015-09-18T13:56:17","guid":{"rendered":"http:\/\/84.39.218.255\/wp-content\/uploads\/2015\/09\/hr\/?page_id=88"},"modified":"2015-09-18T14:56:17","modified_gmt":"2015-09-18T13:56:17","slug":"3-javni-poziv-na-dostavu-prijedloga-projekata","status":"publish","type":"page","link":"http:\/\/www.si-hr.eu\/hr\/natjecaji\/3-javni-poziv-na-dostavu-prijedloga-projekata\/","title":{"rendered":"3. javni poziv na dostavu prijedloga projekata"},"content":{"rendered":"<h3>Novi plan nabave \u2013 tablica<\/h3>\n<p>Tablica koja je ranije objavljena na na\u0161oj internetskoj stranici zamjenjuje se tablicom u prilogu.<\/p>\n<p><a class=\"link_xls\" href=\"http:\/\/84.39.218.255\/wp-content\/uploads\/2015\/09\/Na%C4%8Drt%20javnih%20naro%C4%8Dil%20-%20tabela_2.xls\" target=\"_blank\">Plan nabave &#8211; tablica (44.5k)<\/a><\/p>\n<h3>Objava tablica za ispunjavanje uvjeta za uvjetno odobrene projekte unutar 3. Poziva<\/h3>\n<p>Molimo Vas da sa ovog mre\u017enog mjesta preuzmete tablice koje je potrebno ispuniti u svrhu ispunjavanja uvjeta. Napominjemo da se navedene tablice kao i obaveza njihova ispunjavanja odnose samo na uvjetno odobrene projekte unutar 3. poziva na dostavu prijedloga projekata OP IPA SI-HR 2007.-2013., i to na na\u010din kako je zahtijevano u dokumentu &#8220;OBAVIJEST O IZBORU PRIJAVE S NAVEDENIM DODATNIM UVJETIMA&#8221;.<\/p>\n<p><a class=\"link_xls\" href=\"http:\/\/84.39.218.255\/wp-content\/uploads\/2015\/09\/Detailed%20description%20of%20planed%20external%20services.xls\" target=\"_blank\">Detaljan opis planiranih vanjskih usluga (49.5k)<\/a><\/p>\n<p><a class=\"link_xls\" href=\"http:\/\/84.39.218.255\/wp-content\/uploads\/2015\/09\/Detailed%20description%20of%20planed%20investment.xls\" target=\"_blank\">Detaljan opis planiranih investicija (49.5k)<\/a><\/p>\n<p><a class=\"link_xls\" href=\"http:\/\/84.39.218.255\/wp-content\/uploads\/2015\/09\/Procurement%20Plan%20Table.xls\" target=\"_blank\">Plan nabave &#8211; tablica (46k)<\/a><\/p>\n<h3>Objava 3. poziva na dostavu prijedloga projekata<\/h3>\n<p>Ovjde mo\u017eete prona\u0107i natje\u010dajnu dokumentaciju 3. poziva na dostavu prijedloga projekata OP IPA SI-HR 2007-2013 od dana 3.2.2012<\/p>\n<p><a class=\"link_pdf\" href=\"http:\/\/84.39.218.255\/wp-content\/uploads\/2015\/09\/3.%20JP%20SI-HR%20HR_final_1.pdf\" target=\"_blank\">3. JR (1.2M)<\/a><\/p>\n<p><a class=\"link_pdf\" href=\"http:\/\/84.39.218.255\/wp-content\/uploads\/2015\/09\/OP%20IPA%20SI-HR%203.%20JP_HR_final_1.pdf\" target=\"_blank\">OP IPA SI-HR 2007-2013 (1.1M)<\/a><\/p>\n<p><a class=\"link_pdf\" href=\"http:\/\/84.39.218.255\/wp-content\/uploads\/2015\/09\/PIM%20SI-HR%203.%20JP_HR_final_1.pdf\" target=\"_blank\">PIM SI-HR 2007-2013 (588.6k)<\/a><\/p>\n<p><a class=\"link_doc\" href=\"http:\/\/84.39.218.255\/wp-content\/uploads\/2015\/09\/Prijavnica%20A%20-%20Prijavni%20obrazac%20A%20SI-HR%203.%20JR_SI_final_2.doc\" target=\"_blank\">Prijavni obrazac A (1010k)<\/a><\/p>\n<p><a class=\"link_xls\" href=\"http:\/\/84.39.218.255\/wp-content\/uploads\/2015\/09\/Prijavnica%20del%20B%20-%20SI-HR%20-%20KON%C4%8CNA%203.%20JR_%202.2.2012_2.xls\" target=\"_blank\">Prijavni obrazac B (469k)<\/a><\/p>\n<p><a class=\"link_doc\" href=\"http:\/\/84.39.218.255\/wp-content\/uploads\/2015\/09\/Nalepka%20za%20ovojnico%20-%20Nalepnica%20za%20kuvertu_SI-HR_3_2.doc\" target=\"_blank\">Naljepnica (29.5k)<\/a><\/p>\n<p><a class=\"link_doc\" href=\"http:\/\/84.39.218.255\/wp-content\/uploads\/2015\/09\/Pogodba%20o%20sofinanciranju%20SI-HR%203.%20JR_SI_final.doc\" target=\"_blank\">Pogodba o sofinanciranju (1.7M)<\/a><\/p>\n<p><a class=\"link_doc\" href=\"http:\/\/84.39.218.255\/wp-content\/uploads\/2015\/09\/Sporazum%20o%20partnerstvu%20SI-HR%203.%20JR_SI_final.doc\" target=\"_blank\">Sporazum o partnerstvu (351k)<\/a><\/p>\n","protected":false},"excerpt":{"rendered":"<p>Novi plan nabave \u2013 tablica Tablica koja je ranije objavljena na na\u0161oj internetskoj stranici zamjenjuje se tablicom u prilogu. Plan nabave &#8211; tablica (44.5k) Objava tablica za ispunjavanje uvjeta za &hellip; <a href=\"http:\/\/www.si-hr.eu\/hr\/natjecaji\/3-javni-poziv-na-dostavu-prijedloga-projekata\/\" class=\"more-link\">Preberi ve\u010d <span class=\"screen-reader-text\">3. javni poziv na dostavu prijedloga projekata<\/span> <span class=\"meta-nav\">&rarr;<\/span><\/a><\/p>\n","protected":false},"author":1,"featured_media":0,"parent":23,"menu_order":0,"comment_status":"closed","ping_status":"closed","template":"","meta":{"ngg_post_thumbnail":0},"acf":[],"_links":{"self":[{"href":"http:\/\/www.si-hr.eu\/hr\/wp-json\/wp\/v2\/pages\/88"}],"collection":[{"href":"http:\/\/www.si-hr.eu\/hr\/wp-json\/wp\/v2\/pages"}],"about":[{"href":"http:\/\/www.si-hr.eu\/hr\/wp-json\/wp\/v2\/types\/page"}],"author":[{"embeddable":true,"href":"http:\/\/www.si-hr.eu\/hr\/wp-json\/wp\/v2\/users\/1"}],"replies":[{"embeddable":true,"href":"http:\/\/www.si-hr.eu\/hr\/wp-json\/wp\/v2\/comments?post=88"}],"version-history":[{"count":1,"href":"http:\/\/www.si-hr.eu\/hr\/wp-json\/wp\/v2\/pages\/88\/revisions"}],"predecessor-version":[{"id":89,"href":"http:\/\/www.si-hr.eu\/hr\/wp-json\/wp\/v2\/pages\/88\/revisions\/89"}],"up":[{"embeddable":true,"href":"http:\/\/www.si-hr.eu\/hr\/wp-json\/wp\/v2\/pages\/23"}],"wp:attachment":[{"href":"http:\/\/www.si-hr.eu\/hr\/wp-json\/wp\/v2\/media?parent=88"}],"curies":[{"name":"wp","href":"https:\/\/api.w.org\/{rel}","templated":true}]}}