{"id":92,"date":"2015-09-18T14:58:42","date_gmt":"2015-09-18T13:58:42","guid":{"rendered":"http:\/\/84.39.218.255\/wp-content\/uploads\/2015\/09\/hr\/?page_id=92"},"modified":"2015-09-18T14:58:42","modified_gmt":"2015-09-18T13:58:42","slug":"cesto-postavljena-pitanja-faq","status":"publish","type":"page","link":"http:\/\/www.si-hr.eu\/hr\/natjecaji\/3-javni-poziv-na-dostavu-prijedloga-projekata\/cesto-postavljena-pitanja-faq\/","title":{"rendered":"\u010cesto postavljena pitanja (FAQ)"},"content":{"rendered":"<p>Ovdje mo\u017eete prona\u0107i \u010desto postavljena pitanja (FAQ) 3. Poziva na dostavu prijedloga projekata IPA OPERATIVNOG PROGRAMA SI-HR 2007.-2013.<\/p>\n<p><a class=\"link_pdf\" href=\"http:\/\/84.39.218.255\/wp-content\/uploads\/2015\/09\/FAQ%203%20JR%20final%20HR.pdf\" target=\"_blank\">FAQ, 3. JR (205.5k)<\/a><\/p>\n","protected":false},"excerpt":{"rendered":"<p>Ovdje mo\u017eete prona\u0107i \u010desto postavljena pitanja (FAQ) 3. Poziva na dostavu prijedloga projekata IPA OPERATIVNOG PROGRAMA SI-HR 2007.-2013. FAQ, 3. JR (205.5k)<\/p>\n","protected":false},"author":1,"featured_media":0,"parent":88,"menu_order":0,"comment_status":"closed","ping_status":"closed","template":"","meta":{"ngg_post_thumbnail":0},"acf":[],"_links":{"self":[{"href":"http:\/\/www.si-hr.eu\/hr\/wp-json\/wp\/v2\/pages\/92"}],"collection":[{"href":"http:\/\/www.si-hr.eu\/hr\/wp-json\/wp\/v2\/pages"}],"about":[{"href":"http:\/\/www.si-hr.eu\/hr\/wp-json\/wp\/v2\/types\/page"}],"author":[{"embeddable":true,"href":"http:\/\/www.si-hr.eu\/hr\/wp-json\/wp\/v2\/users\/1"}],"replies":[{"embeddable":true,"href":"http:\/\/www.si-hr.eu\/hr\/wp-json\/wp\/v2\/comments?post=92"}],"version-history":[{"count":1,"href":"http:\/\/www.si-hr.eu\/hr\/wp-json\/wp\/v2\/pages\/92\/revisions"}],"predecessor-version":[{"id":93,"href":"http:\/\/www.si-hr.eu\/hr\/wp-json\/wp\/v2\/pages\/92\/revisions\/93"}],"up":[{"embeddable":true,"href":"http:\/\/www.si-hr.eu\/hr\/wp-json\/wp\/v2\/pages\/88"}],"wp:attachment":[{"href":"http:\/\/www.si-hr.eu\/hr\/wp-json\/wp\/v2\/media?parent=92"}],"curies":[{"name":"wp","href":"https:\/\/api.w.org\/{rel}","templated":true}]}}