{"id":94,"date":"2015-09-18T14:59:51","date_gmt":"2015-09-18T13:59:51","guid":{"rendered":"http:\/\/84.39.218.255\/wp-content\/uploads\/2015\/09\/hr\/?page_id=94"},"modified":"2015-09-18T14:59:51","modified_gmt":"2015-09-18T13:59:51","slug":"2-zajednicki-poziv-na-dostavu-prijedloga-projekata","status":"publish","type":"page","link":"http:\/\/www.si-hr.eu\/hr\/natjecaji\/2-zajednicki-poziv-na-dostavu-prijedloga-projekata\/","title":{"rendered":"2. Zajedni\u010dki poziv na dostavu prijedloga projekata"},"content":{"rendered":"<h3>Drugi poziv na dostavu projekata OP IPA SI-HR 2007.-2013.<\/h3>\n<p>Drugi zajedni\u010dki poziv na dostavu projekata bio je objavljen 16. 4. 2010., krajnji rok zaprimanja prijava bio je 30. 6. 2010. Vi\u0161e informacija mo\u017eete na\u0107i u rubrikama informativnih doga\u0111anja i arhiv dokumentima.<\/p>\n<h3>Natje\u010dajna dokumentacija za 2. poziv na dostavu prijedloga projekata OP IPA SI-HR 2007.-2013.<\/h3>\n<p>Ovdje mo\u017eete prona\u0107i natje\u010dajnu dokumentaciju za 2. poziv na dostavu prijedloga projekata u okviru OP IPA SI-HR 2007.-2013. koji je objavljen 16. travnja 2010.<\/p>\n<p><a class=\"link_pdf\" href=\"http:\/\/84.39.218.255\/wp-content\/uploads\/2015\/09\/2%20JP%20SI-HR_HR.pdf\" target=\"_blank\">2. javni poziv OP IPA SI-HR 2007.-2013. (349.7k)<\/a><\/p>\n<p><a class=\"link_pdf\" href=\"http:\/\/84.39.218.255\/wp-content\/uploads\/2015\/09\/OP%20IPA%20SI-HR_HR.pdf\" target=\"_blank\">Operativni program IPA SI-HR 2007.-2013. (1.1M)<\/a><\/p>\n<p><a class=\"link_pdf\" href=\"http:\/\/84.39.218.255\/wp-content\/uploads\/2015\/09\/PIM%20SI-HR_HR.pdf\" target=\"_blank\">Priru\u010dnik za provedbu projekata OP IPA SI-HR 2007.-2013. (575.4k)<\/a><\/p>\n<p><a class=\"link_doc\" href=\"http:\/\/84.39.218.255\/wp-content\/uploads\/2015\/09\/Prijavnica%20A%20-%20Prijavni%20obrazac%20A_SI-HR_1.doc\" target=\"_blank\">Prijavni obrazac dio A OP IPA SI-HR 2007.-2013. (989.5k)<\/a><\/p>\n<p><a class=\"link_xls\" href=\"http:\/\/84.39.218.255\/wp-content\/uploads\/2015\/09\/Prijavnica%20B%20-%20Prijavni%20obrazac%20B_SI-HR_1.xls\" target=\"_blank\">Prijavni obrazac dio B OP IPA SI-HR 2007.-2013. (580k)<\/a><\/p>\n<p><a class=\"link_pdf\" href=\"http:\/\/84.39.218.255\/wp-content\/uploads\/2015\/09\/Pogodba%20o%20sofinanciranju_SI-HR_1.pdf\" target=\"_blank\">Ugovor o sufinanciranju OP IPA SI-HR 2007.-2013. (416k)<\/a><\/p>\n<p><a class=\"link_pdf\" href=\"http:\/\/84.39.218.255\/wp-content\/uploads\/2015\/09\/Sporazum%20o%20partnerstvu_SI-HR_2.pdf\" target=\"_blank\">Sporazum o partnerstvu OP IPA SI-HR 2007.-2013. (502.2k)<\/a><\/p>\n<p><a class=\"link_doc\" href=\"http:\/\/84.39.218.255\/wp-content\/uploads\/2015\/09\/Nalepka%20za%20ovojnico%20-%20Nalepnica%20za%20kuvertu_SI-HR_1.doc\" target=\"_blank\">Naljepnica (29.5k)<\/a><\/p>\n","protected":false},"excerpt":{"rendered":"<p>Drugi poziv na dostavu projekata OP IPA SI-HR 2007.-2013. Drugi zajedni\u010dki poziv na dostavu projekata bio je objavljen 16. 4. 2010., krajnji rok zaprimanja prijava bio je 30. 6. 2010. &hellip; <a href=\"http:\/\/www.si-hr.eu\/hr\/natjecaji\/2-zajednicki-poziv-na-dostavu-prijedloga-projekata\/\" class=\"more-link\">Preberi ve\u010d <span class=\"screen-reader-text\">2. Zajedni\u010dki poziv na dostavu prijedloga projekata<\/span> <span class=\"meta-nav\">&rarr;<\/span><\/a><\/p>\n","protected":false},"author":1,"featured_media":0,"parent":23,"menu_order":0,"comment_status":"closed","ping_status":"closed","template":"","meta":{"ngg_post_thumbnail":0},"acf":[],"_links":{"self":[{"href":"http:\/\/www.si-hr.eu\/hr\/wp-json\/wp\/v2\/pages\/94"}],"collection":[{"href":"http:\/\/www.si-hr.eu\/hr\/wp-json\/wp\/v2\/pages"}],"about":[{"href":"http:\/\/www.si-hr.eu\/hr\/wp-json\/wp\/v2\/types\/page"}],"author":[{"embeddable":true,"href":"http:\/\/www.si-hr.eu\/hr\/wp-json\/wp\/v2\/users\/1"}],"replies":[{"embeddable":true,"href":"http:\/\/www.si-hr.eu\/hr\/wp-json\/wp\/v2\/comments?post=94"}],"version-history":[{"count":1,"href":"http:\/\/www.si-hr.eu\/hr\/wp-json\/wp\/v2\/pages\/94\/revisions"}],"predecessor-version":[{"id":95,"href":"http:\/\/www.si-hr.eu\/hr\/wp-json\/wp\/v2\/pages\/94\/revisions\/95"}],"up":[{"embeddable":true,"href":"http:\/\/www.si-hr.eu\/hr\/wp-json\/wp\/v2\/pages\/23"}],"wp:attachment":[{"href":"http:\/\/www.si-hr.eu\/hr\/wp-json\/wp\/v2\/media?parent=94"}],"curies":[{"name":"wp","href":"https:\/\/api.w.org\/{rel}","templated":true}]}}