{"id":1055,"date":"2016-10-25T13:47:46","date_gmt":"2016-10-25T12:47:46","guid":{"rendered":"http:\/\/84.39.218.255\/hr2\/?page_id=1055"},"modified":"2016-10-25T13:47:58","modified_gmt":"2016-10-25T12:47:58","slug":"radionica_specificni_cilj_6d","status":"publish","type":"page","link":"http:\/\/www.si-hr.eu\/hr2\/radionica_specificni_cilj_6d\/","title":{"rendered":"Tematska radionica za specifi\u010dni cilj 6d (listopad 2016)"},"content":{"rendered":"<div id='layer_slider_1'  class='avia-layerslider main_color avia-shadow  avia-builder-el-0  el_before_av_one_full  avia-builder-el-first  container_wrap sidebar_right'  style='height: 251px;'  ><\/div><div id='after_layer_slider_1'  class='main_color av_default_container_wrap container_wrap sidebar_right'  ><div class='container av-section-cont-open' ><div class='template-page content  av-content-small alpha units'><div class='post-entry post-entry-type-page post-entry-1055'><div class='entry-content-wrapper clearfix'>\n\n<style type=\"text\/css\" data-created_by=\"avia_inline_auto\" id=\"style-css-av-av_one_full-352b07ef7d3bc99b2e9f92e7a9e06bdb\">\n.flex_column.av-av_one_full-352b07ef7d3bc99b2e9f92e7a9e06bdb{\nborder-radius:0px 0px 0px 0px;\n-webkit-border-radius:0px 0px 0px 0px;\n-moz-border-radius:0px 0px 0px 0px;\n}\n<\/style>\n<div class='flex_column av-av_one_full-352b07ef7d3bc99b2e9f92e7a9e06bdb av_one_full  avia-builder-el-1  el_after_av_layerslider  el_before_av_one_fourth  avia-builder-el-first  first flex_column_div av-zero-column-padding '   ><section  class='av_textblock_section av-av_textblock-0366cc7376be6c9e82a3e9cc8987b64f'  itemscope=\"itemscope\" itemtype=\"https:\/\/schema.org\/CreativeWork\" ><div class='avia_textblock'  itemprop=\"text\" ><h3>Tematska radionica za specifi\u010dni cilj &#8220;Za\u0161tita i obnova biolo\u0161ke raznolikosti i promocija usluga ekosustava&#8221;<\/h3>\n<\/div><\/section><\/div>\n\n<style type=\"text\/css\" data-created_by=\"avia_inline_auto\" id=\"style-css-av-av_one_fourth-352b07ef7d3bc99b2e9f92e7a9e06bdb\">\n.flex_column.av-av_one_fourth-352b07ef7d3bc99b2e9f92e7a9e06bdb{\nborder-radius:0px 0px 0px 0px;\n-webkit-border-radius:0px 0px 0px 0px;\n-moz-border-radius:0px 0px 0px 0px;\n}\n<\/style>\n<div class='flex_column av-av_one_fourth-352b07ef7d3bc99b2e9f92e7a9e06bdb av_one_fourth  avia-builder-el-3  el_after_av_one_full  el_before_av_one_fourth  first flex_column_div av-zero-column-padding column-top-margin'   ><section  class='av_textblock_section av-av_textblock-0366cc7376be6c9e82a3e9cc8987b64f'  itemscope=\"itemscope\" itemtype=\"https:\/\/schema.org\/CreativeWork\" ><div class='avia_textblock'  itemprop=\"text\" ><h5>Prezentacije<\/h5>\n<ul>\n<li><a href=\"http:\/\/84.39.218.255\/hr2\/wp-content\/uploads\/sites\/13\/2016\/10\/delavnica-6d_Samobor_VS-17.10.2016.pdf\" target=\"_blank\" rel=\"noopener\">Delavnica 6d Samobor<\/a><\/li>\n<li><a href=\"http:\/\/84.39.218.255\/hr2\/wp-content\/uploads\/sites\/13\/2016\/10\/Radionica_6d_Samobor-17.10.2016.pdf\" target=\"_blank\" rel=\"noopener\">Radionica 6d Samobor<\/a><\/li>\n<li><a href=\"http:\/\/84.39.218.255\/hr2\/wp-content\/uploads\/sites\/13\/2016\/10\/Predstavitev-prezentacija-SI_HR_6d.pdf\" target=\"_blank\" rel=\"noopener\">Predstavitev &#8211; prezentacija SI_HR_6d<\/a><\/li>\n<\/ul>\n<\/div><\/section><\/div>\n\n<style type=\"text\/css\" data-created_by=\"avia_inline_auto\" id=\"style-css-av-av_one_fourth-2a64de42b738552fe666ca889af77e28\">\n.flex_column.av-av_one_fourth-2a64de42b738552fe666ca889af77e28{\nborder-radius:0px 0px 0px 0px;\n-webkit-border-radius:0px 0px 0px 0px;\n-moz-border-radius:0px 0px 0px 0px;\n}\n<\/style>\n<div class='flex_column av-av_one_fourth-2a64de42b738552fe666ca889af77e28 av_one_fourth  avia-builder-el-5  el_after_av_one_fourth  el_before_av_one_half  flex_column_div av-zero-column-padding column-top-margin'   ><section  class='av_textblock_section av-av_textblock-0366cc7376be6c9e82a3e9cc8987b64f'  itemscope=\"itemscope\" itemtype=\"https:\/\/schema.org\/CreativeWork\" ><div class='avia_textblock'  itemprop=\"text\" ><h5>Pozivnice<\/h5>\n<ul>\n<li><a href=\"http:\/\/84.39.218.255\/hr2\/wp-content\/uploads\/sites\/13\/2016\/10\/Vabilo-pozivnica-delavnica_6d.pdf\" target=\"_blank\" rel=\"noopener\">Vabilo i program radionice<\/a><\/li>\n<\/ul>\n<\/div><\/section><\/div>\n\n<style type=\"text\/css\" data-created_by=\"avia_inline_auto\" id=\"style-css-av-av_one_half-2a64de42b738552fe666ca889af77e28\">\n.flex_column.av-av_one_half-2a64de42b738552fe666ca889af77e28{\nborder-radius:0px 0px 0px 0px;\n-webkit-border-radius:0px 0px 0px 0px;\n-moz-border-radius:0px 0px 0px 0px;\n}\n<\/style>\n<div class='flex_column av-av_one_half-2a64de42b738552fe666ca889af77e28 av_one_half  avia-builder-el-7  el_after_av_one_fourth  avia-builder-el-last  flex_column_div av-zero-column-padding column-top-margin'   ><section  class='av_textblock_section av-av_textblock-0366cc7376be6c9e82a3e9cc8987b64f'  itemscope=\"itemscope\" itemtype=\"https:\/\/schema.org\/CreativeWork\" ><div class='avia_textblock'  itemprop=\"text\" ><p><em>Samobor (Hrvatska),\u00a017.10.2016.<\/em> &#8211;\u00a0Ministarstvo regionalnoga razvoja i fondova Europske unije i Slu\u017eba Vlade RS za razvoj i europsku kohezijsku politiku, u ulozi Nacionalnih tijela programa organizirali su posebnu tematsku radionicu koja je bila namijenjena potencijalnim prijaviteljima u okviru investicijskog prioriteta 6d \u2013 \u201cZa\u0161tita i obnova biolo\u0161ke raznolikosti i tla te promicanje usluge ekosustava, uklju\u010duju\u0107i putem mre\u017ee Natura 2000 i zelenih infrastruktura\u201d \u00a0u okviru Programa suradnje Interreg V-A Slovenija-Hrvatska.<\/p>\n<\/div><\/section><\/div>\n","protected":false},"excerpt":{"rendered":"","protected":false},"author":1,"featured_media":0,"parent":0,"menu_order":0,"comment_status":"closed","ping_status":"closed","template":"","meta":{"ngg_post_thumbnail":0},"acf":[],"_links":{"self":[{"href":"http:\/\/www.si-hr.eu\/hr2\/wp-json\/wp\/v2\/pages\/1055"}],"collection":[{"href":"http:\/\/www.si-hr.eu\/hr2\/wp-json\/wp\/v2\/pages"}],"about":[{"href":"http:\/\/www.si-hr.eu\/hr2\/wp-json\/wp\/v2\/types\/page"}],"author":[{"embeddable":true,"href":"http:\/\/www.si-hr.eu\/hr2\/wp-json\/wp\/v2\/users\/1"}],"replies":[{"embeddable":true,"href":"http:\/\/www.si-hr.eu\/hr2\/wp-json\/wp\/v2\/comments?post=1055"}],"version-history":[{"count":2,"href":"http:\/\/www.si-hr.eu\/hr2\/wp-json\/wp\/v2\/pages\/1055\/revisions"}],"predecessor-version":[{"id":1060,"href":"http:\/\/www.si-hr.eu\/hr2\/wp-json\/wp\/v2\/pages\/1055\/revisions\/1060"}],"wp:attachment":[{"href":"http:\/\/www.si-hr.eu\/hr2\/wp-json\/wp\/v2\/media?parent=1055"}],"curies":[{"name":"wp","href":"https:\/\/api.w.org\/{rel}","templated":true}]}}