{"id":1120,"date":"2016-11-01T17:56:57","date_gmt":"2016-11-01T16:56:57","guid":{"rendered":"http:\/\/84.39.218.255\/hr2\/?page_id=1120"},"modified":"2016-11-01T18:03:31","modified_gmt":"2016-11-01T17:03:31","slug":"probudena-kulturna-bastina","status":"publish","type":"page","link":"http:\/\/www.si-hr.eu\/hr2\/map\/probudena-kulturna-bastina\/","title":{"rendered":"PROBU\u0110ENA KULTURNA BA\u0160TINA"},"content":{"rendered":"\n<style type=\"text\/css\" data-created_by=\"avia_inline_auto\" id=\"style-css-av-av_one_full-352b07ef7d3bc99b2e9f92e7a9e06bdb\">\n.flex_column.av-av_one_full-352b07ef7d3bc99b2e9f92e7a9e06bdb{\nborder-radius:0px 0px 0px 0px;\n-webkit-border-radius:0px 0px 0px 0px;\n-moz-border-radius:0px 0px 0px 0px;\n}\n<\/style>\n<div class='flex_column av-av_one_full-352b07ef7d3bc99b2e9f92e7a9e06bdb av_one_full  avia-builder-el-0  el_before_av_one_half  avia-builder-el-first  first flex_column_div av-zero-column-padding '   ><style type=\"text\/css\" data-created_by=\"avia_inline_auto\" id=\"style-css-av-av_heading-68b0ee18a189486c1bf2e07f582de7d4\">\n#top .av-special-heading.av-av_heading-68b0ee18a189486c1bf2e07f582de7d4{\npadding-bottom:10px;\n}\nbody .av-special-heading.av-av_heading-68b0ee18a189486c1bf2e07f582de7d4 .av-special-heading-tag .heading-char{\nfont-size:25px;\n}\n.av-special-heading.av-av_heading-68b0ee18a189486c1bf2e07f582de7d4 .av-subheading{\nfont-size:15px;\n}\n<\/style>\n<div  class='av-special-heading av-av_heading-68b0ee18a189486c1bf2e07f582de7d4 av-special-heading-h3 blockquote modern-quote modern-centered  avia-builder-el-1  avia-builder-el-no-sibling '><h3 class='av-special-heading-tag'  itemprop=\"headline\"  >ODR\u017dIVO UPRAVLJANJE PRIRODNIM RESURSIMA O\u010cUVANJE ZA\u0160TI\u0106ENIH PODRU\u010cJA, EKOLO\u0160KI ZNA\u010cAJNIH PODRU\u010cJA I KULTURNE BA\u0160TINE<\/h3><div class=\"special-heading-border\"><div class=\"special-heading-inner-border\"><\/div><\/div><\/div><\/div>\n<style type=\"text\/css\" data-created_by=\"avia_inline_auto\" id=\"style-css-av-av_one_half-352b07ef7d3bc99b2e9f92e7a9e06bdb\">\n.flex_column.av-av_one_half-352b07ef7d3bc99b2e9f92e7a9e06bdb{\nborder-radius:0px 0px 0px 0px;\n-webkit-border-radius:0px 0px 0px 0px;\n-moz-border-radius:0px 0px 0px 0px;\n}\n<\/style>\n<div class='flex_column av-av_one_half-352b07ef7d3bc99b2e9f92e7a9e06bdb av_one_half  avia-builder-el-2  el_after_av_one_full  el_before_av_one_half  first flex_column_div av-zero-column-padding column-top-margin'   ><p>\n<style type=\"text\/css\" data-created_by=\"avia_inline_auto\" id=\"style-css-av-av_image-6b7b8b64ddcb4c7b127ce17075d42a24\">\n.avia-image-container.av-av_image-6b7b8b64ddcb4c7b127ce17075d42a24 .av-image-caption-overlay-center{\ncolor:#ffffff;\n}\n<\/style>\n<div  class='avia-image-container av-av_image-6b7b8b64ddcb4c7b127ce17075d42a24 av-styling- avia-align-center  avia-builder-el-3  el_before_av_textblock  avia-builder-el-first '  itemprop=\"image\" itemscope=\"itemscope\" itemtype=\"https:\/\/schema.org\/ImageObject\" ><div class=\"avia-image-container-inner\"><div class=\"avia-image-overlay-wrap\"><img decoding=\"async\" class='wp-image-1122 avia-img-lazy-loading-not-1122 avia_image' src=\"http:\/\/www.si-hr.eu\/hr2\/wp-content\/uploads\/sites\/13\/2016\/11\/PROBUJENA-KULTURNA-DEDISCINA.jpg\" alt='' title='PROBUJENA KULTURNA DEDISCINA'  height=\"533\" width=\"800\"  itemprop=\"thumbnailUrl\" srcset=\"http:\/\/www.si-hr.eu\/hr2\/wp-content\/uploads\/sites\/13\/2016\/11\/PROBUJENA-KULTURNA-DEDISCINA.jpg 800w, http:\/\/www.si-hr.eu\/hr2\/wp-content\/uploads\/sites\/13\/2016\/11\/PROBUJENA-KULTURNA-DEDISCINA-300x200.jpg 300w, http:\/\/www.si-hr.eu\/hr2\/wp-content\/uploads\/sites\/13\/2016\/11\/PROBUJENA-KULTURNA-DEDISCINA-600x400.jpg 600w, http:\/\/www.si-hr.eu\/hr2\/wp-content\/uploads\/sites\/13\/2016\/11\/PROBUJENA-KULTURNA-DEDISCINA-705x470.jpg 705w, http:\/\/www.si-hr.eu\/hr2\/wp-content\/uploads\/sites\/13\/2016\/11\/PROBUJENA-KULTURNA-DEDISCINA-450x300.jpg 450w\" sizes=\"(max-width: 800px) 100vw, 800px\" \/><\/div><\/div><\/div><br \/>\n<section  class='av_textblock_section av-av_textblock-0366cc7376be6c9e82a3e9cc8987b64f'  itemscope=\"itemscope\" itemtype=\"https:\/\/schema.org\/CreativeWork\" ><div class='avia_textblock'  itemprop=\"text\" ><p style=\"text-align: center;\"><strong>PROBU\u0110ENA KULTURNA BA\u0160TINA<\/strong><\/p>\n<\/div><\/section><br \/>\n<section  class='av_textblock_section av-av_textblock-0366cc7376be6c9e82a3e9cc8987b64f'  itemscope=\"itemscope\" itemtype=\"https:\/\/schema.org\/CreativeWork\" ><div class='avia_textblock'  itemprop=\"text\" ><p><i><b>Opis sadr\u017eaja projekta<\/b><\/i><\/p>\n<p align=\"JUSTIFY\">Posebni prekograni\u010dni ciljevi projekta su bili: izrada studije prekograni\u010dnih kulturno-povijesnih veza; revitalizacija 5 objekata zna\u010dajnih za kulturnu povijest (\u017ditnica dvorca Erd\u00f6dy, park Erd\u00f6dy, Metli\u0161ki dvorac, \u010crnomaljski dvorac, crkva sv. Vida); ure\u0111enje prekograni\u010dnog kulturnog puta me\u0111u revitaliziranim objektima i ostalim zna\u010dajnim kulturno-povijesnim lokacijama na projektnom podru\u010dju; odr\u017eavanje izlo\u017ebe na 3 lokacije (\u017ditnica dvorca Erd\u00f6dy, Metli\u0161ki dvorac, \u010crnomaljski dvorac) na tematiku rezultata studije prekograni\u010dnih kulturno-povijesnih veza. Glavna dodana vrijednost projekta je bio doprinos osvje\u0161tavanju \u0161iroke javnosti o kulturno-povijesnoj ba\u0161tini regije i povijesnoj prekograni\u010dnoj povezanosti, \u0161to se postiglo pomo\u0107u \u0161irenja rezultata studija putem aktivnosti informiranja i izvje\u0161tavanja, organizacije prekograni\u010dne izlo\u017ebe i uspostavljanja kulturnog puta. U kulturni put su bili uklju\u010deni revitalizirani kulturno-povijesni objekti koji su spa\u0161eni od propadanja i u budu\u0107nosti \u0107e imati funkcionalnu ulogu u razvoju podru\u010dja. Provedba projekta je postavila temelj prekograni\u010dnom sudjelovanju koje bilo fokusirano na kulturno-povijesnu stvarnu i nestvarnu ba\u0161tinu i pridonosila je ekonomskom i dru\u0161tvenom razvoju regije kao i op\u0107enitoj kvaliteti bivanja na projektnom podru\u010dju. Neposredni u\u010dinci projekta su bili: studija prekograni\u010dnih kulturno-povijesnih veza na podru\u010dju, usmjerena na 16. stolje\u0107e; konferencija \/ stru\u010dni sastanak; publikacija na temu studije i njezinih rezultata; digitalni arhitektonski snimak dvorca Erd\u00f6dy u Jastrebarskom; arheolo\u0161ke pretrage u dvorcu Erd\u00f6dy; restauratorsko-konzervatorske pretrage u dvorcu Erd\u00f6dy; konzervatorska studija za dvorac Erd\u00f6dy; studija izvodljivosti za dvorac Erd\u00f6dy; revitalizacija \u017ditnice (dvorac Erd\u00f6dy) u Jastrebarskom; revitalizacija prirodnog i kulturnog parka Erd\u00f6dy u Jastrebarskom; sanacija krova i potkrovlja dvorca u Metlici i adaptacija za muzejske svrhe; sanacija crkve sv. Vida; izrada PZI dokumentacije za obnovu 1. i 2. kata te potkrovlja u dvorcu \u010crnomelj; energetski pregled i savjetovanje za energetski \u0161tedljivo ure\u0111enje dvorca \u010crnomelj; izrada idejnog rje\u0161enja, PGD i PZI dokumentacije za obnovu dvorca \u010crnomelj; zastakljenje i ure\u0111enje 1. kata u dvorcu \u010crnomelj; izlo\u017ebe o kulturno-povijesnim prekograni\u010dnim vezama u Jastrebarskom, Metlici i \u010crnomlju; bro\u0161ura; web stranica projekta; ogla\u0161avanje u lokalnim medijima na projektnom podru\u010dju.<\/p>\n<\/div><\/section><\/p><\/div>\n<style type=\"text\/css\" data-created_by=\"avia_inline_auto\" id=\"style-css-av-av_one_half-2a64de42b738552fe666ca889af77e28\">\n.flex_column.av-av_one_half-2a64de42b738552fe666ca889af77e28{\nborder-radius:0px 0px 0px 0px;\n-webkit-border-radius:0px 0px 0px 0px;\n-moz-border-radius:0px 0px 0px 0px;\n}\n<\/style>\n<div class='flex_column av-av_one_half-2a64de42b738552fe666ca889af77e28 av_one_half  avia-builder-el-6  el_after_av_one_half  el_before_av_one_full  flex_column_div av-zero-column-padding column-top-margin'   ><section  class='av_textblock_section av-av_textblock-0366cc7376be6c9e82a3e9cc8987b64f'  itemscope=\"itemscope\" itemtype=\"https:\/\/schema.org\/CreativeWork\" ><div class='avia_textblock'  itemprop=\"text\" ><table border=\"1\" width=\"637\" cellspacing=\"0\" cellpadding=\"7\">\n<colgroup>\n<col width=\"210\" \/>\n<col width=\"397\" \/> <\/colgroup>\n<tbody>\n<tr>\n<td bgcolor=\"#f2f2f2\" width=\"210\" height=\"8\"><b>Naziv projekta<\/b><\/td>\n<td width=\"397\">Analiza kulturno-povijesnih poveznica i revitalizacija objekata kulturne ba\u0161tine<\/td>\n<\/tr>\n<tr>\n<td bgcolor=\"#f2f2f2\" width=\"210\" height=\"9\"><b>EFRR sredstava<\/b><\/td>\n<td width=\"397\">1.249.843,92 EUR<\/td>\n<\/tr>\n<tr>\n<td bgcolor=\"#f2f2f2\" width=\"210\" height=\"9\"><b>Trajanje projekta <\/b><\/p>\n<p><b>(mjesec\/godina \u2013 mjesec\/godina)<\/b><\/td>\n<td width=\"397\">01.06.2011. \u2013 31.03.2013.<\/td>\n<\/tr>\n<tr>\n<td bgcolor=\"#f2f2f2\" width=\"210\" height=\"9\"><b>Vode\u0107i partner<\/b><\/td>\n<td width=\"397\">Grad Jastrebarsko<\/td>\n<\/tr>\n<tr>\n<td bgcolor=\"#f2f2f2\" width=\"210\" height=\"9\"><b>Partneri<\/b><\/td>\n<td width=\"397\">Ob\u010dina Metlika<\/p>\n<p>Ob\u010dina \u010crnomelj<\/p>\n<p>Op\u0107ina Klin\u010da Sela<\/p>\n<p>Op\u0107ina Pisarovina<\/p>\n<p>\u017dupnija sv. Martina Biskupa Pisarovinska Jamnica<\/td>\n<\/tr>\n<tr>\n<td bgcolor=\"#f2f2f2\" width=\"210\" height=\"9\"><b>Uklju\u010dene regije<\/b><\/td>\n<td width=\"397\">SI: Jugovzhodna Slovenija<\/p>\n<p>HR: Zagreba\u010dka \u017eupanija<\/td>\n<\/tr>\n<tr>\n<td bgcolor=\"#f2f2f2\" width=\"210\" height=\"8\"><b>Internetska stranica projekta<\/b><\/td>\n<td width=\"397\">SI: <span style=\"color: #0000ff;\"><u><a href=\"http:\/\/www.ipa-erdody.com\/default.asp\">http:\/\/www.ipa-erdody.com\/default.asp<\/a><\/u><\/span><\/p>\n<p>HR: <span style=\"color: #0000ff;\"><u><a href=\"http:\/\/www.ipa-erdody.com\/default_hr.asp\">http:\/\/www.ipa-erdody.com\/default_hr.asp<\/a><\/u><\/span><\/p>\n<p>EN: <span style=\"color: #0000ff;\"><u><a href=\"http:\/\/www.ipa-erdody.com\/default_en.asp\">http:\/\/www.ipa-erdody.com\/default_en.asp<\/a><\/u><\/span><\/td>\n<\/tr>\n<\/tbody>\n<\/table>\n<\/div><\/section><br \/>\n<section  class='av_textblock_section av-av_textblock-0366cc7376be6c9e82a3e9cc8987b64f'  itemscope=\"itemscope\" itemtype=\"https:\/\/schema.org\/CreativeWork\" ><div class='avia_textblock'  itemprop=\"text\" ><p><i><b>Osnovni postignuti rezultati i realizirane aktivnosti <\/b><\/i><i>(kvantitativni podaci; max. 3 &#8211; 5)<\/i><\/p>\n<p align=\"JUSTIFY\">1 studija prekograni\u010dnih kulturno-povijesnih veza i dokumentacija za obnovu i revitalizaciju 8 kulturno-povijesnih objekata na podru\u010dju obuhva\u0107enom projektom;<\/p>\n<p align=\"JUSTIFY\">5 obnovljenih i revitaliziranih kulturno-povijesnih objekata na podru\u010dju obuhva\u0107enom projektom;<\/p>\n<p align=\"JUSTIFY\">1 prekograni\u010dni kulturno-povijesni put me\u0111u obnovljenim i revitaliziranim objektima na podru\u010dju obuhva\u0107enom projektom;<\/p>\n<p align=\"JUSTIFY\">Postavljene 3 izlo\u017ebe na temu rezultata studije prekograni\u010dnih kulturno-povijesnih veza.<\/p>\n<\/div><\/section><\/p><\/div>\n<style type=\"text\/css\" data-created_by=\"avia_inline_auto\" id=\"style-css-av-av_one_full-352b07ef7d3bc99b2e9f92e7a9e06bdb\">\n.flex_column.av-av_one_full-352b07ef7d3bc99b2e9f92e7a9e06bdb{\nborder-radius:0px 0px 0px 0px;\n-webkit-border-radius:0px 0px 0px 0px;\n-moz-border-radius:0px 0px 0px 0px;\n}\n<\/style>\n<div class='flex_column av-av_one_full-352b07ef7d3bc99b2e9f92e7a9e06bdb av_one_full  avia-builder-el-9  el_after_av_one_half  avia-builder-el-last  first flex_column_div av-zero-column-padding column-top-margin'   ><style type=\"text\/css\" data-created_by=\"avia_inline_auto\" id=\"style-css-av-av_image-2e64412b46ce59b6cb2071cb829bb4cb\">\n.avia-image-container.av-av_image-2e64412b46ce59b6cb2071cb829bb4cb .av-image-caption-overlay-center{\ncolor:#ffffff;\n}\n<\/style>\n<div  class='avia-image-container av-av_image-2e64412b46ce59b6cb2071cb829bb4cb av-styling- avia-align-center  avia-builder-el-10  avia-builder-el-no-sibling '  itemprop=\"image\" itemscope=\"itemscope\" itemtype=\"https:\/\/schema.org\/ImageObject\" ><div class=\"avia-image-container-inner\"><div class=\"avia-image-overlay-wrap\"><img decoding=\"async\" class='wp-image-1121 avia-img-lazy-loading-not-1121 avia_image' src=\"http:\/\/www.si-hr.eu\/hr2\/wp-content\/uploads\/sites\/13\/2016\/11\/PROBUJENA-KULTURNA-DEDISCINA-logo-300x187.jpg\" alt='' title='PROBUJENA KULTURNA DEDISCINA logo'  height=\"187\" width=\"300\"  itemprop=\"thumbnailUrl\" srcset=\"http:\/\/www.si-hr.eu\/hr2\/wp-content\/uploads\/sites\/13\/2016\/11\/PROBUJENA-KULTURNA-DEDISCINA-logo-300x187.jpg 300w, http:\/\/www.si-hr.eu\/hr2\/wp-content\/uploads\/sites\/13\/2016\/11\/PROBUJENA-KULTURNA-DEDISCINA-logo-600x373.jpg 600w, http:\/\/www.si-hr.eu\/hr2\/wp-content\/uploads\/sites\/13\/2016\/11\/PROBUJENA-KULTURNA-DEDISCINA-logo-705x438.jpg 705w, http:\/\/www.si-hr.eu\/hr2\/wp-content\/uploads\/sites\/13\/2016\/11\/PROBUJENA-KULTURNA-DEDISCINA-logo-450x280.jpg 450w, http:\/\/www.si-hr.eu\/hr2\/wp-content\/uploads\/sites\/13\/2016\/11\/PROBUJENA-KULTURNA-DEDISCINA-logo.jpg 941w\" sizes=\"(max-width: 300px) 100vw, 300px\" \/><\/div><\/div><\/div><\/div><\/p>\n","protected":false},"excerpt":{"rendered":"","protected":false},"author":3,"featured_media":0,"parent":1070,"menu_order":0,"comment_status":"closed","ping_status":"closed","template":"","meta":{"ngg_post_thumbnail":0},"acf":[],"_links":{"self":[{"href":"http:\/\/www.si-hr.eu\/hr2\/wp-json\/wp\/v2\/pages\/1120"}],"collection":[{"href":"http:\/\/www.si-hr.eu\/hr2\/wp-json\/wp\/v2\/pages"}],"about":[{"href":"http:\/\/www.si-hr.eu\/hr2\/wp-json\/wp\/v2\/types\/page"}],"author":[{"embeddable":true,"href":"http:\/\/www.si-hr.eu\/hr2\/wp-json\/wp\/v2\/users\/3"}],"replies":[{"embeddable":true,"href":"http:\/\/www.si-hr.eu\/hr2\/wp-json\/wp\/v2\/comments?post=1120"}],"version-history":[{"count":1,"href":"http:\/\/www.si-hr.eu\/hr2\/wp-json\/wp\/v2\/pages\/1120\/revisions"}],"predecessor-version":[{"id":1123,"href":"http:\/\/www.si-hr.eu\/hr2\/wp-json\/wp\/v2\/pages\/1120\/revisions\/1123"}],"up":[{"embeddable":true,"href":"http:\/\/www.si-hr.eu\/hr2\/wp-json\/wp\/v2\/pages\/1070"}],"wp:attachment":[{"href":"http:\/\/www.si-hr.eu\/hr2\/wp-json\/wp\/v2\/media?parent=1120"}],"curies":[{"name":"wp","href":"https:\/\/api.w.org\/{rel}","templated":true}]}}