{"id":1377,"date":"2016-11-24T11:11:38","date_gmt":"2016-11-24T10:11:38","guid":{"rendered":"http:\/\/www.si-hr.eu\/hr2\/?page_id=1377"},"modified":"2016-11-24T11:11:38","modified_gmt":"2016-11-24T10:11:38","slug":"bioheatlocal","status":"publish","type":"page","link":"http:\/\/www.si-hr.eu\/hr2\/map\/bioheatlocal\/","title":{"rendered":"BIOHEATLOCAL"},"content":{"rendered":"\n<style type=\"text\/css\" data-created_by=\"avia_inline_auto\" id=\"style-css-av-av_one_full-352b07ef7d3bc99b2e9f92e7a9e06bdb\">\n.flex_column.av-av_one_full-352b07ef7d3bc99b2e9f92e7a9e06bdb{\nborder-radius:0px 0px 0px 0px;\n-webkit-border-radius:0px 0px 0px 0px;\n-moz-border-radius:0px 0px 0px 0px;\n}\n<\/style>\n<div class='flex_column av-av_one_full-352b07ef7d3bc99b2e9f92e7a9e06bdb av_one_full  avia-builder-el-0  el_before_av_one_half  avia-builder-el-first  first flex_column_div av-zero-column-padding '   ><style type=\"text\/css\" data-created_by=\"avia_inline_auto\" id=\"style-css-av-av_heading-8723cd1bc1fa91f092ad57f8e5777f23\">\n#top .av-special-heading.av-av_heading-8723cd1bc1fa91f092ad57f8e5777f23{\npadding-bottom:10px;\n}\nbody .av-special-heading.av-av_heading-8723cd1bc1fa91f092ad57f8e5777f23 .av-special-heading-tag .heading-char{\nfont-size:25px;\n}\n.av-special-heading.av-av_heading-8723cd1bc1fa91f092ad57f8e5777f23 .av-subheading{\nfont-size:15px;\n}\n<\/style>\n<div  class='av-special-heading av-av_heading-8723cd1bc1fa91f092ad57f8e5777f23 av-special-heading-h3 blockquote modern-quote modern-centered  avia-builder-el-1  avia-builder-el-no-sibling '><h3 class='av-special-heading-tag'  itemprop=\"headline\"  >GOSPODARSKI I DRU\u0160TVENI RAZVOJ<br \/>\nRAZVOJ PODUZETNI\u0160TVA<\/h3><div class=\"special-heading-border\"><div class=\"special-heading-inner-border\"><\/div><\/div><\/div><\/div>\n<style type=\"text\/css\" data-created_by=\"avia_inline_auto\" id=\"style-css-av-av_one_half-352b07ef7d3bc99b2e9f92e7a9e06bdb\">\n.flex_column.av-av_one_half-352b07ef7d3bc99b2e9f92e7a9e06bdb{\nborder-radius:0px 0px 0px 0px;\n-webkit-border-radius:0px 0px 0px 0px;\n-moz-border-radius:0px 0px 0px 0px;\n}\n<\/style>\n<div class='flex_column av-av_one_half-352b07ef7d3bc99b2e9f92e7a9e06bdb av_one_half  avia-builder-el-2  el_after_av_one_full  el_before_av_one_half  first flex_column_div av-zero-column-padding column-top-margin'   ><p>\n<style type=\"text\/css\" data-created_by=\"avia_inline_auto\" id=\"style-css-av-av_image-ca40198336675349e32bd3dccfeaebdf\">\n.avia-image-container.av-av_image-ca40198336675349e32bd3dccfeaebdf .av-image-caption-overlay-center{\ncolor:#ffffff;\n}\n<\/style>\n<div  class='avia-image-container av-av_image-ca40198336675349e32bd3dccfeaebdf av-styling- avia-align-center  avia-builder-el-3  el_before_av_textblock  avia-builder-el-first '  itemprop=\"image\" itemscope=\"itemscope\" itemtype=\"https:\/\/schema.org\/ImageObject\" ><div class=\"avia-image-container-inner\"><div class=\"avia-image-overlay-wrap\"><img decoding=\"async\" class='wp-image-1379 avia-img-lazy-loading-not-1379 avia_image' src=\"http:\/\/www.si-hr.eu\/hr2\/wp-content\/uploads\/sites\/13\/2016\/11\/BIOHEATLOCAL.jpg\" alt='' title='BIOHEATLOCAL'  height=\"564\" width=\"752\"  itemprop=\"thumbnailUrl\" srcset=\"http:\/\/www.si-hr.eu\/hr2\/wp-content\/uploads\/sites\/13\/2016\/11\/BIOHEATLOCAL.jpg 752w, http:\/\/www.si-hr.eu\/hr2\/wp-content\/uploads\/sites\/13\/2016\/11\/BIOHEATLOCAL-300x225.jpg 300w, http:\/\/www.si-hr.eu\/hr2\/wp-content\/uploads\/sites\/13\/2016\/11\/BIOHEATLOCAL-600x450.jpg 600w, http:\/\/www.si-hr.eu\/hr2\/wp-content\/uploads\/sites\/13\/2016\/11\/BIOHEATLOCAL-705x529.jpg 705w, http:\/\/www.si-hr.eu\/hr2\/wp-content\/uploads\/sites\/13\/2016\/11\/BIOHEATLOCAL-450x338.jpg 450w\" sizes=\"(max-width: 752px) 100vw, 752px\" \/><\/div><\/div><\/div><br \/>\n<section  class='av_textblock_section av-av_textblock-0366cc7376be6c9e82a3e9cc8987b64f'  itemscope=\"itemscope\" itemtype=\"https:\/\/schema.org\/CreativeWork\" ><div class='avia_textblock'  itemprop=\"text\" ><p align=\"CENTER\"><b>BIOHEATLOCAL<\/b><\/p>\n<\/div><\/section><br \/>\n<section  class='av_textblock_section av-av_textblock-0366cc7376be6c9e82a3e9cc8987b64f'  itemscope=\"itemscope\" itemtype=\"https:\/\/schema.org\/CreativeWork\" ><div class='avia_textblock'  itemprop=\"text\" ><p><i><b>Opis sadr\u017eaja projekta<\/b><\/i><\/p>\n<p align=\"JUSTIFY\">Op\u0107i prekograni\u010dni ciljevi projekta bili su: pove\u0107anje i pobolj\u0161anje iskori\u0161tavanje drva niske kvalitete u energetske svrhe; pove\u0107anje gospodarskog rasta i pove\u0107anje konkurentnosti malih i srednjih poduze\u0107a, koja pridonose promicanju prekograni\u010dne poslovne suradnje u podru\u010dju kori\u0161tenja biomase; s novim radnim mjestima, socijalnom kohezijom i smanjivanjem emigracije iz ruralnih podru\u010dja pridonijeti lokalnoj zajednici; s pove\u0107anjem kori\u0161tenja biomase pobolj\u0161ati energetsku sigurnost, neovisnosti i samodostatnost lokalnog stanovni\u0161tva. Specifi\u010dni prekograni\u010dni ciljevi bili su: konkretna tehni\u010dka i stru\u010dna podr\u0161ka za 12 izabranih lokalnih zajednica u Sloveniji i Hrvatskoj za uspostavu proizvodnih lanaca; priprema poduzetni\u010dke dokumentacije za 4 primjera za grijanje javnih zgrada; stru\u010dna i tehni\u010dka podr\u0161ka poslovnim inicijativama lokalnih zajednica; detaljna analiza potencijala drva koje se koristi za energetske potrebe na obje strane granice; detaljna analiza postoje\u0107ih proizvodnih lanaca i trenutne uporabe drvne biomase; osnivanje proizvodnih lanaca za opskrbu i kori\u0161tenje drvne biomase; izrada studije izvodljivosti biomase logisti\u010dkih centara i ugovaranje energetskih usluga u odabranim zajednicama; pove\u0107anje informiranosti, znanja i obrazovanja privatnih vlasnika \u0161uma i poduzetnika o mogu\u0107nostima kori\u0161tenja \u0161umske biomase, s posebnim naglaskom na modernim i u\u010dinkovitim tehnologijama i modelima na tr\u017ei\u0161tu i mehanizmima uspostavljenim u razvijenim \u010dlanicama EU; razvoj tr\u017ei\u0161ta za trgovanje \u0161umskom biomasom i biomasom brzorastu\u0107ih nasada preko granice.<\/p>\n<\/div><\/section><\/p><\/div>\n<style type=\"text\/css\" data-created_by=\"avia_inline_auto\" id=\"style-css-av-av_one_half-2a64de42b738552fe666ca889af77e28\">\n.flex_column.av-av_one_half-2a64de42b738552fe666ca889af77e28{\nborder-radius:0px 0px 0px 0px;\n-webkit-border-radius:0px 0px 0px 0px;\n-moz-border-radius:0px 0px 0px 0px;\n}\n<\/style>\n<div class='flex_column av-av_one_half-2a64de42b738552fe666ca889af77e28 av_one_half  avia-builder-el-6  el_after_av_one_half  el_before_av_image  flex_column_div av-zero-column-padding column-top-margin'   ><section  class='av_textblock_section av-av_textblock-0366cc7376be6c9e82a3e9cc8987b64f'  itemscope=\"itemscope\" itemtype=\"https:\/\/schema.org\/CreativeWork\" ><div class='avia_textblock'  itemprop=\"text\" ><table border=\"1\" width=\"637\" cellspacing=\"0\" cellpadding=\"7\">\n<colgroup>\n<col width=\"210\" \/>\n<col width=\"397\" \/> <\/colgroup>\n<tbody>\n<tr>\n<td bgcolor=\"#f2f2f2\" width=\"210\" height=\"8\"><b>Naziv projekta<\/b><\/td>\n<td width=\"397\">Drvna biomasa za regionalni razvoj<\/td>\n<\/tr>\n<tr>\n<td bgcolor=\"#f2f2f2\" width=\"210\" height=\"9\"><b>EFRR sredstava<\/b><\/td>\n<td width=\"397\">196.397,94 EUR<\/td>\n<\/tr>\n<tr>\n<td bgcolor=\"#f2f2f2\" width=\"210\" height=\"9\"><b>Trajanje projekta <\/b><\/p>\n<p><b>(mjesec\/godina \u2013 mjesec\/godina)<\/b><\/td>\n<td width=\"397\">18.12.2013. \u2013 17.08.2015.<\/td>\n<\/tr>\n<tr>\n<td bgcolor=\"#f2f2f2\" width=\"210\" height=\"9\"><b>Vode\u0107i partner<\/b><\/td>\n<td width=\"397\">Gozdarski in\u0161titut Slovenije<\/td>\n<\/tr>\n<tr>\n<td bgcolor=\"#f2f2f2\" width=\"210\" height=\"9\"><b>Partneri<\/b><\/td>\n<td width=\"397\">Lokalna energetska agencija Dolenjska \u2013 Posavje \u2013Bela krajina<\/p>\n<p>Lokalna energetska agencija Spodnje Podravje<\/p>\n<p>Kmetijsko gozdarska zbornica Slovenije, Kmetijsko gozdarski zavod Maribor<\/p>\n<p>Regionalna energetska agencija sjevernozapadne Hrvatske<\/p>\n<p>Hrvatske \u0161ume d.o.o.<\/td>\n<\/tr>\n<tr>\n<td bgcolor=\"#f2f2f2\" width=\"210\" height=\"9\"><b>Uklju\u010dene regije<\/b><\/td>\n<td width=\"397\">SI: Osrednjeslovenska regija, Posavska regija, Podravska regija<\/p>\n<p>HR: Grad Zagreb, Zagreba\u010dka \u017eupanija<\/td>\n<\/tr>\n<tr>\n<td bgcolor=\"#f2f2f2\" width=\"210\" height=\"8\"><b>Internetska stranica projekta<\/b><\/td>\n<td width=\"397\">SI: <span style=\"color: #0000ff;\"><u><a href=\"http:\/\/www.bioheatlocal.com\/\">http:\/\/www.bioheatlocal.com\/<\/a><\/u><\/span><\/p>\n<p>HR: <span style=\"color: #0000ff;\"><u><a href=\"http:\/\/www.bioheatlocal.com\/CRO\/\">http:\/\/www.bioheatlocal.com\/CRO\/<\/a><\/u><\/span><\/td>\n<\/tr>\n<\/tbody>\n<\/table>\n<\/div><\/section><br \/>\n<section  class='av_textblock_section av-av_textblock-0366cc7376be6c9e82a3e9cc8987b64f'  itemscope=\"itemscope\" itemtype=\"https:\/\/schema.org\/CreativeWork\" ><div class='avia_textblock'  itemprop=\"text\" ><p><i><b>Osnovni postignuti rezultati i realizirane aktivnosti <\/b><\/i><i>(kvantitativni podaci; max. 3 &#8211; 5)<\/i><\/p>\n<p>2 analize potencijala drvne biomase;<\/p>\n<p>2 analize proizvodnih lanaca;<\/p>\n<p>2 registra javnih zgrada pogodnih za prelazak na grijanje na drvnu biomasu;<\/p>\n<p>2 dru\u0161tveno-ekonomska i ekolo\u0161ka u\u010dinka kori\u0161tenja drvne biomase;<\/p>\n<p>12 primjera dobre prakse.<\/p>\n<\/div><\/section><\/p><\/div>\n<style type=\"text\/css\" data-created_by=\"avia_inline_auto\" id=\"style-css-av-av_image-537c3f0b4d718672db6a8f141d58d290\">\n.avia-image-container.av-av_image-537c3f0b4d718672db6a8f141d58d290 .av-image-caption-overlay-center{\ncolor:#ffffff;\n}\n<\/style>\n<div  class='avia-image-container av-av_image-537c3f0b4d718672db6a8f141d58d290 av-styling- avia-align-center  avia-builder-el-9  el_after_av_one_half  avia-builder-el-last '  itemprop=\"image\" itemscope=\"itemscope\" itemtype=\"https:\/\/schema.org\/ImageObject\" ><div class=\"avia-image-container-inner\"><div class=\"avia-image-overlay-wrap\"><img decoding=\"async\" class='wp-image-1378 avia-img-lazy-loading-not-1378 avia_image' src=\"http:\/\/www.si-hr.eu\/hr2\/wp-content\/uploads\/sites\/13\/2016\/11\/BIOHEATLOCAL-logo-300x110.jpg\" alt='' title='BIOHEATLOCAL logo'  height=\"110\" width=\"300\"  itemprop=\"thumbnailUrl\" srcset=\"http:\/\/www.si-hr.eu\/hr2\/wp-content\/uploads\/sites\/13\/2016\/11\/BIOHEATLOCAL-logo-300x110.jpg 300w, http:\/\/www.si-hr.eu\/hr2\/wp-content\/uploads\/sites\/13\/2016\/11\/BIOHEATLOCAL-logo-600x220.jpg 600w, http:\/\/www.si-hr.eu\/hr2\/wp-content\/uploads\/sites\/13\/2016\/11\/BIOHEATLOCAL-logo-705x258.jpg 705w, http:\/\/www.si-hr.eu\/hr2\/wp-content\/uploads\/sites\/13\/2016\/11\/BIOHEATLOCAL-logo-450x165.jpg 450w, http:\/\/www.si-hr.eu\/hr2\/wp-content\/uploads\/sites\/13\/2016\/11\/BIOHEATLOCAL-logo.jpg 843w\" sizes=\"(max-width: 300px) 100vw, 300px\" \/><\/div><\/div><\/div><\/p>\n","protected":false},"excerpt":{"rendered":"","protected":false},"author":3,"featured_media":0,"parent":1070,"menu_order":0,"comment_status":"closed","ping_status":"closed","template":"","meta":{"ngg_post_thumbnail":0},"acf":[],"_links":{"self":[{"href":"http:\/\/www.si-hr.eu\/hr2\/wp-json\/wp\/v2\/pages\/1377"}],"collection":[{"href":"http:\/\/www.si-hr.eu\/hr2\/wp-json\/wp\/v2\/pages"}],"about":[{"href":"http:\/\/www.si-hr.eu\/hr2\/wp-json\/wp\/v2\/types\/page"}],"author":[{"embeddable":true,"href":"http:\/\/www.si-hr.eu\/hr2\/wp-json\/wp\/v2\/users\/3"}],"replies":[{"embeddable":true,"href":"http:\/\/www.si-hr.eu\/hr2\/wp-json\/wp\/v2\/comments?post=1377"}],"version-history":[{"count":1,"href":"http:\/\/www.si-hr.eu\/hr2\/wp-json\/wp\/v2\/pages\/1377\/revisions"}],"predecessor-version":[{"id":1380,"href":"http:\/\/www.si-hr.eu\/hr2\/wp-json\/wp\/v2\/pages\/1377\/revisions\/1380"}],"up":[{"embeddable":true,"href":"http:\/\/www.si-hr.eu\/hr2\/wp-json\/wp\/v2\/pages\/1070"}],"wp:attachment":[{"href":"http:\/\/www.si-hr.eu\/hr2\/wp-json\/wp\/v2\/media?parent=1377"}],"curies":[{"name":"wp","href":"https:\/\/api.w.org\/{rel}","templated":true}]}}