{"id":1415,"date":"2016-11-25T11:19:46","date_gmt":"2016-11-25T10:19:46","guid":{"rendered":"http:\/\/www.si-hr.eu\/hr2\/?page_id=1415"},"modified":"2016-11-25T11:19:46","modified_gmt":"2016-11-25T10:19:46","slug":"wellness-istra","status":"publish","type":"page","link":"http:\/\/www.si-hr.eu\/hr2\/map\/wellness-istra\/","title":{"rendered":"WELLNESS ISTRA"},"content":{"rendered":"\n<style type=\"text\/css\" data-created_by=\"avia_inline_auto\" id=\"style-css-av-av_one_full-352b07ef7d3bc99b2e9f92e7a9e06bdb\">\n.flex_column.av-av_one_full-352b07ef7d3bc99b2e9f92e7a9e06bdb{\nborder-radius:0px 0px 0px 0px;\n-webkit-border-radius:0px 0px 0px 0px;\n-moz-border-radius:0px 0px 0px 0px;\n}\n<\/style>\n<div class='flex_column av-av_one_full-352b07ef7d3bc99b2e9f92e7a9e06bdb av_one_full  avia-builder-el-0  el_before_av_one_half  avia-builder-el-first  first flex_column_div av-zero-column-padding '   ><style type=\"text\/css\" data-created_by=\"avia_inline_auto\" id=\"style-css-av-av_heading-3058ea6cb5cb9bb7842a17aa7c52d52f\">\n#top .av-special-heading.av-av_heading-3058ea6cb5cb9bb7842a17aa7c52d52f{\npadding-bottom:10px;\n}\nbody .av-special-heading.av-av_heading-3058ea6cb5cb9bb7842a17aa7c52d52f .av-special-heading-tag .heading-char{\nfont-size:25px;\n}\n.av-special-heading.av-av_heading-3058ea6cb5cb9bb7842a17aa7c52d52f .av-subheading{\nfont-size:15px;\n}\n<\/style>\n<div  class='av-special-heading av-av_heading-3058ea6cb5cb9bb7842a17aa7c52d52f av-special-heading-h3 blockquote modern-quote modern-centered  avia-builder-el-1  avia-builder-el-no-sibling '><h3 class='av-special-heading-tag'  itemprop=\"headline\"  >GOSPODARSKI I DRU\u0160TVENI RAZVOJ<br \/>\nTURIZAM I RURALNI RAZVOJ<\/h3><div class=\"special-heading-border\"><div class=\"special-heading-inner-border\"><\/div><\/div><\/div><\/div>\n<style type=\"text\/css\" data-created_by=\"avia_inline_auto\" id=\"style-css-av-av_one_half-352b07ef7d3bc99b2e9f92e7a9e06bdb\">\n.flex_column.av-av_one_half-352b07ef7d3bc99b2e9f92e7a9e06bdb{\nborder-radius:0px 0px 0px 0px;\n-webkit-border-radius:0px 0px 0px 0px;\n-moz-border-radius:0px 0px 0px 0px;\n}\n<\/style>\n<div class='flex_column av-av_one_half-352b07ef7d3bc99b2e9f92e7a9e06bdb av_one_half  avia-builder-el-2  el_after_av_one_full  el_before_av_one_half  first flex_column_div av-zero-column-padding column-top-margin'   ><p>\n<style type=\"text\/css\" data-created_by=\"avia_inline_auto\" id=\"style-css-av-av_image-6f8435f03ee228fbd783881f60526776\">\n.avia-image-container.av-av_image-6f8435f03ee228fbd783881f60526776 .av-image-caption-overlay-center{\ncolor:#ffffff;\n}\n<\/style>\n<div  class='avia-image-container av-av_image-6f8435f03ee228fbd783881f60526776 av-styling- avia-align-center  avia-builder-el-3  el_before_av_textblock  avia-builder-el-first '  itemprop=\"image\" itemscope=\"itemscope\" itemtype=\"https:\/\/schema.org\/ImageObject\" ><div class=\"avia-image-container-inner\"><div class=\"avia-image-overlay-wrap\"><img decoding=\"async\" class='wp-image-1417 avia-img-lazy-loading-not-1417 avia_image' src=\"http:\/\/www.si-hr.eu\/hr2\/wp-content\/uploads\/sites\/13\/2016\/11\/WELLNESS-ISTRA-1030x693.jpg\" alt='' title='WELLNESS ISTRA'  height=\"693\" width=\"1030\"  itemprop=\"thumbnailUrl\" srcset=\"http:\/\/www.si-hr.eu\/hr2\/wp-content\/uploads\/sites\/13\/2016\/11\/WELLNESS-ISTRA-1030x693.jpg 1030w, http:\/\/www.si-hr.eu\/hr2\/wp-content\/uploads\/sites\/13\/2016\/11\/WELLNESS-ISTRA-300x202.jpg 300w, http:\/\/www.si-hr.eu\/hr2\/wp-content\/uploads\/sites\/13\/2016\/11\/WELLNESS-ISTRA-600x404.jpg 600w, http:\/\/www.si-hr.eu\/hr2\/wp-content\/uploads\/sites\/13\/2016\/11\/WELLNESS-ISTRA-1500x1010.jpg 1500w, http:\/\/www.si-hr.eu\/hr2\/wp-content\/uploads\/sites\/13\/2016\/11\/WELLNESS-ISTRA-705x475.jpg 705w, http:\/\/www.si-hr.eu\/hr2\/wp-content\/uploads\/sites\/13\/2016\/11\/WELLNESS-ISTRA-450x303.jpg 450w\" sizes=\"(max-width: 1030px) 100vw, 1030px\" \/><\/div><\/div><\/div><br \/>\n<section  class='av_textblock_section av-av_textblock-0366cc7376be6c9e82a3e9cc8987b64f'  itemscope=\"itemscope\" itemtype=\"https:\/\/schema.org\/CreativeWork\" ><div class='avia_textblock'  itemprop=\"text\" ><p lang=\"sl-SI\" align=\"CENTER\"><b>WELLNESS ISTRA<\/b><\/p>\n<\/div><\/section><br \/>\n<section  class='av_textblock_section av-av_textblock-0366cc7376be6c9e82a3e9cc8987b64f'  itemscope=\"itemscope\" itemtype=\"https:\/\/schema.org\/CreativeWork\" ><div class='avia_textblock'  itemprop=\"text\" ><p><span lang=\"\"><i><b>Opis sadr\u017eaja projekta<\/b><\/i><\/span><\/p>\n<p align=\"JUSTIFY\"><span lang=\"\">Specifi\u010dni cilj projekta bila je integracija vrhunskih tipi\u010dnih poljoprivrednih proizvoda, kuhinje, prirodne i kulturne ba\u0161tine Istre i razvijenih spa centara u prekograni\u010dnu turisti\u010dku destinaciju &#8211; Wellness Istra. To je bio va\u017ean i inovativan pristup, s kojom su stvoreni razli\u010diti wellness proizvodi koji nisu ograni\u010deni na termalne i spa usluge koje nudi hotel, nego su postali neovisni izbor vrhunskih pojedina\u010dnih proizvoda nove prekograni\u010dne turisti\u010dke destinacije &#8211; WELLNESS ISTRA. Cilj je bio postignut analizom ponude i potra\u017enje za wellness proizvode i istra\u017eivanje mogu\u0107nosti i interesa za uklju\u010divanje tih proizvoda u zajedni\u010dki prekograni\u010dni turisti\u010dki odr\u017eivi wellness paketa. Na temelju analize je formiran integrirani odr\u017eivi wellness proizvod. Za vrhunsku ponudu je va\u017ena kvaliteta usluge, \u0161to je na obje strane granice primjenjivo, zato su u projekt bili uklju\u010deni seminari za djelatnike u turizmu na obje strane granice. Projekt je uspostavio zajedni\u010dku integriranu promocije u Istri, kao i na obli\u017enjim tradicionalnim i zahtjevnijim tr\u017ei\u0161tima. Organizirao se zajedni\u010dki predstavlja\u010dki doga\u0111aj novih paketa &#8211; launch event, projektni partneri predstavili su se na dva turisti\u010dka sajma u inozemstvu i organizirali su promotivnu turisti\u010dko putovanje za turisti\u010dke operatore. Najve\u0107i doga\u0111aj u organizaciji projektnih partnera odr\u017ean je u svibnju i lipnju 2011. godine pod nazivom &#8220;Od vinara do maslinara&#8221;, a odr\u017ean je na hrvatskoj i na slovenskoj strani.<\/span><\/p>\n<\/div><\/section><\/p><\/div>\n<style type=\"text\/css\" data-created_by=\"avia_inline_auto\" id=\"style-css-av-av_one_half-2a64de42b738552fe666ca889af77e28\">\n.flex_column.av-av_one_half-2a64de42b738552fe666ca889af77e28{\nborder-radius:0px 0px 0px 0px;\n-webkit-border-radius:0px 0px 0px 0px;\n-moz-border-radius:0px 0px 0px 0px;\n}\n<\/style>\n<div class='flex_column av-av_one_half-2a64de42b738552fe666ca889af77e28 av_one_half  avia-builder-el-6  el_after_av_one_half  el_before_av_image  flex_column_div av-zero-column-padding column-top-margin'   ><section  class='av_textblock_section av-av_textblock-0366cc7376be6c9e82a3e9cc8987b64f'  itemscope=\"itemscope\" itemtype=\"https:\/\/schema.org\/CreativeWork\" ><div class='avia_textblock'  itemprop=\"text\" ><table border=\"1\" width=\"637\" cellspacing=\"0\" cellpadding=\"7\">\n<colgroup>\n<col width=\"210\" \/>\n<col width=\"397\" \/> <\/colgroup>\n<tbody>\n<tr>\n<td bgcolor=\"#f2f2f2\" width=\"210\" height=\"8\"><b>Naziv projekta<\/b><\/td>\n<td width=\"397\">\n<p align=\"JUSTIFY\">Integracija vrhunskih tipi\u010dnih proizvoda poljoprivrede, kulinarstva, prirodne i kulturne ba\u0161tine te spa sredi\u0161ta u turisti\u010dkoj ponudi odr\u017eive wellness destinacije Istra<\/p>\n<\/td>\n<\/tr>\n<tr>\n<td bgcolor=\"#f2f2f2\" width=\"210\" height=\"9\"><b>EFRR sredstava<\/b><\/td>\n<td width=\"397\">298.464,11 EUR<\/td>\n<\/tr>\n<tr>\n<td bgcolor=\"#f2f2f2\" width=\"210\" height=\"9\"><b>Trajanje projekta <\/b><\/p>\n<p><b>(mjesec\/godina \u2013 mjesec\/godina)<\/b><\/td>\n<td width=\"397\"><span lang=\"sl-SI\">01.10.2009. &#8211; 30.09.2011. <\/span><\/td>\n<\/tr>\n<tr>\n<td bgcolor=\"#f2f2f2\" width=\"210\" height=\"9\"><b>Vode\u0107i partner<\/b><\/td>\n<td width=\"397\"><span lang=\"sl-SI\">Ob\u010dina Piran <\/span><\/td>\n<\/tr>\n<tr>\n<td bgcolor=\"#f2f2f2\" width=\"210\" height=\"9\"><b>Partneri<\/b><\/td>\n<td width=\"397\"><span lang=\"sl-SI\">Grad Pore\u010d <\/span><\/p>\n<p lang=\"sl-SI\">Univerza na Primorskem<\/p>\n<p><span lang=\"sl-SI\">Fakulteta za turisti\u010dne \u0161tudije -Turistica <\/span><\/p>\n<p><span lang=\"sl-SI\">Institut za poljoprivredu i turizam<\/span><\/p>\n<p><span lang=\"sl-SI\">Dru\u0161tvo vinogradnikov Slovenske Istre <\/span><\/td>\n<\/tr>\n<tr>\n<td bgcolor=\"#f2f2f2\" width=\"210\" height=\"9\"><b>Uklju\u010dene regije<\/b><\/td>\n<td width=\"397\"><span lang=\"sl-SI\">SI: Obalno-kra\u0161ka regija<\/span><\/p>\n<p><span lang=\"sl-SI\">HR: Istarska \u017eupanija<\/span><\/td>\n<\/tr>\n<tr>\n<td bgcolor=\"#f2f2f2\" width=\"210\" height=\"8\"><b>Internetska stranica projekta<\/b><\/td>\n<td width=\"397\"><span lang=\"sl-SI\">SI: <\/span><span style=\"color: #0000ff;\"><u><a href=\"http:\/\/www.piran.si\/index.php?page=static&amp;item=410\"><span lang=\"sl-SI\">http:\/\/www.piran.si\/index.php?page=static&amp;item=410<\/span><\/a><\/u><\/span><\/td>\n<\/tr>\n<\/tbody>\n<\/table>\n<\/div><\/section><br \/>\n<section  class='av_textblock_section av-av_textblock-0366cc7376be6c9e82a3e9cc8987b64f'  itemscope=\"itemscope\" itemtype=\"https:\/\/schema.org\/CreativeWork\" ><div class='avia_textblock'  itemprop=\"text\" ><p><span lang=\"\"><i><b>Osnovni postignuti rezultati i realizirane aktivnosti <\/b><\/i><\/span><span lang=\"\"><i>(kvantitativni podaci; max. 3 &#8211; 5)<\/i><\/span><\/p>\n<p><span lang=\"\">6 identificiranih odr\u017eivih, kulturnih i drugih wellness integriranih itenerera; <\/span><\/p>\n<p><span lang=\"\">5 oblikovanih inegriranih wellness paketa; <\/span><\/p>\n<p><span lang=\"\">800 sudionika na doga\u0111aju <\/span>\u00bbOd restorana do pre\u0161e za masline\u00ab;<\/p>\n<p><span lang=\"\">60 vrhunskih vinara i 10 maslinara uklju\u010denih u projekt; <\/span><\/p>\n<p><span lang=\"\">u 4 wellness ponude uklju\u010dena za\u0161ti\u0107ena podru\u010dja, odnosno podru\u010dja od posebnog prirodnog zna\u010daja;<\/span><\/p>\n<p><span lang=\"\">220 educiranih turisti\u010dkih radnika, recepcionara i drugi sudionici iz ciljnih skupina projekta;<\/span><\/p>\n<p><span lang=\"\">50 ponu\u0111a\u010da kojima je predstavljena integriranu wellness ponudu u Istri; <\/span><\/p>\n<p><span lang=\"\">1 uspostavljena web stranicu s blogom o destinaciji &#8220;Iskustva iz prve ruke&#8221; i forumom; <\/span><\/p>\n<p><span lang=\"\">2 promocijska posjeta turisti\u010dkih operatera;<\/span><\/p>\n<p><span lang=\"\">2 tiskovne konferencije;<\/span><\/p>\n<p>10 objava za javnost.<\/p>\n<\/div><\/section><\/p><\/div>\n<style type=\"text\/css\" data-created_by=\"avia_inline_auto\" id=\"style-css-av-av_image-2cc7547787af61517b1cd7e50d6e3637\">\n.avia-image-container.av-av_image-2cc7547787af61517b1cd7e50d6e3637 .av-image-caption-overlay-center{\ncolor:#ffffff;\n}\n<\/style>\n<div  class='avia-image-container av-av_image-2cc7547787af61517b1cd7e50d6e3637 av-styling- avia-align-center  avia-builder-el-9  el_after_av_one_half  avia-builder-el-last '  itemprop=\"image\" itemscope=\"itemscope\" itemtype=\"https:\/\/schema.org\/ImageObject\" ><div class=\"avia-image-container-inner\"><div class=\"avia-image-overlay-wrap\"><img decoding=\"async\" class='wp-image-1416 avia-img-lazy-loading-not-1416 avia_image' src=\"http:\/\/www.si-hr.eu\/hr2\/wp-content\/uploads\/sites\/13\/2016\/11\/WELLNESS-ISTRA-logo.jpg\" alt='' title='WELLNESS ISTRA logo'  height=\"239\" width=\"295\"  itemprop=\"thumbnailUrl\"  \/><\/div><\/div><\/div><\/p>\n","protected":false},"excerpt":{"rendered":"","protected":false},"author":3,"featured_media":0,"parent":1070,"menu_order":0,"comment_status":"closed","ping_status":"closed","template":"","meta":{"ngg_post_thumbnail":0},"acf":[],"_links":{"self":[{"href":"http:\/\/www.si-hr.eu\/hr2\/wp-json\/wp\/v2\/pages\/1415"}],"collection":[{"href":"http:\/\/www.si-hr.eu\/hr2\/wp-json\/wp\/v2\/pages"}],"about":[{"href":"http:\/\/www.si-hr.eu\/hr2\/wp-json\/wp\/v2\/types\/page"}],"author":[{"embeddable":true,"href":"http:\/\/www.si-hr.eu\/hr2\/wp-json\/wp\/v2\/users\/3"}],"replies":[{"embeddable":true,"href":"http:\/\/www.si-hr.eu\/hr2\/wp-json\/wp\/v2\/comments?post=1415"}],"version-history":[{"count":1,"href":"http:\/\/www.si-hr.eu\/hr2\/wp-json\/wp\/v2\/pages\/1415\/revisions"}],"predecessor-version":[{"id":1418,"href":"http:\/\/www.si-hr.eu\/hr2\/wp-json\/wp\/v2\/pages\/1415\/revisions\/1418"}],"up":[{"embeddable":true,"href":"http:\/\/www.si-hr.eu\/hr2\/wp-json\/wp\/v2\/pages\/1070"}],"wp:attachment":[{"href":"http:\/\/www.si-hr.eu\/hr2\/wp-json\/wp\/v2\/media?parent=1415"}],"curies":[{"name":"wp","href":"https:\/\/api.w.org\/{rel}","templated":true}]}}