{"id":1488,"date":"2016-11-25T16:18:03","date_gmt":"2016-11-25T15:18:03","guid":{"rendered":"http:\/\/www.si-hr.eu\/hr2\/?page_id=1488"},"modified":"2016-11-25T16:18:03","modified_gmt":"2016-11-25T15:18:03","slug":"hint-lab","status":"publish","type":"page","link":"http:\/\/www.si-hr.eu\/hr2\/map\/hint-lab\/","title":{"rendered":"HINT-LAB"},"content":{"rendered":"\n<style type=\"text\/css\" data-created_by=\"avia_inline_auto\" id=\"style-css-av-av_one_full-352b07ef7d3bc99b2e9f92e7a9e06bdb\">\n.flex_column.av-av_one_full-352b07ef7d3bc99b2e9f92e7a9e06bdb{\nborder-radius:0px 0px 0px 0px;\n-webkit-border-radius:0px 0px 0px 0px;\n-moz-border-radius:0px 0px 0px 0px;\n}\n<\/style>\n<div class='flex_column av-av_one_full-352b07ef7d3bc99b2e9f92e7a9e06bdb av_one_full  avia-builder-el-0  el_before_av_one_half  avia-builder-el-first  first flex_column_div av-zero-column-padding '   ><style type=\"text\/css\" data-created_by=\"avia_inline_auto\" id=\"style-css-av-av_heading-8723cd1bc1fa91f092ad57f8e5777f23\">\n#top .av-special-heading.av-av_heading-8723cd1bc1fa91f092ad57f8e5777f23{\npadding-bottom:10px;\n}\nbody .av-special-heading.av-av_heading-8723cd1bc1fa91f092ad57f8e5777f23 .av-special-heading-tag .heading-char{\nfont-size:25px;\n}\n.av-special-heading.av-av_heading-8723cd1bc1fa91f092ad57f8e5777f23 .av-subheading{\nfont-size:15px;\n}\n<\/style>\n<div  class='av-special-heading av-av_heading-8723cd1bc1fa91f092ad57f8e5777f23 av-special-heading-h3 blockquote modern-quote modern-centered  avia-builder-el-1  avia-builder-el-no-sibling '><h3 class='av-special-heading-tag'  itemprop=\"headline\"  >GOSPODARSKI I DRU\u0160TVENI RAZVOJ<br \/>\nRAZVOJ PODUZETNI\u0160TVA<\/h3><div class=\"special-heading-border\"><div class=\"special-heading-inner-border\"><\/div><\/div><\/div><\/div>\n<style type=\"text\/css\" data-created_by=\"avia_inline_auto\" id=\"style-css-av-av_one_half-352b07ef7d3bc99b2e9f92e7a9e06bdb\">\n.flex_column.av-av_one_half-352b07ef7d3bc99b2e9f92e7a9e06bdb{\nborder-radius:0px 0px 0px 0px;\n-webkit-border-radius:0px 0px 0px 0px;\n-moz-border-radius:0px 0px 0px 0px;\n}\n<\/style>\n<div class='flex_column av-av_one_half-352b07ef7d3bc99b2e9f92e7a9e06bdb av_one_half  avia-builder-el-2  el_after_av_one_full  el_before_av_one_half  first flex_column_div av-zero-column-padding column-top-margin'   ><p>\n<style type=\"text\/css\" data-created_by=\"avia_inline_auto\" id=\"style-css-av-av_image-44681d27f0a0bd6f9002364316814119\">\n.avia-image-container.av-av_image-44681d27f0a0bd6f9002364316814119 .av-image-caption-overlay-center{\ncolor:#ffffff;\n}\n<\/style>\n<div  class='avia-image-container av-av_image-44681d27f0a0bd6f9002364316814119 av-styling- avia-align-center  avia-builder-el-3  el_before_av_textblock  avia-builder-el-first '  itemprop=\"image\" itemscope=\"itemscope\" itemtype=\"https:\/\/schema.org\/ImageObject\" ><div class=\"avia-image-container-inner\"><div class=\"avia-image-overlay-wrap\"><img decoding=\"async\" class='wp-image-1490 avia-img-lazy-loading-not-1490 avia_image' src=\"http:\/\/www.si-hr.eu\/hr2\/wp-content\/uploads\/sites\/13\/2016\/11\/HINT-LAB.png\" alt='' title='HINT-LAB'  height=\"610\" width=\"425\"  itemprop=\"thumbnailUrl\" srcset=\"http:\/\/www.si-hr.eu\/hr2\/wp-content\/uploads\/sites\/13\/2016\/11\/HINT-LAB.png 425w, http:\/\/www.si-hr.eu\/hr2\/wp-content\/uploads\/sites\/13\/2016\/11\/HINT-LAB-209x300.png 209w\" sizes=\"(max-width: 425px) 100vw, 425px\" \/><\/div><\/div><\/div><br \/>\n<section  class='av_textblock_section av-av_textblock-0366cc7376be6c9e82a3e9cc8987b64f'  itemscope=\"itemscope\" itemtype=\"https:\/\/schema.org\/CreativeWork\" ><div class='avia_textblock'  itemprop=\"text\" ><p align=\"CENTER\"><b>HINT-LAB<\/b><\/p>\n<\/div><\/section><br \/>\n<section  class='av_textblock_section av-av_textblock-0366cc7376be6c9e82a3e9cc8987b64f'  itemscope=\"itemscope\" itemtype=\"https:\/\/schema.org\/CreativeWork\" ><div class='avia_textblock'  itemprop=\"text\" ><p><i><b>Opis sadr\u017eaja projekta<\/b><\/i><\/p>\n<p align=\"JUSTIFY\">S projektom smo stremili sljede\u0107im ciljevima: prekograni\u010dni razvoj suradnje izme\u0111u MSP-a, obrazovnih, istra\u017eiva\u010dkih i razvojnih organizacija za unapre\u0111enje poslovne inovativnosti i tehnologije s ciljem pobolj\u0161anja gospodarskog rasta, konkurentnosti i prekograni\u010dne poslovne suradnje; uspostavljanje mogu\u0107nosti za samozapo\u0161ljavanje u podru\u010dju poduzetni\u0161tva u ruralnim podru\u010djima, s naglaskom na ruralni i odr\u017eivi turizam; segmentiranje ponude na projektnom podru\u010dju u odnosu na raspolo\u017eive ljudske resurse, prirodne, infrastrukturne i druge uvjete; priprema sadr\u017eaja i provedba radionica s ciljem podizanja razine osvije\u0161tenosti, identificiranja tr\u017ei\u0161nih mogu\u0107nosti i potencijala te stjecanja novih znanja potrebnih za razvoj samozapo\u0161ljavanja i poduzetni\u0161tva, s naglaskom na ruralnom i odr\u017eivom turizmu; prijenos znanja i razmjene informacija na ovom podru\u010dju; promicanje rasta broja MSP-a koji \u0107e osigurati dodatni broj radnih mjesta i smanjenje odljeva mozgova iz ruralnih podru\u010dja u gradove. Taj cilj smo postignuli promicanjem osnivanja novih poduze\u0107a i rastom postoje\u0107ih malih i MSP-a. Na kraju je na\u0161 cilj bio oblikovanje usluga podr\u0161ke za pobolj\u0161anje prekograni\u010dne poslovne suradnje i zajedni\u010dkog marketinga. Taj je cilj postignut kroz poticanje umre\u017eavanja, BTPS, izradu smjernice za marketing zajedni\u010dkih proizvoda sudionika i oblikovanje prijedloga uzro\u010dnog modela simbioznog marketinga i za\u0161titnih znakova.<\/p>\n<\/div><\/section><\/p><\/div>\n<style type=\"text\/css\" data-created_by=\"avia_inline_auto\" id=\"style-css-av-av_one_half-2a64de42b738552fe666ca889af77e28\">\n.flex_column.av-av_one_half-2a64de42b738552fe666ca889af77e28{\nborder-radius:0px 0px 0px 0px;\n-webkit-border-radius:0px 0px 0px 0px;\n-moz-border-radius:0px 0px 0px 0px;\n}\n<\/style>\n<div class='flex_column av-av_one_half-2a64de42b738552fe666ca889af77e28 av_one_half  avia-builder-el-6  el_after_av_one_half  el_before_av_image  flex_column_div av-zero-column-padding column-top-margin'   ><section  class='av_textblock_section av-av_textblock-0366cc7376be6c9e82a3e9cc8987b64f'  itemscope=\"itemscope\" itemtype=\"https:\/\/schema.org\/CreativeWork\" ><div class='avia_textblock'  itemprop=\"text\" ><table border=\"1\" width=\"636\" cellspacing=\"0\" cellpadding=\"7\">\n<colgroup>\n<col width=\"210\" \/>\n<col width=\"397\" \/> <\/colgroup>\n<tbody>\n<tr>\n<td bgcolor=\"#f2f2f2\" width=\"210\" height=\"8\"><b>Naziv projekta<\/b><\/td>\n<td bgcolor=\"#ffffff\" width=\"397\">\n<p align=\"JUSTIFY\">Poticanje poduzetni\u0161tva u turizmu ruralnih podru\u010dja<\/p>\n<\/td>\n<\/tr>\n<tr>\n<td bgcolor=\"#f2f2f2\" width=\"210\" height=\"9\"><b>EFRR sredstava<\/b><\/td>\n<td bgcolor=\"#ffffff\" width=\"397\">242.848,36 EUR<\/td>\n<\/tr>\n<tr>\n<td bgcolor=\"#f2f2f2\" width=\"210\" height=\"9\"><b>Trajanje projekta <\/b><\/p>\n<p><b>(mjesec\/godina \u2013 mjesec\/godina)<\/b><\/td>\n<td bgcolor=\"#ffffff\" width=\"397\">18.1.2014-17.8.2015<\/td>\n<\/tr>\n<tr>\n<td bgcolor=\"#f2f2f2\" width=\"210\" height=\"9\"><b>Vode\u0107i partner<\/b><\/td>\n<td bgcolor=\"#ffffff\" width=\"397\">Univerza na Primorskem,Fakulteta za turisti\u010dne \u0161tudije &#8211; Turistica<\/td>\n<\/tr>\n<tr>\n<td bgcolor=\"#f2f2f2\" width=\"210\" height=\"9\"><b>Partneri<\/b><\/td>\n<td bgcolor=\"#ffffff\" width=\"397\">Fakultet za menad\u017ement u turizmu i ugostiteljstvu (FTHM)<\/p>\n<p>NT- Zavod Novi turizem<\/p>\n<p>UIP- Univerzitetni razvojni center in inkubator Primorske<\/p>\n<p>PORIN- Regionalna razvojna agencija Porin d.o.o.<\/td>\n<\/tr>\n<tr>\n<td bgcolor=\"#f2f2f2\" width=\"210\" height=\"9\"><b>Uklju\u010dene regije<\/b><\/td>\n<td bgcolor=\"#ffffff\" width=\"397\">\n<p align=\"JUSTIFY\">HR: Primorsko-goranska \u017eupanija, Istarska \u017eupanija<\/p>\n<p align=\"JUSTIFY\">SI: Primorsko-notranjska regija, Obalno-kra\u0161ka regija, Osrednjeslovenska regija<\/p>\n<\/td>\n<\/tr>\n<tr>\n<td bgcolor=\"#f2f2f2\" width=\"210\" height=\"8\"><b>Internetska stranica projekta<\/b><\/td>\n<td bgcolor=\"#ffffff\" width=\"397\">HR: <a href=\"http:\/\/www.hint-lab.eu\/default.aspx?lng=hr\">http:\/\/www.hint-lab.eu\/default.aspx?lng=hr<\/a><\/p>\n<p>SI: <a href=\"http:\/\/www.hint-lab.eu\/\">http:\/\/www.hint-lab.eu\/<\/a><\/td>\n<\/tr>\n<\/tbody>\n<\/table>\n<\/div><\/section><br \/>\n<section  class='av_textblock_section av-av_textblock-0366cc7376be6c9e82a3e9cc8987b64f'  itemscope=\"itemscope\" itemtype=\"https:\/\/schema.org\/CreativeWork\" ><div class='avia_textblock'  itemprop=\"text\" ><p><i><b>Osnovni postignuti rezultati i realizirane aktivnosti <\/b><\/i><i>(kvantitativni podaci; max. 3 &#8211; 5)<\/i><\/p>\n<p>40 osposobljenih osoba\/poduzetnika i potencijalnih poduzetnika;<\/p>\n<p>32 osobe osposobljene na primjeru dobre prakse u inozemstvu;<\/p>\n<p>1 potpisan ugovor o suradnji s jednim strate\u0161kim partnerom;<\/p>\n<p>20 oblikovanih studija izvodljivosti.<\/p>\n<\/div><\/section><\/p><\/div>\n<style type=\"text\/css\" data-created_by=\"avia_inline_auto\" id=\"style-css-av-av_image-990e3b666dc3923573978fbb55511e97\">\n.avia-image-container.av-av_image-990e3b666dc3923573978fbb55511e97 .av-image-caption-overlay-center{\ncolor:#ffffff;\n}\n<\/style>\n<div  class='avia-image-container av-av_image-990e3b666dc3923573978fbb55511e97 av-styling- avia-align-center  avia-builder-el-9  el_after_av_one_half  avia-builder-el-last '  itemprop=\"image\" itemscope=\"itemscope\" itemtype=\"https:\/\/schema.org\/ImageObject\" ><div class=\"avia-image-container-inner\"><div class=\"avia-image-overlay-wrap\"><img decoding=\"async\" class='wp-image-1489 avia-img-lazy-loading-not-1489 avia_image' src=\"http:\/\/www.si-hr.eu\/hr2\/wp-content\/uploads\/sites\/13\/2016\/11\/HINT-LAB-logo-300x198.jpg\" alt='' title='HINT-LAB logo'  height=\"198\" width=\"300\"  itemprop=\"thumbnailUrl\" srcset=\"http:\/\/www.si-hr.eu\/hr2\/wp-content\/uploads\/sites\/13\/2016\/11\/HINT-LAB-logo-300x198.jpg 300w, http:\/\/www.si-hr.eu\/hr2\/wp-content\/uploads\/sites\/13\/2016\/11\/HINT-LAB-logo-600x396.jpg 600w, http:\/\/www.si-hr.eu\/hr2\/wp-content\/uploads\/sites\/13\/2016\/11\/HINT-LAB-logo-705x465.jpg 705w, http:\/\/www.si-hr.eu\/hr2\/wp-content\/uploads\/sites\/13\/2016\/11\/HINT-LAB-logo-450x297.jpg 450w, http:\/\/www.si-hr.eu\/hr2\/wp-content\/uploads\/sites\/13\/2016\/11\/HINT-LAB-logo.jpg 807w\" sizes=\"(max-width: 300px) 100vw, 300px\" \/><\/div><\/div><\/div><\/p>\n","protected":false},"excerpt":{"rendered":"","protected":false},"author":3,"featured_media":0,"parent":1070,"menu_order":0,"comment_status":"closed","ping_status":"closed","template":"","meta":{"ngg_post_thumbnail":0},"acf":[],"_links":{"self":[{"href":"http:\/\/www.si-hr.eu\/hr2\/wp-json\/wp\/v2\/pages\/1488"}],"collection":[{"href":"http:\/\/www.si-hr.eu\/hr2\/wp-json\/wp\/v2\/pages"}],"about":[{"href":"http:\/\/www.si-hr.eu\/hr2\/wp-json\/wp\/v2\/types\/page"}],"author":[{"embeddable":true,"href":"http:\/\/www.si-hr.eu\/hr2\/wp-json\/wp\/v2\/users\/3"}],"replies":[{"embeddable":true,"href":"http:\/\/www.si-hr.eu\/hr2\/wp-json\/wp\/v2\/comments?post=1488"}],"version-history":[{"count":1,"href":"http:\/\/www.si-hr.eu\/hr2\/wp-json\/wp\/v2\/pages\/1488\/revisions"}],"predecessor-version":[{"id":1491,"href":"http:\/\/www.si-hr.eu\/hr2\/wp-json\/wp\/v2\/pages\/1488\/revisions\/1491"}],"up":[{"embeddable":true,"href":"http:\/\/www.si-hr.eu\/hr2\/wp-json\/wp\/v2\/pages\/1070"}],"wp:attachment":[{"href":"http:\/\/www.si-hr.eu\/hr2\/wp-json\/wp\/v2\/media?parent=1488"}],"curies":[{"name":"wp","href":"https:\/\/api.w.org\/{rel}","templated":true}]}}