{"id":1690,"date":"2017-02-14T15:10:24","date_gmt":"2017-02-14T14:10:24","guid":{"rendered":"http:\/\/www.si-hr.eu\/hr2\/?page_id=1690"},"modified":"2017-02-14T15:11:18","modified_gmt":"2017-02-14T14:11:18","slug":"prva_radionica_o_izvejstavanju","status":"publish","type":"page","link":"http:\/\/www.si-hr.eu\/hr2\/prva_radionica_o_izvejstavanju\/","title":{"rendered":"Prva_radionica_o_izvejstavanju"},"content":{"rendered":"<div id='layer_slider_1'  class='avia-layerslider main_color avia-shadow  avia-builder-el-0  el_before_av_one_full  avia-builder-el-first  container_wrap sidebar_right'  style='height: 251px;'  ><\/div><div id='after_layer_slider_1'  class='main_color av_default_container_wrap container_wrap sidebar_right'  ><div class='container av-section-cont-open' ><div class='template-page content  av-content-small alpha units'><div class='post-entry post-entry-type-page post-entry-1690'><div class='entry-content-wrapper clearfix'>\n\n<style type=\"text\/css\" data-created_by=\"avia_inline_auto\" id=\"style-css-av-av_one_full-352b07ef7d3bc99b2e9f92e7a9e06bdb\">\n.flex_column.av-av_one_full-352b07ef7d3bc99b2e9f92e7a9e06bdb{\nborder-radius:0px 0px 0px 0px;\n-webkit-border-radius:0px 0px 0px 0px;\n-moz-border-radius:0px 0px 0px 0px;\n}\n<\/style>\n<div class='flex_column av-av_one_full-352b07ef7d3bc99b2e9f92e7a9e06bdb av_one_full  avia-builder-el-1  el_after_av_layerslider  el_before_av_one_fourth  avia-builder-el-first  first flex_column_div av-zero-column-padding '   ><section  class='av_textblock_section av-av_textblock-0366cc7376be6c9e82a3e9cc8987b64f'  itemscope=\"itemscope\" itemtype=\"https:\/\/schema.org\/CreativeWork\" ><div class='avia_textblock'  itemprop=\"text\" ><h3>Prva radionica <strong>o izvje\u0161tavanju za vode\u0107e i projektne partnere\u00a0odobrenih projekata<\/strong><\/h3>\n<\/div><\/section><\/div>\n\n<style type=\"text\/css\" data-created_by=\"avia_inline_auto\" id=\"style-css-av-av_one_fourth-352b07ef7d3bc99b2e9f92e7a9e06bdb\">\n.flex_column.av-av_one_fourth-352b07ef7d3bc99b2e9f92e7a9e06bdb{\nborder-radius:0px 0px 0px 0px;\n-webkit-border-radius:0px 0px 0px 0px;\n-moz-border-radius:0px 0px 0px 0px;\n}\n<\/style>\n<div class='flex_column av-av_one_fourth-352b07ef7d3bc99b2e9f92e7a9e06bdb av_one_fourth  avia-builder-el-3  el_after_av_one_full  el_before_av_one_fourth  first flex_column_div av-zero-column-padding column-top-margin'   ><section  class='av_textblock_section av-av_textblock-0366cc7376be6c9e82a3e9cc8987b64f'  itemscope=\"itemscope\" itemtype=\"https:\/\/schema.org\/CreativeWork\" ><div class='avia_textblock'  itemprop=\"text\" ><h5>Prezentacije<\/h5>\n<ul>\n<li><a href=\"http:\/\/www.si-hr.eu\/hr2\/wp-content\/uploads\/sites\/13\/2017\/02\/SI-HR-Informiranje_in_obvescanje.pdf\" target=\"_blank\">SI-HR Informiranje i obavje\u0161tavanje<\/a><\/li>\n<li><a href=\"http:\/\/www.si-hr.eu\/hr2\/wp-content\/uploads\/sites\/13\/2017\/02\/Izvjestavanje_HR_FLC.pdf\" target=\"_blank\">Izvje\u0161tavanje (HR FLC)<\/a><\/li>\n<li><a href=\"http:\/\/www.si-hr.eu\/hr2\/wp-content\/uploads\/sites\/13\/2017\/02\/SI-HR-Smjernice_o_izvjestavanju.pdf\" target=\"_blank\">SI-HR &#8211; Izvje\u0161tavanje o napretku projekta<\/a><\/li>\n<\/ul>\n<\/div><\/section><\/div>\n\n<style type=\"text\/css\" data-created_by=\"avia_inline_auto\" id=\"style-css-av-av_one_fourth-2a64de42b738552fe666ca889af77e28\">\n.flex_column.av-av_one_fourth-2a64de42b738552fe666ca889af77e28{\nborder-radius:0px 0px 0px 0px;\n-webkit-border-radius:0px 0px 0px 0px;\n-moz-border-radius:0px 0px 0px 0px;\n}\n<\/style>\n<div class='flex_column av-av_one_fourth-2a64de42b738552fe666ca889af77e28 av_one_fourth  avia-builder-el-5  el_after_av_one_fourth  el_before_av_one_half  flex_column_div av-zero-column-padding column-top-margin'   ><section  class='av_textblock_section av-av_textblock-0366cc7376be6c9e82a3e9cc8987b64f'  itemscope=\"itemscope\" itemtype=\"https:\/\/schema.org\/CreativeWork\" ><div class='avia_textblock'  itemprop=\"text\" ><h5>Pozivnica<\/h5>\n<ul>\n<li><a href=\"http:\/\/www.si-hr.eu\/hr2\/wp-content\/uploads\/sites\/13\/2017\/02\/Vabilo-pozivnica-delavnica_porocanje_1_rok.pdf\" target=\"_blank\">Pozivnica &#8211; prva radionica o izvje\u0161tavanju<\/a><\/li>\n<\/ul>\n<\/div><\/section><br \/>\n<section  class='av_textblock_section av-av_textblock-0366cc7376be6c9e82a3e9cc8987b64f'  itemscope=\"itemscope\" itemtype=\"https:\/\/schema.org\/CreativeWork\" ><div class='avia_textblock'  itemprop=\"text\" ><h5>Lista prisutnosti<\/h5>\n<ul>\n<li><a href=\"http:\/\/www.si-hr.eu\/hr2\/wp-content\/uploads\/sites\/13\/2017\/02\/Lista_prisotnosti_Lista_prisutnosti.pdf\" target=\"_blank\">Lista prisutnosti<\/a><\/li>\n<\/ul>\n<\/div><\/section><\/p><\/div>\n\n<style type=\"text\/css\" data-created_by=\"avia_inline_auto\" id=\"style-css-av-av_one_half-2a64de42b738552fe666ca889af77e28\">\n.flex_column.av-av_one_half-2a64de42b738552fe666ca889af77e28{\nborder-radius:0px 0px 0px 0px;\n-webkit-border-radius:0px 0px 0px 0px;\n-moz-border-radius:0px 0px 0px 0px;\n}\n<\/style>\n<div class='flex_column av-av_one_half-2a64de42b738552fe666ca889af77e28 av_one_half  avia-builder-el-8  el_after_av_one_fourth  el_before_av_one_full  flex_column_div av-zero-column-padding column-top-margin'   ><section  class='av_textblock_section av-av_textblock-0366cc7376be6c9e82a3e9cc8987b64f'  itemscope=\"itemscope\" itemtype=\"https:\/\/schema.org\/CreativeWork\" ><div class='avia_textblock'  itemprop=\"text\" ><p style=\"text-align: justify;\">U okviru prvog roka Otvorenog javnog poziva na dostavu projektnih prijedloga Programa suradnje Interreg V-A Slovenija-Hrvatska za razdoblje 2014.-2020. odobreno je pet projekata. Za vode\u0107e i projektne partnere tih projekata <strong>13. velja\u010de 2017<\/strong>. odr\u017eana je radionica o izvje\u0161tavanju.<\/p>\n<p style=\"text-align: justify;\">Na radionici koja je odr\u017eana u \u0160marje\u0161kim Toplicama u Sloveniji, sudionicima su predstavljena pravila o informiranju i obavje\u0161tavanju te pravila o izvje\u0161tavanju. Sredi\u0161nji dio radionice bio je namijenjen predstavljanju postupka izvje\u0161tavanja u elektroni\u010dkom sustavu za pra\u0107enje (eMS). U drugom dijelu radionice su predstavnici hrvatske prvostupanjske kontrole hrvatskim korisnicima predstavili nacionalna pravila o izvje\u0161tavanju.<\/p>\n<\/div><\/section><\/div>\n<style type=\"text\/css\" data-created_by=\"avia_inline_auto\" id=\"style-css-av-av_one_full-352b07ef7d3bc99b2e9f92e7a9e06bdb\">\n.flex_column.av-av_one_full-352b07ef7d3bc99b2e9f92e7a9e06bdb{\nborder-radius:0px 0px 0px 0px;\n-webkit-border-radius:0px 0px 0px 0px;\n-moz-border-radius:0px 0px 0px 0px;\n}\n<\/style>\n<div class='flex_column av-av_one_full-352b07ef7d3bc99b2e9f92e7a9e06bdb av_one_full  avia-builder-el-10  el_after_av_one_half  avia-builder-el-last  first flex_column_div av-zero-column-padding column-top-margin'   ><style type=\"text\/css\" data-created_by=\"avia_inline_auto\" id=\"style-css-av-av_gallery-84929a1b010b55cabfc75923eb28fd35\">\n#top .avia-gallery.av-av_gallery-84929a1b010b55cabfc75923eb28fd35 .avia-gallery-thumb a{\nwidth:20%;\n}\n<\/style>\n<div  class='avia-gallery av-av_gallery-84929a1b010b55cabfc75923eb28fd35 avia_animate_when_visible  avia-builder-el-11  avia-builder-el-no-sibling  avia_lazyload avia-gallery-animate avia-gallery-1'  itemprop=\"image\" itemscope=\"itemscope\" itemtype=\"https:\/\/schema.org\/ImageObject\" ><div class='avia-gallery-thumb'> <a href=\"http:\/\/www.si-hr.eu\/hr2\/wp-content\/uploads\/sites\/13\/2017\/02\/IMG_0006-min-1030x773.jpg\" data-srcset=\"http:\/\/www.si-hr.eu\/hr2\/wp-content\/uploads\/sites\/13\/2017\/02\/IMG_0006-min-1030x773.jpg 1030w, http:\/\/www.si-hr.eu\/hr2\/wp-content\/uploads\/sites\/13\/2017\/02\/IMG_0006-min-300x225.jpg 300w, http:\/\/www.si-hr.eu\/hr2\/wp-content\/uploads\/sites\/13\/2017\/02\/IMG_0006-min-600x450.jpg 600w, http:\/\/www.si-hr.eu\/hr2\/wp-content\/uploads\/sites\/13\/2017\/02\/IMG_0006-min-1500x1125.jpg 1500w, http:\/\/www.si-hr.eu\/hr2\/wp-content\/uploads\/sites\/13\/2017\/02\/IMG_0006-min-705x529.jpg 705w, http:\/\/www.si-hr.eu\/hr2\/wp-content\/uploads\/sites\/13\/2017\/02\/IMG_0006-min-450x338.jpg 450w\" data-sizes=\"(max-width: 1030px) 100vw, 1030px\" data-rel='gallery-1' data-prev-img='http:\/\/www.si-hr.eu\/hr2\/wp-content\/uploads\/sites\/13\/2017\/02\/IMG_0006-min-495x400.jpg' class='first_thumb lightbox ' data-onclick='1' title='IMG_0006-min'  itemprop=\"thumbnailUrl\"  ><img decoding=\"async\" class=\"wp-image-1682 avia-img-lazy-loading-not-1682\"   src=\"http:\/\/www.si-hr.eu\/hr2\/wp-content\/uploads\/sites\/13\/2017\/02\/IMG_0006-min-495x400.jpg\" width=\"495\" height=\"400\"  title='IMG_0006-min' alt='' srcset=\"http:\/\/www.si-hr.eu\/hr2\/wp-content\/uploads\/sites\/13\/2017\/02\/IMG_0006-min-495x400.jpg 495w, http:\/\/www.si-hr.eu\/hr2\/wp-content\/uploads\/sites\/13\/2017\/02\/IMG_0006-min-845x684.jpg 845w\" sizes=\"(max-width: 495px) 100vw, 495px\" \/><\/a> <a href=\"http:\/\/www.si-hr.eu\/hr2\/wp-content\/uploads\/sites\/13\/2017\/02\/IMG_0003-min-1030x773.jpg\" data-srcset=\"http:\/\/www.si-hr.eu\/hr2\/wp-content\/uploads\/sites\/13\/2017\/02\/IMG_0003-min-1030x773.jpg 1030w, http:\/\/www.si-hr.eu\/hr2\/wp-content\/uploads\/sites\/13\/2017\/02\/IMG_0003-min-300x225.jpg 300w, http:\/\/www.si-hr.eu\/hr2\/wp-content\/uploads\/sites\/13\/2017\/02\/IMG_0003-min-600x450.jpg 600w, http:\/\/www.si-hr.eu\/hr2\/wp-content\/uploads\/sites\/13\/2017\/02\/IMG_0003-min-1500x1125.jpg 1500w, http:\/\/www.si-hr.eu\/hr2\/wp-content\/uploads\/sites\/13\/2017\/02\/IMG_0003-min-705x529.jpg 705w, http:\/\/www.si-hr.eu\/hr2\/wp-content\/uploads\/sites\/13\/2017\/02\/IMG_0003-min-450x338.jpg 450w\" data-sizes=\"(max-width: 1030px) 100vw, 1030px\" data-rel='gallery-1' data-prev-img='http:\/\/www.si-hr.eu\/hr2\/wp-content\/uploads\/sites\/13\/2017\/02\/IMG_0003-min-495x400.jpg' class='lightbox ' data-onclick='2' title='IMG_0003-min'  itemprop=\"thumbnailUrl\"  ><img decoding=\"async\" class=\"wp-image-1680 avia-img-lazy-loading-not-1680\"   src=\"http:\/\/www.si-hr.eu\/hr2\/wp-content\/uploads\/sites\/13\/2017\/02\/IMG_0003-min-495x400.jpg\" width=\"495\" height=\"400\"  title='IMG_0003-min' alt='' srcset=\"http:\/\/www.si-hr.eu\/hr2\/wp-content\/uploads\/sites\/13\/2017\/02\/IMG_0003-min-495x400.jpg 495w, http:\/\/www.si-hr.eu\/hr2\/wp-content\/uploads\/sites\/13\/2017\/02\/IMG_0003-min-845x684.jpg 845w\" sizes=\"(max-width: 495px) 100vw, 495px\" \/><\/a> <a href=\"http:\/\/www.si-hr.eu\/hr2\/wp-content\/uploads\/sites\/13\/2017\/02\/IMG_0004-min-1030x773.jpg\" data-srcset=\"http:\/\/www.si-hr.eu\/hr2\/wp-content\/uploads\/sites\/13\/2017\/02\/IMG_0004-min-1030x773.jpg 1030w, http:\/\/www.si-hr.eu\/hr2\/wp-content\/uploads\/sites\/13\/2017\/02\/IMG_0004-min-300x225.jpg 300w, http:\/\/www.si-hr.eu\/hr2\/wp-content\/uploads\/sites\/13\/2017\/02\/IMG_0004-min-600x450.jpg 600w, http:\/\/www.si-hr.eu\/hr2\/wp-content\/uploads\/sites\/13\/2017\/02\/IMG_0004-min-1500x1125.jpg 1500w, http:\/\/www.si-hr.eu\/hr2\/wp-content\/uploads\/sites\/13\/2017\/02\/IMG_0004-min-705x529.jpg 705w, http:\/\/www.si-hr.eu\/hr2\/wp-content\/uploads\/sites\/13\/2017\/02\/IMG_0004-min-450x338.jpg 450w\" data-sizes=\"(max-width: 1030px) 100vw, 1030px\" data-rel='gallery-1' data-prev-img='http:\/\/www.si-hr.eu\/hr2\/wp-content\/uploads\/sites\/13\/2017\/02\/IMG_0004-min-495x400.jpg' class='lightbox ' data-onclick='3' title='IMG_0004-min'  itemprop=\"thumbnailUrl\"  ><img decoding=\"async\" class=\"wp-image-1681 avia-img-lazy-loading-not-1681\"   src=\"http:\/\/www.si-hr.eu\/hr2\/wp-content\/uploads\/sites\/13\/2017\/02\/IMG_0004-min-495x400.jpg\" width=\"495\" height=\"400\"  title='IMG_0004-min' alt='' srcset=\"http:\/\/www.si-hr.eu\/hr2\/wp-content\/uploads\/sites\/13\/2017\/02\/IMG_0004-min-495x400.jpg 495w, http:\/\/www.si-hr.eu\/hr2\/wp-content\/uploads\/sites\/13\/2017\/02\/IMG_0004-min-845x684.jpg 845w\" sizes=\"(max-width: 495px) 100vw, 495px\" \/><\/a> <a href=\"http:\/\/www.si-hr.eu\/hr2\/wp-content\/uploads\/sites\/13\/2017\/02\/IMG_0014-min-1030x773.jpg\" data-srcset=\"http:\/\/www.si-hr.eu\/hr2\/wp-content\/uploads\/sites\/13\/2017\/02\/IMG_0014-min-1030x773.jpg 1030w, http:\/\/www.si-hr.eu\/hr2\/wp-content\/uploads\/sites\/13\/2017\/02\/IMG_0014-min-300x225.jpg 300w, http:\/\/www.si-hr.eu\/hr2\/wp-content\/uploads\/sites\/13\/2017\/02\/IMG_0014-min-600x450.jpg 600w, http:\/\/www.si-hr.eu\/hr2\/wp-content\/uploads\/sites\/13\/2017\/02\/IMG_0014-min-1500x1125.jpg 1500w, http:\/\/www.si-hr.eu\/hr2\/wp-content\/uploads\/sites\/13\/2017\/02\/IMG_0014-min-705x529.jpg 705w, http:\/\/www.si-hr.eu\/hr2\/wp-content\/uploads\/sites\/13\/2017\/02\/IMG_0014-min-450x338.jpg 450w\" data-sizes=\"(max-width: 1030px) 100vw, 1030px\" data-rel='gallery-1' data-prev-img='http:\/\/www.si-hr.eu\/hr2\/wp-content\/uploads\/sites\/13\/2017\/02\/IMG_0014-min-495x400.jpg' class='lightbox ' data-onclick='4' title='IMG_0014-min'  itemprop=\"thumbnailUrl\"  ><img decoding=\"async\" class=\"wp-image-1683 avia-img-lazy-loading-not-1683\"   src=\"http:\/\/www.si-hr.eu\/hr2\/wp-content\/uploads\/sites\/13\/2017\/02\/IMG_0014-min-495x400.jpg\" width=\"495\" height=\"400\"  title='IMG_0014-min' alt='' srcset=\"http:\/\/www.si-hr.eu\/hr2\/wp-content\/uploads\/sites\/13\/2017\/02\/IMG_0014-min-495x400.jpg 495w, http:\/\/www.si-hr.eu\/hr2\/wp-content\/uploads\/sites\/13\/2017\/02\/IMG_0014-min-845x684.jpg 845w\" sizes=\"(max-width: 495px) 100vw, 495px\" \/><\/a> <a href=\"http:\/\/www.si-hr.eu\/hr2\/wp-content\/uploads\/sites\/13\/2017\/02\/IMG_0017-min-1030x773.jpg\" data-srcset=\"http:\/\/www.si-hr.eu\/hr2\/wp-content\/uploads\/sites\/13\/2017\/02\/IMG_0017-min-1030x773.jpg 1030w, http:\/\/www.si-hr.eu\/hr2\/wp-content\/uploads\/sites\/13\/2017\/02\/IMG_0017-min-300x225.jpg 300w, http:\/\/www.si-hr.eu\/hr2\/wp-content\/uploads\/sites\/13\/2017\/02\/IMG_0017-min-600x450.jpg 600w, http:\/\/www.si-hr.eu\/hr2\/wp-content\/uploads\/sites\/13\/2017\/02\/IMG_0017-min-1500x1125.jpg 1500w, http:\/\/www.si-hr.eu\/hr2\/wp-content\/uploads\/sites\/13\/2017\/02\/IMG_0017-min-705x529.jpg 705w, http:\/\/www.si-hr.eu\/hr2\/wp-content\/uploads\/sites\/13\/2017\/02\/IMG_0017-min-450x338.jpg 450w\" data-sizes=\"(max-width: 1030px) 100vw, 1030px\" data-rel='gallery-1' data-prev-img='http:\/\/www.si-hr.eu\/hr2\/wp-content\/uploads\/sites\/13\/2017\/02\/IMG_0017-min-495x400.jpg' class='lightbox ' data-onclick='5' title='IMG_0017-min'  itemprop=\"thumbnailUrl\"  ><img decoding=\"async\" class=\"wp-image-1684 avia-img-lazy-loading-not-1684\"   src=\"http:\/\/www.si-hr.eu\/hr2\/wp-content\/uploads\/sites\/13\/2017\/02\/IMG_0017-min-495x400.jpg\" width=\"495\" height=\"400\"  title='IMG_0017-min' alt='' srcset=\"http:\/\/www.si-hr.eu\/hr2\/wp-content\/uploads\/sites\/13\/2017\/02\/IMG_0017-min-495x400.jpg 495w, http:\/\/www.si-hr.eu\/hr2\/wp-content\/uploads\/sites\/13\/2017\/02\/IMG_0017-min-845x684.jpg 845w\" sizes=\"(max-width: 495px) 100vw, 495px\" \/><\/a><\/div><\/div><\/div><\/p>\n","protected":false},"excerpt":{"rendered":"","protected":false},"author":1,"featured_media":0,"parent":0,"menu_order":0,"comment_status":"closed","ping_status":"closed","template":"","meta":{"ngg_post_thumbnail":0},"acf":[],"_links":{"self":[{"href":"http:\/\/www.si-hr.eu\/hr2\/wp-json\/wp\/v2\/pages\/1690"}],"collection":[{"href":"http:\/\/www.si-hr.eu\/hr2\/wp-json\/wp\/v2\/pages"}],"about":[{"href":"http:\/\/www.si-hr.eu\/hr2\/wp-json\/wp\/v2\/types\/page"}],"author":[{"embeddable":true,"href":"http:\/\/www.si-hr.eu\/hr2\/wp-json\/wp\/v2\/users\/1"}],"replies":[{"embeddable":true,"href":"http:\/\/www.si-hr.eu\/hr2\/wp-json\/wp\/v2\/comments?post=1690"}],"version-history":[{"count":3,"href":"http:\/\/www.si-hr.eu\/hr2\/wp-json\/wp\/v2\/pages\/1690\/revisions"}],"predecessor-version":[{"id":1693,"href":"http:\/\/www.si-hr.eu\/hr2\/wp-json\/wp\/v2\/pages\/1690\/revisions\/1693"}],"wp:attachment":[{"href":"http:\/\/www.si-hr.eu\/hr2\/wp-json\/wp\/v2\/media?parent=1690"}],"curies":[{"name":"wp","href":"https:\/\/api.w.org\/{rel}","templated":true}]}}