{"id":2006,"date":"2017-07-07T12:45:56","date_gmt":"2017-07-07T11:45:56","guid":{"rendered":"http:\/\/www.si-hr.eu\/hr2\/?page_id=2006"},"modified":"2017-07-07T13:48:25","modified_gmt":"2017-07-07T12:48:25","slug":"radionice-za-prijavitelje-3-rok-lipanj-2017","status":"publish","type":"page","link":"http:\/\/www.si-hr.eu\/hr2\/radionice-za-prijavitelje-3-rok-lipanj-2017\/","title":{"rendered":"Radionice za prijavitelje &#8211; 3. rok (lipanj 2017.)"},"content":{"rendered":"<div id='layer_slider_1'  class='avia-layerslider main_color avia-shadow  avia-builder-el-0  el_before_av_one_full  avia-builder-el-first  container_wrap sidebar_right'  style='height: 251px;'  ><\/div><div id='after_layer_slider_1'  class='main_color av_default_container_wrap container_wrap sidebar_right'  ><div class='container av-section-cont-open' ><div class='template-page content  av-content-small alpha units'><div class='post-entry post-entry-type-page post-entry-2006'><div class='entry-content-wrapper clearfix'>\n\n<style type=\"text\/css\" data-created_by=\"avia_inline_auto\" id=\"style-css-av-av_one_full-352b07ef7d3bc99b2e9f92e7a9e06bdb\">\n.flex_column.av-av_one_full-352b07ef7d3bc99b2e9f92e7a9e06bdb{\nborder-radius:0px 0px 0px 0px;\n-webkit-border-radius:0px 0px 0px 0px;\n-moz-border-radius:0px 0px 0px 0px;\n}\n<\/style>\n<div class='flex_column av-av_one_full-352b07ef7d3bc99b2e9f92e7a9e06bdb av_one_full  avia-builder-el-1  el_after_av_layerslider  el_before_av_one_fourth  avia-builder-el-first  first flex_column_div av-zero-column-padding '   ><section  class='av_textblock_section av-av_textblock-0366cc7376be6c9e82a3e9cc8987b64f'  itemscope=\"itemscope\" itemtype=\"https:\/\/schema.org\/CreativeWork\" ><div class='avia_textblock'  itemprop=\"text\" ><h3>Radionice za prijavitelje &#8211; 3. rok (lipanj 2017.)<\/h3>\n<\/div><\/section><\/div>\n\n<style type=\"text\/css\" data-created_by=\"avia_inline_auto\" id=\"style-css-av-av_one_fourth-352b07ef7d3bc99b2e9f92e7a9e06bdb\">\n.flex_column.av-av_one_fourth-352b07ef7d3bc99b2e9f92e7a9e06bdb{\nborder-radius:0px 0px 0px 0px;\n-webkit-border-radius:0px 0px 0px 0px;\n-moz-border-radius:0px 0px 0px 0px;\n}\n<\/style>\n<div class='flex_column av-av_one_fourth-352b07ef7d3bc99b2e9f92e7a9e06bdb av_one_fourth  avia-builder-el-3  el_after_av_one_full  el_before_av_one_fourth  first flex_column_div av-zero-column-padding column-top-margin'   ><section  class='av_textblock_section av-av_textblock-0366cc7376be6c9e82a3e9cc8987b64f'  itemscope=\"itemscope\" itemtype=\"https:\/\/schema.org\/CreativeWork\" ><div class='avia_textblock'  itemprop=\"text\" ><p><strong>Prezentacije:<\/strong><\/p>\n<ul>\n<li><a href=\"http:\/\/www.si-hr.eu\/hr2\/download\/Predstavitev-programa-Predstavljenje-programa_2.pdf\" >Predstavljanje Programa suradnje<\/a><\/li>\n<li><a href=\"http:\/\/www.si-hr.eu\/hr2\/download\/Predstavitev-javnega-razpisa-Predstavljenje-javnog-poziva_2.pdf\" >Predstavljanje javnog poziva<\/a><\/li>\n<li><a href=\"http:\/\/www.si-hr.eu\/hr2\/download\/Upravicenost-stroskov-Prihvatljivost-troskova_2.pdf\" >Prihvatljivost tro\u0161kova<\/a><\/li>\n<\/ul>\n<p><strong>Liste prisustva:<\/strong><\/p>\n<ul>\n<li><a href=\"http:\/\/www.si-hr.eu\/hr2\/download\/Lista-prisotnosti-Lista-prisutnosti-Postojna_2.pdf\" >Postojna<\/a><\/li>\n<li><a href=\"http:\/\/www.si-hr.eu\/hr2\/download\/Lista-prisotnosti-Lista-prisutnosti-Marija-Bistrica_2.pdf\" >Marija Bistrica<\/a><\/li>\n<\/ul>\n<\/div><\/section><\/div>\n\n<style type=\"text\/css\" data-created_by=\"avia_inline_auto\" id=\"style-css-av-av_one_fourth-2a64de42b738552fe666ca889af77e28\">\n.flex_column.av-av_one_fourth-2a64de42b738552fe666ca889af77e28{\nborder-radius:0px 0px 0px 0px;\n-webkit-border-radius:0px 0px 0px 0px;\n-moz-border-radius:0px 0px 0px 0px;\n}\n<\/style>\n<div class='flex_column av-av_one_fourth-2a64de42b738552fe666ca889af77e28 av_one_fourth  avia-builder-el-5  el_after_av_one_fourth  el_before_av_one_half  flex_column_div av-zero-column-padding column-top-margin'   ><section  class='av_textblock_section av-av_textblock-0366cc7376be6c9e82a3e9cc8987b64f'  itemscope=\"itemscope\" itemtype=\"https:\/\/schema.org\/CreativeWork\" ><div class='avia_textblock'  itemprop=\"text\" ><p style=\"text-align: justify;\"><strong>Pozivnice:<\/strong><\/p>\n<ul>\n<li style=\"text-align: justify;\">13.06.2017., <a href=\"http:\/\/www.si-hr.eu\/hr2\/download\/Vabilo-pozivnica_delavnica-radionica-Postojna_2.pdf\" >Pozivnica na radionicu - Postojna<\/a><\/li>\n<li style=\"text-align: justify;\">20.06.2017., <a href=\"http:\/\/www.si-hr.eu\/hr2\/download\/Vabilo-pozivnica_delavnica-radionica-M.-Bistrica_2.pdf\" >Pozivnica na radionicu - Marija Bistrica<\/a><\/li>\n<\/ul>\n<\/div><\/section><\/div>\n<style type=\"text\/css\" data-created_by=\"avia_inline_auto\" id=\"style-css-av-av_one_half-2a64de42b738552fe666ca889af77e28\">\n.flex_column.av-av_one_half-2a64de42b738552fe666ca889af77e28{\nborder-radius:0px 0px 0px 0px;\n-webkit-border-radius:0px 0px 0px 0px;\n-moz-border-radius:0px 0px 0px 0px;\n}\n<\/style>\n<div class='flex_column av-av_one_half-2a64de42b738552fe666ca889af77e28 av_one_half  avia-builder-el-7  el_after_av_one_fourth  el_before_av_gallery  flex_column_div av-zero-column-padding column-top-margin'   ><section  class='av_textblock_section av-av_textblock-0366cc7376be6c9e82a3e9cc8987b64f'  itemscope=\"itemscope\" itemtype=\"https:\/\/schema.org\/CreativeWork\" ><div class='avia_textblock'  itemprop=\"text\" ><p style=\"text-align: justify;\">U okviru 3. roka otvorenog javnoga poziva za podno\u0161enje projektnih prijedloga Programa suradnje Interreg V-A Slovenija \u2013 Hrvatska za razdoblje 2014-2020 odr\u017eane su dvije radionice namijenjene potencijalnim prijaviteljima u okviru otvorenog javnog poziva za podno\u0161enje projektnih prijedloga.<\/p>\n<p style=\"text-align: justify;\">Prva radionica odr\u017eana je 13.6.2017. u Postojni. Druga radionica, s istim sadr\u017eajem, odr\u017eana je 20.6.2017. u Mariji Bistrici.<\/p>\n<p style=\"text-align: justify;\">U sklopu radionica \u010dlanovi Zajedni\u010dkog tajni\u0161tva su polaznicima ukratko predstavili Program suradnje i javni poziv za podno\u0161enje projektnih prijedloga, prezentirali pravila vezana uz prihvatljivost tro\u0161kova, elektroni\u010dki sustav za pra\u0107enje (eMS), upute kako pripremiti dobar projekt te naj\u010de\u0161\u0107e pogre\u0161ke u okviru 1. i 2. roka javnog poziva.<\/p>\n<p style=\"text-align: justify;\">Tre\u0107i rok za predaju projekata zavr\u0161ava <strong>27. rujna 2017. u 12.00 sati. <\/strong><\/p>\n<\/div><\/section><\/div><\/p>\n\n<style type=\"text\/css\" data-created_by=\"avia_inline_auto\" id=\"style-css-av-av_gallery-faa0214b4a09c0790b0ba446b19c0a62\">\n#top .avia-gallery.av-av_gallery-faa0214b4a09c0790b0ba446b19c0a62 .avia-gallery-thumb a{\nwidth:20%;\n}\n<\/style>\n<div  class='avia-gallery av-av_gallery-faa0214b4a09c0790b0ba446b19c0a62 avia_animate_when_visible  avia-builder-el-9  el_after_av_one_half  avia-builder-el-last  avia_lazyload avia-gallery-animate avia-gallery-1'  itemprop=\"image\" itemscope=\"itemscope\" itemtype=\"https:\/\/schema.org\/ImageObject\" ><div class='avia-gallery-thumb'> <a href=\"http:\/\/www.si-hr.eu\/hr2\/wp-content\/uploads\/sites\/13\/2017\/07\/IMG_2736-1030x773.jpg\" data-srcset=\"http:\/\/www.si-hr.eu\/hr2\/wp-content\/uploads\/sites\/13\/2017\/07\/IMG_2736-1030x773.jpg 1030w, http:\/\/www.si-hr.eu\/hr2\/wp-content\/uploads\/sites\/13\/2017\/07\/IMG_2736-300x225.jpg 300w, http:\/\/www.si-hr.eu\/hr2\/wp-content\/uploads\/sites\/13\/2017\/07\/IMG_2736-600x450.jpg 600w, http:\/\/www.si-hr.eu\/hr2\/wp-content\/uploads\/sites\/13\/2017\/07\/IMG_2736-1500x1125.jpg 1500w, http:\/\/www.si-hr.eu\/hr2\/wp-content\/uploads\/sites\/13\/2017\/07\/IMG_2736-705x529.jpg 705w, http:\/\/www.si-hr.eu\/hr2\/wp-content\/uploads\/sites\/13\/2017\/07\/IMG_2736-450x338.jpg 450w\" data-sizes=\"(max-width: 1030px) 100vw, 1030px\" data-rel='gallery-1' data-prev-img='http:\/\/www.si-hr.eu\/hr2\/wp-content\/uploads\/sites\/13\/2017\/07\/IMG_2736-495x400.jpg' class='first_thumb lightbox ' data-onclick='1' title='Radionica u Postojni'  itemprop=\"thumbnailUrl\"  ><img decoding=\"async\" class=\"wp-image-2010 avia-img-lazy-loading-not-2010\"  data-avia-tooltip='Radionica u Postojni' src=\"http:\/\/www.si-hr.eu\/hr2\/wp-content\/uploads\/sites\/13\/2017\/07\/IMG_2736-495x400.jpg\" width=\"495\" height=\"400\"  title='IMG_2736' alt='' srcset=\"http:\/\/www.si-hr.eu\/hr2\/wp-content\/uploads\/sites\/13\/2017\/07\/IMG_2736-495x400.jpg 495w, http:\/\/www.si-hr.eu\/hr2\/wp-content\/uploads\/sites\/13\/2017\/07\/IMG_2736-845x684.jpg 845w\" sizes=\"(max-width: 495px) 100vw, 495px\" \/><\/a> <a href=\"http:\/\/www.si-hr.eu\/hr2\/wp-content\/uploads\/sites\/13\/2017\/07\/IMG_2749-1030x773.jpg\" data-srcset=\"http:\/\/www.si-hr.eu\/hr2\/wp-content\/uploads\/sites\/13\/2017\/07\/IMG_2749-1030x773.jpg 1030w, http:\/\/www.si-hr.eu\/hr2\/wp-content\/uploads\/sites\/13\/2017\/07\/IMG_2749-300x225.jpg 300w, http:\/\/www.si-hr.eu\/hr2\/wp-content\/uploads\/sites\/13\/2017\/07\/IMG_2749-600x450.jpg 600w, http:\/\/www.si-hr.eu\/hr2\/wp-content\/uploads\/sites\/13\/2017\/07\/IMG_2749-1500x1125.jpg 1500w, http:\/\/www.si-hr.eu\/hr2\/wp-content\/uploads\/sites\/13\/2017\/07\/IMG_2749-705x529.jpg 705w, http:\/\/www.si-hr.eu\/hr2\/wp-content\/uploads\/sites\/13\/2017\/07\/IMG_2749-450x338.jpg 450w\" data-sizes=\"(max-width: 1030px) 100vw, 1030px\" data-rel='gallery-1' data-prev-img='http:\/\/www.si-hr.eu\/hr2\/wp-content\/uploads\/sites\/13\/2017\/07\/IMG_2749-495x400.jpg' class='lightbox ' data-onclick='2' title='Radionica u Postojni'  itemprop=\"thumbnailUrl\"  ><img decoding=\"async\" class=\"wp-image-2012 avia-img-lazy-loading-not-2012\"  data-avia-tooltip='Radionica u Postojni' src=\"http:\/\/www.si-hr.eu\/hr2\/wp-content\/uploads\/sites\/13\/2017\/07\/IMG_2749-495x400.jpg\" width=\"495\" height=\"400\"  title='IMG_2749' alt='' srcset=\"http:\/\/www.si-hr.eu\/hr2\/wp-content\/uploads\/sites\/13\/2017\/07\/IMG_2749-495x400.jpg 495w, http:\/\/www.si-hr.eu\/hr2\/wp-content\/uploads\/sites\/13\/2017\/07\/IMG_2749-845x684.jpg 845w\" sizes=\"(max-width: 495px) 100vw, 495px\" \/><\/a> <a href=\"http:\/\/www.si-hr.eu\/hr2\/wp-content\/uploads\/sites\/13\/2017\/07\/IMG_2739-1030x773.jpg\" data-srcset=\"http:\/\/www.si-hr.eu\/hr2\/wp-content\/uploads\/sites\/13\/2017\/07\/IMG_2739-1030x773.jpg 1030w, http:\/\/www.si-hr.eu\/hr2\/wp-content\/uploads\/sites\/13\/2017\/07\/IMG_2739-300x225.jpg 300w, http:\/\/www.si-hr.eu\/hr2\/wp-content\/uploads\/sites\/13\/2017\/07\/IMG_2739-600x450.jpg 600w, http:\/\/www.si-hr.eu\/hr2\/wp-content\/uploads\/sites\/13\/2017\/07\/IMG_2739-1500x1125.jpg 1500w, http:\/\/www.si-hr.eu\/hr2\/wp-content\/uploads\/sites\/13\/2017\/07\/IMG_2739-705x529.jpg 705w, http:\/\/www.si-hr.eu\/hr2\/wp-content\/uploads\/sites\/13\/2017\/07\/IMG_2739-450x338.jpg 450w\" data-sizes=\"(max-width: 1030px) 100vw, 1030px\" data-rel='gallery-1' data-prev-img='http:\/\/www.si-hr.eu\/hr2\/wp-content\/uploads\/sites\/13\/2017\/07\/IMG_2739-495x400.jpg' class='lightbox ' data-onclick='3' title='Radionica u Postojni'  itemprop=\"thumbnailUrl\"  ><img decoding=\"async\" class=\"wp-image-2011 avia-img-lazy-loading-not-2011\"  data-avia-tooltip='Radionica u Postojni' src=\"http:\/\/www.si-hr.eu\/hr2\/wp-content\/uploads\/sites\/13\/2017\/07\/IMG_2739-495x400.jpg\" width=\"495\" height=\"400\"  title='IMG_2739' alt='' srcset=\"http:\/\/www.si-hr.eu\/hr2\/wp-content\/uploads\/sites\/13\/2017\/07\/IMG_2739-495x400.jpg 495w, http:\/\/www.si-hr.eu\/hr2\/wp-content\/uploads\/sites\/13\/2017\/07\/IMG_2739-845x684.jpg 845w\" sizes=\"(max-width: 495px) 100vw, 495px\" \/><\/a> <a href=\"http:\/\/www.si-hr.eu\/hr2\/wp-content\/uploads\/sites\/13\/2017\/07\/IMG_2783-1030x773.jpg\" data-srcset=\"http:\/\/www.si-hr.eu\/hr2\/wp-content\/uploads\/sites\/13\/2017\/07\/IMG_2783-1030x773.jpg 1030w, http:\/\/www.si-hr.eu\/hr2\/wp-content\/uploads\/sites\/13\/2017\/07\/IMG_2783-300x225.jpg 300w, http:\/\/www.si-hr.eu\/hr2\/wp-content\/uploads\/sites\/13\/2017\/07\/IMG_2783-600x450.jpg 600w, http:\/\/www.si-hr.eu\/hr2\/wp-content\/uploads\/sites\/13\/2017\/07\/IMG_2783-1500x1125.jpg 1500w, http:\/\/www.si-hr.eu\/hr2\/wp-content\/uploads\/sites\/13\/2017\/07\/IMG_2783-705x529.jpg 705w, http:\/\/www.si-hr.eu\/hr2\/wp-content\/uploads\/sites\/13\/2017\/07\/IMG_2783-450x338.jpg 450w\" data-sizes=\"(max-width: 1030px) 100vw, 1030px\" data-rel='gallery-1' data-prev-img='http:\/\/www.si-hr.eu\/hr2\/wp-content\/uploads\/sites\/13\/2017\/07\/IMG_2783-495x400.jpg' class='lightbox ' data-onclick='4' title='Radionica u Mariji Bistrici'  itemprop=\"thumbnailUrl\"  ><img decoding=\"async\" class=\"wp-image-2013 avia-img-lazy-loading-not-2013\"  data-avia-tooltip='Radionica u Mariji Bistrici' src=\"http:\/\/www.si-hr.eu\/hr2\/wp-content\/uploads\/sites\/13\/2017\/07\/IMG_2783-495x400.jpg\" width=\"495\" height=\"400\"  title='IMG_2783' alt='' srcset=\"http:\/\/www.si-hr.eu\/hr2\/wp-content\/uploads\/sites\/13\/2017\/07\/IMG_2783-495x400.jpg 495w, http:\/\/www.si-hr.eu\/hr2\/wp-content\/uploads\/sites\/13\/2017\/07\/IMG_2783-845x684.jpg 845w\" sizes=\"(max-width: 495px) 100vw, 495px\" \/><\/a> <a href=\"http:\/\/www.si-hr.eu\/hr2\/wp-content\/uploads\/sites\/13\/2017\/07\/IMG_2798-1030x773.jpg\" data-srcset=\"http:\/\/www.si-hr.eu\/hr2\/wp-content\/uploads\/sites\/13\/2017\/07\/IMG_2798-1030x773.jpg 1030w, http:\/\/www.si-hr.eu\/hr2\/wp-content\/uploads\/sites\/13\/2017\/07\/IMG_2798-300x225.jpg 300w, http:\/\/www.si-hr.eu\/hr2\/wp-content\/uploads\/sites\/13\/2017\/07\/IMG_2798-600x450.jpg 600w, http:\/\/www.si-hr.eu\/hr2\/wp-content\/uploads\/sites\/13\/2017\/07\/IMG_2798-1500x1125.jpg 1500w, http:\/\/www.si-hr.eu\/hr2\/wp-content\/uploads\/sites\/13\/2017\/07\/IMG_2798-705x529.jpg 705w, http:\/\/www.si-hr.eu\/hr2\/wp-content\/uploads\/sites\/13\/2017\/07\/IMG_2798-450x338.jpg 450w\" data-sizes=\"(max-width: 1030px) 100vw, 1030px\" data-rel='gallery-1' data-prev-img='http:\/\/www.si-hr.eu\/hr2\/wp-content\/uploads\/sites\/13\/2017\/07\/IMG_2798-495x400.jpg' class='lightbox ' data-onclick='5' title='Radionica u Mariji Bistrici'  itemprop=\"thumbnailUrl\"  ><img decoding=\"async\" class=\"wp-image-2014 avia-img-lazy-loading-not-2014\"  data-avia-tooltip='Radionica u Mariji Bistrici' src=\"http:\/\/www.si-hr.eu\/hr2\/wp-content\/uploads\/sites\/13\/2017\/07\/IMG_2798-495x400.jpg\" width=\"495\" height=\"400\"  title='IMG_2798' alt='' srcset=\"http:\/\/www.si-hr.eu\/hr2\/wp-content\/uploads\/sites\/13\/2017\/07\/IMG_2798-495x400.jpg 495w, http:\/\/www.si-hr.eu\/hr2\/wp-content\/uploads\/sites\/13\/2017\/07\/IMG_2798-845x684.jpg 845w\" sizes=\"(max-width: 495px) 100vw, 495px\" \/><\/a><\/div><\/div>\n","protected":false},"excerpt":{"rendered":"","protected":false},"author":1,"featured_media":0,"parent":0,"menu_order":0,"comment_status":"closed","ping_status":"closed","template":"","meta":{"ngg_post_thumbnail":0},"acf":[],"_links":{"self":[{"href":"http:\/\/www.si-hr.eu\/hr2\/wp-json\/wp\/v2\/pages\/2006"}],"collection":[{"href":"http:\/\/www.si-hr.eu\/hr2\/wp-json\/wp\/v2\/pages"}],"about":[{"href":"http:\/\/www.si-hr.eu\/hr2\/wp-json\/wp\/v2\/types\/page"}],"author":[{"embeddable":true,"href":"http:\/\/www.si-hr.eu\/hr2\/wp-json\/wp\/v2\/users\/1"}],"replies":[{"embeddable":true,"href":"http:\/\/www.si-hr.eu\/hr2\/wp-json\/wp\/v2\/comments?post=2006"}],"version-history":[{"count":7,"href":"http:\/\/www.si-hr.eu\/hr2\/wp-json\/wp\/v2\/pages\/2006\/revisions"}],"predecessor-version":[{"id":2020,"href":"http:\/\/www.si-hr.eu\/hr2\/wp-json\/wp\/v2\/pages\/2006\/revisions\/2020"}],"wp:attachment":[{"href":"http:\/\/www.si-hr.eu\/hr2\/wp-json\/wp\/v2\/media?parent=2006"}],"curies":[{"name":"wp","href":"https:\/\/api.w.org\/{rel}","templated":true}]}}