{"id":2221,"date":"2017-10-27T10:54:56","date_gmt":"2017-10-27T09:54:56","guid":{"rendered":"http:\/\/www.si-hr.eu\/hr2\/?page_id=2221"},"modified":"2017-10-27T12:21:56","modified_gmt":"2017-10-27T11:21:56","slug":"druga-radionica-o-izvjestavanju","status":"publish","type":"page","link":"http:\/\/www.si-hr.eu\/hr2\/druga-radionica-o-izvjestavanju\/","title":{"rendered":"Druga radionica o izvje\u0161tavanju (listopad 2017.)"},"content":{"rendered":"<div id='layer_slider_1'  class='avia-layerslider main_color avia-shadow  avia-builder-el-0  el_before_av_one_full  avia-builder-el-first  container_wrap sidebar_right'  style='height: 251px;'  ><\/div><div id='after_layer_slider_1'  class='main_color av_default_container_wrap container_wrap sidebar_right'  ><div class='container av-section-cont-open' ><div class='template-page content  av-content-small alpha units'><div class='post-entry post-entry-type-page post-entry-2221'><div class='entry-content-wrapper clearfix'>\n\n<style type=\"text\/css\" data-created_by=\"avia_inline_auto\" id=\"style-css-av-av_one_full-352b07ef7d3bc99b2e9f92e7a9e06bdb\">\n.flex_column.av-av_one_full-352b07ef7d3bc99b2e9f92e7a9e06bdb{\nborder-radius:0px 0px 0px 0px;\n-webkit-border-radius:0px 0px 0px 0px;\n-moz-border-radius:0px 0px 0px 0px;\n}\n<\/style>\n<div class='flex_column av-av_one_full-352b07ef7d3bc99b2e9f92e7a9e06bdb av_one_full  avia-builder-el-1  el_after_av_layerslider  el_before_av_one_fourth  avia-builder-el-first  first flex_column_div av-zero-column-padding '   ><section  class='av_textblock_section av-av_textblock-2de302bf1aa3cf4c9157dbe6f50ac7eb'  itemscope=\"itemscope\" itemtype=\"https:\/\/schema.org\/CreativeWork\" ><div class='avia_textblock'  itemprop=\"text\" ><h3>Druga radionica <strong>o izvje\u0161tavanju za vode\u0107e i projektne partnere\u00a0odobrenih projekata<\/strong><\/h3>\n<\/div><\/section><\/div>\n\n<style type=\"text\/css\" data-created_by=\"avia_inline_auto\" id=\"style-css-av-av_one_fourth-352b07ef7d3bc99b2e9f92e7a9e06bdb\">\n.flex_column.av-av_one_fourth-352b07ef7d3bc99b2e9f92e7a9e06bdb{\nborder-radius:0px 0px 0px 0px;\n-webkit-border-radius:0px 0px 0px 0px;\n-moz-border-radius:0px 0px 0px 0px;\n}\n<\/style>\n<div class='flex_column av-av_one_fourth-352b07ef7d3bc99b2e9f92e7a9e06bdb av_one_fourth  avia-builder-el-3  el_after_av_one_full  el_before_av_one_fourth  first flex_column_div av-zero-column-padding column-top-margin'   ><section  class='av_textblock_section av-av_textblock-2de302bf1aa3cf4c9157dbe6f50ac7eb'  itemscope=\"itemscope\" itemtype=\"https:\/\/schema.org\/CreativeWork\" ><div class='avia_textblock'  itemprop=\"text\" ><h5>Prezentacije<\/h5>\n<ul>\n<li><a href=\"http:\/\/www.si-hr.eu\/hr2\/download\/Informiranje-in-obvescanje.pdf\" target=\"_blank\" rel=\"noopener\">SI-HR Informiranje i obavje\u0161tavanje<\/a><\/li>\n<li><a href=\"http:\/\/www.si-hr.eu\/hr2\/download\/Izvjestavanje-o-prihvatljivosti-troskova-HR.pdf\" target=\"_blank\" rel=\"noopener\">Izvje\u0161tavanje (HR FLC)<\/a><\/li>\n<li><a href=\"http:\/\/www.si-hr.eu\/hr2\/download\/Smjernice-o-izvjestavanju.pdf\" target=\"_blank\" rel=\"noopener\">SI-HR &#8211; Izvje\u0161tavanje o napretku projekta<\/a><\/li>\n<\/ul>\n<\/div><\/section><\/div>\n\n<style type=\"text\/css\" data-created_by=\"avia_inline_auto\" id=\"style-css-av-av_one_fourth-2a64de42b738552fe666ca889af77e28\">\n.flex_column.av-av_one_fourth-2a64de42b738552fe666ca889af77e28{\nborder-radius:0px 0px 0px 0px;\n-webkit-border-radius:0px 0px 0px 0px;\n-moz-border-radius:0px 0px 0px 0px;\n}\n<\/style>\n<div class='flex_column av-av_one_fourth-2a64de42b738552fe666ca889af77e28 av_one_fourth  avia-builder-el-5  el_after_av_one_fourth  el_before_av_one_half  flex_column_div av-zero-column-padding column-top-margin'   ><section  class='av_textblock_section av-av_textblock-2de302bf1aa3cf4c9157dbe6f50ac7eb'  itemscope=\"itemscope\" itemtype=\"https:\/\/schema.org\/CreativeWork\" ><div class='avia_textblock'  itemprop=\"text\" ><h5>Pozivnica<\/h5>\n<ul>\n<li><a href=\"http:\/\/www.si-hr.eu\/hr2\/download\/Vabilo-pozivnica_porocanje-izvjestavanje-2-rok.pdf\" target=\"_blank\" rel=\"noopener\">Pozivnica &#8211; druga radionica o izvje\u0161tavanju<\/a><\/li>\n<\/ul>\n<\/div><\/section><br \/>\n<section  class='av_textblock_section av-av_textblock-2de302bf1aa3cf4c9157dbe6f50ac7eb'  itemscope=\"itemscope\" itemtype=\"https:\/\/schema.org\/CreativeWork\" ><div class='avia_textblock'  itemprop=\"text\" ><h5>Lista prisutnosti<\/h5>\n<ul>\n<li><a href=\"http:\/\/www.si-hr.eu\/hr2\/download\/Lista-prisotnosti.pdf\" target=\"_blank\" rel=\"noopener\">Lista prisutnosti<\/a><\/li>\n<\/ul>\n<\/div><\/section><\/p><\/div>\n<style type=\"text\/css\" data-created_by=\"avia_inline_auto\" id=\"style-css-av-av_one_half-2a64de42b738552fe666ca889af77e28\">\n.flex_column.av-av_one_half-2a64de42b738552fe666ca889af77e28{\nborder-radius:0px 0px 0px 0px;\n-webkit-border-radius:0px 0px 0px 0px;\n-moz-border-radius:0px 0px 0px 0px;\n}\n<\/style>\n<div class='flex_column av-av_one_half-2a64de42b738552fe666ca889af77e28 av_one_half  avia-builder-el-8  el_after_av_one_fourth  el_before_av_one_full  flex_column_div av-zero-column-padding column-top-margin'   ><section  class='av_textblock_section av-av_textblock-2de302bf1aa3cf4c9157dbe6f50ac7eb'  itemscope=\"itemscope\" itemtype=\"https:\/\/schema.org\/CreativeWork\" ><div class='avia_textblock'  itemprop=\"text\" ><p style=\"text-align: justify;\">U okviru drugog roka Otvorenog javnog poziva na dostavu projektnih prijedloga Programa suradnje Interreg V-A Slovenija-Hrvatska za razdoblje 2014.-2020. odobreno je 12 projekata. Za vode\u0107e i projektne partnere tih projekata <strong>26. listopada 2017<\/strong>. odr\u017eana je radionica o izvje\u0161tavanju.<\/p>\n<p style=\"text-align: justify;\">Na radionici koja je odr\u017eana u Javnoj ustanovi Aquatika u Karlovcu, sudionicima su predstavljena pravila o informiranju i obavje\u0161tavanju te pravila o izvje\u0161tavanju. Sredi\u0161nji dio radionice bio je namijenjen predstavljanju postupka izvje\u0161tavanja u elektroni\u010dkom sustavu za pra\u0107enje (eMS). U drugom dijelu radionice su predstavnici hrvatske prvostupanjske kontrole hrvatskim korisnicima predstavili nacionalna pravila o izvje\u0161tavanju.<\/p>\n<\/div><\/section><\/div><\/p>\n\n<style type=\"text\/css\" data-created_by=\"avia_inline_auto\" id=\"style-css-av-av_one_full-352b07ef7d3bc99b2e9f92e7a9e06bdb\">\n.flex_column.av-av_one_full-352b07ef7d3bc99b2e9f92e7a9e06bdb{\nborder-radius:0px 0px 0px 0px;\n-webkit-border-radius:0px 0px 0px 0px;\n-moz-border-radius:0px 0px 0px 0px;\n}\n<\/style>\n<div class='flex_column av-av_one_full-352b07ef7d3bc99b2e9f92e7a9e06bdb av_one_full  avia-builder-el-10  el_after_av_one_half  avia-builder-el-last  first flex_column_div av-zero-column-padding column-top-margin'   ><style type=\"text\/css\" data-created_by=\"avia_inline_auto\" id=\"style-css-av-av_gallery-371ffe5474e6d71f28ceccdd973bd3da\">\n#top .avia-gallery.av-av_gallery-371ffe5474e6d71f28ceccdd973bd3da .avia-gallery-thumb a{\nwidth:20%;\n}\n<\/style>\n<div  class='avia-gallery av-av_gallery-371ffe5474e6d71f28ceccdd973bd3da avia_animate_when_visible  avia-builder-el-11  avia-builder-el-no-sibling  avia_lazyload avia-gallery-animate avia-gallery-1'  itemprop=\"image\" itemscope=\"itemscope\" itemtype=\"https:\/\/schema.org\/ImageObject\" ><div class='avia-gallery-thumb'> <a href=\"http:\/\/www.si-hr.eu\/hr2\/wp-content\/uploads\/sites\/13\/2017\/10\/IMG_20171026_101507-1-1030x649.jpg\" data-srcset=\"http:\/\/www.si-hr.eu\/hr2\/wp-content\/uploads\/sites\/13\/2017\/10\/IMG_20171026_101507-1-1030x649.jpg 1030w, http:\/\/www.si-hr.eu\/hr2\/wp-content\/uploads\/sites\/13\/2017\/10\/IMG_20171026_101507-1-300x189.jpg 300w, http:\/\/www.si-hr.eu\/hr2\/wp-content\/uploads\/sites\/13\/2017\/10\/IMG_20171026_101507-1-768x484.jpg 768w, http:\/\/www.si-hr.eu\/hr2\/wp-content\/uploads\/sites\/13\/2017\/10\/IMG_20171026_101507-1-600x378.jpg 600w, http:\/\/www.si-hr.eu\/hr2\/wp-content\/uploads\/sites\/13\/2017\/10\/IMG_20171026_101507-1-1500x946.jpg 1500w, http:\/\/www.si-hr.eu\/hr2\/wp-content\/uploads\/sites\/13\/2017\/10\/IMG_20171026_101507-1-705x445.jpg 705w, http:\/\/www.si-hr.eu\/hr2\/wp-content\/uploads\/sites\/13\/2017\/10\/IMG_20171026_101507-1-450x284.jpg 450w\" data-sizes=\"(max-width: 1030px) 100vw, 1030px\" data-rel='gallery-1' data-prev-img='http:\/\/www.si-hr.eu\/hr2\/wp-content\/uploads\/sites\/13\/2017\/10\/IMG_20171026_101507-1-495x400.jpg' class='first_thumb lightbox ' data-onclick='1' title='radionica o izvje\u0161tavanju '  itemprop=\"thumbnailUrl\"  ><img decoding=\"async\" class=\"wp-image-2223 avia-img-lazy-loading-not-2223\"  data-avia-tooltip='radionica o izvje\u0161tavanju ' src=\"http:\/\/www.si-hr.eu\/hr2\/wp-content\/uploads\/sites\/13\/2017\/10\/IMG_20171026_101507-1-495x400.jpg\" width=\"495\" height=\"400\"  title='sdr' alt='' srcset=\"http:\/\/www.si-hr.eu\/hr2\/wp-content\/uploads\/sites\/13\/2017\/10\/IMG_20171026_101507-1-495x400.jpg 495w, http:\/\/www.si-hr.eu\/hr2\/wp-content\/uploads\/sites\/13\/2017\/10\/IMG_20171026_101507-1-845x684.jpg 845w\" sizes=\"(max-width: 495px) 100vw, 495px\" \/><\/a> <a href=\"http:\/\/www.si-hr.eu\/hr2\/wp-content\/uploads\/sites\/13\/2017\/10\/IMG_20171026_101648-1030x773.jpg\" data-srcset=\"http:\/\/www.si-hr.eu\/hr2\/wp-content\/uploads\/sites\/13\/2017\/10\/IMG_20171026_101648-1030x773.jpg 1030w, http:\/\/www.si-hr.eu\/hr2\/wp-content\/uploads\/sites\/13\/2017\/10\/IMG_20171026_101648-300x225.jpg 300w, http:\/\/www.si-hr.eu\/hr2\/wp-content\/uploads\/sites\/13\/2017\/10\/IMG_20171026_101648-768x576.jpg 768w, http:\/\/www.si-hr.eu\/hr2\/wp-content\/uploads\/sites\/13\/2017\/10\/IMG_20171026_101648-600x450.jpg 600w, http:\/\/www.si-hr.eu\/hr2\/wp-content\/uploads\/sites\/13\/2017\/10\/IMG_20171026_101648-1500x1125.jpg 1500w, http:\/\/www.si-hr.eu\/hr2\/wp-content\/uploads\/sites\/13\/2017\/10\/IMG_20171026_101648-705x529.jpg 705w, http:\/\/www.si-hr.eu\/hr2\/wp-content\/uploads\/sites\/13\/2017\/10\/IMG_20171026_101648-450x338.jpg 450w\" data-sizes=\"(max-width: 1030px) 100vw, 1030px\" data-rel='gallery-1' data-prev-img='http:\/\/www.si-hr.eu\/hr2\/wp-content\/uploads\/sites\/13\/2017\/10\/IMG_20171026_101648-495x400.jpg' class='lightbox ' data-onclick='2' title='radionica o izvje\u0161tavanju '  itemprop=\"thumbnailUrl\"  ><img decoding=\"async\" class=\"wp-image-2224 avia-img-lazy-loading-not-2224\"  data-avia-tooltip='radionica o izvje\u0161tavanju ' src=\"http:\/\/www.si-hr.eu\/hr2\/wp-content\/uploads\/sites\/13\/2017\/10\/IMG_20171026_101648-495x400.jpg\" width=\"495\" height=\"400\"  title='oznor' alt='' srcset=\"http:\/\/www.si-hr.eu\/hr2\/wp-content\/uploads\/sites\/13\/2017\/10\/IMG_20171026_101648-495x400.jpg 495w, http:\/\/www.si-hr.eu\/hr2\/wp-content\/uploads\/sites\/13\/2017\/10\/IMG_20171026_101648-845x684.jpg 845w\" sizes=\"(max-width: 495px) 100vw, 495px\" \/><\/a> <a href=\"http:\/\/www.si-hr.eu\/hr2\/wp-content\/uploads\/sites\/13\/2017\/10\/IMG_20171026_102419-1030x773.jpg\" data-srcset=\"http:\/\/www.si-hr.eu\/hr2\/wp-content\/uploads\/sites\/13\/2017\/10\/IMG_20171026_102419-1030x773.jpg 1030w, http:\/\/www.si-hr.eu\/hr2\/wp-content\/uploads\/sites\/13\/2017\/10\/IMG_20171026_102419-300x225.jpg 300w, http:\/\/www.si-hr.eu\/hr2\/wp-content\/uploads\/sites\/13\/2017\/10\/IMG_20171026_102419-768x576.jpg 768w, http:\/\/www.si-hr.eu\/hr2\/wp-content\/uploads\/sites\/13\/2017\/10\/IMG_20171026_102419-600x450.jpg 600w, http:\/\/www.si-hr.eu\/hr2\/wp-content\/uploads\/sites\/13\/2017\/10\/IMG_20171026_102419-1500x1125.jpg 1500w, http:\/\/www.si-hr.eu\/hr2\/wp-content\/uploads\/sites\/13\/2017\/10\/IMG_20171026_102419-705x529.jpg 705w, http:\/\/www.si-hr.eu\/hr2\/wp-content\/uploads\/sites\/13\/2017\/10\/IMG_20171026_102419-450x338.jpg 450w\" data-sizes=\"(max-width: 1030px) 100vw, 1030px\" data-rel='gallery-1' data-prev-img='http:\/\/www.si-hr.eu\/hr2\/wp-content\/uploads\/sites\/13\/2017\/10\/IMG_20171026_102419-495x400.jpg' class='lightbox ' data-onclick='3' title='radionica o izvje\u0161tavanju '  itemprop=\"thumbnailUrl\"  ><img decoding=\"async\" class=\"wp-image-2225 avia-img-lazy-loading-not-2225\"  data-avia-tooltip='radionica o izvje\u0161tavanju ' src=\"http:\/\/www.si-hr.eu\/hr2\/wp-content\/uploads\/sites\/13\/2017\/10\/IMG_20171026_102419-495x400.jpg\" width=\"495\" height=\"400\"  title='sdr' alt='' srcset=\"http:\/\/www.si-hr.eu\/hr2\/wp-content\/uploads\/sites\/13\/2017\/10\/IMG_20171026_102419-495x400.jpg 495w, http:\/\/www.si-hr.eu\/hr2\/wp-content\/uploads\/sites\/13\/2017\/10\/IMG_20171026_102419-845x684.jpg 845w\" sizes=\"(max-width: 495px) 100vw, 495px\" \/><\/a> <a href=\"http:\/\/www.si-hr.eu\/hr2\/wp-content\/uploads\/sites\/13\/2017\/10\/IMG_20171026_102628-1030x773.jpg\" data-srcset=\"http:\/\/www.si-hr.eu\/hr2\/wp-content\/uploads\/sites\/13\/2017\/10\/IMG_20171026_102628-1030x773.jpg 1030w, http:\/\/www.si-hr.eu\/hr2\/wp-content\/uploads\/sites\/13\/2017\/10\/IMG_20171026_102628-300x225.jpg 300w, http:\/\/www.si-hr.eu\/hr2\/wp-content\/uploads\/sites\/13\/2017\/10\/IMG_20171026_102628-768x576.jpg 768w, http:\/\/www.si-hr.eu\/hr2\/wp-content\/uploads\/sites\/13\/2017\/10\/IMG_20171026_102628-600x450.jpg 600w, http:\/\/www.si-hr.eu\/hr2\/wp-content\/uploads\/sites\/13\/2017\/10\/IMG_20171026_102628-1500x1125.jpg 1500w, http:\/\/www.si-hr.eu\/hr2\/wp-content\/uploads\/sites\/13\/2017\/10\/IMG_20171026_102628-705x529.jpg 705w, http:\/\/www.si-hr.eu\/hr2\/wp-content\/uploads\/sites\/13\/2017\/10\/IMG_20171026_102628-450x338.jpg 450w\" data-sizes=\"(max-width: 1030px) 100vw, 1030px\" data-rel='gallery-1' data-prev-img='http:\/\/www.si-hr.eu\/hr2\/wp-content\/uploads\/sites\/13\/2017\/10\/IMG_20171026_102628-495x400.jpg' class='lightbox ' data-onclick='4' title='radionica o izvje\u0161tavanju '  itemprop=\"thumbnailUrl\"  ><img decoding=\"async\" class=\"wp-image-2226 avia-img-lazy-loading-not-2226\"  data-avia-tooltip='radionica o izvje\u0161tavanju ' src=\"http:\/\/www.si-hr.eu\/hr2\/wp-content\/uploads\/sites\/13\/2017\/10\/IMG_20171026_102628-495x400.jpg\" width=\"495\" height=\"400\"  title='sdr' alt='' srcset=\"http:\/\/www.si-hr.eu\/hr2\/wp-content\/uploads\/sites\/13\/2017\/10\/IMG_20171026_102628-495x400.jpg 495w, http:\/\/www.si-hr.eu\/hr2\/wp-content\/uploads\/sites\/13\/2017\/10\/IMG_20171026_102628-845x684.jpg 845w\" sizes=\"(max-width: 495px) 100vw, 495px\" \/><\/a> <a href=\"http:\/\/www.si-hr.eu\/hr2\/wp-content\/uploads\/sites\/13\/2017\/10\/IMG_20171026_103709-1030x572.jpg\" data-srcset=\"http:\/\/www.si-hr.eu\/hr2\/wp-content\/uploads\/sites\/13\/2017\/10\/IMG_20171026_103709-1030x572.jpg 1030w, http:\/\/www.si-hr.eu\/hr2\/wp-content\/uploads\/sites\/13\/2017\/10\/IMG_20171026_103709-300x167.jpg 300w, http:\/\/www.si-hr.eu\/hr2\/wp-content\/uploads\/sites\/13\/2017\/10\/IMG_20171026_103709-768x427.jpg 768w, http:\/\/www.si-hr.eu\/hr2\/wp-content\/uploads\/sites\/13\/2017\/10\/IMG_20171026_103709-600x333.jpg 600w, http:\/\/www.si-hr.eu\/hr2\/wp-content\/uploads\/sites\/13\/2017\/10\/IMG_20171026_103709-1500x833.jpg 1500w, http:\/\/www.si-hr.eu\/hr2\/wp-content\/uploads\/sites\/13\/2017\/10\/IMG_20171026_103709-705x392.jpg 705w, http:\/\/www.si-hr.eu\/hr2\/wp-content\/uploads\/sites\/13\/2017\/10\/IMG_20171026_103709-450x250.jpg 450w\" data-sizes=\"(max-width: 1030px) 100vw, 1030px\" data-rel='gallery-1' data-prev-img='http:\/\/www.si-hr.eu\/hr2\/wp-content\/uploads\/sites\/13\/2017\/10\/IMG_20171026_103709-495x400.jpg' class='lightbox ' data-onclick='5' title='radionica o izvje\u0161tavanju '  itemprop=\"thumbnailUrl\"  ><img decoding=\"async\" class=\"wp-image-2227 avia-img-lazy-loading-not-2227\"  data-avia-tooltip='radionica o izvje\u0161tavanju ' src=\"http:\/\/www.si-hr.eu\/hr2\/wp-content\/uploads\/sites\/13\/2017\/10\/IMG_20171026_103709-495x400.jpg\" width=\"495\" height=\"400\"  title='oznor' alt='' srcset=\"http:\/\/www.si-hr.eu\/hr2\/wp-content\/uploads\/sites\/13\/2017\/10\/IMG_20171026_103709-495x400.jpg 495w, http:\/\/www.si-hr.eu\/hr2\/wp-content\/uploads\/sites\/13\/2017\/10\/IMG_20171026_103709-845x684.jpg 845w\" sizes=\"(max-width: 495px) 100vw, 495px\" \/><\/a> <a href=\"http:\/\/www.si-hr.eu\/hr2\/wp-content\/uploads\/sites\/13\/2017\/10\/IMG_20171026_105423-1030x773.jpg\" data-srcset=\"http:\/\/www.si-hr.eu\/hr2\/wp-content\/uploads\/sites\/13\/2017\/10\/IMG_20171026_105423-1030x773.jpg 1030w, http:\/\/www.si-hr.eu\/hr2\/wp-content\/uploads\/sites\/13\/2017\/10\/IMG_20171026_105423-300x225.jpg 300w, http:\/\/www.si-hr.eu\/hr2\/wp-content\/uploads\/sites\/13\/2017\/10\/IMG_20171026_105423-768x576.jpg 768w, http:\/\/www.si-hr.eu\/hr2\/wp-content\/uploads\/sites\/13\/2017\/10\/IMG_20171026_105423-600x450.jpg 600w, http:\/\/www.si-hr.eu\/hr2\/wp-content\/uploads\/sites\/13\/2017\/10\/IMG_20171026_105423-1500x1125.jpg 1500w, http:\/\/www.si-hr.eu\/hr2\/wp-content\/uploads\/sites\/13\/2017\/10\/IMG_20171026_105423-705x529.jpg 705w, http:\/\/www.si-hr.eu\/hr2\/wp-content\/uploads\/sites\/13\/2017\/10\/IMG_20171026_105423-450x338.jpg 450w\" data-sizes=\"(max-width: 1030px) 100vw, 1030px\" data-rel='gallery-1' data-prev-img='http:\/\/www.si-hr.eu\/hr2\/wp-content\/uploads\/sites\/13\/2017\/10\/IMG_20171026_105423-495x400.jpg' class='first_thumb lightbox ' data-onclick='6' title='radionica o izvje\u0161tavanju '  itemprop=\"thumbnailUrl\"  ><img decoding=\"async\" class=\"wp-image-2228 avia-img-lazy-loading-not-2228\"  data-avia-tooltip='radionica o izvje\u0161tavanju ' src=\"http:\/\/www.si-hr.eu\/hr2\/wp-content\/uploads\/sites\/13\/2017\/10\/IMG_20171026_105423-495x400.jpg\" width=\"495\" height=\"400\"  title='sdr' alt='' srcset=\"http:\/\/www.si-hr.eu\/hr2\/wp-content\/uploads\/sites\/13\/2017\/10\/IMG_20171026_105423-495x400.jpg 495w, http:\/\/www.si-hr.eu\/hr2\/wp-content\/uploads\/sites\/13\/2017\/10\/IMG_20171026_105423-845x684.jpg 845w\" sizes=\"(max-width: 495px) 100vw, 495px\" \/><\/a> <a href=\"http:\/\/www.si-hr.eu\/hr2\/wp-content\/uploads\/sites\/13\/2017\/10\/IMG_20171026_112500-1030x773.jpg\" data-srcset=\"http:\/\/www.si-hr.eu\/hr2\/wp-content\/uploads\/sites\/13\/2017\/10\/IMG_20171026_112500-1030x773.jpg 1030w, http:\/\/www.si-hr.eu\/hr2\/wp-content\/uploads\/sites\/13\/2017\/10\/IMG_20171026_112500-300x225.jpg 300w, http:\/\/www.si-hr.eu\/hr2\/wp-content\/uploads\/sites\/13\/2017\/10\/IMG_20171026_112500-768x576.jpg 768w, http:\/\/www.si-hr.eu\/hr2\/wp-content\/uploads\/sites\/13\/2017\/10\/IMG_20171026_112500-600x450.jpg 600w, http:\/\/www.si-hr.eu\/hr2\/wp-content\/uploads\/sites\/13\/2017\/10\/IMG_20171026_112500-1500x1125.jpg 1500w, http:\/\/www.si-hr.eu\/hr2\/wp-content\/uploads\/sites\/13\/2017\/10\/IMG_20171026_112500-705x529.jpg 705w, http:\/\/www.si-hr.eu\/hr2\/wp-content\/uploads\/sites\/13\/2017\/10\/IMG_20171026_112500-450x338.jpg 450w\" data-sizes=\"(max-width: 1030px) 100vw, 1030px\" data-rel='gallery-1' data-prev-img='http:\/\/www.si-hr.eu\/hr2\/wp-content\/uploads\/sites\/13\/2017\/10\/IMG_20171026_112500-495x400.jpg' class='lightbox ' data-onclick='7' title='radionica o izvje\u0161tavanju '  itemprop=\"thumbnailUrl\"  ><img decoding=\"async\" class=\"wp-image-2229 avia-img-lazy-loading-not-2229\"  data-avia-tooltip='radionica o izvje\u0161tavanju ' src=\"http:\/\/www.si-hr.eu\/hr2\/wp-content\/uploads\/sites\/13\/2017\/10\/IMG_20171026_112500-495x400.jpg\" width=\"495\" height=\"400\"  title='sdr' alt='' srcset=\"http:\/\/www.si-hr.eu\/hr2\/wp-content\/uploads\/sites\/13\/2017\/10\/IMG_20171026_112500-495x400.jpg 495w, http:\/\/www.si-hr.eu\/hr2\/wp-content\/uploads\/sites\/13\/2017\/10\/IMG_20171026_112500-845x684.jpg 845w\" sizes=\"(max-width: 495px) 100vw, 495px\" \/><\/a> <a href=\"http:\/\/www.si-hr.eu\/hr2\/wp-content\/uploads\/sites\/13\/2017\/10\/IMG_20171026_131817-1030x647.jpg\" data-srcset=\"http:\/\/www.si-hr.eu\/hr2\/wp-content\/uploads\/sites\/13\/2017\/10\/IMG_20171026_131817-1030x647.jpg 1030w, http:\/\/www.si-hr.eu\/hr2\/wp-content\/uploads\/sites\/13\/2017\/10\/IMG_20171026_131817-300x188.jpg 300w, http:\/\/www.si-hr.eu\/hr2\/wp-content\/uploads\/sites\/13\/2017\/10\/IMG_20171026_131817-768x482.jpg 768w, http:\/\/www.si-hr.eu\/hr2\/wp-content\/uploads\/sites\/13\/2017\/10\/IMG_20171026_131817-600x377.jpg 600w, http:\/\/www.si-hr.eu\/hr2\/wp-content\/uploads\/sites\/13\/2017\/10\/IMG_20171026_131817-1500x942.jpg 1500w, http:\/\/www.si-hr.eu\/hr2\/wp-content\/uploads\/sites\/13\/2017\/10\/IMG_20171026_131817-705x443.jpg 705w, http:\/\/www.si-hr.eu\/hr2\/wp-content\/uploads\/sites\/13\/2017\/10\/IMG_20171026_131817-450x283.jpg 450w\" data-sizes=\"(max-width: 1030px) 100vw, 1030px\" data-rel='gallery-1' data-prev-img='http:\/\/www.si-hr.eu\/hr2\/wp-content\/uploads\/sites\/13\/2017\/10\/IMG_20171026_131817-495x400.jpg' class='lightbox ' data-onclick='8' title='radionica o izvje\u0161tavanju '  itemprop=\"thumbnailUrl\"  ><img decoding=\"async\" class=\"wp-image-2230 avia-img-lazy-loading-not-2230\"  data-avia-tooltip='radionica o izvje\u0161tavanju ' src=\"http:\/\/www.si-hr.eu\/hr2\/wp-content\/uploads\/sites\/13\/2017\/10\/IMG_20171026_131817-495x400.jpg\" width=\"495\" height=\"400\"  title='cof' alt='' srcset=\"http:\/\/www.si-hr.eu\/hr2\/wp-content\/uploads\/sites\/13\/2017\/10\/IMG_20171026_131817-495x400.jpg 495w, http:\/\/www.si-hr.eu\/hr2\/wp-content\/uploads\/sites\/13\/2017\/10\/IMG_20171026_131817-845x684.jpg 845w\" sizes=\"(max-width: 495px) 100vw, 495px\" \/><\/a> <a href=\"http:\/\/www.si-hr.eu\/hr2\/wp-content\/uploads\/sites\/13\/2017\/10\/IMG_20171026_142234-1030x678.jpg\" data-srcset=\"http:\/\/www.si-hr.eu\/hr2\/wp-content\/uploads\/sites\/13\/2017\/10\/IMG_20171026_142234-1030x678.jpg 1030w, http:\/\/www.si-hr.eu\/hr2\/wp-content\/uploads\/sites\/13\/2017\/10\/IMG_20171026_142234-300x197.jpg 300w, http:\/\/www.si-hr.eu\/hr2\/wp-content\/uploads\/sites\/13\/2017\/10\/IMG_20171026_142234-768x505.jpg 768w, http:\/\/www.si-hr.eu\/hr2\/wp-content\/uploads\/sites\/13\/2017\/10\/IMG_20171026_142234-600x395.jpg 600w, http:\/\/www.si-hr.eu\/hr2\/wp-content\/uploads\/sites\/13\/2017\/10\/IMG_20171026_142234-1500x987.jpg 1500w, http:\/\/www.si-hr.eu\/hr2\/wp-content\/uploads\/sites\/13\/2017\/10\/IMG_20171026_142234-705x464.jpg 705w, http:\/\/www.si-hr.eu\/hr2\/wp-content\/uploads\/sites\/13\/2017\/10\/IMG_20171026_142234-450x296.jpg 450w\" data-sizes=\"(max-width: 1030px) 100vw, 1030px\" data-rel='gallery-1' data-prev-img='http:\/\/www.si-hr.eu\/hr2\/wp-content\/uploads\/sites\/13\/2017\/10\/IMG_20171026_142234-495x400.jpg' class='lightbox ' data-onclick='9' title='radionica o izvje\u0161tavanju '  itemprop=\"thumbnailUrl\"  ><img decoding=\"async\" class=\"wp-image-2231 avia-img-lazy-loading-not-2231\"  data-avia-tooltip='radionica o izvje\u0161tavanju ' src=\"http:\/\/www.si-hr.eu\/hr2\/wp-content\/uploads\/sites\/13\/2017\/10\/IMG_20171026_142234-495x400.jpg\" width=\"495\" height=\"400\"  title='sdr' alt='' srcset=\"http:\/\/www.si-hr.eu\/hr2\/wp-content\/uploads\/sites\/13\/2017\/10\/IMG_20171026_142234-495x400.jpg 495w, http:\/\/www.si-hr.eu\/hr2\/wp-content\/uploads\/sites\/13\/2017\/10\/IMG_20171026_142234-845x684.jpg 845w\" sizes=\"(max-width: 495px) 100vw, 495px\" \/><\/a><\/div><\/div><\/div>\n","protected":false},"excerpt":{"rendered":"","protected":false},"author":1,"featured_media":0,"parent":0,"menu_order":0,"comment_status":"closed","ping_status":"closed","template":"","meta":{"ngg_post_thumbnail":0},"acf":[],"_links":{"self":[{"href":"http:\/\/www.si-hr.eu\/hr2\/wp-json\/wp\/v2\/pages\/2221"}],"collection":[{"href":"http:\/\/www.si-hr.eu\/hr2\/wp-json\/wp\/v2\/pages"}],"about":[{"href":"http:\/\/www.si-hr.eu\/hr2\/wp-json\/wp\/v2\/types\/page"}],"author":[{"embeddable":true,"href":"http:\/\/www.si-hr.eu\/hr2\/wp-json\/wp\/v2\/users\/1"}],"replies":[{"embeddable":true,"href":"http:\/\/www.si-hr.eu\/hr2\/wp-json\/wp\/v2\/comments?post=2221"}],"version-history":[{"count":5,"href":"http:\/\/www.si-hr.eu\/hr2\/wp-json\/wp\/v2\/pages\/2221\/revisions"}],"predecessor-version":[{"id":2243,"href":"http:\/\/www.si-hr.eu\/hr2\/wp-json\/wp\/v2\/pages\/2221\/revisions\/2243"}],"wp:attachment":[{"href":"http:\/\/www.si-hr.eu\/hr2\/wp-json\/wp\/v2\/media?parent=2221"}],"curies":[{"name":"wp","href":"https:\/\/api.w.org\/{rel}","templated":true}]}}