{"id":324,"date":"2015-11-13T11:00:17","date_gmt":"2015-11-13T10:00:17","guid":{"rendered":"http:\/\/84.39.218.255\/hr2\/?page_id=324"},"modified":"2022-12-06T08:47:54","modified_gmt":"2022-12-06T07:47:54","slug":"odbor-za-spremljanje-2","status":"publish","type":"page","link":"http:\/\/www.si-hr.eu\/hr2\/o-nas\/odbor-za-spremljanje-2\/","title":{"rendered":"Odbor za pra\u0107enje"},"content":{"rendered":"<div id='layer_slider_1'  class='avia-layerslider main_color avia-shadow  avia-builder-el-0  el_before_av_one_full  avia-builder-el-first  container_wrap sidebar_right'  style='height: 251px;'  ><\/div><div id='after_layer_slider_1'  class='main_color av_default_container_wrap container_wrap sidebar_right'  ><div class='container av-section-cont-open' ><div class='template-page content  av-content-small alpha units'><div class='post-entry post-entry-type-page post-entry-324'><div class='entry-content-wrapper clearfix'>\n\n<style type=\"text\/css\" data-created_by=\"avia_inline_auto\" id=\"style-css-av-2pj1w-c3bf5fe6fb460541676bb323fc0fdb85\">\n.flex_column.av-2pj1w-c3bf5fe6fb460541676bb323fc0fdb85{\nborder-radius:0px 0px 0px 0px;\n-webkit-border-radius:0px 0px 0px 0px;\n-moz-border-radius:0px 0px 0px 0px;\n}\n<\/style>\n<div class='flex_column av-2pj1w-c3bf5fe6fb460541676bb323fc0fdb85 av_one_full  avia-builder-el-1  el_after_av_layerslider  el_before_av_four_fifth  avia-builder-el-first  first flex_column_div av-zero-column-padding '   ><style type=\"text\/css\" data-created_by=\"avia_inline_auto\" id=\"style-css-av-lt3d8-c00a28412318a9440fb90cd040eb3f3b\">\n#top .av-special-heading.av-lt3d8-c00a28412318a9440fb90cd040eb3f3b{\npadding-bottom:30px;\n}\nbody .av-special-heading.av-lt3d8-c00a28412318a9440fb90cd040eb3f3b .av-special-heading-tag .heading-char{\nfont-size:25px;\n}\n.av-special-heading.av-lt3d8-c00a28412318a9440fb90cd040eb3f3b .av-subheading{\nfont-size:15px;\n}\n<\/style>\n<div  class='av-special-heading av-lt3d8-c00a28412318a9440fb90cd040eb3f3b av-special-heading-h3  avia-builder-el-2  avia-builder-el-no-sibling '><h3 class='av-special-heading-tag'  itemprop=\"headline\"  >\u010clanovi Odbora za pra\u0107enje Programa suranje Interreg V-A Slovenija &#8211; Hrvatska<\/h3><div class=\"special-heading-border\"><div class=\"special-heading-inner-border\"><\/div><\/div><\/div><\/div>\n\n<style type=\"text\/css\" data-created_by=\"avia_inline_auto\" id=\"style-css-av-gjop0-a1033628aec198cae35868868a3bec42\">\n.flex_column.av-gjop0-a1033628aec198cae35868868a3bec42{\nborder-radius:0px 0px 0px 0px;\n-webkit-border-radius:0px 0px 0px 0px;\n-moz-border-radius:0px 0px 0px 0px;\n}\n<\/style>\n<div class='flex_column av-gjop0-a1033628aec198cae35868868a3bec42 av_four_fifth  avia-builder-el-3  el_after_av_one_full  avia-builder-el-last  first flex_column_div av-zero-column-padding column-top-margin'   ><section  class='av_textblock_section av-73ep0-94c0bfd44a86a9540a809a8565798315'  itemscope=\"itemscope\" itemtype=\"https:\/\/schema.org\/CreativeWork\" ><div class='avia_textblock'  itemprop=\"text\" ><table width=\"972\">\n<tbody>\n<tr>\n<td width=\"129\"><span style=\"color: #000000;\">PREZIME<\/span><\/td>\n<td width=\"186\"><span style=\"color: #000000;\">IME<\/span><\/td>\n<td width=\"300\"><span style=\"color: #000000;\">INSTITUCIJA<\/span><\/td>\n<td colspan=\"2\" width=\"357\"><span style=\"color: #000000;\">ULOGA<\/span><\/td>\n<\/tr>\n<tr>\n<td><span style=\"color: #000080;\">Sili\u010d<\/span><\/td>\n<td><span style=\"color: #000080;\">Vesna<\/span><\/td>\n<td width=\"300\"><span style=\"color: #000080;\">Slu\u017eba Vlade RS za razvoj in evropsko kohezijsko politiko<\/span><\/td>\n<td colspan=\"2\"><span style=\"color: #000080;\">\u010dlanica s pravom glasa<\/span><\/td>\n<\/tr>\n<tr>\n<td><span style=\"color: #000000;\">Krisch<\/span><\/td>\n<td><span style=\"color: #000000;\">Mojca<\/span><\/td>\n<td width=\"300\"><span style=\"color: #000000;\">Slu\u017eba Vlade RS za razvoj in evropsko kohezijsko politiko<\/span><\/td>\n<td colspan=\"2\"><span style=\"color: #000000;\">zamjenica \u010dlanice s pravom glasa<\/span><\/td>\n<\/tr>\n<tr>\n<td><span style=\"color: #000080;\">Rener<\/span><\/td>\n<td><span style=\"color: #000080;\">Tatjana<\/span><\/td>\n<td width=\"300\"><span style=\"color: #000080;\">Slu\u017eba Vlade RS za razvoj in evropsko kohezijsko politiko<\/span><\/td>\n<td colspan=\"2\"><span style=\"color: #000080;\">\u010dlanica s pravom glasa<\/span><\/td>\n<\/tr>\n<tr>\n<td><span style=\"color: #000000;\">Kuzmi\u0107<\/span><\/td>\n<td><span style=\"color: #000000;\">Dimitrij<\/span><\/td>\n<td width=\"300\"><span style=\"color: #000000;\">Slu\u017eba Vlade RS za razvoj in evropsko kohezijsko politiko<\/span><\/td>\n<td colspan=\"2\"><span style=\"color: #000000;\">zamjenik \u010dlanice s pravom glasa<\/span><\/td>\n<\/tr>\n<tr>\n<td><span style=\"color: #000080;\">Sajko<\/span><\/td>\n<td><span style=\"color: #000080;\">Darko<\/span><\/td>\n<td width=\"300\"><span style=\"color: #000080;\">Ministrstvo za gospodarski razvoj in tehnologijo<\/span><\/td>\n<td colspan=\"2\"><span style=\"color: #000080;\">\u010dlan s pravom glasa<\/span><\/td>\n<\/tr>\n<tr>\n<td><span style=\"color: #000000;\">\u010canak<\/span><\/td>\n<td><span style=\"color: #000000;\">Sne\u017eana<\/span><\/td>\n<td width=\"300\"><span style=\"color: #000000;\">Ministrstvo za gospodarski razvoj in tehnologijo<\/span><\/td>\n<td colspan=\"2\"><span style=\"color: #000000;\">zamjenica \u010dlana s pravom glasa<\/span><\/td>\n<\/tr>\n<tr>\n<td><span style=\"color: #000080;\">Mar\u0161<\/span><\/td>\n<td><span style=\"color: #000080;\">Irena<\/span><\/td>\n<td width=\"300\"><span style=\"color: #000080;\">Ministrstvo za kulturo<\/span><\/td>\n<td colspan=\"2\"><span style=\"color: #000080;\">\u010dlanica s pravom glasa<\/span><\/td>\n<\/tr>\n<tr>\n<td><span style=\"color: #000000;\">Bo\u0161njak<\/span><\/td>\n<td><span style=\"color: #000000;\">Mateja<\/span><\/td>\n<td width=\"300\"><span style=\"color: #000000;\">Ministrstvo za kulturo<\/span><\/td>\n<td colspan=\"2\"><span style=\"color: #000000;\">zamjenica \u010dlanice s pravom glasa<\/span><\/td>\n<\/tr>\n<tr>\n<td><span style=\"color: #000080;\">Medved<\/span><\/td>\n<td><span style=\"color: #000080;\">Peter<\/span><\/td>\n<td width=\"300\"><span style=\"color: #000080;\">Ministrstvo za delo, dru\u017eino, socialne zadeve in enake mo\u017enosti<\/span><\/td>\n<td colspan=\"2\"><span style=\"color: #000080;\">\u010dlan s pravom glasa<\/span><\/td>\n<\/tr>\n<tr>\n<td>&nbsp;<\/td>\n<td>&nbsp;<\/td>\n<td width=\"300\"><span style=\"color: #000000;\">Ministrstvo za delo, dru\u017eino, socialne zadeve in enake mo\u017enosti<\/span><\/td>\n<td colspan=\"2\"><span style=\"color: #000000;\">zamjenik \u010dlana s pravom glasa<\/span><\/td>\n<\/tr>\n<tr>\n<td><span style=\"color: #000080;\">Merljak<\/span><\/td>\n<td><span style=\"color: #000080;\">Rudi<\/span><\/td>\n<td width=\"300\"><span style=\"color: #000080;\">Urad Vlade RS za Slovence v zamejstvu in po svetu<\/span><\/td>\n<td colspan=\"2\"><span style=\"color: #000080;\">\u010dlan s pravom glasa<\/span><\/td>\n<\/tr>\n<tr>\n<td>&nbsp;<\/td>\n<td>&nbsp;<\/td>\n<td width=\"300\"><span style=\"color: #000000;\">Urad Vlade RS za Slovence v zamejstvu in po svetu<\/span><\/td>\n<td colspan=\"2\"><span style=\"color: #000000;\">zamjenik \u010dlana s pravom glasa<\/span><\/td>\n<\/tr>\n<tr>\n<td>&nbsp;<\/td>\n<td>&nbsp;<\/td>\n<td width=\"300\"><span style=\"color: #000080;\">Ministrstvo za zunanje zadeve<\/span><\/td>\n<td colspan=\"2\"><span style=\"color: #000080;\">savjetodavni \u010dlan bez prava glasa<\/span><\/td>\n<\/tr>\n<tr>\n<td><span style=\"color: #000000;\">Kliner<\/span><\/td>\n<td><span style=\"color: #000000;\">Kristina<\/span><\/td>\n<td width=\"300\"><span style=\"color: #000000;\">Ministrstvo za zunanje zadeve<\/span><\/td>\n<td colspan=\"2\"><span style=\"color: #000000;\">zamjenica savjetodavnog \u010dlana bez prava glasa<\/span><\/td>\n<\/tr>\n<tr>\n<td><span style=\"color: #000080;\">Neubauer<\/span><\/td>\n<td><span style=\"color: #000080;\">Tit<\/span><\/td>\n<td width=\"300\"><span style=\"color: #000080;\">Ministrstvo za izobra\u017eevanje, znanost in \u0161port<\/span><\/td>\n<td colspan=\"2\"><span style=\"color: #000080;\">savjetodavni \u010dlan bez prava glasa<\/span><\/td>\n<\/tr>\n<tr>\n<td><span style=\"color: #000000;\">Pezdir<\/span><\/td>\n<td><span style=\"color: #000000;\">Tatjana<\/span><\/td>\n<td width=\"300\"><span style=\"color: #000000;\">Ministrstvo za izobra\u017eevanje, znanost in \u0161port<\/span><\/td>\n<td colspan=\"2\"><span style=\"color: #000000;\">zamjenica savjetodavnog \u010dlana bez prava glasa<\/span><\/td>\n<\/tr>\n<tr>\n<td><span style=\"color: #000080;\">Bibi\u010d<\/span><\/td>\n<td><span style=\"color: #000080;\">Andrej<\/span><\/td>\n<td width=\"300\"><span style=\"color: #000080;\">Ministrstvo za okolje in prostor<\/span><\/td>\n<td colspan=\"2\"><span style=\"color: #000080;\">savjetodavni \u010dlan bez prava glasa<\/span><\/td>\n<\/tr>\n<tr>\n<td><span style=\"color: #000080;\">Baluh<\/span><\/td>\n<td><span style=\"color: #000080;\">Stanko<\/span><\/td>\n<td width=\"300\"><span style=\"color: #000080;\">Urad Vlade za narodnosti<\/span><\/td>\n<td colspan=\"2\"><span style=\"color: #000080;\">savjetodavni \u010dlan bez prava glasa<\/span><\/td>\n<\/tr>\n<tr>\n<td><span style=\"color: #000000;\">Mamli\u0107<\/span><\/td>\n<td><span style=\"color: #000000;\">Maja<\/span><\/td>\n<td width=\"300\"><span style=\"color: #000000;\">Urad Vlade za narodnosti<\/span><\/td>\n<td colspan=\"2\"><span style=\"color: #000000;\">zamjenica savjetodavnog \u010dlana bez prava glasa<\/span><\/td>\n<\/tr>\n<tr>\n<td><span style=\"color: #000080;\">Hribar Mili\u010d<\/span><\/td>\n<td><span style=\"color: #000080;\">Samo<\/span><\/td>\n<td width=\"300\"><span style=\"color: #000080;\">Gospodarska zbornica Slovenije<\/span><\/td>\n<td colspan=\"2\"><span style=\"color: #000080;\">savjetodavni \u010dlan bez prava glasa<\/span><\/td>\n<\/tr>\n<tr>\n<td><span style=\"color: #000000;\">Ackermann<\/span><\/td>\n<td><span style=\"color: #000000;\">Grit<\/span><\/td>\n<td width=\"300\"><span style=\"color: #000000;\">Gospodarska zbornica Slovenije<\/span><\/td>\n<td colspan=\"2\"><span style=\"color: #000000;\">zamjenica savjetodavnog \u010dlana bez prava glasa<\/span><\/td>\n<\/tr>\n<tr>\n<td><span style=\"color: #000080;\">Bratkovi\u010d<\/span><\/td>\n<td><span style=\"color: #000080;\">Franci<\/span><\/td>\n<td width=\"300\"><span style=\"color: #000080;\">Razvojni center Novo mesto, Vzhodna kohezijska regija<\/span><\/td>\n<td colspan=\"2\"><span style=\"color: #000080;\">savjetodavni \u010dlan bez prava glasa<\/span><\/td>\n<\/tr>\n<tr>\n<td><span style=\"color: #000000;\">\u0160terban Bezjak<\/span><\/td>\n<td><span style=\"color: #000000;\">Nata\u0161a<\/span><\/td>\n<td width=\"300\"><span style=\"color: #000000;\">RRA Posavje, Vzhodna kohezijska regija<\/span><\/td>\n<td colspan=\"2\"><span style=\"color: #000000;\">zamjenica savjetodavnog \u010dlana bez prava glasa<\/span><\/td>\n<\/tr>\n<tr>\n<td><span style=\"color: #000080;\">Dreven\u0161ek<\/span><\/td>\n<td><span style=\"color: #000080;\">Liljana<\/span><\/td>\n<td width=\"300\"><span style=\"color: #000080;\">RRA LUR, Zahodna kohezijska regija<\/span><\/td>\n<td colspan=\"2\"><span style=\"color: #000080;\">savjetodavna \u010dlanica bez prava glasa<\/span><\/td>\n<\/tr>\n<tr>\n<td><span style=\"color: #000000;\">Nemarnik<\/span><\/td>\n<td><span style=\"color: #000000;\">Guiliano<\/span><\/td>\n<td width=\"300\"><span style=\"color: #000000;\">RRC Koper, Zahodna kohezijska regija<\/span><\/td>\n<td colspan=\"2\"><span style=\"color: #000000;\">zamjenik savjetodavne \u010dlanice bez prava glasa<\/span><\/td>\n<\/tr>\n<tr>\n<td><span style=\"color: #000080;\">Jerman<\/span><\/td>\n<td><span style=\"color: #000080;\">Borut<\/span><\/td>\n<td width=\"300\"><span style=\"color: #000080;\">Kulturno izobra\u017eevalno dru\u0161tvo PiNA, CNVSO<\/span><\/td>\n<td colspan=\"2\"><span style=\"color: #000080;\">savjetodavni \u010dlan bez prava glasa<\/span><\/td>\n<\/tr>\n<tr>\n<td><span style=\"color: #000000;\">\u0160krlj<\/span><\/td>\n<td><span style=\"color: #000000;\">Matilda<\/span><\/td>\n<td width=\"300\"><span style=\"color: #000000;\">Alpe Adria Green, Mednarodno dru\u0161tvo za varstvo okolja in narave, CNVSO<\/span><\/td>\n<td colspan=\"2\"><span style=\"color: #000000;\">zamjenica savjetodavnog \u010dlana bez prava glasa<\/span><\/td>\n<\/tr>\n<tr>\n<td><span style=\"color: #000080;\">Gabri\u0107<\/span><\/td>\n<td><span style=\"color: #000080;\">Perica<\/span><\/td>\n<td width=\"300\"><span style=\"color: #000080;\">Ministarstvo regionalnoga razvoja i fondova Europske unije<\/span><\/td>\n<td colspan=\"2\"><span style=\"color: #000080;\">\u010dlan s pravom glasa<\/span><\/td>\n<\/tr>\n<tr>\n<td><span style=\"color: #000000;\">Kova\u010d<\/span><\/td>\n<td><span style=\"color: #000000;\">Mislav<\/span><\/td>\n<td width=\"300\"><span style=\"color: #000000;\">Ministarstvo regionalnoga razvoja i fondova Europske unije<\/span><\/td>\n<td colspan=\"2\"><span style=\"color: #000000;\">zamjenik \u010dlana s pravom glasa<\/span><\/td>\n<\/tr>\n<tr>\n<td><span style=\"color: #000080;\">Malnar<\/span><\/td>\n<td><span style=\"color: #000080;\">Alen<\/span><\/td>\n<td width=\"300\"><span style=\"color: #000080;\">Ministarstvo regionalnoga razvoja i fondova Europske unije<\/span><\/td>\n<td colspan=\"2\"><span style=\"color: #000080;\">\u010dlan s pravom glasa<\/span><\/td>\n<\/tr>\n<tr>\n<td><span style=\"color: #000000;\">Arneri<\/span><\/td>\n<td><span style=\"color: #000000;\">Stella<\/span><\/td>\n<td width=\"300\"><span style=\"color: #000000;\">Ministarstvo regionalnoga razvoja i fondova Europske unije<\/span><\/td>\n<td colspan=\"2\"><span style=\"color: #000000;\">zamjenica \u010dlana s pravom glasa<\/span><\/td>\n<\/tr>\n<tr>\n<td><span style=\"color: #000080;\">Ha\u0111im<\/span><\/td>\n<td><span style=\"color: #000080;\">Davor<\/span><\/td>\n<td width=\"300\"><span style=\"color: #000080;\">Ministarstvo gospodarstva i odr\u017eivog razvoja<br \/>\n<\/span><\/td>\n<td colspan=\"2\"><span style=\"color: #000080;\">\u010dlan s pravom glasa<\/span><\/td>\n<\/tr>\n<tr>\n<td><span style=\"color: #000000;\">Kova\u010devi\u0107 Gr\u010di\u0107<\/span><\/td>\n<td><span style=\"color: #000000;\">Helia<\/span><\/td>\n<td width=\"300\"><span style=\"color: #000000;\">Ministarstvo gospodarstva i odr\u017eivog razvoja<\/span><\/td>\n<td colspan=\"2\"><span style=\"color: #000000;\">zamjenica \u010dlana s pravom glasa<\/span><\/td>\n<\/tr>\n<tr>\n<td><span style=\"color: #000080;\">Preradovi\u0107<\/span><\/td>\n<td><span style=\"color: #000080;\">Mila<\/span><\/td>\n<td width=\"300\"><span style=\"color: #000080;\">Ministarstvo gospodarstva i odr\u017eivog razvoja<\/span><\/td>\n<td colspan=\"2\"><span style=\"color: #000080;\">\u010dlanica s pravom glasa<\/span><\/td>\n<\/tr>\n<tr>\n<td><span style=\"color: #000000;\">Zovko<\/span><\/td>\n<td><span style=\"color: #000000;\">Sandra<\/span><\/td>\n<td width=\"300\"><span style=\"color: #000000;\">Ministarstvo unutarnjih poslova<\/span><\/td>\n<td colspan=\"2\"><span style=\"color: #000000;\">zamjenica \u010dlanice s pravom glasa<\/span><\/td>\n<\/tr>\n<tr>\n<td><span style=\"color: #000080;\">Slivar<\/span><\/td>\n<td><span style=\"color: #000080;\">Ksenija<\/span><\/td>\n<td width=\"300\"><span style=\"color: #000080;\">Ministarstvo turizma i sporta<\/span><\/td>\n<td colspan=\"2\"><span style=\"color: #000080;\">\u010dlanica s pravom glasa<\/span><\/td>\n<\/tr>\n<tr>\n<td><span style=\"color: #000000;\">Deranja Crnoki\u0107<\/span><\/td>\n<td><span style=\"color: #000000;\">Anu\u0161ka<\/span><\/td>\n<td width=\"300\"><span style=\"color: #000000;\">Ministarstvo kulture i medija<\/span><\/td>\n<td colspan=\"2\"><span style=\"color: #000000;\">zamjenica \u010dlanice s pravom glasa<\/span><\/td>\n<\/tr>\n<tr>\n<td><span style=\"color: #000080;\">Nordio<\/span><\/td>\n<td><span style=\"color: #000080;\">Danijela<\/span><\/td>\n<td width=\"300\"><span style=\"color: #000080;\">Ministarstvo zdravstva<\/span><\/td>\n<td colspan=\"2\"><span style=\"color: #000080;\">\u010dlanica s pravom glasa<\/span><\/td>\n<\/tr>\n<tr>\n<td><span style=\"color: #000000;\">Ivandi\u0107 Bla\u017eina<\/span><\/td>\n<td><span style=\"color: #000000;\">\u017deljka<\/span><\/td>\n<td width=\"300\">Ministarstvo rada, mirovinskoga sustava, obitelji i socijalne politike<\/td>\n<td colspan=\"2\"><span style=\"color: #000000;\">zamjenica \u010dlanice s pravom glasa<\/span><\/td>\n<\/tr>\n<tr>\n<td><span style=\"color: #000080;\">Szabo<\/span><\/td>\n<td><span style=\"color: #000080;\">Ingrid<\/span><\/td>\n<td width=\"300\"><span style=\"color: #000080;\">Ministarstvo vanjskih i europskih poslova<\/span><\/td>\n<td colspan=\"2\"><span style=\"color: #000080;\">savjetodavna \u010dlanica bez prava glasa<\/span><\/td>\n<\/tr>\n<tr>\n<td><span style=\"color: #000000;\">Sladovi\u0107<\/span><\/td>\n<td><span style=\"color: #000000;\">Biserka<\/span><\/td>\n<td width=\"300\"><span style=\"color: #000000;\">Hrvatska udruga poslodavaca<\/span><\/td>\n<td colspan=\"2\"><span style=\"color: #000000;\">zamjenica savjetodavne \u010dlanice bez prava glasa<\/span><\/td>\n<\/tr>\n<tr>\n<td><span style=\"color: #000080;\">Barilar<\/span><\/td>\n<td><span style=\"color: #000080;\">Karolina<\/span><\/td>\n<td width=\"300\"><span style=\"color: #000080;\">Krapinsko-Zagorska \u017eupanija (Zagorska razvojna agencija)<\/span><\/td>\n<td colspan=\"2\"><span style=\"color: #000080;\">savjetodavna \u010dlanica bez prava glasa<\/span><\/td>\n<\/tr>\n<tr>\n<td><span style=\"color: #000000;\">Bosich<\/span><\/td>\n<td><span style=\"color: #000000;\">Patrizia<\/span><\/td>\n<td width=\"300\"><span style=\"color: #000000;\">Istarska \u017eupanija<\/span><\/td>\n<td colspan=\"2\"><span style=\"color: #000000;\">zamjenica savjetodavne \u010dlanice bez prava glasa<\/span><\/td>\n<\/tr>\n<tr>\n<td><span style=\"color: #000080;\">Ra\u0161i\u0107<\/span><\/td>\n<td><span style=\"color: #000080;\">Iva<\/span><\/td>\n<td width=\"300\"><span style=\"color: #000080;\">Vlada Republike Hrvatske, Ured za udruge<\/span><\/td>\n<td colspan=\"2\"><span style=\"color: #000080;\">savjetodavna \u010dlanica bez prava glasa<\/span><\/td>\n<\/tr>\n<tr>\n<td><span style=\"color: #000000;\">Bumber<\/span><\/td>\n<td><span style=\"color: #000000;\">Zvonko<\/span><\/td>\n<td width=\"300\"><span style=\"color: #000000;\">Udruga za prirodoslovna istra\u017eivanja<\/span><\/td>\n<td colspan=\"2\"><span style=\"color: #000000;\">zamjenik savjetodavne \u010dlanice bez prava glasa<\/span><\/td>\n<\/tr>\n<tr>\n<td><span style=\"color: #000080;\">Brumnjak Ili\u010di\u0107<\/span><\/td>\n<td><span style=\"color: #000080;\">Ana<\/span><\/td>\n<td width=\"300\"><span style=\"color: #000080;\">Udruga gradova u Republici Hrvatskoj<\/span><\/td>\n<td colspan=\"2\"><span style=\"color: #000080;\">savjetodavna \u010dlanica bez prava glasa<\/span><\/td>\n<\/tr>\n<tr>\n<td><span style=\"color: #000000;\">Paliska<\/span><\/td>\n<td><span style=\"color: #000000;\">Glorija<\/span><\/td>\n<td width=\"300\"><span style=\"color: #000000;\">Hrvatska zajednica op\u0107ina, Op\u0107ina Ra\u0161a<\/span><\/td>\n<td colspan=\"2\"><span style=\"color: #000000;\">zamjenica savjetodavne \u010dlanice bez prava glasa<\/span><\/td>\n<\/tr>\n<\/tbody>\n<\/table>\n<\/div><\/section><\/div>\n","protected":false},"excerpt":{"rendered":"","protected":false},"author":1,"featured_media":0,"parent":114,"menu_order":0,"comment_status":"closed","ping_status":"closed","template":"","meta":{"ngg_post_thumbnail":0},"acf":[],"_links":{"self":[{"href":"http:\/\/www.si-hr.eu\/hr2\/wp-json\/wp\/v2\/pages\/324"}],"collection":[{"href":"http:\/\/www.si-hr.eu\/hr2\/wp-json\/wp\/v2\/pages"}],"about":[{"href":"http:\/\/www.si-hr.eu\/hr2\/wp-json\/wp\/v2\/types\/page"}],"author":[{"embeddable":true,"href":"http:\/\/www.si-hr.eu\/hr2\/wp-json\/wp\/v2\/users\/1"}],"replies":[{"embeddable":true,"href":"http:\/\/www.si-hr.eu\/hr2\/wp-json\/wp\/v2\/comments?post=324"}],"version-history":[{"count":40,"href":"http:\/\/www.si-hr.eu\/hr2\/wp-json\/wp\/v2\/pages\/324\/revisions"}],"predecessor-version":[{"id":5222,"href":"http:\/\/www.si-hr.eu\/hr2\/wp-json\/wp\/v2\/pages\/324\/revisions\/5222"}],"up":[{"embeddable":true,"href":"http:\/\/www.si-hr.eu\/hr2\/wp-json\/wp\/v2\/pages\/114"}],"wp:attachment":[{"href":"http:\/\/www.si-hr.eu\/hr2\/wp-json\/wp\/v2\/media?parent=324"}],"curies":[{"name":"wp","href":"https:\/\/api.w.org\/{rel}","templated":true}]}}