{"id":3302,"date":"2018-11-29T15:45:55","date_gmt":"2018-11-29T14:45:55","guid":{"rendered":"http:\/\/www.si-hr.eu\/hr2\/?page_id=3302"},"modified":"2018-11-29T15:45:55","modified_gmt":"2018-11-29T14:45:55","slug":"treca-radionica-o-izvjestavanju-studeni-2018","status":"publish","type":"page","link":"http:\/\/www.si-hr.eu\/hr2\/treca-radionica-o-izvjestavanju-studeni-2018\/","title":{"rendered":"Tre\u0107a radionica o izvje\u0161tavanju (studeni 2018.)"},"content":{"rendered":"<div id='layer_slider_1'  class='avia-layerslider main_color avia-shadow  avia-builder-el-0  el_before_av_one_full  avia-builder-el-first  container_wrap sidebar_right'  style='height: 251px;'  ><\/div><div id='after_layer_slider_1'  class='main_color av_default_container_wrap container_wrap sidebar_right'  ><div class='container av-section-cont-open' ><div class='template-page content  av-content-small alpha units'><div class='post-entry post-entry-type-page post-entry-3302'><div class='entry-content-wrapper clearfix'>\n\n<style type=\"text\/css\" data-created_by=\"avia_inline_auto\" id=\"style-css-av-av_one_full-352b07ef7d3bc99b2e9f92e7a9e06bdb\">\n.flex_column.av-av_one_full-352b07ef7d3bc99b2e9f92e7a9e06bdb{\nborder-radius:0px 0px 0px 0px;\n-webkit-border-radius:0px 0px 0px 0px;\n-moz-border-radius:0px 0px 0px 0px;\n}\n<\/style>\n<div class='flex_column av-av_one_full-352b07ef7d3bc99b2e9f92e7a9e06bdb av_one_full  avia-builder-el-1  el_after_av_layerslider  el_before_av_one_fourth  avia-builder-el-first  first flex_column_div av-zero-column-padding '   ><section  class='av_textblock_section av-av_textblock-2de302bf1aa3cf4c9157dbe6f50ac7eb'  itemscope=\"itemscope\" itemtype=\"https:\/\/schema.org\/CreativeWork\" ><div class='avia_textblock'  itemprop=\"text\" ><h3>Tre\u0107a radionica <strong>o izvje\u0161tavanju za vode\u0107e i projektne partnere\u00a0odobrenih projekata<\/strong><\/h3>\n<\/div><\/section><\/div>\n<style type=\"text\/css\" data-created_by=\"avia_inline_auto\" id=\"style-css-av-av_one_fourth-352b07ef7d3bc99b2e9f92e7a9e06bdb\">\n.flex_column.av-av_one_fourth-352b07ef7d3bc99b2e9f92e7a9e06bdb{\nborder-radius:0px 0px 0px 0px;\n-webkit-border-radius:0px 0px 0px 0px;\n-moz-border-radius:0px 0px 0px 0px;\n}\n<\/style>\n<div class='flex_column av-av_one_fourth-352b07ef7d3bc99b2e9f92e7a9e06bdb av_one_fourth  avia-builder-el-3  el_after_av_one_full  el_before_av_one_fourth  first flex_column_div av-zero-column-padding column-top-margin'   ><section  class='av_textblock_section av-av_textblock-2de302bf1aa3cf4c9157dbe6f50ac7eb'  itemscope=\"itemscope\" itemtype=\"https:\/\/schema.org\/CreativeWork\" ><div class='avia_textblock'  itemprop=\"text\" ><h5>Prezentacije<\/h5>\n<ul>\n<li><a href=\"http:\/\/www.si-hr.eu\/hr2\/download\/SI-HR-Informiranje-in-obvescanje_2.pdf\">SI-HR Informiranje i komunikacija<\/a><\/li>\n<li><a href=\"http:\/\/www.si-hr.eu\/hr2\/download\/SI-HR-Porocanje-o-napredku-projekta_2.pdf\">SI-HR Izvje\u0161tavanje o napretku projekta<\/a><\/li>\n<li><a href=\"http:\/\/www.si-hr.eu\/hr2\/download\/Izvjestavanje-i-prihvatljivost-troskova_2.pdf\">Izvje\u0161tavanje i prihvatljivost tro\u0161kova<\/a><\/li>\n<li><a href=\"http:\/\/www.si-hr.eu\/hr2\/download\/Nepravilnosti-i-prijevare_2.pdf\">Nepravilnosti i prijevare<\/a><\/li>\n<\/ul>\n<\/div><\/section><\/div>\n<style type=\"text\/css\" data-created_by=\"avia_inline_auto\" id=\"style-css-av-av_one_fourth-2a64de42b738552fe666ca889af77e28\">\n.flex_column.av-av_one_fourth-2a64de42b738552fe666ca889af77e28{\nborder-radius:0px 0px 0px 0px;\n-webkit-border-radius:0px 0px 0px 0px;\n-moz-border-radius:0px 0px 0px 0px;\n}\n<\/style>\n<div class='flex_column av-av_one_fourth-2a64de42b738552fe666ca889af77e28 av_one_fourth  avia-builder-el-5  el_after_av_one_fourth  el_before_av_one_half  flex_column_div av-zero-column-padding column-top-margin'   ><section  class='av_textblock_section av-av_textblock-2de302bf1aa3cf4c9157dbe6f50ac7eb'  itemscope=\"itemscope\" itemtype=\"https:\/\/schema.org\/CreativeWork\" ><div class='avia_textblock'  itemprop=\"text\" ><h5>Pozivnica<\/h5>\n<ul>\n<li><a href=\"http:\/\/www.si-hr.eu\/hr2\/download\/Vabilo-pozivnica_porocanje-izvjestavanje-3.rok_.pdf\">Pozivnica &#8211; tre\u0107a radionica o izvje\u0161tavanju<\/a><\/li>\n<\/ul>\n<\/div><\/section><\/div><\/p>\n\n<style type=\"text\/css\" data-created_by=\"avia_inline_auto\" id=\"style-css-av-av_one_half-2a64de42b738552fe666ca889af77e28\">\n.flex_column.av-av_one_half-2a64de42b738552fe666ca889af77e28{\nborder-radius:0px 0px 0px 0px;\n-webkit-border-radius:0px 0px 0px 0px;\n-moz-border-radius:0px 0px 0px 0px;\n}\n<\/style>\n<div class='flex_column av-av_one_half-2a64de42b738552fe666ca889af77e28 av_one_half  avia-builder-el-7  el_after_av_one_fourth  el_before_av_one_full  flex_column_div av-zero-column-padding column-top-margin'   ><section  class='av_textblock_section av-av_textblock-2de302bf1aa3cf4c9157dbe6f50ac7eb'  itemscope=\"itemscope\" itemtype=\"https:\/\/schema.org\/CreativeWork\" ><div class='avia_textblock'  itemprop=\"text\" ><p>28. studenog 2018. godine u Ljubljani je odr\u017eana radionica na temu izvje\u0161tavanja za projekte odobrene u okviru 3. roka Otvorenog javnog poziva.<\/p>\n<p>U okviru 3. roka Otvorenog javnog poziva na dostavu projektnih prijedloga Progama suradnje Interreg V-A Slovenija-Hrvatska za razdoblje 2014-2020 bilo je odobreno 17 projekata. Za vode\u0107e i projektne partnere tih projekata odr\u017eana je radionica o izvje\u0161tavanju.<\/p>\n<p>Sudionicima su na radionici predstavljene smjernice o informiranju i obavje\u0161tavanju te smjernice o izvje\u0161tavanju. Sredi\u0161nji dio radionice bio je namijenjen prakti\u010dnom predstavljanju postupka izvje\u0161tavanja u elektroni\u010dkom sustavu za pra\u0107enje (eMS) s naglaskom na naj\u010de\u0161\u0107im gre\u0161kama, koje se pojavljuju tijekom izvje\u0161tavanja. U drugom dijelu radionice predstavnici hrvatske prvostupanjske kontrole hrvatskim korisnicima su predstavili nacionalna pravila o izvje\u0161tavanju.<\/p>\n<p>Radionici je prisustvovalo 190 korisnika u ulozi vode\u0107eg ili projektnog partnera. Na radionici su bili prisutni i programski partneri iz obje dr\u017eave.<\/p>\n<\/div><\/section><\/div>\n\n<style type=\"text\/css\" data-created_by=\"avia_inline_auto\" id=\"style-css-av-av_one_full-352b07ef7d3bc99b2e9f92e7a9e06bdb\">\n.flex_column.av-av_one_full-352b07ef7d3bc99b2e9f92e7a9e06bdb{\nborder-radius:0px 0px 0px 0px;\n-webkit-border-radius:0px 0px 0px 0px;\n-moz-border-radius:0px 0px 0px 0px;\n}\n<\/style>\n<div class='flex_column av-av_one_full-352b07ef7d3bc99b2e9f92e7a9e06bdb av_one_full  avia-builder-el-9  el_after_av_one_half  avia-builder-el-last  first flex_column_div av-zero-column-padding column-top-margin'   ><style type=\"text\/css\" data-created_by=\"avia_inline_auto\" id=\"style-css-av-av_gallery-e287b9c206ab5645c55996be2b0e01d6\">\n#top .avia-gallery.av-av_gallery-e287b9c206ab5645c55996be2b0e01d6 .avia-gallery-thumb a{\nwidth:20%;\n}\n<\/style>\n<div  class='avia-gallery av-av_gallery-e287b9c206ab5645c55996be2b0e01d6 avia_animate_when_visible  avia-builder-el-10  avia-builder-el-no-sibling  avia_lazyload avia-gallery-animate avia-gallery-1'  itemprop=\"image\" itemscope=\"itemscope\" itemtype=\"https:\/\/schema.org\/ImageObject\" ><div class='avia-gallery-thumb'> <a href=\"http:\/\/www.si-hr.eu\/hr2\/wp-content\/uploads\/sites\/13\/2018\/11\/DSCN4309-1-1030x773.jpg\" data-srcset=\"http:\/\/www.si-hr.eu\/hr2\/wp-content\/uploads\/sites\/13\/2018\/11\/DSCN4309-1-1030x773.jpg 1030w, http:\/\/www.si-hr.eu\/hr2\/wp-content\/uploads\/sites\/13\/2018\/11\/DSCN4309-1-300x225.jpg 300w, http:\/\/www.si-hr.eu\/hr2\/wp-content\/uploads\/sites\/13\/2018\/11\/DSCN4309-1-768x576.jpg 768w, http:\/\/www.si-hr.eu\/hr2\/wp-content\/uploads\/sites\/13\/2018\/11\/DSCN4309-1-600x450.jpg 600w, http:\/\/www.si-hr.eu\/hr2\/wp-content\/uploads\/sites\/13\/2018\/11\/DSCN4309-1-1500x1125.jpg 1500w, http:\/\/www.si-hr.eu\/hr2\/wp-content\/uploads\/sites\/13\/2018\/11\/DSCN4309-1-705x529.jpg 705w, http:\/\/www.si-hr.eu\/hr2\/wp-content\/uploads\/sites\/13\/2018\/11\/DSCN4309-1-450x338.jpg 450w\" data-sizes=\"(max-width: 1030px) 100vw, 1030px\" data-rel='gallery-1' data-prev-img='http:\/\/www.si-hr.eu\/hr2\/wp-content\/uploads\/sites\/13\/2018\/11\/DSCN4309-1-495x400.jpg' class='first_thumb lightbox ' data-onclick='1' title='DSCN4309'  itemprop=\"thumbnailUrl\"  ><img decoding=\"async\" class=\"wp-image-3306 avia-img-lazy-loading-not-3306\"   src=\"http:\/\/www.si-hr.eu\/hr2\/wp-content\/uploads\/sites\/13\/2018\/11\/DSCN4309-1-495x400.jpg\" width=\"495\" height=\"400\"  title='DSCN4309' alt='' srcset=\"http:\/\/www.si-hr.eu\/hr2\/wp-content\/uploads\/sites\/13\/2018\/11\/DSCN4309-1-495x400.jpg 495w, http:\/\/www.si-hr.eu\/hr2\/wp-content\/uploads\/sites\/13\/2018\/11\/DSCN4309-1-845x684.jpg 845w\" sizes=\"(max-width: 495px) 100vw, 495px\" \/><\/a> <a href=\"http:\/\/www.si-hr.eu\/hr2\/wp-content\/uploads\/sites\/13\/2018\/11\/DSCN4311-1-1030x773.jpg\" data-srcset=\"http:\/\/www.si-hr.eu\/hr2\/wp-content\/uploads\/sites\/13\/2018\/11\/DSCN4311-1-1030x773.jpg 1030w, http:\/\/www.si-hr.eu\/hr2\/wp-content\/uploads\/sites\/13\/2018\/11\/DSCN4311-1-300x225.jpg 300w, http:\/\/www.si-hr.eu\/hr2\/wp-content\/uploads\/sites\/13\/2018\/11\/DSCN4311-1-768x576.jpg 768w, http:\/\/www.si-hr.eu\/hr2\/wp-content\/uploads\/sites\/13\/2018\/11\/DSCN4311-1-600x450.jpg 600w, http:\/\/www.si-hr.eu\/hr2\/wp-content\/uploads\/sites\/13\/2018\/11\/DSCN4311-1-1500x1125.jpg 1500w, http:\/\/www.si-hr.eu\/hr2\/wp-content\/uploads\/sites\/13\/2018\/11\/DSCN4311-1-705x529.jpg 705w, http:\/\/www.si-hr.eu\/hr2\/wp-content\/uploads\/sites\/13\/2018\/11\/DSCN4311-1-450x338.jpg 450w\" data-sizes=\"(max-width: 1030px) 100vw, 1030px\" data-rel='gallery-1' data-prev-img='http:\/\/www.si-hr.eu\/hr2\/wp-content\/uploads\/sites\/13\/2018\/11\/DSCN4311-1-495x400.jpg' class='lightbox ' data-onclick='2' title='DSCN4311'  itemprop=\"thumbnailUrl\"  ><img decoding=\"async\" class=\"wp-image-3307 avia-img-lazy-loading-not-3307\"   src=\"http:\/\/www.si-hr.eu\/hr2\/wp-content\/uploads\/sites\/13\/2018\/11\/DSCN4311-1-495x400.jpg\" width=\"495\" height=\"400\"  title='DSCN4311' alt='' srcset=\"http:\/\/www.si-hr.eu\/hr2\/wp-content\/uploads\/sites\/13\/2018\/11\/DSCN4311-1-495x400.jpg 495w, http:\/\/www.si-hr.eu\/hr2\/wp-content\/uploads\/sites\/13\/2018\/11\/DSCN4311-1-845x684.jpg 845w\" sizes=\"(max-width: 495px) 100vw, 495px\" \/><\/a> <a href=\"http:\/\/www.si-hr.eu\/hr2\/wp-content\/uploads\/sites\/13\/2018\/11\/DSCN4314-1-1030x773.jpg\" data-srcset=\"http:\/\/www.si-hr.eu\/hr2\/wp-content\/uploads\/sites\/13\/2018\/11\/DSCN4314-1-1030x773.jpg 1030w, http:\/\/www.si-hr.eu\/hr2\/wp-content\/uploads\/sites\/13\/2018\/11\/DSCN4314-1-300x225.jpg 300w, http:\/\/www.si-hr.eu\/hr2\/wp-content\/uploads\/sites\/13\/2018\/11\/DSCN4314-1-768x576.jpg 768w, http:\/\/www.si-hr.eu\/hr2\/wp-content\/uploads\/sites\/13\/2018\/11\/DSCN4314-1-600x450.jpg 600w, http:\/\/www.si-hr.eu\/hr2\/wp-content\/uploads\/sites\/13\/2018\/11\/DSCN4314-1-1500x1125.jpg 1500w, http:\/\/www.si-hr.eu\/hr2\/wp-content\/uploads\/sites\/13\/2018\/11\/DSCN4314-1-705x529.jpg 705w, http:\/\/www.si-hr.eu\/hr2\/wp-content\/uploads\/sites\/13\/2018\/11\/DSCN4314-1-450x338.jpg 450w\" data-sizes=\"(max-width: 1030px) 100vw, 1030px\" data-rel='gallery-1' data-prev-img='http:\/\/www.si-hr.eu\/hr2\/wp-content\/uploads\/sites\/13\/2018\/11\/DSCN4314-1-495x400.jpg' class='lightbox ' data-onclick='3' title='DSCN4314'  itemprop=\"thumbnailUrl\"  ><img decoding=\"async\" class=\"wp-image-3308 avia-img-lazy-loading-not-3308\"   src=\"http:\/\/www.si-hr.eu\/hr2\/wp-content\/uploads\/sites\/13\/2018\/11\/DSCN4314-1-495x400.jpg\" width=\"495\" height=\"400\"  title='DSCN4314' alt='' srcset=\"http:\/\/www.si-hr.eu\/hr2\/wp-content\/uploads\/sites\/13\/2018\/11\/DSCN4314-1-495x400.jpg 495w, http:\/\/www.si-hr.eu\/hr2\/wp-content\/uploads\/sites\/13\/2018\/11\/DSCN4314-1-845x684.jpg 845w\" sizes=\"(max-width: 495px) 100vw, 495px\" \/><\/a> <a href=\"http:\/\/www.si-hr.eu\/hr2\/wp-content\/uploads\/sites\/13\/2018\/11\/DSCN4324-1-1030x773.jpg\" data-srcset=\"http:\/\/www.si-hr.eu\/hr2\/wp-content\/uploads\/sites\/13\/2018\/11\/DSCN4324-1-1030x773.jpg 1030w, http:\/\/www.si-hr.eu\/hr2\/wp-content\/uploads\/sites\/13\/2018\/11\/DSCN4324-1-300x225.jpg 300w, http:\/\/www.si-hr.eu\/hr2\/wp-content\/uploads\/sites\/13\/2018\/11\/DSCN4324-1-768x576.jpg 768w, http:\/\/www.si-hr.eu\/hr2\/wp-content\/uploads\/sites\/13\/2018\/11\/DSCN4324-1-600x450.jpg 600w, http:\/\/www.si-hr.eu\/hr2\/wp-content\/uploads\/sites\/13\/2018\/11\/DSCN4324-1-1500x1125.jpg 1500w, http:\/\/www.si-hr.eu\/hr2\/wp-content\/uploads\/sites\/13\/2018\/11\/DSCN4324-1-705x529.jpg 705w, http:\/\/www.si-hr.eu\/hr2\/wp-content\/uploads\/sites\/13\/2018\/11\/DSCN4324-1-450x338.jpg 450w\" data-sizes=\"(max-width: 1030px) 100vw, 1030px\" data-rel='gallery-1' data-prev-img='http:\/\/www.si-hr.eu\/hr2\/wp-content\/uploads\/sites\/13\/2018\/11\/DSCN4324-1-495x400.jpg' class='lightbox ' data-onclick='4' title='DSCN4324'  itemprop=\"thumbnailUrl\"  ><img decoding=\"async\" class=\"wp-image-3309 avia-img-lazy-loading-not-3309\"   src=\"http:\/\/www.si-hr.eu\/hr2\/wp-content\/uploads\/sites\/13\/2018\/11\/DSCN4324-1-495x400.jpg\" width=\"495\" height=\"400\"  title='DSCN4324' alt='' srcset=\"http:\/\/www.si-hr.eu\/hr2\/wp-content\/uploads\/sites\/13\/2018\/11\/DSCN4324-1-495x400.jpg 495w, http:\/\/www.si-hr.eu\/hr2\/wp-content\/uploads\/sites\/13\/2018\/11\/DSCN4324-1-845x684.jpg 845w\" sizes=\"(max-width: 495px) 100vw, 495px\" \/><\/a> <a href=\"http:\/\/www.si-hr.eu\/hr2\/wp-content\/uploads\/sites\/13\/2018\/11\/DSCN4326-1-1030x773.jpg\" data-srcset=\"http:\/\/www.si-hr.eu\/hr2\/wp-content\/uploads\/sites\/13\/2018\/11\/DSCN4326-1-1030x773.jpg 1030w, http:\/\/www.si-hr.eu\/hr2\/wp-content\/uploads\/sites\/13\/2018\/11\/DSCN4326-1-300x225.jpg 300w, http:\/\/www.si-hr.eu\/hr2\/wp-content\/uploads\/sites\/13\/2018\/11\/DSCN4326-1-768x576.jpg 768w, http:\/\/www.si-hr.eu\/hr2\/wp-content\/uploads\/sites\/13\/2018\/11\/DSCN4326-1-600x450.jpg 600w, http:\/\/www.si-hr.eu\/hr2\/wp-content\/uploads\/sites\/13\/2018\/11\/DSCN4326-1-1500x1125.jpg 1500w, http:\/\/www.si-hr.eu\/hr2\/wp-content\/uploads\/sites\/13\/2018\/11\/DSCN4326-1-705x529.jpg 705w, http:\/\/www.si-hr.eu\/hr2\/wp-content\/uploads\/sites\/13\/2018\/11\/DSCN4326-1-450x338.jpg 450w\" data-sizes=\"(max-width: 1030px) 100vw, 1030px\" data-rel='gallery-1' data-prev-img='http:\/\/www.si-hr.eu\/hr2\/wp-content\/uploads\/sites\/13\/2018\/11\/DSCN4326-1-495x400.jpg' class='lightbox ' data-onclick='5' title='DSCN4326'  itemprop=\"thumbnailUrl\"  ><img decoding=\"async\" class=\"wp-image-3310 avia-img-lazy-loading-not-3310\"   src=\"http:\/\/www.si-hr.eu\/hr2\/wp-content\/uploads\/sites\/13\/2018\/11\/DSCN4326-1-495x400.jpg\" width=\"495\" height=\"400\"  title='DSCN4326' alt='' srcset=\"http:\/\/www.si-hr.eu\/hr2\/wp-content\/uploads\/sites\/13\/2018\/11\/DSCN4326-1-495x400.jpg 495w, http:\/\/www.si-hr.eu\/hr2\/wp-content\/uploads\/sites\/13\/2018\/11\/DSCN4326-1-845x684.jpg 845w\" sizes=\"(max-width: 495px) 100vw, 495px\" \/><\/a><\/div><\/div><\/div>\n","protected":false},"excerpt":{"rendered":"","protected":false},"author":1,"featured_media":0,"parent":0,"menu_order":0,"comment_status":"closed","ping_status":"closed","template":"","meta":{"ngg_post_thumbnail":0},"acf":[],"_links":{"self":[{"href":"http:\/\/www.si-hr.eu\/hr2\/wp-json\/wp\/v2\/pages\/3302"}],"collection":[{"href":"http:\/\/www.si-hr.eu\/hr2\/wp-json\/wp\/v2\/pages"}],"about":[{"href":"http:\/\/www.si-hr.eu\/hr2\/wp-json\/wp\/v2\/types\/page"}],"author":[{"embeddable":true,"href":"http:\/\/www.si-hr.eu\/hr2\/wp-json\/wp\/v2\/users\/1"}],"replies":[{"embeddable":true,"href":"http:\/\/www.si-hr.eu\/hr2\/wp-json\/wp\/v2\/comments?post=3302"}],"version-history":[{"count":5,"href":"http:\/\/www.si-hr.eu\/hr2\/wp-json\/wp\/v2\/pages\/3302\/revisions"}],"predecessor-version":[{"id":3312,"href":"http:\/\/www.si-hr.eu\/hr2\/wp-json\/wp\/v2\/pages\/3302\/revisions\/3312"}],"wp:attachment":[{"href":"http:\/\/www.si-hr.eu\/hr2\/wp-json\/wp\/v2\/media?parent=3302"}],"curies":[{"name":"wp","href":"https:\/\/api.w.org\/{rel}","templated":true}]}}