{"id":36,"date":"2015-10-02T21:29:47","date_gmt":"2015-10-02T20:29:47","guid":{"rendered":"http:\/\/84.39.218.252\/si2\/?page_id=36"},"modified":"2016-02-02T14:40:29","modified_gmt":"2016-02-02T13:40:29","slug":"zakonodaja-eu","status":"publish","type":"page","link":"http:\/\/www.si-hr.eu\/hr2\/program\/zakonodaja-eu\/","title":{"rendered":"EU zakonodavstvo"},"content":{"rendered":"<div id='layer_slider_1'  class='avia-layerslider main_color avia-shadow  avia-builder-el-0  el_before_av_one_full  avia-builder-el-first  container_wrap sidebar_right'  style='height: 251px;'  ><\/div><div id='after_layer_slider_1'  class='main_color av_default_container_wrap container_wrap sidebar_right'  ><div class='container av-section-cont-open' ><div class='template-page content  av-content-small alpha units'><div class='post-entry post-entry-type-page post-entry-36'><div class='entry-content-wrapper clearfix'>\n\n<style type=\"text\/css\" data-created_by=\"avia_inline_auto\" id=\"style-css-av-av_one_full-352b07ef7d3bc99b2e9f92e7a9e06bdb\">\n.flex_column.av-av_one_full-352b07ef7d3bc99b2e9f92e7a9e06bdb{\nborder-radius:0px 0px 0px 0px;\n-webkit-border-radius:0px 0px 0px 0px;\n-moz-border-radius:0px 0px 0px 0px;\n}\n<\/style>\n<div class='flex_column av-av_one_full-352b07ef7d3bc99b2e9f92e7a9e06bdb av_one_full  avia-builder-el-1  el_after_av_layerslider  avia-builder-el-no-sibling  first flex_column_div av-zero-column-padding '   ><section  class='av_textblock_section av-av_textblock-0366cc7376be6c9e82a3e9cc8987b64f'  itemscope=\"itemscope\" itemtype=\"https:\/\/schema.org\/CreativeWork\" ><div class='avia_textblock'  itemprop=\"text\" ><h2>EU ZAKONODAVSTVO<\/h2>\n<ul>\n<li>UREDBA (EU) br. 1299\/2013 EUROPSKOG PARLAMENTA I VIJE\u0106A od 17. prosinca 2013.., vezano uz \u00bbEuropsku teritorijalnu suranju o posebnim odredbama za potporu iz Europskog fonda za regionalni razvoj.<\/li>\n<\/ul>\n<ul>\n<li>UREDBA (EU) br. 1301\/2013 EUROPSKOG PARLAMENTA I VIJE\u0106A od 17. prosinca 2013. o Europskom fondu za regionalni razvoj i o posebnim odredbama vezanim uz \u201eUlaganje za rast i radna mjesta\u201d te stavljanju van snage Uredbe (EZ) br. 1080\/2006<\/li>\n<\/ul>\n<ul>\n<li>UREDBA (EU) br. 1303\/2013 EUROPSKOG PARLAMENTA I VIJE\u0106A od 17. prosinca 2013. o utvr\u0111ivanju zajedni\u010dkih odredbi o Europskom fondu za regionalni razvoj, Europskom socijalnom fondu, Kohezijskom fondu, Europskom poljoprivrednom fondu za ruralni razvoj i Europskom fondu za pomorstvo i ribarstvo, te o utvr\u0111ivanju op\u0107ih odredbi o Europskom fondu za regionalni razvoj, Europskom socijalnom fondu, Kohezijskom fondu i Europskom fondu za pomorstvo i ribarstvo, te stavljanju van snage Uredbe Vije\u0107a (EZ) br. 1083\/2006<\/li>\n<\/ul>\n<\/div><\/section><\/div>\n","protected":false},"excerpt":{"rendered":"","protected":false},"author":3,"featured_media":0,"parent":187,"menu_order":2,"comment_status":"closed","ping_status":"closed","template":"","meta":{"ngg_post_thumbnail":0},"acf":[],"_links":{"self":[{"href":"http:\/\/www.si-hr.eu\/hr2\/wp-json\/wp\/v2\/pages\/36"}],"collection":[{"href":"http:\/\/www.si-hr.eu\/hr2\/wp-json\/wp\/v2\/pages"}],"about":[{"href":"http:\/\/www.si-hr.eu\/hr2\/wp-json\/wp\/v2\/types\/page"}],"author":[{"embeddable":true,"href":"http:\/\/www.si-hr.eu\/hr2\/wp-json\/wp\/v2\/users\/3"}],"replies":[{"embeddable":true,"href":"http:\/\/www.si-hr.eu\/hr2\/wp-json\/wp\/v2\/comments?post=36"}],"version-history":[{"count":6,"href":"http:\/\/www.si-hr.eu\/hr2\/wp-json\/wp\/v2\/pages\/36\/revisions"}],"predecessor-version":[{"id":535,"href":"http:\/\/www.si-hr.eu\/hr2\/wp-json\/wp\/v2\/pages\/36\/revisions\/535"}],"up":[{"embeddable":true,"href":"http:\/\/www.si-hr.eu\/hr2\/wp-json\/wp\/v2\/pages\/187"}],"wp:attachment":[{"href":"http:\/\/www.si-hr.eu\/hr2\/wp-json\/wp\/v2\/media?parent=36"}],"curies":[{"name":"wp","href":"https:\/\/api.w.org\/{rel}","templated":true}]}}