{"id":45,"date":"2015-10-02T21:43:14","date_gmt":"2015-10-02T20:43:14","guid":{"rendered":"http:\/\/84.39.218.252\/si2\/?page_id=45"},"modified":"2025-04-10T08:20:40","modified_gmt":"2025-04-10T07:20:40","slug":"javni-razpis-za-projekte","status":"publish","type":"page","link":"http:\/\/www.si-hr.eu\/hr2\/javni-razpis\/javni-razpis-za-projekte\/","title":{"rendered":"Trajno otvoreni poziv na dostavu projekata"},"content":{"rendered":"<div id='layer_slider_1'  class='avia-layerslider main_color avia-shadow  avia-builder-el-0  el_before_av_one_half  avia-builder-el-first  container_wrap sidebar_right'  style='height: 251px;'  ><\/div><div id='after_layer_slider_1'  class='main_color av_default_container_wrap container_wrap sidebar_right'  ><div class='container av-section-cont-open' ><div class='template-page content  av-content-small alpha units'><div class='post-entry post-entry-type-page post-entry-45'><div class='entry-content-wrapper clearfix'>\n\n<style type=\"text\/css\" data-created_by=\"avia_inline_auto\" id=\"style-css-av-3tn1t-2caddfd442bb00489e5eb3e7266d1a41\">\n.flex_column.av-3tn1t-2caddfd442bb00489e5eb3e7266d1a41{\nborder-radius:0px 0px 0px 0px;\n-webkit-border-radius:0px 0px 0px 0px;\n-moz-border-radius:0px 0px 0px 0px;\n}\n<\/style>\n<div class='flex_column av-3tn1t-2caddfd442bb00489e5eb3e7266d1a41 av_one_half  avia-builder-el-1  el_after_av_layerslider  el_before_av_one_half  avia-builder-el-first  first flex_column_div av-zero-column-padding '   ><section  class='av_textblock_section av-3dch5-0fdb49ba54aa9f3eb02c5d205703840b'  itemscope=\"itemscope\" itemtype=\"https:\/\/schema.org\/CreativeWork\" ><div class='avia_textblock'  itemprop=\"text\" ><h4><strong>OTVORENI POZIV I&nbsp;NATJE\u010cAJNA DOKUMENTACIJA<\/strong><\/h4>\n<p>Na ovoj stranici objavljen je otvoreni poziv Programa suradnje Interreg V-A Slovenija \u2013 Hrvatska za razdoblje 2014.-2020.<\/p>\n<p>Program se izvodi na osnovi <strong>otvorenog javnog poziva<\/strong>, <strong>\u0161to zna\u010di da je projektne prijave mogu\u0107e neprekidno podnositi od otvaranja poziva sve dok postoje slobodna sredstva.<\/strong><\/p>\n<p>Projektne prijave zaprimljene do navedenog roka koje ispunjavaju sve uvjete biti \u0107e predmet razmatranja Odbora za pra\u0107enje.<\/p>\n<p>Prvi rok za podno\u0161enje projektnih prijava istekao je 11. o\u017eujka 2016. godine. Drugi rok za podno\u0161enje projektnih prijava zavr\u0161io je 14. studenoga 2016. godine. Tre\u0107i rok za podno\u0161enje projektnih prijava zavr\u0161io je 27. rujna 2017. godine.<\/p>\n<p><strong>\u010cetvrti rok za podno\u0161enje projektnih prijava zavr\u0161ava 12. listopada 2021. godine u 12 sati. Vijest o \u010detvrtom roku nalazi se na sljede\u0107oj poveznici: <a href=\"http:\/\/www.si-hr.eu\/hr2\/2021\/07\/15\/ciljani-4-rok-za-projekte-u-podrucju-sigurnosti-civilna-zastita-hitne-sluzbe-i-sluzbe-za-spasavanje-i-u-podrucju-prekogranicnog-javnog-prijevoza-i-odrzivih-usluga-mobilnosti-otvoren-do-12-10-2021\/\">Ciljani 4. rok<\/a><br \/>\n<\/strong><\/p>\n<p>Za op\u0107a pitanja o javnom pozivu kontaktirajte nas putem e-maila <a href=\"si-hr.svrk@gov.si\">si-hr.svrk@gov.si<\/a> ili telefona +386 1 400 3435.<\/p>\n<p style=\"text-align: justify;\"><a href=\"https:\/\/ems.si-hr.eu\/ems\" target=\"_blank\" rel=\"noopener\"><img decoding=\"async\" loading=\"lazy\" class=\"alignleft wp-image-782 \" src=\"http:\/\/84.39.218.255\/si2\/wp-content\/uploads\/sites\/14\/2015\/09\/ems_SI-HR_logo-300x260.png\" alt=\"ems_SI-HR_logo\" width=\"200\" height=\"174\"><\/a><\/p>\n<\/div><\/section><\/div>\n<style type=\"text\/css\" data-created_by=\"avia_inline_auto\" id=\"style-css-av-8y0x-ae0e1ac8a17fda4935e83156e99274e0\">\n.flex_column.av-8y0x-ae0e1ac8a17fda4935e83156e99274e0{\nborder-radius:0px 0px 0px 0px;\n-webkit-border-radius:0px 0px 0px 0px;\n-moz-border-radius:0px 0px 0px 0px;\n}\n<\/style>\n<div class='flex_column av-8y0x-ae0e1ac8a17fda4935e83156e99274e0 av_one_half  avia-builder-el-3  el_after_av_one_half  el_before_av_hr  flex_column_div av-zero-column-padding '   ><section  class='av_textblock_section av-2cy4x-c567ce99d1c40d02bac67538cd6c31ba'  itemscope=\"itemscope\" itemtype=\"https:\/\/schema.org\/CreativeWork\" ><div class='avia_textblock'  itemprop=\"text\" ><h4>DOKUMENTI<\/h4>\n<p><em>Prethodne verzije dokumenata&nbsp;mo\u017eete na\u0107i <a href=\"http:\/\/84.39.218.255\/hr2\/upute\/\" target=\"_blank\" rel=\"noopener\">ovdje<\/a>.<\/em><\/p>\n<p>Otvoreni poziv Programa suradnje Interreg V-A SI-HR:<\/p>\n<ul>\n<li><a href=\"http:\/\/www.si-hr.eu\/hr2\/download\/Otvoreni-poziv.pdf\" >Otvoreni poziv Interreg V-A SI-HR<\/a><\/li>\n<\/ul>\n<p>Priru\u010dnik o provedbi projekata za korisnike:<\/p>\n<ul>\n<li><a href=\"http:\/\/84.39.218.255\/hr2\/wp-content\/uploads\/sites\/13\/2015\/10\/Prirucnik_prvi_dio_-_O_programu.pdf\" target=\"_blank\" rel=\"noopener\">Priru\u010dnik prvi dio &#8211; O programu<\/a><\/li>\n<li><a href=\"http:\/\/www.si-hr.eu\/hr2\/download\/Prirucnik-2.-dio-Razvoj-projekta.pdf\" >Priru\u010dnik drugi dio - Razvoj projekta<\/a><\/li>\n<li><a href=\"http:\/\/www.si-hr.eu\/hr2\/download\/Prirucnik-treci-dio-Prijava-i-ocjenjivanje_2.pdf\" >Priru\u010dnik tre\u0107i dio - Prijava i ocjenjivanje<\/a><\/li>\n<li><a href=\"http:\/\/www.si-hr.eu\/hr2\/wp-content\/uploads\/sites\/13\/2015\/10\/Prirucnik_4_-_Prihvatljivost_troskova_02-17.pdf\" target=\"_blank\" rel=\"noopener\">Priru\u010dnik \u010detvrti dio &#8211; Prihvatljivost tro\u0161kova<\/a><\/li>\n<li><a href=\"http:\/\/www.si-hr.eu\/hr2\/wp-content\/uploads\/sites\/13\/2016\/07\/Prirucnik-peti-dio.pdf\">Priru\u010dnik peti dio &#8211; Izvje\u0161tavanje o napretku projekta<\/a><\/li>\n<li><a href=\"http:\/\/www.si-hr.eu\/hr2\/wp-content\/uploads\/sites\/13\/2016\/07\/Dodatak-zavrsnom-izvjescu.docx\">DODATAK zavr\u0161nom izvje\u0161\u0107u<\/a><\/li>\n<li><a href=\"http:\/\/84.39.218.255\/hr2\/wp-content\/uploads\/sites\/13\/2016\/07\/Prirucnik_2_sesti_dio_-_Informiranje_i_komunikacija.pdf\">Priru\u010dnik \u0161esti dio &#8211; Informiranje i komunikacija<\/a><\/li>\n<li><a href=\"http:\/\/www.si-hr.eu\/hr2\/wp-content\/uploads\/sites\/13\/2016\/07\/Prirucnik-sedmi-dio-Arhiviranje-i-zatvaranje-1.pdf\">Priru\u010dnik sedmi dio &#8211; Arhiviranje i zatvaranje<\/a><\/li>\n<\/ul>\n<p>Obavezni prilozi prijavnom obrascu:<\/p>\n<ul>\n<li><a href=\"http:\/\/84.39.218.255\/hr2\/wp-content\/uploads\/sites\/13\/2015\/10\/Ugovor_o_partnerstvu1.docx\" target=\"_blank\" rel=\"noopener\">Ugovor o partnerstvu<\/a><\/li>\n<li><a href=\"http:\/\/84.39.218.255\/hr2\/wp-content\/uploads\/sites\/13\/2015\/10\/Izjava_vodeceg_partnera1.docx\" target=\"_blank\" rel=\"noopener\">Izjava vode\u0107eg partnera<\/a><\/li>\n<li><a href=\"http:\/\/www.si-hr.eu\/hr2\/wp-content\/uploads\/sites\/13\/2016\/07\/Izjava_projektnog_partnera.docx\" target=\"_blank\" rel=\"noopener\">Izjava projektnog partnera<\/a><\/li>\n<\/ul>\n<p>Primjerak&nbsp;ugovora o sufinanciranju iz sredstava EFRR-a:<\/p>\n<ul>\n<li><a href=\"http:\/\/84.39.218.255\/hr2\/wp-content\/uploads\/sites\/13\/2015\/10\/Primjerak_Ugovora_o_sufinanciranju_iz_sredstava_EFRR-a_.docx\" target=\"_blank\" rel=\"noopener\">Primjerak Ugovora o sufinanciranju iz sredstava EFRR-a<\/a><\/li>\n<\/ul>\n<p>Program suradnje Interreg V-A Slovenija \u2013 Hrvatska:<\/p>\n<ul>\n<li><a href=\"http:\/\/84.39.218.255\/hr2\/wp-content\/uploads\/sites\/13\/2015\/10\/Program_suradnje_INTERREG_V-A_Slovenija_-_Hrvatska.pdf\" target=\"_blank\" rel=\"noopener\">Program suradnje INTERREG_V-A_Slovenija &#8211; Hrvatska<\/a><\/li>\n<\/ul>\n<p>Za&nbsp;informaciju\/alat mo\u017eete si pogledati \u201coffline\u201d uzorak prijavnog obrasca (ovaj dokument nije dio slu\u017ebene dokumentacije). Molimo vas obratite posebnu pozornost da je mogu\u0107e&nbsp; prijavni obrazac kao i sve obavezne privitke predati samo u eMs sustavu.&nbsp;(verzija 2, rujan&nbsp;2016.)<\/p>\n<ul>\n<li><a href=\"http:\/\/84.39.218.255\/hr2\/wp-content\/uploads\/sites\/13\/2015\/10\/Obrazac_za_prijavu-primjerak.docx\" target=\"_blank\" rel=\"noopener\">Obrazac za prijavu &#8211; primjerak<\/a><\/li>\n<\/ul>\n<p>Korigendum natje\u010dajne dokumentacije:<\/p>\n<ul>\n<li><a href=\"http:\/\/www.si-hr.eu\/hr2\/download\/Korigendum-natjecajne-dokumentacije.pdf\">Korigendum natje\u010dajne dokumentacije<\/a>&nbsp;15.7.2021.<\/li>\n<li><a href=\"http:\/\/www.si-hr.eu\/hr2\/download\/Izmjena-Otvorenog-poziva-9.6.2017_.pdf\" >Izmjena Otvorenog poziva<\/a>,&nbsp;9.6.2017.<\/li>\n<\/ul>\n<\/div><\/section><\/div><\/p>\n<div  class='hr av-1kq5x-80474b4fc63a0ac6207c34494b3c883c hr-default  avia-builder-el-5  el_after_av_one_half  el_before_av_textblock '><span class='hr-inner '><span class=\"hr-inner-style\"><\/span><\/span><\/div>\n<section  class='av_textblock_section av-rfm1-7876e6f663440178991de35d64215b37'  itemscope=\"itemscope\" itemtype=\"https:\/\/schema.org\/CreativeWork\" ><div class='avia_textblock'  itemprop=\"text\" ><p style=\"text-align: left;\">Program suradnje Interreg V-A Slovenija-Hrvatska koristi <a href=\"http:\/\/ec.europa.eu\/social\/main.jsp?catId=325&amp;intPageId=3587&amp;langId=hr\">alat za procjenu rizika ARACHNE<\/a><\/p>\n<h2>&nbsp;<\/h2>\n<\/div><\/section>\n","protected":false},"excerpt":{"rendered":"","protected":false},"author":3,"featured_media":0,"parent":42,"menu_order":0,"comment_status":"closed","ping_status":"closed","template":"","meta":{"ngg_post_thumbnail":0},"acf":[],"_links":{"self":[{"href":"http:\/\/www.si-hr.eu\/hr2\/wp-json\/wp\/v2\/pages\/45"}],"collection":[{"href":"http:\/\/www.si-hr.eu\/hr2\/wp-json\/wp\/v2\/pages"}],"about":[{"href":"http:\/\/www.si-hr.eu\/hr2\/wp-json\/wp\/v2\/types\/page"}],"author":[{"embeddable":true,"href":"http:\/\/www.si-hr.eu\/hr2\/wp-json\/wp\/v2\/users\/3"}],"replies":[{"embeddable":true,"href":"http:\/\/www.si-hr.eu\/hr2\/wp-json\/wp\/v2\/comments?post=45"}],"version-history":[{"count":40,"href":"http:\/\/www.si-hr.eu\/hr2\/wp-json\/wp\/v2\/pages\/45\/revisions"}],"predecessor-version":[{"id":5428,"href":"http:\/\/www.si-hr.eu\/hr2\/wp-json\/wp\/v2\/pages\/45\/revisions\/5428"}],"up":[{"embeddable":true,"href":"http:\/\/www.si-hr.eu\/hr2\/wp-json\/wp\/v2\/pages\/42"}],"wp:attachment":[{"href":"http:\/\/www.si-hr.eu\/hr2\/wp-json\/wp\/v2\/media?parent=45"}],"curies":[{"name":"wp","href":"https:\/\/api.w.org\/{rel}","templated":true}]}}