{"id":5411,"date":"2024-05-20T12:22:52","date_gmt":"2024-05-20T11:22:52","guid":{"rendered":"http:\/\/www.si-hr.eu\/hr2\/?page_id=5411"},"modified":"2024-05-20T12:39:25","modified_gmt":"2024-05-20T11:39:25","slug":"kapizalizacija-projekata-programskog-razdoblja-2014-2020","status":"publish","type":"page","link":"http:\/\/www.si-hr.eu\/hr2\/program\/kapizalizacija-projekata-programskog-razdoblja-2014-2020\/","title":{"rendered":"KAPIZALIZACIJA PROJEKATA PROGRAMSKOG RAZDOBLJA 2014. \u2013 2020."},"content":{"rendered":"<div id='layer_slider_1'  class='avia-layerslider main_color avia-shadow  avia-builder-el-0  el_before_av_one_fifth  avia-builder-el-first  container_wrap sidebar_right'  style='height: 251px;'  ><\/div><div id='after_layer_slider_1'  class='main_color av_default_container_wrap container_wrap sidebar_right'  ><div class='container av-section-cont-open' ><div class='template-page content  av-content-small alpha units'><div class='post-entry post-entry-type-page post-entry-5411'><div class='entry-content-wrapper clearfix'>\n\n<style type=\"text\/css\" data-created_by=\"avia_inline_auto\" id=\"style-css-av-mymz9q-2790d95a309917660a58ffcbd3835b74\">\n.flex_column.av-mymz9q-2790d95a309917660a58ffcbd3835b74{\nborder-radius:0px 0px 0px 0px;\n-webkit-border-radius:0px 0px 0px 0px;\n-moz-border-radius:0px 0px 0px 0px;\n}\n<\/style>\n<div class='flex_column av-mymz9q-2790d95a309917660a58ffcbd3835b74 av_one_fifth  avia-builder-el-1  el_after_av_layerslider  el_before_av_three_fifth  avia-builder-el-first  first flex_column_div av-zero-column-padding '   ><\/div>\n\n<style type=\"text\/css\" data-created_by=\"avia_inline_auto\" id=\"style-css-av-kgsvsu-d9cc3f748a2d8157ee1aa2d10184ab21\">\n.flex_column.av-kgsvsu-d9cc3f748a2d8157ee1aa2d10184ab21{\nborder-radius:0px 0px 0px 0px;\n-webkit-border-radius:0px 0px 0px 0px;\n-moz-border-radius:0px 0px 0px 0px;\n}\n<\/style>\n<div class='flex_column av-kgsvsu-d9cc3f748a2d8157ee1aa2d10184ab21 av_three_fifth  avia-builder-el-2  el_after_av_one_fifth  el_before_av_one_fifth  flex_column_div av-zero-column-padding '   ><style type=\"text\/css\" data-created_by=\"avia_inline_auto\" id=\"style-css-av-jiglmm-d22bcc1463075b757236c4a3ab15a56a\">\n.avia-image-container.av-jiglmm-d22bcc1463075b757236c4a3ab15a56a .av-image-caption-overlay-center{\ncolor:#ffffff;\n}\n<\/style>\n<div  class='avia-image-container av-jiglmm-d22bcc1463075b757236c4a3ab15a56a av-styling- avia-align-center  avia-builder-el-3  avia-builder-el-no-sibling '  itemprop=\"image\" itemscope=\"itemscope\" itemtype=\"https:\/\/schema.org\/ImageObject\" ><div class=\"avia-image-container-inner\"><div class=\"avia-image-overlay-wrap\"><img decoding=\"async\" class='wp-image-5419 avia-img-lazy-loading-not-5419 avia_image' src=\"http:\/\/www.si-hr.eu\/hr2\/wp-content\/uploads\/sites\/13\/2024\/05\/kap_hr_cover-1030x498.png\" alt='' title='kap_hr_cover'  height=\"498\" width=\"1030\"  itemprop=\"thumbnailUrl\" srcset=\"http:\/\/www.si-hr.eu\/hr2\/wp-content\/uploads\/sites\/13\/2024\/05\/kap_hr_cover-1030x498.png 1030w, http:\/\/www.si-hr.eu\/hr2\/wp-content\/uploads\/sites\/13\/2024\/05\/kap_hr_cover-300x145.png 300w, http:\/\/www.si-hr.eu\/hr2\/wp-content\/uploads\/sites\/13\/2024\/05\/kap_hr_cover-768x371.png 768w, http:\/\/www.si-hr.eu\/hr2\/wp-content\/uploads\/sites\/13\/2024\/05\/kap_hr_cover-600x290.png 600w, http:\/\/www.si-hr.eu\/hr2\/wp-content\/uploads\/sites\/13\/2024\/05\/kap_hr_cover-705x341.png 705w, http:\/\/www.si-hr.eu\/hr2\/wp-content\/uploads\/sites\/13\/2024\/05\/kap_hr_cover.png 1433w\" sizes=\"(max-width: 1030px) 100vw, 1030px\" \/><\/div><\/div><\/div><\/div>\n\n<style type=\"text\/css\" data-created_by=\"avia_inline_auto\" id=\"style-css-av-guq3jy-ddb7dc9e11c232bc17505ce5ef26be66\">\n.flex_column.av-guq3jy-ddb7dc9e11c232bc17505ce5ef26be66{\nborder-radius:0px 0px 0px 0px;\n-webkit-border-radius:0px 0px 0px 0px;\n-moz-border-radius:0px 0px 0px 0px;\n}\n<\/style>\n<div class='flex_column av-guq3jy-ddb7dc9e11c232bc17505ce5ef26be66 av_one_fifth  avia-builder-el-4  el_after_av_three_fifth  el_before_av_one_full  flex_column_div av-zero-column-padding '   ><\/div>\n\n<style type=\"text\/css\" data-created_by=\"avia_inline_auto\" id=\"style-css-av-finzlq-2437a0fd0d5c8d39ba405617264053da\">\n.flex_column.av-finzlq-2437a0fd0d5c8d39ba405617264053da{\nborder-radius:0px 0px 0px 0px;\n-webkit-border-radius:0px 0px 0px 0px;\n-moz-border-radius:0px 0px 0px 0px;\n}\n<\/style>\n<div class='flex_column av-finzlq-2437a0fd0d5c8d39ba405617264053da av_one_full  avia-builder-el-5  el_after_av_one_fifth  el_before_av_one_full  first flex_column_div av-zero-column-padding column-top-margin'   ><style type=\"text\/css\" data-created_by=\"avia_inline_auto\" id=\"style-css-av-defnb2-cffb7d548f52f758037e751333e597bb\">\n#top .av_textblock_section.av-defnb2-cffb7d548f52f758037e751333e597bb .avia_textblock{\nfont-size:17px;\n}\n<\/style>\n<section  class='av_textblock_section av-defnb2-cffb7d548f52f758037e751333e597bb'  itemscope=\"itemscope\" itemtype=\"https:\/\/schema.org\/CreativeWork\" ><div class='avia_textblock'  itemprop=\"text\" ><h4 style=\"text-align: center;\">\u017delimo omogu\u0107iti \u0161iroku dostupnost znanja i rezultata koji su nastali provedbom projekata iz razdoblja 2014. \u2013 2020., dok istovremeno poti\u010demo ponovnu uporabu i\/ili prijenos toga znanja i rezultata.<\/h4>\n<\/div><\/section><\/div>\n\n<style type=\"text\/css\" data-created_by=\"avia_inline_auto\" id=\"style-css-av-bur6ta-84be3cf9341c9fd897a469c6565abee7\">\n.flex_column.av-bur6ta-84be3cf9341c9fd897a469c6565abee7{\nborder-radius:0px 0px 0px 0px;\n-webkit-border-radius:0px 0px 0px 0px;\n-moz-border-radius:0px 0px 0px 0px;\n}\n<\/style>\n<div class='flex_column av-bur6ta-84be3cf9341c9fd897a469c6565abee7 av_one_full  avia-builder-el-7  el_after_av_one_full  el_before_av_one_half  first flex_column_div av-zero-column-padding column-top-margin'   ><div  class='tabcontainer av-bdkeku-2dafac1048d508fd29b811083f7277ef sidebar_tab sidebar_tab_left  avia-builder-el-8  avia-builder-el-no-sibling  noborder_tabs' role='tablist'>\n<section class='av_tab_section av_tab_section av-9jg7um-dce20b256392f6506328e1e1fdd4542e'  itemscope=\"itemscope\" itemtype=\"https:\/\/schema.org\/CreativeWork\" ><div class='tab active_tab' role='tab' tabindex='0' data-fake-id='#tab-id-1' aria-controls='tab-id-1-content'  itemprop=\"headline\" >VA\u017dNOST KAPITALIZACIJE ZA INTERREG SLOVENIJA-HRVATSKA<\/div><div id='tab-id-1-content' class='tab_content active_tab_content' aria-hidden=\"false\"><div class='tab_inner_content invers-color'  itemprop=\"text\" ><p>U 2023. godini Ministarstvo kohezije i regionalnog razvoja Republike Slovenije, u ulozi Upravlja\u010dkog tijela, u suradnji s vanjskim stru\u010dnjacima, pripremilo je i provelo postupak kapitalizacije za Interreg program Slovenija-Hrvatska 2021.-2027. (IP SI -HR 2021.-2027.).<\/p>\n<h6>&nbsp;<\/h6>\n<p>\u201eKapitalizacija\u201c nije definirana niti u jednom EU propisu u razdoblju 2014. \u2013 2020. Interact je 2016. godine prvi pripremio globalnu definiciju koja definira kapitalizaciju kao \u201eproces izgradnje \u010diji je cilj konsolidacija kapitala generiranog projektima i programima Interrega s ciljem da se omogu\u0107i ve\u0107a dostupnost znanja i rezultata generiranih projektima, dobe dodatni rezultati kroz komparativnu analizu i detaljnu analizu sadr\u017eaja, promi\u010de ponovna upotreba i\/ili prijenos tog znanja i rezultata te podigne svijest i pobolj\u0161a komunikacija rezultata u pojedinim podru\u010djima regionalne politike\u201d.<\/p>\n<h6>&nbsp;<\/h6>\n<p>Tijekom razvoja procesa kapitalizacije provedene su sljede\u0107e aktivnosti:<\/p>\n<p>&nbsp;\u2013 analiza provedenih projekata u programskom razdoblju 2014. \u2013 2020.;<\/p>\n<p>\u2013 analiza korisnika i ciljnih skupina u programskom razdoblju 2014.-2020.;<\/p>\n<p>\u2013 razgovori s korisnicima projekta;<\/p>\n<p>\u2013&nbsp; uspostava online baze podataka s ishodima i rezultatima projekata koji su ocijenjeni kao projekti s potencijalom za kapitalizaciju;<\/p>\n<p>\u2013 prijedlog tematskih skupova projekata;<\/p>\n<p>\u2013 razgovori s predstavnicima programskih tijela;<\/p>\n<p>\u2013 dvije tematske radionice o kapitalizaciji i<\/p>\n<p>\u2013 priru\u010dnik o kapitalizaciji.<\/p>\n<h6>&nbsp;<\/h6>\n<p>U nastavku se nalazi baza podataka s polazi\u0161tima i rezultatima projekata Programa suradnje Interreg Slovenija-Hrvatska 2014.-2020. (CP SI-HR 2014.-2020.), za koje je ocijenjeno da imaju potencijal za kapitalizaciju. Istovremeno s provedbom projekata, a\u017eurirat \u0107e se i baza podataka s bitnim informacijama o novim projektima i njihovim rezultatima.<\/p>\n<\/div><\/div><\/section>\n<\/div><\/div>\n\n<style type=\"text\/css\" data-created_by=\"avia_inline_auto\" id=\"style-css-av-72euoj-7416b87c96b2ec328ada90046f37c336\">\n.flex_column.av-72euoj-7416b87c96b2ec328ada90046f37c336{\nborder-radius:0px 0px 0px 0px;\n-webkit-border-radius:0px 0px 0px 0px;\n-moz-border-radius:0px 0px 0px 0px;\n}\n<\/style>\n<div class='flex_column av-72euoj-7416b87c96b2ec328ada90046f37c336 av_one_half  avia-builder-el-9  el_after_av_one_full  el_before_av_one_half  first flex_column_div av-zero-column-padding column-top-margin'   ><style type=\"text\/css\" data-created_by=\"avia_inline_auto\" id=\"style-css-av-lwew0nva-217206b52d253473b3f9b998a43746e4\">\n#top .av_textblock_section.av-lwew0nva-217206b52d253473b3f9b998a43746e4 .avia_textblock{\nfont-size:17px;\n}\n<\/style>\n<section  class='av_textblock_section av-lwew0nva-217206b52d253473b3f9b998a43746e4'  itemscope=\"itemscope\" itemtype=\"https:\/\/schema.org\/CreativeWork\" ><div class='avia_textblock'  itemprop=\"text\" ><h2 style=\"text-align: left;\">BAZA KAPITALIZACIJSKIH ELEMENATA PROJEKATA<\/h2>\n<\/div><\/section><\/div>\n\n<style type=\"text\/css\" data-created_by=\"avia_inline_auto\" id=\"style-css-av-5x10f7-2d9670a8036a920c7609dc6c2ad8134e\">\n.flex_column.av-5x10f7-2d9670a8036a920c7609dc6c2ad8134e{\nborder-radius:0px 0px 0px 0px;\n-webkit-border-radius:0px 0px 0px 0px;\n-moz-border-radius:0px 0px 0px 0px;\n}\n<\/style>\n<div class='flex_column av-5x10f7-2d9670a8036a920c7609dc6c2ad8134e av_one_half  avia-builder-el-11  el_after_av_one_half  el_before_av_one_half  flex_column_div av-zero-column-padding column-top-margin'   ><style type=\"text\/css\" data-created_by=\"avia_inline_auto\" id=\"style-css-av-lwew13dm-7231bbce640ef3c81783a23ec79a3c70\">\n#top .av_textblock_section.av-lwew13dm-7231bbce640ef3c81783a23ec79a3c70 .avia_textblock{\nfont-size:17px;\n}\n<\/style>\n<section  class='av_textblock_section av-lwew13dm-7231bbce640ef3c81783a23ec79a3c70'  itemscope=\"itemscope\" itemtype=\"https:\/\/schema.org\/CreativeWork\" ><div class='avia_textblock'  itemprop=\"text\" ><h2 style=\"text-align: left;\">ZBORNIK PROJEKATA S ELEMENTIMA KAPITALIZACIJE<\/h2>\n<\/div><\/section><\/div>\n\n<style type=\"text\/css\" data-created_by=\"avia_inline_auto\" id=\"style-css-av-4y0ic3-682d191634ddf89e069c1c55ed259a78\">\n.flex_column.av-4y0ic3-682d191634ddf89e069c1c55ed259a78{\nborder-radius:0px 0px 0px 0px;\n-webkit-border-radius:0px 0px 0px 0px;\n-moz-border-radius:0px 0px 0px 0px;\n}\n<\/style>\n<div class='flex_column av-4y0ic3-682d191634ddf89e069c1c55ed259a78 av_one_half  avia-builder-el-13  el_after_av_one_half  el_before_av_one_half  first flex_column_div av-zero-column-padding column-top-margin'   ><style type=\"text\/css\" data-created_by=\"avia_inline_auto\" id=\"style-css-av-lwew2vcs-03d633aae2d02e77a5139c5274069567\">\n#top .av_textblock_section.av-lwew2vcs-03d633aae2d02e77a5139c5274069567 .avia_textblock{\nfont-size:17px;\n}\n<\/style>\n<section  class='av_textblock_section av-lwew2vcs-03d633aae2d02e77a5139c5274069567'  itemscope=\"itemscope\" itemtype=\"https:\/\/schema.org\/CreativeWork\" ><div class='avia_textblock'  itemprop=\"text\" ><p><a href=\"http:\/\/www.si-hr.eu\/si2\/download\/Baza-2014-2020.pdf\"><img decoding=\"async\" loading=\"lazy\" class=\"alignnone size-large wp-image-5422\" src=\"http:\/\/www.si-hr.eu\/hr2\/wp-content\/uploads\/sites\/13\/2024\/05\/baza_cover-1030x721.png\" alt=\"\" width=\"1030\" height=\"721\" srcset=\"http:\/\/www.si-hr.eu\/hr2\/wp-content\/uploads\/sites\/13\/2024\/05\/baza_cover-1030x721.png 1030w, http:\/\/www.si-hr.eu\/hr2\/wp-content\/uploads\/sites\/13\/2024\/05\/baza_cover-300x210.png 300w, http:\/\/www.si-hr.eu\/hr2\/wp-content\/uploads\/sites\/13\/2024\/05\/baza_cover-768x538.png 768w, http:\/\/www.si-hr.eu\/hr2\/wp-content\/uploads\/sites\/13\/2024\/05\/baza_cover-600x420.png 600w, http:\/\/www.si-hr.eu\/hr2\/wp-content\/uploads\/sites\/13\/2024\/05\/baza_cover-705x494.png 705w, http:\/\/www.si-hr.eu\/hr2\/wp-content\/uploads\/sites\/13\/2024\/05\/baza_cover.png 1247w\" sizes=\"(max-width: 1030px) 100vw, 1030px\" \/><\/a><\/p>\n<h4><a href=\"http:\/\/www.si-hr.eu\/si2\/download\/Database_of_capitalisation-elements_CP-SI-HR-2014-2020.xlsx\"><strong><span class=\"HwtZe\" lang=\"en\"><span class=\"jCAhz ChMk0b\"><span class=\"ryNqvb\">PRIJENOS EXCELOVE TABLICE BAZE PODATAKA<\/span><\/span><\/span><\/strong><\/a><\/h4>\n<h6>&nbsp;<\/h6>\n<p><span class=\"HwtZe\" lang=\"en\"><span class=\"jCAhz ChMk0b\"><span class=\"ryNqvb\">Ovdje mo\u017eete na\u0107i popis odobrenih projekata:<\/span><\/span><\/span><\/p>\n<h4><a href=\"http:\/\/www.si-hr.eu\/si2\/download\/Approved_Projects_2022-06-20.xlsx\">ODOBRENI PROJEKTI 2014-2020<\/a><\/h4>\n<p>&nbsp;<\/p>\n<\/div><\/section><\/div>\n<style type=\"text\/css\" data-created_by=\"avia_inline_auto\" id=\"style-css-av-2kjb0j-aaa5e219255adef0c7df8536ab791e0b\">\n.flex_column.av-2kjb0j-aaa5e219255adef0c7df8536ab791e0b{\nborder-radius:0px 0px 0px 0px;\n-webkit-border-radius:0px 0px 0px 0px;\n-moz-border-radius:0px 0px 0px 0px;\n}\n<\/style>\n<div class='flex_column av-2kjb0j-aaa5e219255adef0c7df8536ab791e0b av_one_half  avia-builder-el-15  el_after_av_one_half  avia-builder-el-last  flex_column_div av-zero-column-padding column-top-margin'   ><style type=\"text\/css\" data-created_by=\"avia_inline_auto\" id=\"style-css-av-lwew4b6g-8c51df4983b51b47149fbcc7cc1b52f3\">\n#top .av_textblock_section.av-lwew4b6g-8c51df4983b51b47149fbcc7cc1b52f3 .avia_textblock{\nfont-size:17px;\n}\n<\/style>\n<section  class='av_textblock_section av-lwew4b6g-8c51df4983b51b47149fbcc7cc1b52f3'  itemscope=\"itemscope\" itemtype=\"https:\/\/schema.org\/CreativeWork\" ><div class='avia_textblock'  itemprop=\"text\" ><p><a href=\"https:\/\/heyzine.com\/flip-book\/a41e2e781d.html#page\/1\"><img decoding=\"async\" loading=\"lazy\" class=\"alignnone size-full wp-image-5423\" src=\"http:\/\/www.si-hr.eu\/hr2\/wp-content\/uploads\/sites\/13\/2024\/05\/brosura_cover.png\" alt=\"\" width=\"532\" height=\"756\" srcset=\"http:\/\/www.si-hr.eu\/hr2\/wp-content\/uploads\/sites\/13\/2024\/05\/brosura_cover.png 532w, http:\/\/www.si-hr.eu\/hr2\/wp-content\/uploads\/sites\/13\/2024\/05\/brosura_cover-211x300.png 211w, http:\/\/www.si-hr.eu\/hr2\/wp-content\/uploads\/sites\/13\/2024\/05\/brosura_cover-496x705.png 496w\" sizes=\"(max-width: 532px) 100vw, 532px\" \/><\/a><\/p>\n<\/div><\/section><\/div><\/p>\n","protected":false},"excerpt":{"rendered":"","protected":false},"author":18,"featured_media":0,"parent":187,"menu_order":0,"comment_status":"closed","ping_status":"closed","template":"","meta":{"ngg_post_thumbnail":0},"acf":[],"_links":{"self":[{"href":"http:\/\/www.si-hr.eu\/hr2\/wp-json\/wp\/v2\/pages\/5411"}],"collection":[{"href":"http:\/\/www.si-hr.eu\/hr2\/wp-json\/wp\/v2\/pages"}],"about":[{"href":"http:\/\/www.si-hr.eu\/hr2\/wp-json\/wp\/v2\/types\/page"}],"author":[{"embeddable":true,"href":"http:\/\/www.si-hr.eu\/hr2\/wp-json\/wp\/v2\/users\/18"}],"replies":[{"embeddable":true,"href":"http:\/\/www.si-hr.eu\/hr2\/wp-json\/wp\/v2\/comments?post=5411"}],"version-history":[{"count":6,"href":"http:\/\/www.si-hr.eu\/hr2\/wp-json\/wp\/v2\/pages\/5411\/revisions"}],"predecessor-version":[{"id":5425,"href":"http:\/\/www.si-hr.eu\/hr2\/wp-json\/wp\/v2\/pages\/5411\/revisions\/5425"}],"up":[{"embeddable":true,"href":"http:\/\/www.si-hr.eu\/hr2\/wp-json\/wp\/v2\/pages\/187"}],"wp:attachment":[{"href":"http:\/\/www.si-hr.eu\/hr2\/wp-json\/wp\/v2\/media?parent=5411"}],"curies":[{"name":"wp","href":"https:\/\/api.w.org\/{rel}","templated":true}]}}