{"id":59,"date":"2015-10-02T21:59:46","date_gmt":"2015-10-02T20:59:46","guid":{"rendered":"http:\/\/84.39.218.252\/si2\/?page_id=59"},"modified":"2019-02-04T07:48:11","modified_gmt":"2019-02-04T06:48:11","slug":"pogosta-vprasanja","status":"publish","type":"page","link":"http:\/\/www.si-hr.eu\/hr2\/javni-razpis\/pogosta-vprasanja\/","title":{"rendered":"\u010cesto postavljana pitanja"},"content":{"rendered":"<div id='layer_slider_1'  class='avia-layerslider main_color avia-shadow  avia-builder-el-0  el_before_av_one_half  avia-builder-el-first  container_wrap sidebar_right'  style='height: 251px;'  ><\/div><div id='after_layer_slider_1'  class='main_color av_default_container_wrap container_wrap sidebar_right'  ><div class='container av-section-cont-open' ><div class='template-page content  av-content-small alpha units'><div class='post-entry post-entry-type-page post-entry-59'><div class='entry-content-wrapper clearfix'>\n\n<style type=\"text\/css\" data-created_by=\"avia_inline_auto\" id=\"style-css-av-av_one_half-352b07ef7d3bc99b2e9f92e7a9e06bdb\">\n.flex_column.av-av_one_half-352b07ef7d3bc99b2e9f92e7a9e06bdb{\nborder-radius:0px 0px 0px 0px;\n-webkit-border-radius:0px 0px 0px 0px;\n-moz-border-radius:0px 0px 0px 0px;\n}\n<\/style>\n<div class='flex_column av-av_one_half-352b07ef7d3bc99b2e9f92e7a9e06bdb av_one_half  avia-builder-el-1  el_after_av_layerslider  el_before_av_one_half  avia-builder-el-first  first flex_column_div av-zero-column-padding '   ><section  class='av_textblock_section av-av_textblock-2de302bf1aa3cf4c9157dbe6f50ac7eb'  itemscope=\"itemscope\" itemtype=\"https:\/\/schema.org\/CreativeWork\" ><div class='avia_textblock'  itemprop=\"text\" ><p><strong>Najnovija verzija odgovora na \u010desto postavljana pitanja:<\/strong><\/p>\n<p>Zadnja promjena: 4.02.2019.<\/p>\n<div class=\"wpfilebase-file-default\" onclick=\"if('undefined' == typeof event.target.href) document.getElementById('wpfb-file-link-1').click();\">\r\n  <div class=\"icon\"><a href=\"http:\/\/www.si-hr.eu\/hr2\/download\/FAQ_SI-HR_HR-veljaca-2019.pdf\" target=\"_blank\" title=\"Download FAQ SI-HR HR - velja\u010da 2019.\"><img align=\"middle\" src=\"http:\/\/www.si-hr.eu\/hr2\/wp-includes\/images\/crystal\/document.png\" alt=\"FAQ SI-HR HR - velja\u010da 2019.\" \/><\/a><\/div>\r\n  <div class=\"filetitle\">\r\n    <a href=\"http:\/\/www.si-hr.eu\/hr2\/download\/FAQ_SI-HR_HR-veljaca-2019.pdf\" title=\"Download FAQ SI-HR HR - velja\u010da 2019.\" target=\"_blank\" id=\"wpfb-file-link-1\">FAQ SI-HR HR - velja\u010da 2019.<\/a>\r\n    \r\n    <br \/>\r\n    FAQ_SI-HR_HR-veljaca-2019.pdf<br \/>\r\n    \r\n  <\/div>\r\n  <div class=\"info\">\r\n    756.4 KiB<br \/>\r\n    799 Downloads<br \/>\r\n    <a href=\"#\" onclick=\"return wpfilebase_filedetails(1);\">Detalji<\/a>\r\n  <\/div>\r\n  <div class=\"details\" id=\"wpfilebase-filedetails1\" style=\"display: none;\">\r\n  \r\n  <table border=\"0\">\r\n   \r\n   \r\n   \r\n   \r\n   \r\n   \r\n   <tr><td><strong>Datum:<\/strong><\/td><td>4. 2. 2019<\/td><\/tr>\r\n  <\/table>\r\n  <\/div>\r\n <div style=\"clear: both;\"><\/div>\r\n<\/div>\n<div class=\"wpfilebase-file-default\" onclick=\"if('undefined' == typeof event.target.href) document.getElementById('wpfb-file-link-2').click();\">\r\n  <div class=\"icon\"><a href=\"http:\/\/www.si-hr.eu\/hr2\/download\/Metodologija%20-%20pokazatelji_SI-HR_HR.pdf\" target=\"_blank\" title=\"Download Metodologija - Pokazatelji\"><img align=\"middle\" src=\"http:\/\/www.si-hr.eu\/hr2\/?wpfilebase_thumbnail=1&amp;fid=28&amp;name=thumb_metodologijaHR-85x120.jpg\" alt=\"Metodologija - Pokazatelji\" \/><\/a><\/div>\r\n  <div class=\"filetitle\">\r\n    <a href=\"http:\/\/www.si-hr.eu\/hr2\/download\/Metodologija%20-%20pokazatelji_SI-HR_HR.pdf\" title=\"Download Metodologija - Pokazatelji\" target=\"_blank\" id=\"wpfb-file-link-2\">Metodologija - Pokazatelji<\/a>\r\n    \r\n    <br \/>\r\n    Metodologija - pokazatelji_SI-HR_HR.pdf<br \/>\r\n    \r\n  <\/div>\r\n  <div class=\"info\">\r\n    406.5 KiB<br \/>\r\n    1584 Downloads<br \/>\r\n    <a href=\"#\" onclick=\"return wpfilebase_filedetails(2);\">Detalji<\/a>\r\n  <\/div>\r\n  <div class=\"details\" id=\"wpfilebase-filedetails2\" style=\"display: none;\">\r\n  \r\n  <table border=\"0\">\r\n   \r\n   \r\n   \r\n   \r\n   \r\n   \r\n   <tr><td><strong>Datum:<\/strong><\/td><td>14. 3. 2016<\/td><\/tr>\r\n  <\/table>\r\n  <\/div>\r\n <div style=\"clear: both;\"><\/div>\r\n<\/div>\n<\/div><\/section><\/div>\n<style type=\"text\/css\" data-created_by=\"avia_inline_auto\" id=\"style-css-av-av_one_half-2a64de42b738552fe666ca889af77e28\">\n.flex_column.av-av_one_half-2a64de42b738552fe666ca889af77e28{\nborder-radius:0px 0px 0px 0px;\n-webkit-border-radius:0px 0px 0px 0px;\n-moz-border-radius:0px 0px 0px 0px;\n}\n<\/style>\n<div class='flex_column av-av_one_half-2a64de42b738552fe666ca889af77e28 av_one_half  avia-builder-el-3  el_after_av_one_half  avia-builder-el-last  flex_column_div av-zero-column-padding '   ><section  class='av_textblock_section av-av_textblock-0366cc7376be6c9e82a3e9cc8987b64f'  itemscope=\"itemscope\" itemtype=\"https:\/\/schema.org\/CreativeWork\" ><div class='avia_textblock'  itemprop=\"text\" ><p><strong>Popis naj\u010de\u0161\u0107ih pogre\u0161aka:<\/strong><\/p>\n<p>Zadnja promjena: 20.9.2016.<\/p>\n<div class=\"wpfilebase-file-default\" onclick=\"if('undefined' == typeof event.target.href) document.getElementById('wpfb-file-link-3').click();\">\r\n  <div class=\"icon\"><a href=\"http:\/\/www.si-hr.eu\/hr2\/download\/Najpogostejse_napake-Popis_najcescih_pogresaka(2).pdf\" target=\"_blank\" title=\"Download Popis naj\u010de\u0161\u0107ih pogre\u0161aka\"><img align=\"middle\" src=\"http:\/\/www.si-hr.eu\/hr2\/?wpfilebase_thumbnail=1&amp;fid=35&amp;name=thumb_najpogostejsenapake-85x120.jpg\" alt=\"Popis naj\u010de\u0161\u0107ih pogre\u0161aka\" \/><\/a><\/div>\r\n  <div class=\"filetitle\">\r\n    <a href=\"http:\/\/www.si-hr.eu\/hr2\/download\/Najpogostejse_napake-Popis_najcescih_pogresaka(2).pdf\" title=\"Download Popis naj\u010de\u0161\u0107ih pogre\u0161aka\" target=\"_blank\" id=\"wpfb-file-link-3\">Popis naj\u010de\u0161\u0107ih pogre\u0161aka<\/a>\r\n    \r\n    <br \/>\r\n    Najpogostejse_napake-Popis_najcescih_pogresaka(2).pdf<br \/>\r\n    \r\n  <\/div>\r\n  <div class=\"info\">\r\n    601.5 KiB<br \/>\r\n    1052 Downloads<br \/>\r\n    <a href=\"#\" onclick=\"return wpfilebase_filedetails(3);\">Detalji<\/a>\r\n  <\/div>\r\n  <div class=\"details\" id=\"wpfilebase-filedetails3\" style=\"display: none;\">\r\n  \r\n  <table border=\"0\">\r\n   \r\n   \r\n   \r\n   \r\n   \r\n   \r\n   <tr><td><strong>Datum:<\/strong><\/td><td>20. 9. 2016<\/td><\/tr>\r\n  <\/table>\r\n  <\/div>\r\n <div style=\"clear: both;\"><\/div>\r\n<\/div>\n<\/div><\/section><\/div><\/p>\n","protected":false},"excerpt":{"rendered":"","protected":false},"author":3,"featured_media":0,"parent":42,"menu_order":0,"comment_status":"closed","ping_status":"closed","template":"","meta":{"ngg_post_thumbnail":0},"acf":[],"_links":{"self":[{"href":"http:\/\/www.si-hr.eu\/hr2\/wp-json\/wp\/v2\/pages\/59"}],"collection":[{"href":"http:\/\/www.si-hr.eu\/hr2\/wp-json\/wp\/v2\/pages"}],"about":[{"href":"http:\/\/www.si-hr.eu\/hr2\/wp-json\/wp\/v2\/types\/page"}],"author":[{"embeddable":true,"href":"http:\/\/www.si-hr.eu\/hr2\/wp-json\/wp\/v2\/users\/3"}],"replies":[{"embeddable":true,"href":"http:\/\/www.si-hr.eu\/hr2\/wp-json\/wp\/v2\/comments?post=59"}],"version-history":[{"count":15,"href":"http:\/\/www.si-hr.eu\/hr2\/wp-json\/wp\/v2\/pages\/59\/revisions"}],"predecessor-version":[{"id":3440,"href":"http:\/\/www.si-hr.eu\/hr2\/wp-json\/wp\/v2\/pages\/59\/revisions\/3440"}],"up":[{"embeddable":true,"href":"http:\/\/www.si-hr.eu\/hr2\/wp-json\/wp\/v2\/pages\/42"}],"wp:attachment":[{"href":"http:\/\/www.si-hr.eu\/hr2\/wp-json\/wp\/v2\/media?parent=59"}],"curies":[{"name":"wp","href":"https:\/\/api.w.org\/{rel}","templated":true}]}}