{"id":619,"date":"2016-02-23T14:03:03","date_gmt":"2016-02-23T13:03:03","guid":{"rendered":"http:\/\/84.39.218.255\/hr2\/?page_id=619"},"modified":"2016-02-24T12:57:21","modified_gmt":"2016-02-24T11:57:21","slug":"radionice_1-rok_rogaska_i_opatija","status":"publish","type":"page","link":"http:\/\/www.si-hr.eu\/hr2\/radionice_1-rok_rogaska_i_opatija\/","title":{"rendered":"Radionice_1-rok_Rogaska_i_Opatija"},"content":{"rendered":"<div id='layer_slider_1'  class='avia-layerslider main_color avia-shadow  avia-builder-el-0  el_before_av_one_full  avia-builder-el-first  container_wrap sidebar_right'  style='height: 251px;'  ><\/div><div id='after_layer_slider_1'  class='main_color av_default_container_wrap container_wrap sidebar_right'  ><div class='container av-section-cont-open' ><div class='template-page content  av-content-small alpha units'><div class='post-entry post-entry-type-page post-entry-619'><div class='entry-content-wrapper clearfix'>\n\n<style type=\"text\/css\" data-created_by=\"avia_inline_auto\" id=\"style-css-av-av_one_full-352b07ef7d3bc99b2e9f92e7a9e06bdb\">\n.flex_column.av-av_one_full-352b07ef7d3bc99b2e9f92e7a9e06bdb{\nborder-radius:0px 0px 0px 0px;\n-webkit-border-radius:0px 0px 0px 0px;\n-moz-border-radius:0px 0px 0px 0px;\n}\n<\/style>\n<div class='flex_column av-av_one_full-352b07ef7d3bc99b2e9f92e7a9e06bdb av_one_full  avia-builder-el-1  el_after_av_layerslider  el_before_av_one_fourth  avia-builder-el-first  first flex_column_div av-zero-column-padding '   ><section  class='av_textblock_section av-av_textblock-0366cc7376be6c9e82a3e9cc8987b64f'  itemscope=\"itemscope\" itemtype=\"https:\/\/schema.org\/CreativeWork\" ><div class='avia_textblock'  itemprop=\"text\" ><h3>1. radionice\u00a0u sklopu 1. roka javnoga poziva<\/h3>\n<\/div><\/section><\/div>\n\n<style type=\"text\/css\" data-created_by=\"avia_inline_auto\" id=\"style-css-av-av_one_fourth-352b07ef7d3bc99b2e9f92e7a9e06bdb\">\n.flex_column.av-av_one_fourth-352b07ef7d3bc99b2e9f92e7a9e06bdb{\nborder-radius:0px 0px 0px 0px;\n-webkit-border-radius:0px 0px 0px 0px;\n-moz-border-radius:0px 0px 0px 0px;\n}\n<\/style>\n<div class='flex_column av-av_one_fourth-352b07ef7d3bc99b2e9f92e7a9e06bdb av_one_fourth  avia-builder-el-3  el_after_av_one_full  el_before_av_one_fourth  first flex_column_div av-zero-column-padding column-top-margin'   ><section  class='av_textblock_section av-av_textblock-0366cc7376be6c9e82a3e9cc8987b64f'  itemscope=\"itemscope\" itemtype=\"https:\/\/schema.org\/CreativeWork\" ><div class='avia_textblock'  itemprop=\"text\" ><h5>Prezentacije<\/h5>\n<ul>\n<li><a href=\"http:\/\/84.39.218.255\/hr2\/wp-content\/uploads\/sites\/13\/2016\/02\/3_Predstavitev_programa_Predstavljanje_Programa.pptx\">Predstavljanje Programa suradnje<\/a><\/li>\n<li><a href=\"http:\/\/84.39.218.255\/hr2\/wp-content\/uploads\/sites\/13\/2016\/02\/4_Javni_razpis_Javni_poziv.pptx\">Predstavljanje javnog poziva za predaju projektnih prijedloga<\/a><\/li>\n<li><a href=\"http:\/\/84.39.218.255\/hr2\/wp-content\/uploads\/sites\/13\/2016\/02\/5_Upravicenost_stroskov_Prihvatljivost_troskova.pptx\">Prihvatljivost tro\u0161kova<\/a><\/li>\n<li><a href=\"http:\/\/84.39.218.255\/hr2\/wp-content\/uploads\/sites\/13\/2016\/02\/6_Informiranje_in_obvescanje_Informiranje_i_obavjestavanje.pptx\">Informiranje i obavje\u0161tavanje<\/a><\/li>\n<li><a href=\"http:\/\/84.39.218.255\/hr2\/wp-content\/uploads\/sites\/13\/2016\/02\/7_Priloge_k_prijavnici_Prilozi_prijavnom_obrascu.pptx\">Prilozi prijavnom obrascu<\/a><\/li>\n<\/ul>\n<\/div><\/section><\/div>\n<style type=\"text\/css\" data-created_by=\"avia_inline_auto\" id=\"style-css-av-av_one_fourth-2a64de42b738552fe666ca889af77e28\">\n.flex_column.av-av_one_fourth-2a64de42b738552fe666ca889af77e28{\nborder-radius:0px 0px 0px 0px;\n-webkit-border-radius:0px 0px 0px 0px;\n-moz-border-radius:0px 0px 0px 0px;\n}\n<\/style>\n<div class='flex_column av-av_one_fourth-2a64de42b738552fe666ca889af77e28 av_one_fourth  avia-builder-el-5  el_after_av_one_fourth  el_before_av_one_half  flex_column_div av-zero-column-padding column-top-margin'   ><section  class='av_textblock_section av-av_textblock-0366cc7376be6c9e82a3e9cc8987b64f'  itemscope=\"itemscope\" itemtype=\"https:\/\/schema.org\/CreativeWork\" ><div class='avia_textblock'  itemprop=\"text\" ><h5>Pozivnice<\/h5>\n<ul>\n<li><a href=\"http:\/\/84.39.218.255\/hr2\/wp-content\/uploads\/sites\/13\/2016\/02\/Vabilo-pozivnica-Rogaska-Slatina.pdf\" target=\"_blank\" rel=\"noopener\">17.2.2016, Roga\u0161ka Slatina<\/a><\/li>\n<li><a href=\"http:\/\/84.39.218.255\/hr2\/wp-content\/uploads\/sites\/13\/2016\/02\/Vabilo-pozivnica-Opatija.pdf\" target=\"_blank\" rel=\"noopener\">22.2.2016, Opatija<\/a><\/li>\n<\/ul>\n<\/div><\/section><\/div><\/p>\n\n<style type=\"text\/css\" data-created_by=\"avia_inline_auto\" id=\"style-css-av-av_one_half-2a64de42b738552fe666ca889af77e28\">\n.flex_column.av-av_one_half-2a64de42b738552fe666ca889af77e28{\nborder-radius:0px 0px 0px 0px;\n-webkit-border-radius:0px 0px 0px 0px;\n-moz-border-radius:0px 0px 0px 0px;\n}\n<\/style>\n<div class='flex_column av-av_one_half-2a64de42b738552fe666ca889af77e28 av_one_half  avia-builder-el-7  el_after_av_one_fourth  el_before_av_one_full  flex_column_div av-zero-column-padding column-top-margin'   ><section  class='av_textblock_section av-av_textblock-0366cc7376be6c9e82a3e9cc8987b64f'  itemscope=\"itemscope\" itemtype=\"https:\/\/schema.org\/CreativeWork\" ><div class='avia_textblock'  itemprop=\"text\" ><p>U sklopu 1. roka javnoga poziva za podno\u0161enje projektnih prijedloga Programa suradnje Interreg V-A Slovenija \u2013 Hrvatska za razdoblje 2014-2020 odr\u017eane su se dvije radionice namijenjene potencijalnim prijaviteljima u okviru javnog poziva za podno\u0161enje projektnih prijedloga.<\/p>\n<p>Prva radionica je bila odr\u017eana 17. velja\u010de 2016. u Roga\u0161koj Slatini. Druga radionica sa istim sadr\u017eajem se odr\u017eala 22. velja\u010de 2016. u Opatiji.<\/p>\n<p>U sklopu radionica,\u00a0Upravlja\u010dko tijelo i Zajedni\u010dko tajni\u0161tvo, polaznicima su na kratko predstavili program suradnje i javni poziv za podno\u0161enje projektnih prijedloga, te ujedno predstavili pravila prihvatljivih tro\u0161kova kao i pravila informiranja i obavje\u0161tavanja, te priloge prijavnog obrasca \u00a0i elektroni\u010dki sustav za pra\u0107enje (eMS).<\/p>\n<p>Kako su \u00a0sva mjesta na radionicama bila popunjena, radionicu u Opatiji u \u017eivo smo prenosili preko Interneta.<br \/>\nPrvi rok za predaju projekata je 11. o\u017eujka 2016. Slijede\u0107i rok za podno\u0161enje projektnih prijedloga planiran je u drugoj polovici 2016. godine.<\/p>\n<\/div><\/section><\/div>\n\n<style type=\"text\/css\" data-created_by=\"avia_inline_auto\" id=\"style-css-av-av_one_full-352b07ef7d3bc99b2e9f92e7a9e06bdb\">\n.flex_column.av-av_one_full-352b07ef7d3bc99b2e9f92e7a9e06bdb{\nborder-radius:0px 0px 0px 0px;\n-webkit-border-radius:0px 0px 0px 0px;\n-moz-border-radius:0px 0px 0px 0px;\n}\n<\/style>\n<div class='flex_column av-av_one_full-352b07ef7d3bc99b2e9f92e7a9e06bdb av_one_full  avia-builder-el-9  el_after_av_one_half  avia-builder-el-last  first flex_column_div av-zero-column-padding column-top-margin'   ><section  class='av_textblock_section av-av_textblock-0366cc7376be6c9e82a3e9cc8987b64f'  itemscope=\"itemscope\" itemtype=\"https:\/\/schema.org\/CreativeWork\" ><div class='avia_textblock'  itemprop=\"text\" ><p><!-- index.php -->\n<div\n\tclass=\"ngg-galleryoverview ngg-ajax-pagination-none\"\n\tid=\"ngg-gallery-671-1\">\n\n    \t<div class=\"slideshowlink\">\n        <a href='http:\/\/www.si-hr.eu\/hr2\/radionice_1-rok_rogaska_i_opatija\/nggallery\/slideshow'>[Show slideshow]<\/a>\n\t\t\n\t<\/div>\n\t\t\t<!-- Thumbnails -->\n\t\t\t\t<div id=\"ngg-image-0\" class=\"ngg-gallery-thumbnail-box\" >\n\t\t\t\t        <div class=\"ngg-gallery-thumbnail\">\n            <a href=\"http:\/\/www.si-hr.eu\/hr2\/wp-content\/uploads\/sites\/13\/nggallery\/radionice-rogaska-slatina-i-opatija\/Delavnici_Rogaska_Slatina_in_Opatija-7-min.jpg\"\n               title=\"\"\n               data-src=\"http:\/\/www.si-hr.eu\/hr2\/wp-content\/uploads\/sites\/13\/nggallery\/radionice-rogaska-slatina-i-opatija\/Delavnici_Rogaska_Slatina_in_Opatija-7-min.jpg\"\n               data-thumbnail=\"http:\/\/www.si-hr.eu\/hr2\/wp-content\/uploads\/sites\/13\/nggallery\/radionice-rogaska-slatina-i-opatija\/thumbs\/thumbs_Delavnici_Rogaska_Slatina_in_Opatija-7-min.jpg\"\n               data-image-id=\"15\"\n               data-title=\"Delavnici_Rogaska_Slatina_in_Opatija (7)-min\"\n               data-description=\"\"\n               data-image-slug=\"delavnici_rogaska_slatina_in_opatija-7-min\"\n               class=\"ngg-fancybox\" rel=\"671\">\n                <img\n                    title=\"Delavnici_Rogaska_Slatina_in_Opatija (7)-min\"\n                    alt=\"Delavnici_Rogaska_Slatina_in_Opatija (7)-min\"\n                    src=\"http:\/\/www.si-hr.eu\/hr2\/wp-content\/uploads\/sites\/13\/nggallery\/radionice-rogaska-slatina-i-opatija\/thumbs\/thumbs_Delavnici_Rogaska_Slatina_in_Opatija-7-min.jpg\"\n                    width=\"240\"\n                    height=\"160\"\n                    style=\"max-width:100%;\"\n                \/>\n            <\/a>\n        <\/div>\n\t\t\t\t\t\t\t<\/div> \n\t\t\t\n        \n\t\t\t\t<div id=\"ngg-image-1\" class=\"ngg-gallery-thumbnail-box\" >\n\t\t\t\t        <div class=\"ngg-gallery-thumbnail\">\n            <a href=\"http:\/\/www.si-hr.eu\/hr2\/wp-content\/uploads\/sites\/13\/nggallery\/radionice-rogaska-slatina-i-opatija\/Delavnici_Rogaska_Slatina_in_Opatija-5-min.jpg\"\n               title=\"\"\n               data-src=\"http:\/\/www.si-hr.eu\/hr2\/wp-content\/uploads\/sites\/13\/nggallery\/radionice-rogaska-slatina-i-opatija\/Delavnici_Rogaska_Slatina_in_Opatija-5-min.jpg\"\n               data-thumbnail=\"http:\/\/www.si-hr.eu\/hr2\/wp-content\/uploads\/sites\/13\/nggallery\/radionice-rogaska-slatina-i-opatija\/thumbs\/thumbs_Delavnici_Rogaska_Slatina_in_Opatija-5-min.jpg\"\n               data-image-id=\"13\"\n               data-title=\"Delavnici_Rogaska_Slatina_in_Opatija (5)-min\"\n               data-description=\"\"\n               data-image-slug=\"delavnici_rogaska_slatina_in_opatija-5-min\"\n               class=\"ngg-fancybox\" rel=\"671\">\n                <img\n                    title=\"Delavnici_Rogaska_Slatina_in_Opatija (5)-min\"\n                    alt=\"Delavnici_Rogaska_Slatina_in_Opatija (5)-min\"\n                    src=\"http:\/\/www.si-hr.eu\/hr2\/wp-content\/uploads\/sites\/13\/nggallery\/radionice-rogaska-slatina-i-opatija\/thumbs\/thumbs_Delavnici_Rogaska_Slatina_in_Opatija-5-min.jpg\"\n                    width=\"240\"\n                    height=\"160\"\n                    style=\"max-width:100%;\"\n                \/>\n            <\/a>\n        <\/div>\n\t\t\t\t\t\t\t<\/div> \n\t\t\t\n        \n\t\t\t\t<div id=\"ngg-image-2\" class=\"ngg-gallery-thumbnail-box\" >\n\t\t\t\t        <div class=\"ngg-gallery-thumbnail\">\n            <a href=\"http:\/\/www.si-hr.eu\/hr2\/wp-content\/uploads\/sites\/13\/nggallery\/radionice-rogaska-slatina-i-opatija\/Delavnici_Rogaska_Slatina_in_Opatija-6-min.jpg\"\n               title=\"\"\n               data-src=\"http:\/\/www.si-hr.eu\/hr2\/wp-content\/uploads\/sites\/13\/nggallery\/radionice-rogaska-slatina-i-opatija\/Delavnici_Rogaska_Slatina_in_Opatija-6-min.jpg\"\n               data-thumbnail=\"http:\/\/www.si-hr.eu\/hr2\/wp-content\/uploads\/sites\/13\/nggallery\/radionice-rogaska-slatina-i-opatija\/thumbs\/thumbs_Delavnici_Rogaska_Slatina_in_Opatija-6-min.jpg\"\n               data-image-id=\"14\"\n               data-title=\"Delavnici_Rogaska_Slatina_in_Opatija (6)-min\"\n               data-description=\"\"\n               data-image-slug=\"delavnici_rogaska_slatina_in_opatija-6-min\"\n               class=\"ngg-fancybox\" rel=\"671\">\n                <img\n                    title=\"Delavnici_Rogaska_Slatina_in_Opatija (6)-min\"\n                    alt=\"Delavnici_Rogaska_Slatina_in_Opatija (6)-min\"\n                    src=\"http:\/\/www.si-hr.eu\/hr2\/wp-content\/uploads\/sites\/13\/nggallery\/radionice-rogaska-slatina-i-opatija\/thumbs\/thumbs_Delavnici_Rogaska_Slatina_in_Opatija-6-min.jpg\"\n                    width=\"240\"\n                    height=\"160\"\n                    style=\"max-width:100%;\"\n                \/>\n            <\/a>\n        <\/div>\n\t\t\t\t\t\t\t<\/div> \n\t\t\t\n        \n\t\t\t\t<div id=\"ngg-image-3\" class=\"ngg-gallery-thumbnail-box\" >\n\t\t\t\t        <div class=\"ngg-gallery-thumbnail\">\n            <a href=\"http:\/\/www.si-hr.eu\/hr2\/wp-content\/uploads\/sites\/13\/nggallery\/radionice-rogaska-slatina-i-opatija\/Delavnici_Rogaska_Slatina_in_Opatija-8-min.jpg\"\n               title=\"\"\n               data-src=\"http:\/\/www.si-hr.eu\/hr2\/wp-content\/uploads\/sites\/13\/nggallery\/radionice-rogaska-slatina-i-opatija\/Delavnici_Rogaska_Slatina_in_Opatija-8-min.jpg\"\n               data-thumbnail=\"http:\/\/www.si-hr.eu\/hr2\/wp-content\/uploads\/sites\/13\/nggallery\/radionice-rogaska-slatina-i-opatija\/thumbs\/thumbs_Delavnici_Rogaska_Slatina_in_Opatija-8-min.jpg\"\n               data-image-id=\"16\"\n               data-title=\"Delavnici_Rogaska_Slatina_in_Opatija (8)-min\"\n               data-description=\"\"\n               data-image-slug=\"delavnici_rogaska_slatina_in_opatija-8-min\"\n               class=\"ngg-fancybox\" rel=\"671\">\n                <img\n                    title=\"Delavnici_Rogaska_Slatina_in_Opatija (8)-min\"\n                    alt=\"Delavnici_Rogaska_Slatina_in_Opatija (8)-min\"\n                    src=\"http:\/\/www.si-hr.eu\/hr2\/wp-content\/uploads\/sites\/13\/nggallery\/radionice-rogaska-slatina-i-opatija\/thumbs\/thumbs_Delavnici_Rogaska_Slatina_in_Opatija-8-min.jpg\"\n                    width=\"240\"\n                    height=\"160\"\n                    style=\"max-width:100%;\"\n                \/>\n            <\/a>\n        <\/div>\n\t\t\t\t\t\t\t<\/div> \n\t\t\t\n        \n\t\t\t\t<div id=\"ngg-image-4\" class=\"ngg-gallery-thumbnail-box\" >\n\t\t\t\t        <div class=\"ngg-gallery-thumbnail\">\n            <a href=\"http:\/\/www.si-hr.eu\/hr2\/wp-content\/uploads\/sites\/13\/nggallery\/radionice-rogaska-slatina-i-opatija\/Delavnici_Rogaska_Slatina_in_Opatija-10-min.jpg\"\n               title=\"\"\n               data-src=\"http:\/\/www.si-hr.eu\/hr2\/wp-content\/uploads\/sites\/13\/nggallery\/radionice-rogaska-slatina-i-opatija\/Delavnici_Rogaska_Slatina_in_Opatija-10-min.jpg\"\n               data-thumbnail=\"http:\/\/www.si-hr.eu\/hr2\/wp-content\/uploads\/sites\/13\/nggallery\/radionice-rogaska-slatina-i-opatija\/thumbs\/thumbs_Delavnici_Rogaska_Slatina_in_Opatija-10-min.jpg\"\n               data-image-id=\"18\"\n               data-title=\"Delavnici_Rogaska_Slatina_in_Opatija (10)-min\"\n               data-description=\"\"\n               data-image-slug=\"delavnici_rogaska_slatina_in_opatija-10-min\"\n               class=\"ngg-fancybox\" rel=\"671\">\n                <img\n                    title=\"Delavnici_Rogaska_Slatina_in_Opatija (10)-min\"\n                    alt=\"Delavnici_Rogaska_Slatina_in_Opatija (10)-min\"\n                    src=\"http:\/\/www.si-hr.eu\/hr2\/wp-content\/uploads\/sites\/13\/nggallery\/radionice-rogaska-slatina-i-opatija\/thumbs\/thumbs_Delavnici_Rogaska_Slatina_in_Opatija-10-min.jpg\"\n                    width=\"240\"\n                    height=\"160\"\n                    style=\"max-width:100%;\"\n                \/>\n            <\/a>\n        <\/div>\n\t\t\t\t\t\t\t<\/div> \n\t\t\t\n        \n\t\t\t\t<div id=\"ngg-image-5\" class=\"ngg-gallery-thumbnail-box\" >\n\t\t\t\t        <div class=\"ngg-gallery-thumbnail\">\n            <a href=\"http:\/\/www.si-hr.eu\/hr2\/wp-content\/uploads\/sites\/13\/nggallery\/radionice-rogaska-slatina-i-opatija\/Delavnici_Rogaska_Slatina_in_Opatija-1-min.jpg\"\n               title=\"\"\n               data-src=\"http:\/\/www.si-hr.eu\/hr2\/wp-content\/uploads\/sites\/13\/nggallery\/radionice-rogaska-slatina-i-opatija\/Delavnici_Rogaska_Slatina_in_Opatija-1-min.jpg\"\n               data-thumbnail=\"http:\/\/www.si-hr.eu\/hr2\/wp-content\/uploads\/sites\/13\/nggallery\/radionice-rogaska-slatina-i-opatija\/thumbs\/thumbs_Delavnici_Rogaska_Slatina_in_Opatija-1-min.jpg\"\n               data-image-id=\"10\"\n               data-title=\"Delavnici_Rogaska_Slatina_in_Opatija (1)-min\"\n               data-description=\"\"\n               data-image-slug=\"delavnici_rogaska_slatina_in_opatija-1-min\"\n               class=\"ngg-fancybox\" rel=\"671\">\n                <img\n                    title=\"Delavnici_Rogaska_Slatina_in_Opatija (1)-min\"\n                    alt=\"Delavnici_Rogaska_Slatina_in_Opatija (1)-min\"\n                    src=\"http:\/\/www.si-hr.eu\/hr2\/wp-content\/uploads\/sites\/13\/nggallery\/radionice-rogaska-slatina-i-opatija\/thumbs\/thumbs_Delavnici_Rogaska_Slatina_in_Opatija-1-min.jpg\"\n                    width=\"240\"\n                    height=\"160\"\n                    style=\"max-width:100%;\"\n                \/>\n            <\/a>\n        <\/div>\n\t\t\t\t\t\t\t<\/div> \n\t\t\t\n        \n\t\t\t\t<div id=\"ngg-image-6\" class=\"ngg-gallery-thumbnail-box\" >\n\t\t\t\t        <div class=\"ngg-gallery-thumbnail\">\n            <a href=\"http:\/\/www.si-hr.eu\/hr2\/wp-content\/uploads\/sites\/13\/nggallery\/radionice-rogaska-slatina-i-opatija\/Delavnici_Rogaska_Slatina_in_Opatija-2-min.jpg\"\n               title=\"\"\n               data-src=\"http:\/\/www.si-hr.eu\/hr2\/wp-content\/uploads\/sites\/13\/nggallery\/radionice-rogaska-slatina-i-opatija\/Delavnici_Rogaska_Slatina_in_Opatija-2-min.jpg\"\n               data-thumbnail=\"http:\/\/www.si-hr.eu\/hr2\/wp-content\/uploads\/sites\/13\/nggallery\/radionice-rogaska-slatina-i-opatija\/thumbs\/thumbs_Delavnici_Rogaska_Slatina_in_Opatija-2-min.jpg\"\n               data-image-id=\"11\"\n               data-title=\"Delavnici_Rogaska_Slatina_in_Opatija (2)-min\"\n               data-description=\"\"\n               data-image-slug=\"delavnici_rogaska_slatina_in_opatija-2-min\"\n               class=\"ngg-fancybox\" rel=\"671\">\n                <img\n                    title=\"Delavnici_Rogaska_Slatina_in_Opatija (2)-min\"\n                    alt=\"Delavnici_Rogaska_Slatina_in_Opatija (2)-min\"\n                    src=\"http:\/\/www.si-hr.eu\/hr2\/wp-content\/uploads\/sites\/13\/nggallery\/radionice-rogaska-slatina-i-opatija\/thumbs\/thumbs_Delavnici_Rogaska_Slatina_in_Opatija-2-min.jpg\"\n                    width=\"240\"\n                    height=\"160\"\n                    style=\"max-width:100%;\"\n                \/>\n            <\/a>\n        <\/div>\n\t\t\t\t\t\t\t<\/div> \n\t\t\t\n        \n\t\t\t\t<div id=\"ngg-image-7\" class=\"ngg-gallery-thumbnail-box\" >\n\t\t\t\t        <div class=\"ngg-gallery-thumbnail\">\n            <a href=\"http:\/\/www.si-hr.eu\/hr2\/wp-content\/uploads\/sites\/13\/nggallery\/radionice-rogaska-slatina-i-opatija\/Delavnici_Rogaska_Slatina_in_Opatija-3-min.jpg\"\n               title=\"\"\n               data-src=\"http:\/\/www.si-hr.eu\/hr2\/wp-content\/uploads\/sites\/13\/nggallery\/radionice-rogaska-slatina-i-opatija\/Delavnici_Rogaska_Slatina_in_Opatija-3-min.jpg\"\n               data-thumbnail=\"http:\/\/www.si-hr.eu\/hr2\/wp-content\/uploads\/sites\/13\/nggallery\/radionice-rogaska-slatina-i-opatija\/thumbs\/thumbs_Delavnici_Rogaska_Slatina_in_Opatija-3-min.jpg\"\n               data-image-id=\"12\"\n               data-title=\"Delavnici_Rogaska_Slatina_in_Opatija (3)-min\"\n               data-description=\"\"\n               data-image-slug=\"delavnici_rogaska_slatina_in_opatija-3-min\"\n               class=\"ngg-fancybox\" rel=\"671\">\n                <img\n                    title=\"Delavnici_Rogaska_Slatina_in_Opatija (3)-min\"\n                    alt=\"Delavnici_Rogaska_Slatina_in_Opatija (3)-min\"\n                    src=\"http:\/\/www.si-hr.eu\/hr2\/wp-content\/uploads\/sites\/13\/nggallery\/radionice-rogaska-slatina-i-opatija\/thumbs\/thumbs_Delavnici_Rogaska_Slatina_in_Opatija-3-min.jpg\"\n                    width=\"240\"\n                    height=\"160\"\n                    style=\"max-width:100%;\"\n                \/>\n            <\/a>\n        <\/div>\n\t\t\t\t\t\t\t<\/div> \n\t\t\t\n        \n\t\t\n\t\t<!-- Pagination -->\n\t<div class='ngg-clear'><\/div>\t<\/div>\n<\/p>\n<\/div><\/section><\/div>\n","protected":false},"excerpt":{"rendered":"","protected":false},"author":1,"featured_media":0,"parent":0,"menu_order":0,"comment_status":"closed","ping_status":"closed","template":"","meta":{"ngg_post_thumbnail":0},"acf":[],"_links":{"self":[{"href":"http:\/\/www.si-hr.eu\/hr2\/wp-json\/wp\/v2\/pages\/619"}],"collection":[{"href":"http:\/\/www.si-hr.eu\/hr2\/wp-json\/wp\/v2\/pages"}],"about":[{"href":"http:\/\/www.si-hr.eu\/hr2\/wp-json\/wp\/v2\/types\/page"}],"author":[{"embeddable":true,"href":"http:\/\/www.si-hr.eu\/hr2\/wp-json\/wp\/v2\/users\/1"}],"replies":[{"embeddable":true,"href":"http:\/\/www.si-hr.eu\/hr2\/wp-json\/wp\/v2\/comments?post=619"}],"version-history":[{"count":6,"href":"http:\/\/www.si-hr.eu\/hr2\/wp-json\/wp\/v2\/pages\/619\/revisions"}],"predecessor-version":[{"id":647,"href":"http:\/\/www.si-hr.eu\/hr2\/wp-json\/wp\/v2\/pages\/619\/revisions\/647"}],"wp:attachment":[{"href":"http:\/\/www.si-hr.eu\/hr2\/wp-json\/wp\/v2\/media?parent=619"}],"curies":[{"name":"wp","href":"https:\/\/api.w.org\/{rel}","templated":true}]}}