{"id":65,"date":"2015-10-02T22:06:55","date_gmt":"2015-10-02T21:06:55","guid":{"rendered":"http:\/\/84.39.218.252\/si2\/?page_id=65"},"modified":"2023-03-27T10:39:17","modified_gmt":"2023-03-27T09:39:17","slug":"odobreni-projekti","status":"publish","type":"page","link":"http:\/\/www.si-hr.eu\/hr2\/projekti\/odobreni-projekti\/","title":{"rendered":"Odobreni projekti"},"content":{"rendered":"<div id='layer_slider_1'  class='avia-layerslider main_color avia-shadow  avia-builder-el-0  el_before_av_one_full  avia-builder-el-first  container_wrap sidebar_right'  style='height: 251px;'  ><\/div><div id='after_layer_slider_1'  class='main_color av_default_container_wrap container_wrap sidebar_right'  ><div class='container av-section-cont-open' ><div class='template-page content  av-content-small alpha units'><div class='post-entry post-entry-type-page post-entry-65'><div class='entry-content-wrapper clearfix'>\n\n<style type=\"text\/css\" data-created_by=\"avia_inline_auto\" id=\"style-css-av-7cmft-d1ae2785aa86d3994ddee6af6cd059d6\">\n.flex_column.av-7cmft-d1ae2785aa86d3994ddee6af6cd059d6{\nborder-radius:0px 0px 0px 0px;\n-webkit-border-radius:0px 0px 0px 0px;\n-moz-border-radius:0px 0px 0px 0px;\n}\n<\/style>\n<div class='flex_column av-7cmft-d1ae2785aa86d3994ddee6af6cd059d6 av_one_full  avia-builder-el-1  el_after_av_layerslider  el_before_av_textblock  avia-builder-el-first  first flex_column_div av-zero-column-padding '   ><style type=\"text\/css\" data-created_by=\"avia_inline_auto\" id=\"style-css-av-6zx15-cdbb2f95205b83d06e416cedba4b3d30\">\n#top .av-special-heading.av-6zx15-cdbb2f95205b83d06e416cedba4b3d30{\npadding-bottom:10px;\n}\nbody .av-special-heading.av-6zx15-cdbb2f95205b83d06e416cedba4b3d30 .av-special-heading-tag .heading-char{\nfont-size:25px;\n}\n.av-special-heading.av-6zx15-cdbb2f95205b83d06e416cedba4b3d30 .av-subheading{\nfont-size:15px;\n}\n<\/style>\n<div  class='av-special-heading av-6zx15-cdbb2f95205b83d06e416cedba4b3d30 av-special-heading-h3  avia-builder-el-2  avia-builder-el-no-sibling '><h3 class='av-special-heading-tag'  itemprop=\"headline\"  >Odobreni projekti<\/h3><div class=\"special-heading-border\"><div class=\"special-heading-inner-border\"><\/div><\/div><\/div><\/div>\n<section  class='av_textblock_section av-62j6h-86d9bdd5a7ff4d9fc009e123492f3286'  itemscope=\"itemscope\" itemtype=\"https:\/\/schema.org\/CreativeWork\" ><div class='avia_textblock'  itemprop=\"text\" ><p>Ova stranica pru\u017ea informacije o svim odobrenim projektima u sklopu Programa suradnje Interreg V-A Slovenija-Hrvatska.<\/p>\n<p>U okviru Programa suradnje Interreg V-A Slovenija- Hrvatska u prvom, drugom i tre\u0107em roku otvorenog poziva odobrena su 34 projekta. U okviru prioritetne osi 1 odobrena su \u010detiri strate\u0161ka projekta.<\/p>\n<\/div><\/section>\n\n<style type=\"text\/css\" data-created_by=\"avia_inline_auto\" id=\"style-css-av-5tv55-f1029fc3ed5f4009d664ae0446ec2339\">\n.flex_column.av-5tv55-f1029fc3ed5f4009d664ae0446ec2339{\nborder-radius:0px 0px 0px 0px;\n-webkit-border-radius:0px 0px 0px 0px;\n-moz-border-radius:0px 0px 0px 0px;\n}\n<\/style>\n<div class='flex_column av-5tv55-f1029fc3ed5f4009d664ae0446ec2339 av_one_full  avia-builder-el-4  el_after_av_textblock  el_before_av_one_full  first flex_column_div av-zero-column-padding column-top-margin'   ><div  class='togglecontainer av-50hkx-bfde10df93c8e37a9e6519486d3672f0  avia-builder-el-5  avia-builder-el-no-sibling ' >\n<section class='av_toggle_section av-4porp-56c718a5ff38f8d5317da63c0f712fca'  itemscope=\"itemscope\" itemtype=\"https:\/\/schema.org\/CreativeWork\" ><div role=\"tablist\" class=\"single_toggle\" data-tags=\"{All} \"  ><p data-fake-id='#toggle-id-1' class='toggler  activeTitle '  itemprop=\"headline\"  role='tab' tabindex='0' aria-controls='toggle-id-1'>Prioritetna os 1: Integrirano upravljanje rizicima od poplava na prekograni\u010dnim rije\u010dnim slivovima<span class=\"toggle_icon\"><span class=\"vert_icon\"><\/span><span class=\"hor_icon\"><\/span><\/span><\/p><div id='toggle-id-1' class='toggle_wrap  active_tc' style='display:block;' ><div class='toggle_content invers-color '  itemprop=\"text\" ><p><em>Akronim projetka:<\/em><strong> FRISCO 1&nbsp;(3.460.307,50 EUR EFRR)<\/strong><\/p>\n<p><em>Vode\u0107i&nbsp;partner:<\/em> Hrvatske vode<\/p>\n<p><em>Projektni partneri:<\/em> Ministrstvo za okolje in prostor RS, Agencija RS za okolje, Direkcija RS za vode, Dr\u017eavna uprava za za\u0161titu i spa\u0161avanje, Dr\u017eavni hidrometeorolo\u0161ki zavod, In\u0161titut za hidravli\u010dne raziskave, Uprava RS za za\u0161\u010dito in re\u0161evanje<\/p>\n<p><em>The risk of floods is considered the greatest risk with the highest cross-border effect and need for joined risk management. The cross-border programme intends to focus to the river basins and flood risk management issues that can only be addressed through joint intervention of Slovenian and Croatian water authorities. Through its Priority Axis (PA) 1, Integrated Flood Risk Management in Transboundary River Basins, the Cooperation Programme provides an unique opportunity for these authorities to improve the transboundary flood risk management and achieve a reduction of flood risks. This Project (Flood RIsk Slovenia-Croatia Operations &#8211; Strategic Project 1 &#8211; Nonstructural Measures (FRISCO1)), will serve two key purposes: to improve coordinated flood risk management and reduce flood risks through implementation of non-structural measures, and to prepare documentation (studies and design) for the optimal structural measures that will be implemented in subsequent strategic project or projects. The main outputs will be sets of joint models, maps and tools for each of the six target transboundary river basins (Kupa\/Kolpa, Sutla\/Sotla, Drava, Mura, Dragonja and Bregana) with the associated design documentation for optimal structural measures, improved physical alert systems, and the outputs of awareness rising\/capacity building activities. The Project will address the needs of a wide range of target groups, and the ultimate beneficiary of the Project is the affected population. The Project\u2019s objectives can only be achieved through cross-border cooperation because, in line with the Floods Directive, the flood risk management planning should be done following the river basin approach in order to determine the optimal measures. The Project is original because of its comprehensiveness, both in terms of the spatial coverage (all transboundary river basins) and in terms of the scope of the measures (all key non-structural measures covering preparedness, prevention and response).<\/em><\/p>\n<p><em>Akronim projekta:<\/em><strong>&nbsp;FRISCO 2.1&nbsp;(1.426.746,25 EUR EFRR)<\/strong><\/p>\n<p><em>Vode\u0107i partner:<\/em> Direkcija RS za vode<\/p>\n<p><em>Projektni partneri:<\/em>&nbsp;Hrvatske vode<\/p>\n<p><em>The objective of the project is the implementation of a structural flood risk reduction measure \u2013 the modernization and upgrading of the Vonarje Dam, which is a key structural flood risk reduction element in the Sotla river basin.<\/em><\/p>\n<p><em>The Vonarje Dam was constructed more than 40 years ago upstream from the confluence of Sotla and Mestinj\u0161\u010dica rivers and functions as a protection from high waters for downstream settlements on both sides in the border area.<\/em><\/p>\n<p><em>Because of serious damages to the concrete part of the structure and wearing out of HM and elec. equipment and machinery, the dam poses a great threat downstream.&nbsp; In case of malfunction or even demolition of the dam consequences downstream in the river basin area could be devastating, e.g. mainly to econ. and agr. infrastructure, as well as housing infrastructure in the area.<\/em><\/p>\n<p><em>The proposed modernization and upgrading (main P output) will decrease the flood risk and ensure the efficient operation and comprehensive monitoring (incl. seismic) in accordance with existing legislation (main P result). The P will thereby contribute to the overall programme specific objective &#8220;Flood risk reduction in the transboundary Sotla\/Sutla river basin through application of a structural flood risk management measure&#8221; as the main project output directly reduces the share of transboundary river basins under flood risk (5b4).<\/em><\/p>\n<p><em>The project will be supported by communication activities (WPC) which will target stakeholders from local, regional and national levels (e.g. the general public, national, regional and local authorities and sectoral agencies etc.) to raise awareness and increase knowledge on the issues of flood risk and flood protection measures.<\/em><\/p>\n<p><em>Cross-border cooperation on this project is vital as any flood risk reduction measure on a transboundary river needs to be bilaterally coordinated to avoid one-sided approaches that could endanger the other side.<\/em><\/p>\n<p><em>Akronim projekta:<\/em><strong>&nbsp;FRISCO 2.2&nbsp;(2.545.915,91 EUR EFRR)<\/strong><\/p>\n<p><em>Vode\u0107i partner:<\/em> Direkcija RS za vode<\/p>\n<p><em>Projektni partneri:<\/em>&nbsp;Hrvatske vode<\/p>\n<p><em>Maximum water levels of the Mur river were recorded twice in the last 10 years, in 2005 and 2014. As climate change is expected to result in even more extremes it is necessary to improve the flood defence system within the proposed project Frisco 2.2. Its common challenge is to improve environmental conditions and to adopt to climate change by the construction \/ reconstruction of the high-water embankments to protect the Benica and Sveti Martin na Muri settlements and its inhabitants from flood risk. In Benica settlement the measure will reduce floodplains on agricultural land by 96ha and protect additional 3,2 km of local municipal roads as well as 28 houses with agricultural buildings, in total 95 people, while also considering the flooding of Ledava. Furthermore, in Sveti Martin na Muri the high-water embankment will defend from a 100-year flood in total 62 structures (family houses and farm buildings, football stadium), 200 people living there and approx. 45 ha of agricultural land.<\/em><\/p>\n<p><em>The reduction of flood risk in the river basin is treated comprehensively within FRISCO 1 project and the detailed description of the stated locations is presented in the study draft \u201cDefinition of alternative solutions &#8211; Phase 1\u201d.&nbsp; A comprehensive hydrological hydraulic study of the Mur River Basin will be elaborated, which will define the necessary measures to reduce the threat of populated and urbanized areas from the harmful effects of waters.<\/em><\/p>\n<p><em>The project will contribute to the overall programme SO &#8220;Flood risk reduction in the transboundary Mura river basin through application of a structural flood risk management measure&#8221; as the main project outputs directly reduces the share of transboundary river basins under flood risk (5b4).<\/em><\/p>\n<p><em>Cross-border cooperation is vital as any flood risk reduction measure on a transboundary river needs to be bilaterally coordinated to avoid one-sided approaches that could endanger the other side.<\/em><\/p>\n<p><em>Akronim projekta:<\/em><strong>&nbsp;FRISCO 2.3&nbsp;(2.593.585,45 EUR EFRR)<\/strong><\/p>\n<p><em>Vode\u0107i partner:<\/em> Hrvatske vode<\/p>\n<p><em>Projektni partneri:<\/em>&nbsp;Direkcija RS za vode<\/p>\n<p><em>The project will contribute to the overall programme specific objective &#8220;Flood risk reduction in the transboundary Drava and Kolpa\/Kupa river basins through application of a structural flood risk management measure&#8221; as the main project outputs directly reduces the share of transboundary river basins under flood risk (5bRI).<\/em><\/p>\n<p><em>The reduction of flood risk in the river basin is treated comprehensively within FRISCO 1 project. Cross-border cooperation is vital as any flood risk reduction measure on a transboundary river needs to be bilaterally coordinated to avoid one-sided approaches that could endanger the other side. Flood embankments are the most common flood protection measures in the Drava river basin and most of the affected areas have already been constructed. An area of mutual interest between Republic of Croatia and Slovenia refers to area of proposed sections, that have inadequate flood protection and need to be resolved to prevent damages.<\/em><\/p>\n<p><em>The Flood Protection Study for the Transboundary Drava Basin identified the reconstruction of the Virje Otok &#8211; Brezje dike and construction of a distributary channel of the river Drava on the right bank of Mala vas as a structural measure that would be most efficient.<\/em><\/p>\n<p><em>The existing models and collected data served for the preparation of the Cross-border harmonized flood risk management study for the Kupa\/Kolpa basin, as part of which the locations with the heaviest generated damage were identified (the settlements of Hrvatsko, Ku\u017eelj, and Otok). In accordance with the amount of the average annual damage in the basin, the flood risk reduction measures are focused at protecting the settlements at the highest risk. The reduction of damage in the critical locations is proposed to be achieved by putting up protective walls \u2013 in Hrvatsko area in Croatia and in Ku\u017eelj area in Slovenia.<\/em><\/p>\n<\/div><\/div><\/div><\/section>\n<section class='av_toggle_section av-3xm75-1d05088bb034854500aed0a29e97b6ae'  itemscope=\"itemscope\" itemtype=\"https:\/\/schema.org\/CreativeWork\" ><div role=\"tablist\" class=\"single_toggle\" data-tags=\"{All} \"  ><p data-fake-id='#toggle-id-2' class='toggler   '  itemprop=\"headline\"  role='tab' tabindex='0' aria-controls='toggle-id-2'>Prioritetna os 2: O\u010duvanje i odr\u017eivo kori\u0161tenje prirodnih i kulturnih resursa<span class=\"toggle_icon\"><span class=\"vert_icon\"><\/span><span class=\"hor_icon\"><\/span><\/span><\/p><div id='toggle-id-2' class='toggle_wrap  '  ><div class='toggle_content invers-color '  itemprop=\"text\" ><ul style=\"text-align: left;\">1. rok<\/ul>\n<ul>\n<li><strong>Mala Barka 2<\/strong><\/li>\n<li><strong>DETOX<\/strong><\/li>\n<li><strong>ENJOYHERITAGE<\/strong><\/li>\n<\/ul>\n<p><a href=\"http:\/\/84.39.218.255\/hr2\/wp-content\/uploads\/sites\/13\/2015\/10\/Sazeci-odobrenih-projekata-Prioritetna-os-2.pdf\" target=\"_blank\" rel=\"noopener\">Sa\u017eeci projekata odobrenih u okviru 1. roka &#8211; Prioritetna os 2<\/a><\/p>\n<p>2. rok<\/p>\n<ul>\n<li><strong>Riviera4Seasons2<\/strong><\/li>\n<li><strong>CLAUSTRA+<\/strong><\/li>\n<li><strong>ECooL-Tour<\/strong><\/li>\n<li><strong>LIKE<\/strong><\/li>\n<li><strong>Prebujanje \/ Bu\u0111enje&nbsp; <\/strong><\/li>\n<li><strong>ZELENO \u017dELIMO<\/strong><\/li>\n<li><strong>\u017dIVA COPRNIJA<\/strong><\/li>\n<li><strong>MISTERION<\/strong><\/li>\n<li><strong>KRASn\u2019KR\u0160<\/strong><\/li>\n<li><strong>\u010cIGRA<\/strong><\/li>\n<li><strong>U\u017eivam tradicijo<\/strong><\/li>\n<\/ul>\n<a href=\"http:\/\/www.si-hr.eu\/hr2\/download\/Sazeci-odobrenih-projekata-u-okviru-2.roka-Prioritetna-os-2.pdf\" >Sa\u017eeci projekata odobrenih u okviru 2. roka - Prioritetna os 2<\/a>\n<p>3. rok<\/p>\n<ul>\n<li><strong>RIDE&amp;BIKE II<\/strong><\/li>\n<li><strong>INSPIRACIJA<\/strong><\/li>\n<li><strong>MITSKI PARK<\/strong><\/li>\n<li><strong>Carnivora Dinarica<\/strong><\/li>\n<li><strong>kulTura<\/strong><\/li>\n<li><strong>Prehistory Adventure<\/strong><\/li>\n<li><strong>NATURE&amp;WILDLIFE<\/strong><\/li>\n<li><strong>MINE TOUR<\/strong><\/li>\n<li><strong>In cultura veritas<\/strong><\/li>\n<li><strong>LIVING CASTLES<\/strong><\/li>\n<li><strong>Ka\u0161telir<\/strong><\/li>\n<li><strong>VEZI NARAVE<\/strong><\/li>\n<\/ul>\n<a href=\"http:\/\/www.si-hr.eu\/hr2\/download\/Sazeci-odobrenih-projekata-Prioritetna-os-2.pdf\" >Sa\u017eeci projekata odobrenih u okviru 3. roka - Prioritetna os 2<\/a>\n<\/div><\/div><\/div><\/section>\n<section class='av_toggle_section av-bsw9-359ed9b77035600f8fb1d1e71f4cfcf7'  itemscope=\"itemscope\" itemtype=\"https:\/\/schema.org\/CreativeWork\" ><div role=\"tablist\" class=\"single_toggle\" data-tags=\"{All} \"  ><p data-fake-id='#toggle-id-3' class='toggler   '  itemprop=\"headline\"  role='tab' tabindex='0' aria-controls='toggle-id-3'>Prioritetna os 3: Zdrava, sigurna i pristupa\u010dna pograni\u010dna podru\u010dja<span class=\"toggle_icon\"><span class=\"vert_icon\"><\/span><span class=\"hor_icon\"><\/span><\/span><\/p><div id='toggle-id-3' class='toggle_wrap  '  ><div class='toggle_content invers-color '  itemprop=\"text\" ><ul>1. rok<\/ul>\n<ul>\n<li><strong>DEMENCA<\/strong><\/li>\n<li><strong>STAR<\/strong><\/li>\n<\/ul>\n<p><a class=\"mtli_attachment mtli_pdf\" href=\"http:\/\/84.39.218.255\/hr2\/wp-content\/uploads\/sites\/13\/2015\/10\/Sazeci-odobrenih-projekata-Prioritetna-os-3.pdf\" target=\"_blank\" rel=\"noopener\">Sa\u017eeci projekata odobrenih u okviru 1. roka \u2013 Prioritetna os 3<\/a><\/p>\n<p>2. rok<\/p>\n<ul>\n<li><strong>+Health<\/strong><\/li>\n<\/ul>\n<p><a class=\"mtli_attachment mtli_pdf\" href=\"http:\/\/www.si-hr.eu\/hr2\/download\/Sazeci-odobrenih-projekata-u-okviru-2.-roka-Prioritetna-os-3.pdf\">Sa\u017eeci projekata odobrenih u okviru 2. roka &#8211; Prioritetna os 3<\/a><\/p>\n<p>3. rok<\/p>\n<ul>\n<li><strong>EMERGENCY EuroRegion<\/strong><\/li>\n<li><strong>CrossCare<\/strong><\/li>\n<li><strong>2SoKroG<\/strong><\/li>\n<li><strong>HITRO<\/strong><\/li>\n<li><strong>ENRAS<\/strong><\/li>\n<\/ul>\n<a href=\"http:\/\/www.si-hr.eu\/hr2\/download\/Sazeci-odobrenih-projekata-Prioritetna-os-3.pdf\" >Sa\u017eeci projekata odobrenih u okviru 3. roka - Prioritetna os 3<\/a>\n<p>4. rok<\/p>\n<ul>\n<li><strong>MAX AID<br \/>\n<\/strong><\/li>\n<li><strong>IstraConnect<\/strong><\/li>\n<li><strong>CRO-SI-SAFE<\/strong><\/li>\n<\/ul>\n<p><a href=\"http:\/\/www.si-hr.eu\/hr2\/download\/Sazeci-odobrenih-projekata-Prioritetna-os-3_2.pdf\">Sa\u017eeci projekata odobrenih u okviru 4. roka &#8211; Prioritetna os 3<\/a><\/p>\n<\/div><\/div><\/div><\/section>\n<\/div><\/div>\n<style type=\"text\/css\" data-created_by=\"avia_inline_auto\" id=\"style-css-av-2xv8l-c0616b193b23cd5d65c44ef71ca20b98\">\n.flex_column.av-2xv8l-c0616b193b23cd5d65c44ef71ca20b98{\nborder-radius:0px 0px 0px 0px;\n-webkit-border-radius:0px 0px 0px 0px;\n-moz-border-radius:0px 0px 0px 0px;\n}\n<\/style>\n<div class='flex_column av-2xv8l-c0616b193b23cd5d65c44ef71ca20b98 av_one_full  avia-builder-el-6  el_after_av_one_full  el_before_av_hr  first flex_column_div av-zero-column-padding column-top-margin'   ><section  class='av_textblock_section av-2188l-19a8d7842cf708dfa2530fd2ee21513a'  itemscope=\"itemscope\" itemtype=\"https:\/\/schema.org\/CreativeWork\" ><div class='avia_textblock'  itemprop=\"text\" ><p><em>Sa\u017eeci projekata bili su pripremljeni od strane podnositelja u okviru podnesenih projektnih prijava.<\/em><\/p>\n<\/div><\/section><\/div><\/p>\n<div  class='hr av-4vih-d19fd6b3a47e852b3349647da5f5c43c hr-default  avia-builder-el-8  el_after_av_one_full  el_before_av_icon_box '><span class='hr-inner '><span class=\"hr-inner-style\"><\/span><\/span><\/div>\n\n<style type=\"text\/css\" data-created_by=\"avia_inline_auto\" id=\"style-css-av-osvh-db600d35c7ff65eed5f7d4c1bd50fd88\">\n.iconbox.av-osvh-db600d35c7ff65eed5f7d4c1bd50fd88 .iconbox_icon{\nborder:1px solid #0070e8;\ncolor:#0070e8;\n}\n#top #wrap_all .iconbox.av-osvh-db600d35c7ff65eed5f7d4c1bd50fd88 .iconbox_content_title{\ncolor:#0070e8;\n}\n.iconbox.av-osvh-db600d35c7ff65eed5f7d4c1bd50fd88 .iconbox_content_container{\ncolor:#0070e8;\n}\n<\/style>\n<article  class='iconbox iconbox_left av-osvh-db600d35c7ff65eed5f7d4c1bd50fd88  avia-builder-el-9  el_after_av_hr  avia-builder-el-last '  itemscope=\"itemscope\" itemtype=\"https:\/\/schema.org\/CreativeWork\" ><div class=\"iconbox_content\"><header class=\"entry-content-header\"><div class=\"iconbox_icon heading-color\" aria-hidden='true' data-av_icon='\ue82d' data-av_iconfont='entypo-fontello'><\/div><h3 class='iconbox_content_title '  itemprop=\"headline\" >POPIS ODOBRENIH PROJEKATA<\/h3><\/header><div class='iconbox_content_container av_inherit_color'  itemprop=\"text\" ><a href=\"http:\/\/www.si-hr.eu\/hr2\/download\/Approved_Projects_2022-06-20_2.xlsx\" >Kliknite ovdje za preuzimanje popisa!<\/a>\n<\/div><\/div><footer class=\"entry-footer\"><\/footer><\/article>\n","protected":false},"excerpt":{"rendered":"","protected":false},"author":3,"featured_media":0,"parent":61,"menu_order":0,"comment_status":"closed","ping_status":"closed","template":"","meta":{"ngg_post_thumbnail":0},"acf":[],"_links":{"self":[{"href":"http:\/\/www.si-hr.eu\/hr2\/wp-json\/wp\/v2\/pages\/65"}],"collection":[{"href":"http:\/\/www.si-hr.eu\/hr2\/wp-json\/wp\/v2\/pages"}],"about":[{"href":"http:\/\/www.si-hr.eu\/hr2\/wp-json\/wp\/v2\/types\/page"}],"author":[{"embeddable":true,"href":"http:\/\/www.si-hr.eu\/hr2\/wp-json\/wp\/v2\/users\/3"}],"replies":[{"embeddable":true,"href":"http:\/\/www.si-hr.eu\/hr2\/wp-json\/wp\/v2\/comments?post=65"}],"version-history":[{"count":36,"href":"http:\/\/www.si-hr.eu\/hr2\/wp-json\/wp\/v2\/pages\/65\/revisions"}],"predecessor-version":[{"id":5294,"href":"http:\/\/www.si-hr.eu\/hr2\/wp-json\/wp\/v2\/pages\/65\/revisions\/5294"}],"up":[{"embeddable":true,"href":"http:\/\/www.si-hr.eu\/hr2\/wp-json\/wp\/v2\/pages\/61"}],"wp:attachment":[{"href":"http:\/\/www.si-hr.eu\/hr2\/wp-json\/wp\/v2\/media?parent=65"}],"curies":[{"name":"wp","href":"https:\/\/api.w.org\/{rel}","templated":true}]}}