{"id":798,"date":"2016-07-11T13:58:33","date_gmt":"2016-07-11T12:58:33","guid":{"rendered":"http:\/\/84.39.218.255\/hr2\/?page_id=798"},"modified":"2016-11-09T14:21:49","modified_gmt":"2016-11-09T13:21:49","slug":"logotip-programa","status":"publish","type":"page","link":"http:\/\/www.si-hr.eu\/hr2\/logotip-programa\/","title":{"rendered":"Logotip programa"},"content":{"rendered":"<div id='layer_slider_1'  class='avia-layerslider main_color avia-shadow  avia-builder-el-0  el_before_av_one_full  avia-builder-el-first  container_wrap sidebar_right'  style='height: 251px;'  ><\/div><div id='after_layer_slider_1'  class='main_color av_default_container_wrap container_wrap sidebar_right'  ><div class='container av-section-cont-open' ><div class='template-page content  av-content-small alpha units'><div class='post-entry post-entry-type-page post-entry-798'><div class='entry-content-wrapper clearfix'>\n\n<style type=\"text\/css\" data-created_by=\"avia_inline_auto\" id=\"style-css-av-av_one_full-352b07ef7d3bc99b2e9f92e7a9e06bdb\">\n.flex_column.av-av_one_full-352b07ef7d3bc99b2e9f92e7a9e06bdb{\nborder-radius:0px 0px 0px 0px;\n-webkit-border-radius:0px 0px 0px 0px;\n-moz-border-radius:0px 0px 0px 0px;\n}\n<\/style>\n<div class='flex_column av-av_one_full-352b07ef7d3bc99b2e9f92e7a9e06bdb av_one_full  avia-builder-el-1  el_after_av_layerslider  el_before_av_one_fourth  avia-builder-el-first  first flex_column_div av-zero-column-padding '   ><style type=\"text\/css\" data-created_by=\"avia_inline_auto\" id=\"style-css-av-av_heading-72a9df5e903bfd834a66c0410ae00d87\">\n#top .av-special-heading.av-av_heading-72a9df5e903bfd834a66c0410ae00d87{\npadding-bottom:3px;\n}\nbody .av-special-heading.av-av_heading-72a9df5e903bfd834a66c0410ae00d87 .av-special-heading-tag .heading-char{\nfont-size:25px;\n}\n.av-special-heading.av-av_heading-72a9df5e903bfd834a66c0410ae00d87 .av-subheading{\nfont-size:15px;\n}\n<\/style>\n<div  class='av-special-heading av-av_heading-72a9df5e903bfd834a66c0410ae00d87 av-special-heading-h3  avia-builder-el-2  avia-builder-el-no-sibling '><h3 class='av-special-heading-tag'  itemprop=\"headline\"  >Logotip programa suradnje Interreg V-A Slovenija-Hrvatska<\/h3><div class=\"special-heading-border\"><div class=\"special-heading-inner-border\"><\/div><\/div><\/div><\/div>\n\n<style type=\"text\/css\" data-created_by=\"avia_inline_auto\" id=\"style-css-av-av_one_fourth-352b07ef7d3bc99b2e9f92e7a9e06bdb\">\n.flex_column.av-av_one_fourth-352b07ef7d3bc99b2e9f92e7a9e06bdb{\nborder-radius:0px 0px 0px 0px;\n-webkit-border-radius:0px 0px 0px 0px;\n-moz-border-radius:0px 0px 0px 0px;\n}\n<\/style>\n<div class='flex_column av-av_one_fourth-352b07ef7d3bc99b2e9f92e7a9e06bdb av_one_fourth  avia-builder-el-3  el_after_av_one_full  el_before_av_three_fourth  first flex_column_div av-zero-column-padding column-top-margin'   ><p>\n<style type=\"text\/css\" data-created_by=\"avia_inline_auto\" id=\"style-css-av-av_font_icon-97323163ebfc58fe2caad7533d030534\">\n.av_font_icon.av-av_font_icon-97323163ebfc58fe2caad7533d030534 .av-icon-char{\nfont-size:50px;\nline-height:50px;\nwidth:50px;\n}\n<\/style>\n<span  class='av_font_icon av-av_font_icon-97323163ebfc58fe2caad7533d030534 avia_animate_when_visible av-icon-style-border avia-icon-pos-center av-no-color avia-icon-animate'><a href='http:\/\/www.si-hr.eu\/si2\/download\/Interreg_SI-HR_logo.zip' target=\"_blank\" rel=\"noopener noreferrer\" class='av-icon-char' aria-hidden='true' data-av_icon='\ue82d' data-av_iconfont='entypo-fontello'><\/a><span class='av_icon_caption av-special-font'>Preuzmite logotip programa<\/span><\/span><br \/>\n<div  class='av-hotspot-image-container av-av_image_hotspot-5bf4263bf96a9395d49a9162bb185935  avia-builder-el-5  el_after_av_font_icon  avia-builder-el-last  av-hotspot-numbered avia_animated_image avia_animate_when_almost_visible pop-up av-mobile-fallback-active  av-non-fullwidth-hotspot-image'  itemprop=\"image\" itemscope=\"itemscope\" itemtype=\"https:\/\/schema.org\/ImageObject\" ><div class='av-hotspot-container'><div class='av-hotspot-container-inner-cell'><div class='av-hotspot-container-inner-wrap'><img decoding=\"async\" class='wp-image-16 avia-img-lazy-loading-not-16 avia_image' src=\"http:\/\/www.si-hr.eu\/hr2\/wp-content\/uploads\/sites\/13\/2015\/10\/interreg_si-hr_hr_rgb.png\" alt='' title='interreg_si-hr_hr_rgb'  height=\"115\" width=\"370\"  itemprop=\"thumbnailUrl\" srcset=\"http:\/\/www.si-hr.eu\/hr2\/wp-content\/uploads\/sites\/13\/2015\/10\/interreg_si-hr_hr_rgb.png 370w, http:\/\/www.si-hr.eu\/hr2\/wp-content\/uploads\/sites\/13\/2015\/10\/interreg_si-hr_hr_rgb-300x93.png 300w\" sizes=\"(max-width: 370px) 100vw, 370px\" \/><\/div><\/div><\/div><\/div><\/p><\/div>\n<style type=\"text\/css\" data-created_by=\"avia_inline_auto\" id=\"style-css-av-av_three_fourth-2a64de42b738552fe666ca889af77e28\">\n.flex_column.av-av_three_fourth-2a64de42b738552fe666ca889af77e28{\nborder-radius:0px 0px 0px 0px;\n-webkit-border-radius:0px 0px 0px 0px;\n-moz-border-radius:0px 0px 0px 0px;\n}\n<\/style>\n<div class='flex_column av-av_three_fourth-2a64de42b738552fe666ca889af77e28 av_three_fourth  avia-builder-el-6  el_after_av_one_fourth  avia-builder-el-last  flex_column_div av-zero-column-padding column-top-margin'   ><section  class='av_textblock_section av-av_textblock-0366cc7376be6c9e82a3e9cc8987b64f'  itemscope=\"itemscope\" itemtype=\"https:\/\/schema.org\/CreativeWork\" ><div class='avia_textblock'  itemprop=\"text\" ><p>Logotip je najva\u017eniji element grafi\u010dkog identiteta Programa suradnje Interreg V-A SlovenijaHrvatska u programskom razdoblju 2014.-2020. Upotreba programskog logotipa je osnovni element koji jam\u010di ispunjavanje osnovnih zahtjeva Europske komisije.<\/p>\n<p>Za ispunjavanje zahtjeva iz CPR-a, Program je usvojio priru\u010dnik o korporativnom identitetu koji odre\u0111uje obvezni programski logotip i njegovu upotrebu. Programski logotip korisnici moraju upotrebljavati tijekom cjelokupne provedbe projekta, tj. na svim dokumentima, prema potrebi na mre\u017enoj stranici, na svim dopisima povezanim s projektom, na javnim natje\u010dajima, na javnim doga\u0111ajima, u tiskanim materijalima itd.<\/p>\n<p>Vi\u0161e informacija o pravilnom kori\u0161tenju logotipa mo\u017ee se na\u0107i u\u00a0<strong><a href=\"http:\/\/84.39.218.255\/hr2\/wp-content\/uploads\/sites\/13\/2016\/07\/Prirucnik_2_sesti_dio_-_Informiranje_i_komunikacija.pdf\" target=\"_blank\" rel=\"noopener\">Priru\u010dniku o prevedbi projekata &#8211; \u0161esti dio (Informiranje i komunikacija)<\/a>.<\/strong><\/p>\n<\/div><\/section><\/div><\/p>\n","protected":false},"excerpt":{"rendered":"","protected":false},"author":1,"featured_media":0,"parent":0,"menu_order":0,"comment_status":"closed","ping_status":"closed","template":"","meta":{"ngg_post_thumbnail":0},"acf":[],"_links":{"self":[{"href":"http:\/\/www.si-hr.eu\/hr2\/wp-json\/wp\/v2\/pages\/798"}],"collection":[{"href":"http:\/\/www.si-hr.eu\/hr2\/wp-json\/wp\/v2\/pages"}],"about":[{"href":"http:\/\/www.si-hr.eu\/hr2\/wp-json\/wp\/v2\/types\/page"}],"author":[{"embeddable":true,"href":"http:\/\/www.si-hr.eu\/hr2\/wp-json\/wp\/v2\/users\/1"}],"replies":[{"embeddable":true,"href":"http:\/\/www.si-hr.eu\/hr2\/wp-json\/wp\/v2\/comments?post=798"}],"version-history":[{"count":6,"href":"http:\/\/www.si-hr.eu\/hr2\/wp-json\/wp\/v2\/pages\/798\/revisions"}],"predecessor-version":[{"id":1195,"href":"http:\/\/www.si-hr.eu\/hr2\/wp-json\/wp\/v2\/pages\/798\/revisions\/1195"}],"wp:attachment":[{"href":"http:\/\/www.si-hr.eu\/hr2\/wp-json\/wp\/v2\/media?parent=798"}],"curies":[{"name":"wp","href":"https:\/\/api.w.org\/{rel}","templated":true}]}}