{"id":835,"date":"2016-07-12T13:01:10","date_gmt":"2016-07-12T12:01:10","guid":{"rendered":"http:\/\/84.39.218.255\/hr2\/?page_id=835"},"modified":"2016-07-12T13:01:10","modified_gmt":"2016-07-12T12:01:10","slug":"trajno-otvoreni-poziv-na-dostavu-projekata","status":"publish","type":"page","link":"http:\/\/www.si-hr.eu\/hr2\/javni-razpis\/trajno-otvoreni-poziv-na-dostavu-projekata\/","title":{"rendered":"Trajno otvoreni poziv na dostavu projekata"},"content":{"rendered":"<div id='layer_slider_1'  class='avia-layerslider main_color avia-shadow  avia-builder-el-0  el_before_av_one_half  avia-builder-el-first  container_wrap sidebar_right'  style='height: 251px;'  ><\/div><div id='after_layer_slider_1'  class='main_color av_default_container_wrap container_wrap sidebar_right'  ><div class='container av-section-cont-open' ><div class='template-page content  av-content-small alpha units'><div class='post-entry post-entry-type-page post-entry-835'><div class='entry-content-wrapper clearfix'>\n\n<style type=\"text\/css\" data-created_by=\"avia_inline_auto\" id=\"style-css-av-av_one_half-352b07ef7d3bc99b2e9f92e7a9e06bdb\">\n.flex_column.av-av_one_half-352b07ef7d3bc99b2e9f92e7a9e06bdb{\nborder-radius:0px 0px 0px 0px;\n-webkit-border-radius:0px 0px 0px 0px;\n-moz-border-radius:0px 0px 0px 0px;\n}\n<\/style>\n<div class='flex_column av-av_one_half-352b07ef7d3bc99b2e9f92e7a9e06bdb av_one_half  avia-builder-el-1  el_after_av_layerslider  el_before_av_one_half  avia-builder-el-first  first flex_column_div av-zero-column-padding '   ><section  class='av_textblock_section av-av_textblock-0366cc7376be6c9e82a3e9cc8987b64f'  itemscope=\"itemscope\" itemtype=\"https:\/\/schema.org\/CreativeWork\" ><div class='avia_textblock'  itemprop=\"text\" ><h4><strong>OTVORENI POZIV I\u00a0NATJE\u010cAJNA DOKUMENTACIJA<\/strong><\/h4>\n<p style=\"text-align: justify;\">Na ovoj stranici objavljen je otvoreni poziv Programa suradnje Interreg V-A Slovenija \u2013 Hrvatska za razdoblje 2014.-2020.<\/p>\n<p style=\"text-align: justify;\">Program se izvodi na osnovi <strong>otvorenog javnog poziva<\/strong>, <strong>\u0161to zna\u010di da je projektne prijave mogu\u0107e neprekidno podnositi od otvaranja poziva sve dok postoje slobodna sredstva.<\/strong><\/p>\n<p style=\"text-align: justify;\">Projektne prijave zaprimljene do navedenog roka koje ispunjavaju sve uvjete biti \u0107e predmet razmatranja Odbora za pra\u0107enje. Prvi rok za podno\u0161enje projektnih prijava bio je 11. o\u017eujak 2016.<strong> Drugi rok za podno\u0161enje projektnih prijava predvi\u0111a se krajem listopada 2016., datum isteka 2. roka biti \u0107e javno objavljen 2 mjeseca prije datuma isteka roka. Predla\u017eemo Vam, da ne \u017eurite s predajom prijava na 2. rok radi mogu\u0107ih manjih promjena dokumentacije.<\/strong><\/p>\n<p style=\"text-align: justify;\">Za op\u0107a pitanja o javnom pozivu obratite se gosp. <strong><a href=\"http:\/\/84.39.218.255\/hr2\/o-nas\/skupni-sekretariat\/\">Ba\u0161kovi\u010d Tadej<\/a>\u00a0(+386 1 400 3685)<\/strong>. Za detaljnije informacije o <strong><a href=\"https:\/\/ems.si-hr.eu\/ems\/\" target=\"_blank\" rel=\"noopener\">eMS<\/a><\/strong>, molimo vas, kontaktirajte <strong>+386 1 400 3409.<\/strong><\/p>\n<p style=\"text-align: justify;\"><a href=\"https:\/\/ems.si-hr.eu\/ems\" target=\"_blank\" rel=\"noopener\"><img decoding=\"async\" loading=\"lazy\" class=\"alignleft wp-image-782 \" src=\"http:\/\/84.39.218.255\/si2\/wp-content\/uploads\/sites\/14\/2015\/09\/ems_SI-HR_logo-300x260.png\" alt=\"ems_SI-HR_logo\" width=\"200\" height=\"174\" \/><\/a><\/p>\n<\/div><\/section><\/div>\n\n<style type=\"text\/css\" data-created_by=\"avia_inline_auto\" id=\"style-css-av-av_one_half-2a64de42b738552fe666ca889af77e28\">\n.flex_column.av-av_one_half-2a64de42b738552fe666ca889af77e28{\nborder-radius:0px 0px 0px 0px;\n-webkit-border-radius:0px 0px 0px 0px;\n-moz-border-radius:0px 0px 0px 0px;\n}\n<\/style>\n<div class='flex_column av-av_one_half-2a64de42b738552fe666ca889af77e28 av_one_half  avia-builder-el-3  el_after_av_one_half  avia-builder-el-last  flex_column_div av-zero-column-padding '   ><section  class='av_textblock_section av-av_textblock-0366cc7376be6c9e82a3e9cc8987b64f'  itemscope=\"itemscope\" itemtype=\"https:\/\/schema.org\/CreativeWork\" ><div class='avia_textblock'  itemprop=\"text\" ><h4>DOKUMENTI<\/h4>\n<p>Otvoreni poziv Programa suradnje Interreg V-A SI-HR:<\/p>\n<ul>\n<li><a href=\"http:\/\/84.39.218.255\/hr2\/wp-content\/uploads\/sites\/13\/2015\/10\/Otvoreni_poziv_Interreg_V-A_SI-HR.pdf\" target=\"_blank\" rel=\"noopener\">Otvoreni poziv Interreg V-A SI-HR<\/a><\/li>\n<\/ul>\n<p>Priru\u010dnik o provedbi projekata za korisnike (verzija 2, srpanj 2016.):<br \/>\n<em>Prethodne verzije priru\u010dnika\u00a0mo\u017eete na\u0107i <a href=\"http:\/\/84.39.218.255\/hr2\/upute\/\" target=\"_blank\" rel=\"noopener\">ovdje<\/a>.<\/em><\/p>\n<ul>\n<li><a href=\"http:\/\/84.39.218.255\/hr2\/wp-content\/uploads\/sites\/13\/2016\/07\/Prirucnik_2_prvi_dio_-_O_programu.pdf\">Priru\u010dnik prvi dio &#8211; O programu<\/a><\/li>\n<li><a href=\"http:\/\/84.39.218.255\/hr2\/wp-content\/uploads\/sites\/13\/2016\/07\/Prirucnik_2_drugi_dio_-_Razvoj_projekta.pdf\">Priru\u010dnik drugi dio &#8211; Razvoj projekta<\/a><\/li>\n<li><a href=\"http:\/\/84.39.218.255\/hr2\/wp-content\/uploads\/sites\/13\/2016\/07\/Prirucnik_2_treci_dio_-_Prijava_i_ocjenjivanje.pdf\">Priru\u010dnik tre\u0107i dio &#8211; Prijava i ocjenjivanje<\/a><\/li>\n<li><a href=\"http:\/\/84.39.218.255\/hr2\/wp-content\/uploads\/sites\/13\/2016\/07\/Prirucnik_2_cetvrti_dio_-_Prihvatljivost_troskova.pdf\">Priru\u010dnik \u010detvrti dio &#8211; Prihvatljivost tro\u0161kova<\/a><\/li>\n<li><a href=\"http:\/\/84.39.218.255\/hr2\/wp-content\/uploads\/sites\/13\/2016\/07\/Prirucnik_2_peti_dio_-_Izvjestavanje_o_napretku_projekta.pdf\">Priru\u010dnik peti dio &#8211; Izvje\u0161tavanje o napretku projekta<\/a><\/li>\n<li><a href=\"http:\/\/84.39.218.255\/hr2\/wp-content\/uploads\/sites\/13\/2016\/07\/Prirucnik_2_sesti_dio_-_Informiranje_i_komunikacija.pdf\">Priru\u010dnik \u0161esti dio &#8211; Informiranje i komunikacija<\/a><\/li>\n<\/ul>\n<p>Obavezni prilozi prijavnom obrascu:<\/p>\n<ul>\n<li><a href=\"http:\/\/84.39.218.255\/hr2\/wp-content\/uploads\/sites\/13\/2015\/10\/Ugovor_o_partnerstvu.docx\" target=\"_blank\" rel=\"noopener\">Ugovor o partnerstvu<\/a><\/li>\n<li><a href=\"http:\/\/84.39.218.255\/hr2\/wp-content\/uploads\/sites\/13\/2015\/10\/Izjava_vodeceg_partnera.docx\" target=\"_blank\" rel=\"noopener\">Izjava vode\u0107eg partnera<\/a><\/li>\n<li><a href=\"http:\/\/84.39.218.255\/hr2\/wp-content\/uploads\/sites\/13\/2015\/10\/Izjava_projektnog_partnera.docx\" target=\"_blank\" rel=\"noopener\">Izjava projektnog partnera<\/a><\/li>\n<\/ul>\n<p>Uzorak ugovora o sufinanciranju iz EFRR:<\/p>\n<ul>\n<li><a href=\"http:\/\/84.39.218.255\/hr2\/wp-content\/uploads\/sites\/13\/2015\/10\/Uzorak_ESRR_Ugovora_o_sufinanciranju.docx\" target=\"_blank\" rel=\"noopener\">Uzorak ESRR Ugovora o sufinanciranju<\/a><\/li>\n<\/ul>\n<p>Program suradnje Interreg V-A Slovenija \u2013 Hrvatska:<\/p>\n<ul>\n<li><a href=\"http:\/\/84.39.218.255\/hr2\/wp-content\/uploads\/sites\/13\/2015\/10\/Program_suradnje_INTERREG_V-A_Slovenija_-_Hrvatska.pdf\" target=\"_blank\" rel=\"noopener\">Program suradnje INTERREG_V-A_Slovenija &#8211; Hrvatska<\/a><\/li>\n<\/ul>\n<p>Za\u00a0informaciju\/alat mo\u017eete si pogledati \u201coffline\u201d uzorak prijavnog obrasca (ovaj dokument nije dio slu\u017ebene dokumentacije). Molimo vas obratite posebnu pozornost da je mogu\u0107e\u00a0 prijavni obrazac kao i sve obavezne privitke predati samo u eMs sustavu.<\/p>\n<ul>\n<li><a href=\"http:\/\/84.39.218.255\/hr2\/wp-content\/uploads\/sites\/13\/2015\/10\/Obrazac_za_prijavu_-_uzorak.docx\" target=\"_blank\" rel=\"noopener\">Obrazac za prijavu &#8211; uzorak<\/a><\/li>\n<\/ul>\n<\/div><\/section><\/div>\n","protected":false},"excerpt":{"rendered":"","protected":false},"author":1,"featured_media":0,"parent":42,"menu_order":0,"comment_status":"closed","ping_status":"closed","template":"","meta":{"ngg_post_thumbnail":0},"acf":[],"_links":{"self":[{"href":"http:\/\/www.si-hr.eu\/hr2\/wp-json\/wp\/v2\/pages\/835"}],"collection":[{"href":"http:\/\/www.si-hr.eu\/hr2\/wp-json\/wp\/v2\/pages"}],"about":[{"href":"http:\/\/www.si-hr.eu\/hr2\/wp-json\/wp\/v2\/types\/page"}],"author":[{"embeddable":true,"href":"http:\/\/www.si-hr.eu\/hr2\/wp-json\/wp\/v2\/users\/1"}],"replies":[{"embeddable":true,"href":"http:\/\/www.si-hr.eu\/hr2\/wp-json\/wp\/v2\/comments?post=835"}],"version-history":[{"count":1,"href":"http:\/\/www.si-hr.eu\/hr2\/wp-json\/wp\/v2\/pages\/835\/revisions"}],"predecessor-version":[{"id":836,"href":"http:\/\/www.si-hr.eu\/hr2\/wp-json\/wp\/v2\/pages\/835\/revisions\/836"}],"up":[{"embeddable":true,"href":"http:\/\/www.si-hr.eu\/hr2\/wp-json\/wp\/v2\/pages\/42"}],"wp:attachment":[{"href":"http:\/\/www.si-hr.eu\/hr2\/wp-json\/wp\/v2\/media?parent=835"}],"curies":[{"name":"wp","href":"https:\/\/api.w.org\/{rel}","templated":true}]}}