{"id":935,"date":"2016-09-28T10:26:22","date_gmt":"2016-09-28T09:26:22","guid":{"rendered":"http:\/\/84.39.218.255\/hr2\/?page_id=935"},"modified":"2016-10-13T13:45:54","modified_gmt":"2016-10-13T12:45:54","slug":"radionice_2-rok_tuhelj_i_crnomelj","status":"publish","type":"page","link":"http:\/\/www.si-hr.eu\/hr2\/radionice_2-rok_tuhelj_i_crnomelj\/","title":{"rendered":"Radionice_2-rok_Tuhelj_i_Crnomelj"},"content":{"rendered":"<div id='layer_slider_1'  class='avia-layerslider main_color avia-shadow  avia-builder-el-0  el_before_av_one_full  avia-builder-el-first  container_wrap sidebar_right'  style='height: 251px;'  ><\/div><div id='after_layer_slider_1'  class='main_color av_default_container_wrap container_wrap sidebar_right'  ><div class='container av-section-cont-open' ><div class='template-page content  av-content-small alpha units'><div class='post-entry post-entry-type-page post-entry-935'><div class='entry-content-wrapper clearfix'>\n\n<style type=\"text\/css\" data-created_by=\"avia_inline_auto\" id=\"style-css-av-av_one_full-352b07ef7d3bc99b2e9f92e7a9e06bdb\">\n.flex_column.av-av_one_full-352b07ef7d3bc99b2e9f92e7a9e06bdb{\nborder-radius:0px 0px 0px 0px;\n-webkit-border-radius:0px 0px 0px 0px;\n-moz-border-radius:0px 0px 0px 0px;\n}\n<\/style>\n<div class='flex_column av-av_one_full-352b07ef7d3bc99b2e9f92e7a9e06bdb av_one_full  avia-builder-el-1  el_after_av_layerslider  el_before_av_one_fourth  avia-builder-el-first  first flex_column_div av-zero-column-padding '   ><section  class='av_textblock_section av-av_textblock-0366cc7376be6c9e82a3e9cc8987b64f'  itemscope=\"itemscope\" itemtype=\"https:\/\/schema.org\/CreativeWork\" ><div class='avia_textblock'  itemprop=\"text\" ><h3>2. radionice\u00a0u sklopu 2. roka javnoga poziva<\/h3>\n<\/div><\/section><\/div>\n\n<style type=\"text\/css\" data-created_by=\"avia_inline_auto\" id=\"style-css-av-av_one_fourth-352b07ef7d3bc99b2e9f92e7a9e06bdb\">\n.flex_column.av-av_one_fourth-352b07ef7d3bc99b2e9f92e7a9e06bdb{\nborder-radius:0px 0px 0px 0px;\n-webkit-border-radius:0px 0px 0px 0px;\n-moz-border-radius:0px 0px 0px 0px;\n}\n<\/style>\n<div class='flex_column av-av_one_fourth-352b07ef7d3bc99b2e9f92e7a9e06bdb av_one_fourth  avia-builder-el-3  el_after_av_one_full  el_before_av_one_fourth  first flex_column_div av-zero-column-padding column-top-margin'   ><section  class='av_textblock_section av-av_textblock-0366cc7376be6c9e82a3e9cc8987b64f'  itemscope=\"itemscope\" itemtype=\"https:\/\/schema.org\/CreativeWork\" ><div class='avia_textblock'  itemprop=\"text\" ><h5>Prezentacije<\/h5>\n<ul>\n<li><a href=\"http:\/\/84.39.218.255\/hr2\/wp-content\/uploads\/sites\/13\/2016\/09\/Predstavitev-programa-in-razpisa.pdf\" target=\"_blank\" rel=\"noopener\">Predstavljanje Programa suradnje i javnog poziva<\/a><\/li>\n<li><a href=\"http:\/\/84.39.218.255\/hr2\/wp-content\/uploads\/sites\/13\/2016\/09\/SI-HR-Upravicenost_stroskov.pdf\" target=\"_blank\" rel=\"noopener\">Prihvatljivost tro\u0161kova<\/a><\/li>\n<li><a href=\"http:\/\/84.39.218.255\/hr2\/wp-content\/uploads\/sites\/13\/2016\/09\/Najpogostejse_napake-Popis_najcescih_pogresaka.pdf\" target=\"_blank\" rel=\"noopener\">Naj\u010de\u0161\u0107e pogre\u0161ke u okviru 1. roka javnog poziva<\/a><\/li>\n<li><a href=\"https:\/\/prezi.com\/w3x-c386kjn_\/kljuc-do-uspeha\/\" target=\"_blank\" rel=\"noopener\">Kako pripremiti dobar projekt<\/a><\/li>\n<\/ul>\n<\/div><\/section><\/div>\n<style type=\"text\/css\" data-created_by=\"avia_inline_auto\" id=\"style-css-av-av_one_fourth-2a64de42b738552fe666ca889af77e28\">\n.flex_column.av-av_one_fourth-2a64de42b738552fe666ca889af77e28{\nborder-radius:0px 0px 0px 0px;\n-webkit-border-radius:0px 0px 0px 0px;\n-moz-border-radius:0px 0px 0px 0px;\n}\n<\/style>\n<div class='flex_column av-av_one_fourth-2a64de42b738552fe666ca889af77e28 av_one_fourth  avia-builder-el-5  el_after_av_one_fourth  el_before_av_one_half  flex_column_div av-zero-column-padding column-top-margin'   ><section  class='av_textblock_section av-av_textblock-0366cc7376be6c9e82a3e9cc8987b64f'  itemscope=\"itemscope\" itemtype=\"https:\/\/schema.org\/CreativeWork\" ><div class='avia_textblock'  itemprop=\"text\" ><h5>Pozivnice<\/h5>\n<ul>\n<li>10.10.2016.,\u00a0<a href=\"http:\/\/84.39.218.255\/hr2\/wp-content\/uploads\/sites\/13\/2016\/09\/Vabilo-pozivnica-delavnica-HR.pdf\">Pozivnica na radionicu &#8211; Terme Tuhelj<\/a><\/li>\n<li>11.10.2016.,\u00a0<a href=\"http:\/\/84.39.218.255\/hr2\/wp-content\/uploads\/sites\/13\/2016\/09\/Vabilo-pozivnica-delavnica-SLO.pdf\">Pozivnica na radionicu &#8211; \u010crnomelj<\/a><\/li>\n<\/ul>\n<\/div><\/section><\/div><\/p>\n\n<style type=\"text\/css\" data-created_by=\"avia_inline_auto\" id=\"style-css-av-av_one_half-2a64de42b738552fe666ca889af77e28\">\n.flex_column.av-av_one_half-2a64de42b738552fe666ca889af77e28{\nborder-radius:0px 0px 0px 0px;\n-webkit-border-radius:0px 0px 0px 0px;\n-moz-border-radius:0px 0px 0px 0px;\n}\n<\/style>\n<div class='flex_column av-av_one_half-2a64de42b738552fe666ca889af77e28 av_one_half  avia-builder-el-7  el_after_av_one_fourth  el_before_av_hr  flex_column_div av-zero-column-padding column-top-margin'   ><section  class='av_textblock_section av-av_textblock-0366cc7376be6c9e82a3e9cc8987b64f'  itemscope=\"itemscope\" itemtype=\"https:\/\/schema.org\/CreativeWork\" ><div class='avia_textblock'  itemprop=\"text\" ><p>U okviru 2. roka otvorenog javnoga poziva za podno\u0161enje projektnih prijedloga Programa suradnje Interreg V-A Slovenija \u2013 Hrvatska za razdoblje 2014-2020 odr\u017eane su dvije radionice namijenjene potencijalnim prijaviteljima u okviru otvorenog javnog poziva za podno\u0161enje projektnih prijedloga.<\/p>\n<p>Prva radionica odr\u017eana je 10.10.2016. u Termama Tuhelj. Druga radionica, sa istim sadr\u017eajem, odr\u017eana je 11.10.2016. u \u010crnomlju.<\/p>\n<p>U sklopu radionica \u010dlanovi Zajedni\u010dkog tajni\u0161tva su polaznicima ukratko predstavili program suradnje i javni poziv za podno\u0161enje projektnih prijedloga, prezentirali pravila vezana uz prihvatljivost tro\u0161kova, elektroni\u010dki sustav za pra\u0107enje (eMS), upute kako pripremiti dobar projekt te naj\u010de\u0161\u0107e pogre\u0161ke u okviru 1. roka javnog poziva.<\/p>\n<p>Drugi rok za predaju projekata zavr\u0161ava <strong>14. studenog 2016. u 12.00 sati. <\/strong><\/p>\n<\/div><\/section><\/div>\n<style type=\"text\/css\" data-created_by=\"avia_inline_auto\" id=\"style-css-av-av_hr-c9ba6ccf0e28539cef079a4b419f7f68\">\n#top .hr.hr-invisible.av-av_hr-c9ba6ccf0e28539cef079a4b419f7f68{\nheight:25px;\n}\n<\/style>\n<div  class='hr av-av_hr-c9ba6ccf0e28539cef079a4b419f7f68 hr-invisible  avia-builder-el-9  el_after_av_one_half  el_before_av_one_full '><span class='hr-inner '><span class=\"hr-inner-style\"><\/span><\/span><\/div><\/p>\n\n<style type=\"text\/css\" data-created_by=\"avia_inline_auto\" id=\"style-css-av-av_one_full-352b07ef7d3bc99b2e9f92e7a9e06bdb\">\n.flex_column.av-av_one_full-352b07ef7d3bc99b2e9f92e7a9e06bdb{\nborder-radius:0px 0px 0px 0px;\n-webkit-border-radius:0px 0px 0px 0px;\n-moz-border-radius:0px 0px 0px 0px;\n}\n<\/style>\n<div class='flex_column av-av_one_full-352b07ef7d3bc99b2e9f92e7a9e06bdb av_one_full  avia-builder-el-10  el_after_av_hr  avia-builder-el-last  first flex_column_div av-zero-column-padding '   ><style type=\"text\/css\" data-created_by=\"avia_inline_auto\" id=\"style-css-av-av_gallery-baa45212a9c1010de81db2df294af0c6\">\n#top .avia-gallery.av-av_gallery-baa45212a9c1010de81db2df294af0c6 .avia-gallery-thumb a{\nwidth:25%;\n}\n<\/style>\n<div  class='avia-gallery av-av_gallery-baa45212a9c1010de81db2df294af0c6 avia_animate_when_visible  avia-builder-el-11  avia-builder-el-no-sibling  avia_lazyload avia-gallery-animate avia-gallery-1'  itemprop=\"image\" itemscope=\"itemscope\" itemtype=\"https:\/\/schema.org\/ImageObject\" ><div class='avia-gallery-thumb'> <a href=\"http:\/\/www.si-hr.eu\/hr2\/wp-content\/uploads\/sites\/13\/2016\/09\/terme-tuhelj-10.10.16-4.jpg\" data-srcset=\"http:\/\/www.si-hr.eu\/hr2\/wp-content\/uploads\/sites\/13\/2016\/09\/terme-tuhelj-10.10.16-4.jpg 1024w, http:\/\/www.si-hr.eu\/hr2\/wp-content\/uploads\/sites\/13\/2016\/09\/terme-tuhelj-10.10.16-4-300x179.jpg 300w, http:\/\/www.si-hr.eu\/hr2\/wp-content\/uploads\/sites\/13\/2016\/09\/terme-tuhelj-10.10.16-4-600x357.jpg 600w, http:\/\/www.si-hr.eu\/hr2\/wp-content\/uploads\/sites\/13\/2016\/09\/terme-tuhelj-10.10.16-4-705x420.jpg 705w, http:\/\/www.si-hr.eu\/hr2\/wp-content\/uploads\/sites\/13\/2016\/09\/terme-tuhelj-10.10.16-4-450x268.jpg 450w\" data-sizes=\"(max-width: 1024px) 100vw, 1024px\" data-rel='gallery-1' data-prev-img='http:\/\/www.si-hr.eu\/hr2\/wp-content\/uploads\/sites\/13\/2016\/09\/terme-tuhelj-10.10.16-4-495x400.jpg' class='first_thumb lightbox ' data-onclick='1' title='terme tuhelj 10.10.16 (4)'  itemprop=\"thumbnailUrl\"  ><img decoding=\"async\" class=\"wp-image-959 avia-img-lazy-loading-not-959\"   src=\"http:\/\/www.si-hr.eu\/hr2\/wp-content\/uploads\/sites\/13\/2016\/09\/terme-tuhelj-10.10.16-4-495x400.jpg\" width=\"495\" height=\"400\"  title='terme tuhelj 10.10.16 (4)' alt='' \/><\/a> <a href=\"http:\/\/www.si-hr.eu\/hr2\/wp-content\/uploads\/sites\/13\/2016\/09\/terme-tuhelj-10.10.16-2.jpg\" data-srcset=\"http:\/\/www.si-hr.eu\/hr2\/wp-content\/uploads\/sites\/13\/2016\/09\/terme-tuhelj-10.10.16-2.jpg 1024w, http:\/\/www.si-hr.eu\/hr2\/wp-content\/uploads\/sites\/13\/2016\/09\/terme-tuhelj-10.10.16-2-300x200.jpg 300w, http:\/\/www.si-hr.eu\/hr2\/wp-content\/uploads\/sites\/13\/2016\/09\/terme-tuhelj-10.10.16-2-600x400.jpg 600w, http:\/\/www.si-hr.eu\/hr2\/wp-content\/uploads\/sites\/13\/2016\/09\/terme-tuhelj-10.10.16-2-705x470.jpg 705w, http:\/\/www.si-hr.eu\/hr2\/wp-content\/uploads\/sites\/13\/2016\/09\/terme-tuhelj-10.10.16-2-450x300.jpg 450w\" data-sizes=\"(max-width: 1024px) 100vw, 1024px\" data-rel='gallery-1' data-prev-img='http:\/\/www.si-hr.eu\/hr2\/wp-content\/uploads\/sites\/13\/2016\/09\/terme-tuhelj-10.10.16-2-495x400.jpg' class='lightbox ' data-onclick='2' title='terme tuhelj 10.10.16 (2)'  itemprop=\"thumbnailUrl\"  ><img decoding=\"async\" class=\"wp-image-958 avia-img-lazy-loading-not-958\"   src=\"http:\/\/www.si-hr.eu\/hr2\/wp-content\/uploads\/sites\/13\/2016\/09\/terme-tuhelj-10.10.16-2-495x400.jpg\" width=\"495\" height=\"400\"  title='terme tuhelj 10.10.16 (2)' alt='' srcset=\"http:\/\/www.si-hr.eu\/hr2\/wp-content\/uploads\/sites\/13\/2016\/09\/terme-tuhelj-10.10.16-2-495x400.jpg 495w, http:\/\/www.si-hr.eu\/hr2\/wp-content\/uploads\/sites\/13\/2016\/09\/terme-tuhelj-10.10.16-2-845x683.jpg 845w\" sizes=\"(max-width: 495px) 100vw, 495px\" \/><\/a> <a href=\"http:\/\/www.si-hr.eu\/hr2\/wp-content\/uploads\/sites\/13\/2016\/09\/terme-tuhelj-10.10.16-6.jpg\" data-srcset=\"http:\/\/www.si-hr.eu\/hr2\/wp-content\/uploads\/sites\/13\/2016\/09\/terme-tuhelj-10.10.16-6.jpg 1024w, http:\/\/www.si-hr.eu\/hr2\/wp-content\/uploads\/sites\/13\/2016\/09\/terme-tuhelj-10.10.16-6-300x201.jpg 300w, http:\/\/www.si-hr.eu\/hr2\/wp-content\/uploads\/sites\/13\/2016\/09\/terme-tuhelj-10.10.16-6-600x403.jpg 600w, http:\/\/www.si-hr.eu\/hr2\/wp-content\/uploads\/sites\/13\/2016\/09\/terme-tuhelj-10.10.16-6-705x473.jpg 705w, http:\/\/www.si-hr.eu\/hr2\/wp-content\/uploads\/sites\/13\/2016\/09\/terme-tuhelj-10.10.16-6-450x302.jpg 450w\" data-sizes=\"(max-width: 1024px) 100vw, 1024px\" data-rel='gallery-1' data-prev-img='http:\/\/www.si-hr.eu\/hr2\/wp-content\/uploads\/sites\/13\/2016\/09\/terme-tuhelj-10.10.16-6-495x400.jpg' class='lightbox ' data-onclick='3' title='terme tuhelj 10.10.16 (6)'  itemprop=\"thumbnailUrl\"  ><img decoding=\"async\" class=\"wp-image-960 avia-img-lazy-loading-not-960\"   src=\"http:\/\/www.si-hr.eu\/hr2\/wp-content\/uploads\/sites\/13\/2016\/09\/terme-tuhelj-10.10.16-6-495x400.jpg\" width=\"495\" height=\"400\"  title='terme tuhelj 10.10.16 (6)' alt='' srcset=\"http:\/\/www.si-hr.eu\/hr2\/wp-content\/uploads\/sites\/13\/2016\/09\/terme-tuhelj-10.10.16-6-495x400.jpg 495w, http:\/\/www.si-hr.eu\/hr2\/wp-content\/uploads\/sites\/13\/2016\/09\/terme-tuhelj-10.10.16-6-845x684.jpg 845w\" sizes=\"(max-width: 495px) 100vw, 495px\" \/><\/a> <a href=\"http:\/\/www.si-hr.eu\/hr2\/wp-content\/uploads\/sites\/13\/2016\/09\/terme-tuhelj-10.10.16-10.jpg\" data-srcset=\"http:\/\/www.si-hr.eu\/hr2\/wp-content\/uploads\/sites\/13\/2016\/09\/terme-tuhelj-10.10.16-10.jpg 1024w, http:\/\/www.si-hr.eu\/hr2\/wp-content\/uploads\/sites\/13\/2016\/09\/terme-tuhelj-10.10.16-10-300x200.jpg 300w, http:\/\/www.si-hr.eu\/hr2\/wp-content\/uploads\/sites\/13\/2016\/09\/terme-tuhelj-10.10.16-10-600x400.jpg 600w, http:\/\/www.si-hr.eu\/hr2\/wp-content\/uploads\/sites\/13\/2016\/09\/terme-tuhelj-10.10.16-10-705x470.jpg 705w, http:\/\/www.si-hr.eu\/hr2\/wp-content\/uploads\/sites\/13\/2016\/09\/terme-tuhelj-10.10.16-10-450x300.jpg 450w\" data-sizes=\"(max-width: 1024px) 100vw, 1024px\" data-rel='gallery-1' data-prev-img='http:\/\/www.si-hr.eu\/hr2\/wp-content\/uploads\/sites\/13\/2016\/09\/terme-tuhelj-10.10.16-10-495x400.jpg' class='lightbox ' data-onclick='4' title='terme tuhelj 10.10.16 (10)'  itemprop=\"thumbnailUrl\"  ><img decoding=\"async\" class=\"wp-image-961 avia-img-lazy-loading-not-961\"   src=\"http:\/\/www.si-hr.eu\/hr2\/wp-content\/uploads\/sites\/13\/2016\/09\/terme-tuhelj-10.10.16-10-495x400.jpg\" width=\"495\" height=\"400\"  title='terme tuhelj 10.10.16 (10)' alt='' srcset=\"http:\/\/www.si-hr.eu\/hr2\/wp-content\/uploads\/sites\/13\/2016\/09\/terme-tuhelj-10.10.16-10-495x400.jpg 495w, http:\/\/www.si-hr.eu\/hr2\/wp-content\/uploads\/sites\/13\/2016\/09\/terme-tuhelj-10.10.16-10-845x683.jpg 845w\" sizes=\"(max-width: 495px) 100vw, 495px\" \/><\/a> <a href=\"http:\/\/www.si-hr.eu\/hr2\/wp-content\/uploads\/sites\/13\/2016\/09\/terme-tuhelj-10.10.16-16.jpg\" data-srcset=\"http:\/\/www.si-hr.eu\/hr2\/wp-content\/uploads\/sites\/13\/2016\/09\/terme-tuhelj-10.10.16-16.jpg 1024w, http:\/\/www.si-hr.eu\/hr2\/wp-content\/uploads\/sites\/13\/2016\/09\/terme-tuhelj-10.10.16-16-300x190.jpg 300w, http:\/\/www.si-hr.eu\/hr2\/wp-content\/uploads\/sites\/13\/2016\/09\/terme-tuhelj-10.10.16-16-600x380.jpg 600w, http:\/\/www.si-hr.eu\/hr2\/wp-content\/uploads\/sites\/13\/2016\/09\/terme-tuhelj-10.10.16-16-705x446.jpg 705w, http:\/\/www.si-hr.eu\/hr2\/wp-content\/uploads\/sites\/13\/2016\/09\/terme-tuhelj-10.10.16-16-450x285.jpg 450w\" data-sizes=\"(max-width: 1024px) 100vw, 1024px\" data-rel='gallery-1' data-prev-img='http:\/\/www.si-hr.eu\/hr2\/wp-content\/uploads\/sites\/13\/2016\/09\/terme-tuhelj-10.10.16-16-495x400.jpg' class='first_thumb lightbox ' data-onclick='5' title='terme tuhelj 10.10.16 (16)'  itemprop=\"thumbnailUrl\"  ><img decoding=\"async\" class=\"wp-image-962 avia-img-lazy-loading-not-962\"   src=\"http:\/\/www.si-hr.eu\/hr2\/wp-content\/uploads\/sites\/13\/2016\/09\/terme-tuhelj-10.10.16-16-495x400.jpg\" width=\"495\" height=\"400\"  title='terme tuhelj 10.10.16 (16)' alt='' \/><\/a> <a href=\"http:\/\/www.si-hr.eu\/hr2\/wp-content\/uploads\/sites\/13\/2016\/09\/terme-tuhelj-10.10.16-32.jpg\" data-srcset=\"http:\/\/www.si-hr.eu\/hr2\/wp-content\/uploads\/sites\/13\/2016\/09\/terme-tuhelj-10.10.16-32.jpg 1024w, http:\/\/www.si-hr.eu\/hr2\/wp-content\/uploads\/sites\/13\/2016\/09\/terme-tuhelj-10.10.16-32-300x200.jpg 300w, http:\/\/www.si-hr.eu\/hr2\/wp-content\/uploads\/sites\/13\/2016\/09\/terme-tuhelj-10.10.16-32-600x400.jpg 600w, http:\/\/www.si-hr.eu\/hr2\/wp-content\/uploads\/sites\/13\/2016\/09\/terme-tuhelj-10.10.16-32-705x470.jpg 705w, http:\/\/www.si-hr.eu\/hr2\/wp-content\/uploads\/sites\/13\/2016\/09\/terme-tuhelj-10.10.16-32-450x300.jpg 450w\" data-sizes=\"(max-width: 1024px) 100vw, 1024px\" data-rel='gallery-1' data-prev-img='http:\/\/www.si-hr.eu\/hr2\/wp-content\/uploads\/sites\/13\/2016\/09\/terme-tuhelj-10.10.16-32-495x400.jpg' class='lightbox ' data-onclick='6' title='terme tuhelj 10.10.16 (32)'  itemprop=\"thumbnailUrl\"  ><img decoding=\"async\" class=\"wp-image-963 avia-img-lazy-loading-not-963\"   src=\"http:\/\/www.si-hr.eu\/hr2\/wp-content\/uploads\/sites\/13\/2016\/09\/terme-tuhelj-10.10.16-32-495x400.jpg\" width=\"495\" height=\"400\"  title='terme tuhelj 10.10.16 (32)' alt='' srcset=\"http:\/\/www.si-hr.eu\/hr2\/wp-content\/uploads\/sites\/13\/2016\/09\/terme-tuhelj-10.10.16-32-495x400.jpg 495w, http:\/\/www.si-hr.eu\/hr2\/wp-content\/uploads\/sites\/13\/2016\/09\/terme-tuhelj-10.10.16-32-845x683.jpg 845w\" sizes=\"(max-width: 495px) 100vw, 495px\" \/><\/a> <a href=\"http:\/\/www.si-hr.eu\/hr2\/wp-content\/uploads\/sites\/13\/2016\/09\/terme-tuhelj-10.10.16-33.jpg\" data-srcset=\"http:\/\/www.si-hr.eu\/hr2\/wp-content\/uploads\/sites\/13\/2016\/09\/terme-tuhelj-10.10.16-33.jpg 1024w, http:\/\/www.si-hr.eu\/hr2\/wp-content\/uploads\/sites\/13\/2016\/09\/terme-tuhelj-10.10.16-33-300x156.jpg 300w, http:\/\/www.si-hr.eu\/hr2\/wp-content\/uploads\/sites\/13\/2016\/09\/terme-tuhelj-10.10.16-33-600x312.jpg 600w, http:\/\/www.si-hr.eu\/hr2\/wp-content\/uploads\/sites\/13\/2016\/09\/terme-tuhelj-10.10.16-33-705x367.jpg 705w, http:\/\/www.si-hr.eu\/hr2\/wp-content\/uploads\/sites\/13\/2016\/09\/terme-tuhelj-10.10.16-33-450x234.jpg 450w\" data-sizes=\"(max-width: 1024px) 100vw, 1024px\" data-rel='gallery-1' data-prev-img='http:\/\/www.si-hr.eu\/hr2\/wp-content\/uploads\/sites\/13\/2016\/09\/terme-tuhelj-10.10.16-33-495x400.jpg' class='lightbox ' data-onclick='7' title='terme tuhelj 10.10.16 (33)'  itemprop=\"thumbnailUrl\"  ><img decoding=\"async\" class=\"wp-image-964 avia-img-lazy-loading-not-964\"   src=\"http:\/\/www.si-hr.eu\/hr2\/wp-content\/uploads\/sites\/13\/2016\/09\/terme-tuhelj-10.10.16-33-495x400.jpg\" width=\"495\" height=\"400\"  title='terme tuhelj 10.10.16 (33)' alt='' \/><\/a><\/div><\/div><\/div>\n","protected":false},"excerpt":{"rendered":"","protected":false},"author":1,"featured_media":0,"parent":0,"menu_order":0,"comment_status":"closed","ping_status":"closed","template":"","meta":{"ngg_post_thumbnail":0},"acf":[],"_links":{"self":[{"href":"http:\/\/www.si-hr.eu\/hr2\/wp-json\/wp\/v2\/pages\/935"}],"collection":[{"href":"http:\/\/www.si-hr.eu\/hr2\/wp-json\/wp\/v2\/pages"}],"about":[{"href":"http:\/\/www.si-hr.eu\/hr2\/wp-json\/wp\/v2\/types\/page"}],"author":[{"embeddable":true,"href":"http:\/\/www.si-hr.eu\/hr2\/wp-json\/wp\/v2\/users\/1"}],"replies":[{"embeddable":true,"href":"http:\/\/www.si-hr.eu\/hr2\/wp-json\/wp\/v2\/comments?post=935"}],"version-history":[{"count":4,"href":"http:\/\/www.si-hr.eu\/hr2\/wp-json\/wp\/v2\/pages\/935\/revisions"}],"predecessor-version":[{"id":969,"href":"http:\/\/www.si-hr.eu\/hr2\/wp-json\/wp\/v2\/pages\/935\/revisions\/969"}],"wp:attachment":[{"href":"http:\/\/www.si-hr.eu\/hr2\/wp-json\/wp\/v2\/media?parent=935"}],"curies":[{"name":"wp","href":"https:\/\/api.w.org\/{rel}","templated":true}]}}