{"id":99,"date":"2015-10-03T13:01:11","date_gmt":"2015-10-03T12:01:11","guid":{"rendered":"http:\/\/84.39.218.252\/si2\/?page_id=99"},"modified":"2016-12-14T12:19:26","modified_gmt":"2016-12-14T11:19:26","slug":"novice","status":"publish","type":"page","link":"http:\/\/www.si-hr.eu\/hr2\/novice\/","title":{"rendered":"VIJESTI"},"content":{"rendered":"<div id='layer_slider_1'  class='avia-layerslider main_color avia-shadow  avia-builder-el-0  el_before_av_one_full  avia-builder-el-first  container_wrap sidebar_right'  style='height: 251px;'  ><\/div><div id='after_layer_slider_1'  class='main_color av_default_container_wrap container_wrap sidebar_right'  ><div class='container av-section-cont-open' ><div class='template-page content  av-content-small alpha units'><div class='post-entry post-entry-type-page post-entry-99'><div class='entry-content-wrapper clearfix'>\n\n<style type=\"text\/css\" data-created_by=\"avia_inline_auto\" id=\"style-css-av-av_one_full-352b07ef7d3bc99b2e9f92e7a9e06bdb\">\n.flex_column.av-av_one_full-352b07ef7d3bc99b2e9f92e7a9e06bdb{\nborder-radius:0px 0px 0px 0px;\n-webkit-border-radius:0px 0px 0px 0px;\n-moz-border-radius:0px 0px 0px 0px;\n}\n<\/style>\n<div class='flex_column av-av_one_full-352b07ef7d3bc99b2e9f92e7a9e06bdb av_one_full  avia-builder-el-1  el_after_av_layerslider  avia-builder-el-no-sibling  first flex_column_div av-zero-column-padding '   ><p>\n<style type=\"text\/css\" data-created_by=\"avia_inline_auto\" id=\"style-css-av-av_heading-1c27c9005cacba13f094a2cb37e27cff\">\n#top .av-special-heading.av-av_heading-1c27c9005cacba13f094a2cb37e27cff{\npadding-bottom:10px;\n}\nbody .av-special-heading.av-av_heading-1c27c9005cacba13f094a2cb37e27cff .av-special-heading-tag .heading-char{\nfont-size:25px;\n}\n.av-special-heading.av-av_heading-1c27c9005cacba13f094a2cb37e27cff .av-subheading{\nfont-size:15px;\n}\n<\/style>\n<div  class='av-special-heading av-av_heading-1c27c9005cacba13f094a2cb37e27cff av-special-heading-h1  avia-builder-el-2  el_before_av_blog  avia-builder-el-first '><h1 class='av-special-heading-tag'  itemprop=\"headline\"  >Vijesti<\/h1><div class=\"special-heading-border\"><div class=\"special-heading-inner-border\"><\/div><\/div><\/div><br \/>\n<div   data-autoplay=''  data-interval='5'  data-animation='fade'  data-show_slide_delay='90'  class='avia-content-slider avia-content-grid-active avia-content-slider1 avia-content-slider-odd  avia-builder-el-3  el_after_av_heading  avia-builder-el-last  '  itemscope=\"itemscope\" itemtype=\"https:\/\/schema.org\/Blog\" ><div class='avia-content-slider-inner'><div class='slide-entry-wrap'><article class='slide-entry flex_column  post-entry post-entry-5402 slide-entry-overview slide-loop-1 slide-parity-odd  av_one_third first real-thumbnail post-format-standard'  itemscope=\"itemscope\" itemtype=\"https:\/\/schema.org\/CreativeWork\" ><a href='http:\/\/www.si-hr.eu\/hr2\/2023\/12\/31\/zavrsni-dogadaj-za-programsko-razdoblje-2014-2020\/' data-rel='slide-1' class='slide-image' title='Zavr\u0161ni doga\u0111aj za programsko razdoblje 2014 \u2013 2020'><img width=\"260\" height=\"185\" src=\"http:\/\/www.si-hr.eu\/hr2\/wp-content\/uploads\/sites\/13\/2024\/01\/20231127_150604-1200x900-1-260x185.jpg\" class=\"wp-image-5403 avia-img-lazy-loading-not-5403 attachment-portfolio_small size-portfolio_small wp-post-image\" alt=\"\" decoding=\"async\" \/><\/a><div class='slide-content'><header class=\"entry-content-header\"><h3 class='slide-entry-title entry-title '  itemprop=\"headline\" ><a href='http:\/\/www.si-hr.eu\/hr2\/2023\/12\/31\/zavrsni-dogadaj-za-programsko-razdoblje-2014-2020\/' title='Zavr\u0161ni doga\u0111aj za programsko razdoblje 2014 \u2013 2020'>Zavr\u0161ni doga\u0111aj za programsko razdoblje 2014 \u2013 2020<\/a><\/h3><span class=\"av-vertical-delimiter\"><\/span><\/header><div class=\"slide-meta\"><time class='slide-meta-time updated'  itemprop=\"datePublished\" datetime=\"2023-12-31T14:15:01+01:00\" >31. 12. 2023<\/time><\/div><div class='slide-entry-excerpt entry-content'  itemprop=\"text\" >Kako svaki po\u010detak ima i svoj kraj tako smo i na prekograni\u010dnom programu Slovenija-Hrvatska, 27. studenog 2023...<\/div><\/div><footer class=\"entry-footer\"><\/footer><span class='hidden'>\n\t\t\t\t<span class='av-structured-data'  itemprop=\"image\" itemscope=\"itemscope\" itemtype=\"https:\/\/schema.org\/ImageObject\" >\n\t\t\t\t\t\t<span itemprop='url'>http:\/\/www.si-hr.eu\/hr2\/wp-content\/uploads\/sites\/13\/2024\/01\/20231127_150604-1200x900-1.jpg<\/span>\n\t\t\t\t\t\t<span itemprop='height'>900<\/span>\n\t\t\t\t\t\t<span itemprop='width'>1200<\/span>\n\t\t\t\t<\/span>\n\t\t\t\t<span class='av-structured-data'  itemprop=\"publisher\" itemtype=\"https:\/\/schema.org\/Organization\" itemscope=\"itemscope\" >\n\t\t\t\t\t\t<span itemprop='name'>zkitic<\/span>\n\t\t\t\t\t\t<span itemprop='logo' itemscope itemtype='https:\/\/schema.org\/ImageObject'>\n\t\t\t\t\t\t\t<span itemprop='url'>http:\/\/84.39.218.255\/hr2\/wp-content\/uploads\/sites\/13\/2015\/10\/interreg_si-hr_hr_rgb.png<\/span>\n\t\t\t\t\t\t <\/span>\n\t\t\t\t<\/span><span class='av-structured-data'  itemprop=\"author\" itemscope=\"itemscope\" itemtype=\"https:\/\/schema.org\/Person\" ><span itemprop='name'>zkitic<\/span><\/span><span class='av-structured-data'  itemprop=\"datePublished\" datetime=\"2015-10-03T13:01:11+01:00\" >2023-12-31 14:15:01<\/span><span class='av-structured-data'  itemprop=\"dateModified\" itemtype=\"https:\/\/schema.org\/dateModified\" >2024-01-12 14:16:40<\/span><span class='av-structured-data'  itemprop=\"mainEntityOfPage\" itemtype=\"https:\/\/schema.org\/mainEntityOfPage\" ><span itemprop='name'>Zavr\u0161ni doga\u0111aj za programsko razdoblje 2014 \u2013 2020<\/span><\/span><\/span><\/article><article class='slide-entry flex_column  post-entry post-entry-5398 slide-entry-overview slide-loop-2 slide-parity-even  av_one_third  real-thumbnail post-format-standard'  itemscope=\"itemscope\" itemtype=\"https:\/\/schema.org\/CreativeWork\" ><a href='http:\/\/www.si-hr.eu\/hr2\/2023\/12\/22\/sretni-blagdani-5\/' data-rel='slide-1' class='slide-image' title='Sretni blagdani!'><img width=\"260\" height=\"185\" src=\"http:\/\/www.si-hr.eu\/hr2\/wp-content\/uploads\/sites\/13\/2023\/12\/Voscilo-Interreg-SI-HR-260x185.png\" class=\"wp-image-5399 avia-img-lazy-loading-not-5399 attachment-portfolio_small size-portfolio_small wp-post-image\" alt=\"\" decoding=\"async\" srcset=\"http:\/\/www.si-hr.eu\/hr2\/wp-content\/uploads\/sites\/13\/2023\/12\/Voscilo-Interreg-SI-HR-260x185.png 260w, http:\/\/www.si-hr.eu\/hr2\/wp-content\/uploads\/sites\/13\/2023\/12\/Voscilo-Interreg-SI-HR-300x215.png 300w\" sizes=\"(max-width: 260px) 100vw, 260px\" \/><\/a><div class='slide-content'><header class=\"entry-content-header\"><h3 class='slide-entry-title entry-title '  itemprop=\"headline\" ><a href='http:\/\/www.si-hr.eu\/hr2\/2023\/12\/22\/sretni-blagdani-5\/' title='Sretni blagdani!'>Sretni blagdani!<\/a><\/h3><span class=\"av-vertical-delimiter\"><\/span><\/header><div class=\"slide-meta\"><time class='slide-meta-time updated'  itemprop=\"datePublished\" datetime=\"2023-12-22T13:50:38+01:00\" >22. 12. 2023<\/time><\/div><div class='slide-entry-excerpt entry-content'  itemprop=\"text\" >Sretne blagdane i uspje\u0161nu novu 2024. godinu \u017eeli Vam Upravlja\u010dko tijelo i Zajedni\u010dko tajni\u0161tvo Slovenija-Hrvatska!<\/div><\/div><footer class=\"entry-footer\"><\/footer><span class='hidden'>\n\t\t\t\t<span class='av-structured-data'  itemprop=\"image\" itemscope=\"itemscope\" itemtype=\"https:\/\/schema.org\/ImageObject\" >\n\t\t\t\t\t\t<span itemprop='url'>http:\/\/www.si-hr.eu\/hr2\/wp-content\/uploads\/sites\/13\/2023\/12\/Voscilo-Interreg-SI-HR.png<\/span>\n\t\t\t\t\t\t<span itemprop='height'>2496<\/span>\n\t\t\t\t\t\t<span itemprop='width'>3477<\/span>\n\t\t\t\t<\/span>\n\t\t\t\t<span class='av-structured-data'  itemprop=\"publisher\" itemtype=\"https:\/\/schema.org\/Organization\" itemscope=\"itemscope\" >\n\t\t\t\t\t\t<span itemprop='name'>zkitic<\/span>\n\t\t\t\t\t\t<span itemprop='logo' itemscope itemtype='https:\/\/schema.org\/ImageObject'>\n\t\t\t\t\t\t\t<span itemprop='url'>http:\/\/84.39.218.255\/hr2\/wp-content\/uploads\/sites\/13\/2015\/10\/interreg_si-hr_hr_rgb.png<\/span>\n\t\t\t\t\t\t <\/span>\n\t\t\t\t<\/span><span class='av-structured-data'  itemprop=\"author\" itemscope=\"itemscope\" itemtype=\"https:\/\/schema.org\/Person\" ><span itemprop='name'>zkitic<\/span><\/span><span class='av-structured-data'  itemprop=\"datePublished\" datetime=\"2015-10-03T13:01:11+01:00\" >2023-12-22 13:50:38<\/span><span class='av-structured-data'  itemprop=\"dateModified\" itemtype=\"https:\/\/schema.org\/dateModified\" >2023-12-22 13:54:59<\/span><span class='av-structured-data'  itemprop=\"mainEntityOfPage\" itemtype=\"https:\/\/schema.org\/mainEntityOfPage\" ><span itemprop='name'>Sretni blagdani!<\/span><\/span><\/span><\/article><article class='slide-entry flex_column  post-entry post-entry-5395 slide-entry-overview slide-loop-3 slide-parity-odd  av_one_third  real-thumbnail post-format-standard'  itemscope=\"itemscope\" itemtype=\"https:\/\/schema.org\/CreativeWork\" ><a href='http:\/\/www.si-hr.eu\/hr2\/2023\/12\/19\/obavijest-interreg-program-slovenija-hrvatska-2021-2027-2\/' data-rel='slide-1' class='slide-image' title='OBAVIJEST \u2013 Interreg Program Slovenija-Hrvatska 2021-2027'><img width=\"260\" height=\"185\" src=\"http:\/\/www.si-hr.eu\/hr2\/wp-content\/uploads\/sites\/13\/2023\/05\/Cover-260x185.png\" class=\"wp-image-5307 avia-img-lazy-loading-not-5307 attachment-portfolio_small size-portfolio_small wp-post-image\" alt=\"\" decoding=\"async\" \/><\/a><div class='slide-content'><header class=\"entry-content-header\"><h3 class='slide-entry-title entry-title '  itemprop=\"headline\" ><a href='http:\/\/www.si-hr.eu\/hr2\/2023\/12\/19\/obavijest-interreg-program-slovenija-hrvatska-2021-2027-2\/' title='OBAVIJEST \u2013 Interreg Program Slovenija-Hrvatska 2021-2027'>OBAVIJEST \u2013 Interreg Program Slovenija-Hrvatska 2021-2027<\/a><\/h3><span class=\"av-vertical-delimiter\"><\/span><\/header><div class=\"slide-meta\"><time class='slide-meta-time updated'  itemprop=\"datePublished\" datetime=\"2023-12-19T12:04:06+01:00\" >19. 12. 2023<\/time><\/div><div class='slide-entry-excerpt entry-content'  itemprop=\"text\" >Obavje\u0161tavamo Vas da smo objavili snimku on-line informativne radionice namijenjene potencijalnim prijaviteljima u okviru Otvorenog poziva za dostavu projektnih prijava za male projekte, koja se odr\u017eala 11. prosinca 2023...<\/div><\/div><footer class=\"entry-footer\"><\/footer><span class='hidden'>\n\t\t\t\t<span class='av-structured-data'  itemprop=\"image\" itemscope=\"itemscope\" itemtype=\"https:\/\/schema.org\/ImageObject\" >\n\t\t\t\t\t\t<span itemprop='url'>http:\/\/www.si-hr.eu\/hr2\/wp-content\/uploads\/sites\/13\/2023\/05\/Cover.png<\/span>\n\t\t\t\t\t\t<span itemprop='height'>550<\/span>\n\t\t\t\t\t\t<span itemprop='width'>982<\/span>\n\t\t\t\t<\/span>\n\t\t\t\t<span class='av-structured-data'  itemprop=\"publisher\" itemtype=\"https:\/\/schema.org\/Organization\" itemscope=\"itemscope\" >\n\t\t\t\t\t\t<span itemprop='name'>zkitic<\/span>\n\t\t\t\t\t\t<span itemprop='logo' itemscope itemtype='https:\/\/schema.org\/ImageObject'>\n\t\t\t\t\t\t\t<span itemprop='url'>http:\/\/84.39.218.255\/hr2\/wp-content\/uploads\/sites\/13\/2015\/10\/interreg_si-hr_hr_rgb.png<\/span>\n\t\t\t\t\t\t <\/span>\n\t\t\t\t<\/span><span class='av-structured-data'  itemprop=\"author\" itemscope=\"itemscope\" itemtype=\"https:\/\/schema.org\/Person\" ><span itemprop='name'>zkitic<\/span><\/span><span class='av-structured-data'  itemprop=\"datePublished\" datetime=\"2015-10-03T13:01:11+01:00\" >2023-12-19 12:04:06<\/span><span class='av-structured-data'  itemprop=\"dateModified\" itemtype=\"https:\/\/schema.org\/dateModified\" >2023-12-19 12:04:06<\/span><span class='av-structured-data'  itemprop=\"mainEntityOfPage\" itemtype=\"https:\/\/schema.org\/mainEntityOfPage\" ><span itemprop='name'>OBAVIJEST \u2013 Interreg Program Slovenija-Hrvatska 2021-2027<\/span><\/span><\/span><\/article><\/div><div class='slide-entry-wrap'><article class='slide-entry flex_column  post-entry post-entry-5382 slide-entry-overview slide-loop-4 slide-parity-odd  av_one_third first real-thumbnail post-format-standard'  itemscope=\"itemscope\" itemtype=\"https:\/\/schema.org\/CreativeWork\" ><a href='http:\/\/www.si-hr.eu\/hr2\/2023\/12\/01\/informativna-on-line-radionica-za-potencijalne-prijavitelje-u-okviru-otvorenog-poziva-za-dostavu-projektnih-prijava-za-male-projekte\/' data-rel='slide-1' class='slide-image' title='Informativna on-line radionica za potencijalne prijavitelje u okviru Otvorenog poziva za dostavu projektnih prijava za male projekte'><img width=\"198\" height=\"153\" src=\"http:\/\/www.si-hr.eu\/hr2\/wp-content\/uploads\/sites\/13\/2023\/12\/v_p.png\" class=\"wp-image-5383 avia-img-lazy-loading-not-5383 attachment-portfolio_small size-portfolio_small wp-post-image\" alt=\"\" decoding=\"async\" \/><\/a><div class='slide-content'><header class=\"entry-content-header\"><h3 class='slide-entry-title entry-title '  itemprop=\"headline\" ><a href='http:\/\/www.si-hr.eu\/hr2\/2023\/12\/01\/informativna-on-line-radionica-za-potencijalne-prijavitelje-u-okviru-otvorenog-poziva-za-dostavu-projektnih-prijava-za-male-projekte\/' title='Informativna on-line radionica za potencijalne prijavitelje u okviru Otvorenog poziva za dostavu projektnih prijava za male projekte'>Informativna on-line radionica za potencijalne prijavitelje u okviru Otvorenog poziva za dostavu projektnih prijava za male projekte<\/a><\/h3><span class=\"av-vertical-delimiter\"><\/span><\/header><div class=\"slide-meta\"><time class='slide-meta-time updated'  itemprop=\"datePublished\" datetime=\"2023-12-01T11:29:52+01:00\" >1. 12. 2023<\/time><\/div><div class='slide-entry-excerpt entry-content'  itemprop=\"text\" >Zajedni\u010dko tajni\u0161tvo programa Slovenija-Hrvatska \u0107e 11. prosinca 2023. organizirati informativnu radionicu za prijavitelje gdje \u0107e predstaviti...<\/div><\/div><footer class=\"entry-footer\"><\/footer><span class='hidden'>\n\t\t\t\t<span class='av-structured-data'  itemprop=\"image\" itemscope=\"itemscope\" itemtype=\"https:\/\/schema.org\/ImageObject\" >\n\t\t\t\t\t\t<span itemprop='url'>http:\/\/www.si-hr.eu\/hr2\/wp-content\/uploads\/sites\/13\/2023\/12\/v_p.png<\/span>\n\t\t\t\t\t\t<span itemprop='height'>153<\/span>\n\t\t\t\t\t\t<span itemprop='width'>198<\/span>\n\t\t\t\t<\/span>\n\t\t\t\t<span class='av-structured-data'  itemprop=\"publisher\" itemtype=\"https:\/\/schema.org\/Organization\" itemscope=\"itemscope\" >\n\t\t\t\t\t\t<span itemprop='name'>zkitic<\/span>\n\t\t\t\t\t\t<span itemprop='logo' itemscope itemtype='https:\/\/schema.org\/ImageObject'>\n\t\t\t\t\t\t\t<span itemprop='url'>http:\/\/84.39.218.255\/hr2\/wp-content\/uploads\/sites\/13\/2015\/10\/interreg_si-hr_hr_rgb.png<\/span>\n\t\t\t\t\t\t <\/span>\n\t\t\t\t<\/span><span class='av-structured-data'  itemprop=\"author\" itemscope=\"itemscope\" itemtype=\"https:\/\/schema.org\/Person\" ><span itemprop='name'>zkitic<\/span><\/span><span class='av-structured-data'  itemprop=\"datePublished\" datetime=\"2015-10-03T13:01:11+01:00\" >2023-12-01 11:29:52<\/span><span class='av-structured-data'  itemprop=\"dateModified\" itemtype=\"https:\/\/schema.org\/dateModified\" >2023-12-01 11:35:37<\/span><span class='av-structured-data'  itemprop=\"mainEntityOfPage\" itemtype=\"https:\/\/schema.org\/mainEntityOfPage\" ><span itemprop='name'>Informativna on-line radionica za potencijalne prijavitelje u okviru Otvorenog poziva za dostavu projektnih prijava za male projekte<\/span><\/span><\/span><\/article><article class='slide-entry flex_column  post-entry post-entry-5379 slide-entry-overview slide-loop-5 slide-parity-even  av_one_third  real-thumbnail post-format-standard'  itemscope=\"itemscope\" itemtype=\"https:\/\/schema.org\/CreativeWork\" ><a href='http:\/\/www.si-hr.eu\/hr2\/2023\/11\/17\/objava-otvorenog-poziva-za-dostavu-projektnih-prijava-za-male-projekte\/' data-rel='slide-1' class='slide-image' title='Objava Otvorenog poziva za dostavu projektnih prijava za male projekte'><img width=\"260\" height=\"185\" src=\"http:\/\/www.si-hr.eu\/hr2\/wp-content\/uploads\/sites\/13\/2023\/02\/pexels-breakingpic-2923-260x185.jpg\" class=\"wp-image-5269 avia-img-lazy-loading-not-5269 attachment-portfolio_small size-portfolio_small wp-post-image\" alt=\"\" decoding=\"async\" \/><\/a><div class='slide-content'><header class=\"entry-content-header\"><h3 class='slide-entry-title entry-title '  itemprop=\"headline\" ><a href='http:\/\/www.si-hr.eu\/hr2\/2023\/11\/17\/objava-otvorenog-poziva-za-dostavu-projektnih-prijava-za-male-projekte\/' title='Objava Otvorenog poziva za dostavu projektnih prijava za male projekte'>Objava Otvorenog poziva za dostavu projektnih prijava za male projekte<\/a><\/h3><span class=\"av-vertical-delimiter\"><\/span><\/header><div class=\"slide-meta\"><time class='slide-meta-time updated'  itemprop=\"datePublished\" datetime=\"2023-11-17T14:57:11+01:00\" >17. 11. 2023<\/time><\/div><div class='slide-entry-excerpt entry-content'  itemprop=\"text\" >U petak, 17.11.2023. je u okviru prekograni\u010dnog Interreg Programa Slovenija \u2013 Hrvatska 2021. \u2013 2027., u slu\u017ebenom listu Republike Slovenije i na mre\u017enoj stranici programa objavljen Otvoreni poziv za dostavu projektnih prijava za male projekte u okviru Prioriteta 3, specifi\u010dni cilj 6.3...<\/div><\/div><footer class=\"entry-footer\"><\/footer><span class='hidden'>\n\t\t\t\t<span class='av-structured-data'  itemprop=\"image\" itemscope=\"itemscope\" itemtype=\"https:\/\/schema.org\/ImageObject\" >\n\t\t\t\t\t\t<span itemprop='url'>http:\/\/www.si-hr.eu\/hr2\/wp-content\/uploads\/sites\/13\/2023\/02\/pexels-breakingpic-2923-scaled.jpg<\/span>\n\t\t\t\t\t\t<span itemprop='height'>2560<\/span>\n\t\t\t\t\t\t<span itemprop='width'>1696<\/span>\n\t\t\t\t<\/span>\n\t\t\t\t<span class='av-structured-data'  itemprop=\"publisher\" itemtype=\"https:\/\/schema.org\/Organization\" itemscope=\"itemscope\" >\n\t\t\t\t\t\t<span itemprop='name'>zkitic<\/span>\n\t\t\t\t\t\t<span itemprop='logo' itemscope itemtype='https:\/\/schema.org\/ImageObject'>\n\t\t\t\t\t\t\t<span itemprop='url'>http:\/\/84.39.218.255\/hr2\/wp-content\/uploads\/sites\/13\/2015\/10\/interreg_si-hr_hr_rgb.png<\/span>\n\t\t\t\t\t\t <\/span>\n\t\t\t\t<\/span><span class='av-structured-data'  itemprop=\"author\" itemscope=\"itemscope\" itemtype=\"https:\/\/schema.org\/Person\" ><span itemprop='name'>zkitic<\/span><\/span><span class='av-structured-data'  itemprop=\"datePublished\" datetime=\"2015-10-03T13:01:11+01:00\" >2023-11-17 14:57:11<\/span><span class='av-structured-data'  itemprop=\"dateModified\" itemtype=\"https:\/\/schema.org\/dateModified\" >2023-11-17 14:57:11<\/span><span class='av-structured-data'  itemprop=\"mainEntityOfPage\" itemtype=\"https:\/\/schema.org\/mainEntityOfPage\" ><span itemprop='name'>Objava Otvorenog poziva za dostavu projektnih prijava za male projekte<\/span><\/span><\/span><\/article><article class='slide-entry flex_column  post-entry post-entry-5375 slide-entry-overview slide-loop-6 slide-parity-odd  post-entry-last  av_one_third  real-thumbnail post-format-standard'  itemscope=\"itemscope\" itemtype=\"https:\/\/schema.org\/CreativeWork\" ><a href='http:\/\/www.si-hr.eu\/hr2\/2023\/11\/13\/poziv-na-zavrsni-dogadaj-za-programsko-razdoblje-2014-2020\/' data-rel='slide-1' class='slide-image' title='Poziv na zavr\u0161ni doga\u0111aj za programsko razdoblje 2014.-2020.'><img width=\"260\" height=\"185\" src=\"http:\/\/www.si-hr.eu\/hr2\/wp-content\/uploads\/sites\/13\/2023\/11\/1-260x185.png\" class=\"wp-image-5376 avia-img-lazy-loading-not-5376 attachment-portfolio_small size-portfolio_small wp-post-image\" alt=\"\" decoding=\"async\" \/><\/a><div class='slide-content'><header class=\"entry-content-header\"><h3 class='slide-entry-title entry-title '  itemprop=\"headline\" ><a href='http:\/\/www.si-hr.eu\/hr2\/2023\/11\/13\/poziv-na-zavrsni-dogadaj-za-programsko-razdoblje-2014-2020\/' title='Poziv na zavr\u0161ni doga\u0111aj za programsko razdoblje 2014.-2020.'>Poziv na zavr\u0161ni doga\u0111aj za programsko razdoblje 2014.-2020.<\/a><\/h3><span class=\"av-vertical-delimiter\"><\/span><\/header><div class=\"slide-meta\"><time class='slide-meta-time updated'  itemprop=\"datePublished\" datetime=\"2023-11-13T11:23:31+01:00\" >13. 11. 2023<\/time><\/div><div class='slide-entry-excerpt entry-content'  itemprop=\"text\" >27. studenog 2023. prekograni\u010dni programi Slovenija-Austrija, Slovenija-Hrvatska i Slovenija-Ma\u0111arska organizirat \u0107e zavr\u0161ni doga\u0111aj za programsko razdoblje 2014.-2020...<\/div><\/div><footer class=\"entry-footer\"><\/footer><span class='hidden'>\n\t\t\t\t<span class='av-structured-data'  itemprop=\"image\" itemscope=\"itemscope\" itemtype=\"https:\/\/schema.org\/ImageObject\" >\n\t\t\t\t\t\t<span itemprop='url'>http:\/\/www.si-hr.eu\/hr2\/wp-content\/uploads\/sites\/13\/2023\/11\/1.png<\/span>\n\t\t\t\t\t\t<span itemprop='height'>3456<\/span>\n\t\t\t\t\t\t<span itemprop='width'>6912<\/span>\n\t\t\t\t<\/span>\n\t\t\t\t<span class='av-structured-data'  itemprop=\"publisher\" itemtype=\"https:\/\/schema.org\/Organization\" itemscope=\"itemscope\" >\n\t\t\t\t\t\t<span itemprop='name'>zkitic<\/span>\n\t\t\t\t\t\t<span itemprop='logo' itemscope itemtype='https:\/\/schema.org\/ImageObject'>\n\t\t\t\t\t\t\t<span itemprop='url'>http:\/\/84.39.218.255\/hr2\/wp-content\/uploads\/sites\/13\/2015\/10\/interreg_si-hr_hr_rgb.png<\/span>\n\t\t\t\t\t\t <\/span>\n\t\t\t\t<\/span><span class='av-structured-data'  itemprop=\"author\" itemscope=\"itemscope\" itemtype=\"https:\/\/schema.org\/Person\" ><span itemprop='name'>zkitic<\/span><\/span><span class='av-structured-data'  itemprop=\"datePublished\" datetime=\"2015-10-03T13:01:11+01:00\" >2023-11-13 11:23:31<\/span><span class='av-structured-data'  itemprop=\"dateModified\" itemtype=\"https:\/\/schema.org\/dateModified\" >2023-11-13 11:23:31<\/span><span class='av-structured-data'  itemprop=\"mainEntityOfPage\" itemtype=\"https:\/\/schema.org\/mainEntityOfPage\" ><span itemprop='name'>Poziv na zavr\u0161ni doga\u0111aj za programsko razdoblje 2014.-2020.<\/span><\/span><\/span><\/article><\/div><\/div><div class='pagination-wrap pagination-slider'><nav class='pagination'><span class='pagination-meta'>Page 1 of 33<\/span><span class='current'>1<\/span><a href='http:\/\/www.si-hr.eu\/hr2\/wp-json\/wp\/v2\/pages\/99?avia-element-paging=2' class='inactive next_page' >2<\/a><a href='http:\/\/www.si-hr.eu\/hr2\/wp-json\/wp\/v2\/pages\/99?avia-element-paging=3' class='inactive' >3<\/a><a href='http:\/\/www.si-hr.eu\/hr2\/wp-json\/wp\/v2\/pages\/99?avia-element-paging=2'>&rsaquo;<\/a><a href='http:\/\/www.si-hr.eu\/hr2\/wp-json\/wp\/v2\/pages\/99?avia-element-paging=33'>&raquo;<\/a><\/nav>\n<\/div><\/div><\/p><\/div>\n","protected":false},"excerpt":{"rendered":"","protected":false},"author":3,"featured_media":0,"parent":0,"menu_order":0,"comment_status":"closed","ping_status":"open","template":"","meta":{"ngg_post_thumbnail":0},"acf":[],"_links":{"self":[{"href":"http:\/\/www.si-hr.eu\/hr2\/wp-json\/wp\/v2\/pages\/99"}],"collection":[{"href":"http:\/\/www.si-hr.eu\/hr2\/wp-json\/wp\/v2\/pages"}],"about":[{"href":"http:\/\/www.si-hr.eu\/hr2\/wp-json\/wp\/v2\/types\/page"}],"author":[{"embeddable":true,"href":"http:\/\/www.si-hr.eu\/hr2\/wp-json\/wp\/v2\/users\/3"}],"replies":[{"embeddable":true,"href":"http:\/\/www.si-hr.eu\/hr2\/wp-json\/wp\/v2\/comments?post=99"}],"version-history":[{"count":16,"href":"http:\/\/www.si-hr.eu\/hr2\/wp-json\/wp\/v2\/pages\/99\/revisions"}],"predecessor-version":[{"id":3383,"href":"http:\/\/www.si-hr.eu\/hr2\/wp-json\/wp\/v2\/pages\/99\/revisions\/3383"}],"wp:attachment":[{"href":"http:\/\/www.si-hr.eu\/hr2\/wp-json\/wp\/v2\/media?parent=99"}],"curies":[{"name":"wp","href":"https:\/\/api.w.org\/{rel}","templated":true}]}}