{"id":2934,"date":"2015-09-17T13:38:41","date_gmt":"2015-09-17T12:38:41","guid":{"rendered":"http:\/\/84.39.218.255\/wp-content\/uploads\/2015\/09\/?page_id=2934"},"modified":"2015-09-17T13:38:41","modified_gmt":"2015-09-17T12:38:41","slug":"nacionalni-organ","status":"publish","type":"page","link":"http:\/\/www.si-hr.eu\/si\/o-nas\/kontakt\/nacionalni-organ\/","title":{"rendered":"Nacionalni organ"},"content":{"rendered":"<p><b>Ur\u0161ka Trojar<br \/>\nNacionalni organ v Sloveniji<\/b><br \/>\nSlu\u017eba Vlade Republike Slovenije za razvoj in Evropsko kohezijsko politiko<\/p>\n<p>Tel.: +386 (0)1 400 3475<br \/>\nE-po\u0161ta: <span id=\"eeEncEmail_w7MaStDTGh\"><a href=\"mailto:urska.trojar@gov.si\">urska.trojar@gov.si<\/a><\/span><\/p>\n<p><b>Vesna Sili\u010d<br \/>\nNacionalni organ v Sloveniji<\/b><br \/>\nSlu\u017eba Vlade Republike Slovenije za razvoj in Evropsko kohezijsko politiko<\/p>\n<p>Tel.: +386 (0)1 400 3474<br \/>\nE-po\u0161ta: <span id=\"eeEncEmail_0NZtcq0HfA\"><a href=\"mailto:vesna.silic@gov.si\">vesna.silic@gov.si<\/a><\/span><\/p>\n<p>Glavna vloga nacionalnega organa v Sloveniji je skrbni\u0161tvo nacionalnih pogodb, planiranje sredstev dr\u017eavnega prora\u010duna za operacije, pomo\u010d projektnim partnerjem pri pripravi projektov in pri izvajanju operacij ter spremljanje in poro\u010danje o dr\u017eavnih pomo\u010deh. V kolikor potrebujete kot projektni partnerji pomo\u010d pri izvajanju operacij (pripravi poro\u010dil), kakor tudi pri pripravi novih projektov, se lahko obrnete na zgoraj navedeni kontaktni osebi.<\/p>\n<p><b>Pavle Plamenac<br \/>\nNacionalni organ na Hrva\u0161kem<\/b><br \/>\nMinistarstvo regionalnog razvoja i fondova Europske Unije<\/p>\n<p>Tel.: +385 (0)1 6447 458<br \/>\nFax: +385 (0)1 6303 216<br \/>\nE-po\u0161ta: <span id=\"eeEncEmail_FYzr2RY7Uy\"><a href=\"mailto:pavle.plamenac@mrrfeu.hr\">pavle.plamenac@mrrfeu.hr<\/a><\/span><\/p>\n","protected":false},"excerpt":{"rendered":"<p>Ur\u0161ka Trojar Nacionalni organ v Sloveniji Slu\u017eba Vlade Republike Slovenije za razvoj in Evropsko kohezijsko politiko Tel.: +386 (0)1 400 3475 E-po\u0161ta: urska.trojar@gov.si Vesna Sili\u010d Nacionalni organ v Sloveniji Slu\u017eba &hellip; <a href=\"http:\/\/www.si-hr.eu\/si\/o-nas\/kontakt\/nacionalni-organ\/\" class=\"more-link\">Preberi ve\u010d <span class=\"screen-reader-text\">Nacionalni organ<\/span> <span class=\"meta-nav\">&rarr;<\/span><\/a><\/p>\n","protected":false},"author":1,"featured_media":0,"parent":2932,"menu_order":0,"comment_status":"closed","ping_status":"closed","template":"","meta":{"ngg_post_thumbnail":0},"acf":[],"_links":{"self":[{"href":"http:\/\/www.si-hr.eu\/si\/wp-json\/wp\/v2\/pages\/2934"}],"collection":[{"href":"http:\/\/www.si-hr.eu\/si\/wp-json\/wp\/v2\/pages"}],"about":[{"href":"http:\/\/www.si-hr.eu\/si\/wp-json\/wp\/v2\/types\/page"}],"author":[{"embeddable":true,"href":"http:\/\/www.si-hr.eu\/si\/wp-json\/wp\/v2\/users\/1"}],"replies":[{"embeddable":true,"href":"http:\/\/www.si-hr.eu\/si\/wp-json\/wp\/v2\/comments?post=2934"}],"version-history":[{"count":1,"href":"http:\/\/www.si-hr.eu\/si\/wp-json\/wp\/v2\/pages\/2934\/revisions"}],"predecessor-version":[{"id":2935,"href":"http:\/\/www.si-hr.eu\/si\/wp-json\/wp\/v2\/pages\/2934\/revisions\/2935"}],"up":[{"embeddable":true,"href":"http:\/\/www.si-hr.eu\/si\/wp-json\/wp\/v2\/pages\/2932"}],"wp:attachment":[{"href":"http:\/\/www.si-hr.eu\/si\/wp-json\/wp\/v2\/media?parent=2934"}],"curies":[{"name":"wp","href":"https:\/\/api.w.org\/{rel}","templated":true}]}}