{"id":3011,"date":"2015-09-17T14:02:25","date_gmt":"2015-09-17T13:02:25","guid":{"rendered":"http:\/\/84.39.218.255\/wp-content\/uploads\/2015\/09\/?page_id=3011"},"modified":"2015-09-17T14:02:25","modified_gmt":"2015-09-17T13:02:25","slug":"navodila-za-koncne-upravicence","status":"publish","type":"page","link":"http:\/\/www.si-hr.eu\/si\/projekti\/navodila-za-koncne-upravicence\/","title":{"rendered":"Navodila za kon\u010dne upravi\u010dence"},"content":{"rendered":"<h3>Pomembno opozorilo za projekte, odobrene v okviru 3. Javnega razpisa<\/h3>\n<p>Tretji odstavek \u010dlena 105a (2) Uredbe \u0161t. 1083\/2006, kot je bil dodan s pristopno pogodbo Republike Hrva\u0161ke, se glasi:<br \/>\n\u00bbOperacije, ki niso operacije iz prvega in drugega pododstavka in za katere so bili razpisi za predloge objavljeni v skladu s \u010dlenom 158 Uredbe Komisije (ES) \u0161t. 718\/2007 z dne 12. junija 2007 ali za katere so bili zahtevki predlo\u017eeni pristojnim organom pred dnem pristopa in za katere bi bilo pogodbe mogo\u010de skleniti \u0161ele po tem datumu, se izvedejo v skladu s pogoji in pravili o upravi\u010denosti, objavljenimi v ustreznih razpisih za predloge, oziroma pogoji in pravili o upravi\u010denosti, o katerih so bili potencialni upravi\u010denci predhodno obve\u0161\u010deni.\u00ab<\/p>\n<p>To pomeni, da veljajo za vse operacije, odobrene v okviru javnih razpisov, ki so bili objavljeni pred vstopom Republike Hrva\u0161ke v Evropsko unijo, enaka pravila upravi\u010denosti, kot so bila objavljena v razpisu. Tako veljajo za vse operacije, odobrene v okviru 3. javnega razpisa OP IPA SI-HR 2007-2013, pravila upravi\u010denosti, kot so bila objavljena v okviru razpisne dokumentacije doti\u010dnega razpisa, vklju\u010dno s pravili t.i. PRAG na podro\u010dju javnega naro\u010danja. Ob tem pa je pomembno opozoriti, da za operacije, ki so bile odobrene in so za\u010dele z izvajanjem po 30.6.2013, velja, da se pri navedbi tako samega programa kot tudi sicer v okviru informiranja in obve\u0161\u010danja javnosti ne smejo ve\u010d referirati na Instrument za predpristopno pomo\u010d (IPA), tako se novi naziv programa sedaj glasi OP SI-HR 2007-2013. Za ve\u010d informacij glej pod rubriko \u00bbNavodila za informiranje in obve\u0161\u010danje\u00ab.<\/p>\n<h3>Navodila za kon\u010dne upravi\u010dence<\/h3>\n<p>Tukaj lahko najdete navodila za kon\u010dne upravi\u010dence.<\/p>\n","protected":false},"excerpt":{"rendered":"<p>Pomembno opozorilo za projekte, odobrene v okviru 3. Javnega razpisa Tretji odstavek \u010dlena 105a (2) Uredbe \u0161t. 1083\/2006, kot je bil dodan s pristopno pogodbo Republike Hrva\u0161ke, se glasi: \u00bbOperacije, &hellip; <a href=\"http:\/\/www.si-hr.eu\/si\/projekti\/navodila-za-koncne-upravicence\/\" class=\"more-link\">Preberi ve\u010d <span class=\"screen-reader-text\">Navodila za kon\u010dne upravi\u010dence<\/span> <span class=\"meta-nav\">&rarr;<\/span><\/a><\/p>\n","protected":false},"author":1,"featured_media":0,"parent":13,"menu_order":0,"comment_status":"closed","ping_status":"closed","template":"","meta":{"ngg_post_thumbnail":0},"acf":[],"_links":{"self":[{"href":"http:\/\/www.si-hr.eu\/si\/wp-json\/wp\/v2\/pages\/3011"}],"collection":[{"href":"http:\/\/www.si-hr.eu\/si\/wp-json\/wp\/v2\/pages"}],"about":[{"href":"http:\/\/www.si-hr.eu\/si\/wp-json\/wp\/v2\/types\/page"}],"author":[{"embeddable":true,"href":"http:\/\/www.si-hr.eu\/si\/wp-json\/wp\/v2\/users\/1"}],"replies":[{"embeddable":true,"href":"http:\/\/www.si-hr.eu\/si\/wp-json\/wp\/v2\/comments?post=3011"}],"version-history":[{"count":1,"href":"http:\/\/www.si-hr.eu\/si\/wp-json\/wp\/v2\/pages\/3011\/revisions"}],"predecessor-version":[{"id":3012,"href":"http:\/\/www.si-hr.eu\/si\/wp-json\/wp\/v2\/pages\/3011\/revisions\/3012"}],"up":[{"embeddable":true,"href":"http:\/\/www.si-hr.eu\/si\/wp-json\/wp\/v2\/pages\/13"}],"wp:attachment":[{"href":"http:\/\/www.si-hr.eu\/si\/wp-json\/wp\/v2\/media?parent=3011"}],"curies":[{"name":"wp","href":"https:\/\/api.w.org\/{rel}","templated":true}]}}