{"id":3015,"date":"2015-09-17T14:04:49","date_gmt":"2015-09-17T13:04:49","guid":{"rendered":"http:\/\/84.39.218.255\/wp-content\/uploads\/2015\/09\/?page_id=3015"},"modified":"2015-09-17T14:04:49","modified_gmt":"2015-09-17T13:04:49","slug":"mvp-isarr","status":"publish","type":"page","link":"http:\/\/www.si-hr.eu\/si\/projekti\/navodila-za-koncne-upravicence\/mvp-isarr\/","title":{"rendered":"MVP (ISARR)"},"content":{"rendered":"<h3>Nova razli\u010dica Navodil za uporabo modula za vnos podatkov \u2013 MVP (ISARR)<\/h3>\n<p>24.4.2015 je bila objavljena nova razli\u010dica Navodil za uporabo modula za vnos podatkov \u2013 MVP (ISARR).<br \/>\nTa vsebuje naslednje spremembe:<\/p>\n<p>Naslov dokumenta<br \/>\n\u2022 Spremeni se verzija in datum dokumenta: \u00bbVerzija 1.0 in Ljubljana 2012\u00ab.<\/p>\n<p>Stanje dokumenta<br \/>\n\u2022 Stanje dokumenta se spremeni in se sedaj glasi:<\/p>\n<p>Namen dokumenta: Navodila za uporabo modula za vnos podatkov \u2013 MVP \u2013 Cilj 3<br \/>\nVsebina: Glej kazalo vsebine<br \/>\nOznaka dok.: MVP-01\/ISARR<br \/>\nStatus: Kon\u010dna verzija<br \/>\nVerzija: 1.0<br \/>\nDatum verzije: 4.6.2012<br \/>\nNaro\u010dnik\/uporabnik: Republika Slovenija \u2013 SVLR<br \/>\nAvtorji: IPMIT d.o.o.<br \/>\nKomentar vmesnih verzij:<br \/>\nDostavljeno:<br \/>\nZgodovina verzij<br \/>\nVerzija Datum zadnje spremembe Opombe.<br \/>\n0.1 28.8.2009 Kon\u010dna verzija dokumenta.<br \/>\n0.2 16.9.2009 Dodana navodila za vnos kazalnikov, izbris navodil za vnos fizi\u010dnih oseb.<br \/>\n0.3 22.6.2010 Dodana navodila glede vnosa in poro\u010danja o doseganju fizi\u010dnih ciljev (kazalnikov).<br \/>\n0.4 14.7.2010 Dodan opis polja datum pla\u010dila EU dela<br \/>\n0.5 21.1.2011 Nova vnosna maska pri vnosu listin<br \/>\n0.6 15.2.2011 Uskladitev navodil z navodili iz <a href=\"http:\/\/www.si-at.eu\/\">http:\/\/www.si-at.eu<\/a> (dodan pav\u0161al, ni\u010delno poro\u010dilo; izbris navodil za vnos listine predpla\u010dila); dodana sprotna opomba za na\u010drtovanje kazalnikov<br \/>\n0.7 3.5.2011 Ozna\u010ditev zaklju\u010dnega poro\u010dila<br \/>\n0.8 13.9.2011 Prenova navodil skladno s celostno grafi\u010dno podobo ISARR<br \/>\n0.9 20.12.2011 Prenova navodil skladno s celostno prenovo procesa izvajanja (MVP)<br \/>\n1.0 4.6.2012 Prenova navodil skladno z zahtevkom 7401- shranjevanje izpisov<\/p>\n<p>4.7.1. KREIRANJE VMESNEGA PORO\u010cILA PARTNERJA OZIROMA ZAHTEVKA ZA IZPLA\u010cILO, UREJANJE IN OSVE\u017dEVANJE PORO\u010cILA<br \/>\n\u2022 Spremeni se naslov, ki se sedaj glasi: Kreiranje vmesnega poro\u010dila partnerja oziroma zahtevka za izpla\u010dilo, urejanje in osve\u017eevanje poro\u010dila<br \/>\n\u2022 Na koncu prvega odstavka se doda: \u00bbpartnerja oziroma zahtevka za izpla\u010dilo.\u00ab<br \/>\n\u2022 Spremeni se naziv slike 18. v: Kreiranje zahtevka za izpla\u010dilo\u201c in bri\u0161e \u201evmesnega (delnega) poro\u010dila\u00ab<\/p>\n<p>4.7.2. PRIKAZ PODATKOV ZAHTEVKA ZA IZPLA\u010cILO IN IZDELAVA IZPISOV<br \/>\n\u2022 Spremeni se naslov, ki se glasi: Prikaz podatkov zahtevka za izpla\u010dilo in izdelava izpisov<br \/>\n\u2022 V naslovu in prvem stavku se bri\u0161e: \u00bbporo\u010dilo o napredku (vmesno poro\u010dilo)<br \/>\n\u2022 Na koncu prvega stavka se doda: \u00bbzahtevek za povra\u010dilo sredstev\u00ab<br \/>\n\u2022 V okviru poro\u010dila so mogo\u010di \u0161tirje izpisi se spremeni v: \u00bbV okviru poro\u010dila so mo\u017eni naslednji izpisi:\u00ab in se dodaja: \u00bbPartnerjev zahtevek za izpla\u010dilo za slovenske upravi\u010dence, ki se izpolni samodejno po potrditvi poro\u010dila s strani slovenskega nacionalnega kontrolorja\u00ab.<br \/>\n\u2022 Pred zadnjih stavkom poglavja se doda novi odstavek: \u00bbPodatki na izpisih, ki jih ima uporabnik v procesu izvajanja mo\u017enost natisniti se shranijo ob oddaji poro\u010dila. Ponovno se generirajo in shranijo le v primeru ponovne oddaje poro\u010dila, v kolikor pride do nje.\u00ab<br \/>\n5.1. KREIRANJE KON\u010cNEGA SKUPNEGA PORO\u010cILA\u2013 ZAHTEVKA ZA IZPLA\u010cILO<br \/>\n\u2022 Spremeni se naslov, ki se glasi: \u201eKreiranje kon\u010dnega skupnega poro\u010dila\u2013 zahtevka za izpla\u010dilo\u201c<br \/>\n\u2022 V stavku med slikama 26 in 27 se bri\u0161e \u201eskupnega poro\u010dila\u201c in \u201evmesnega (delnega) poro\u010dila\u201c in se stavek spremeni v: Kreiranje zahtevka za povra\u010dilo se ne razlikuje od kreiranja zahtevka za izpla\u010dilo.\u201c<br \/>\n\u2022 Slika 27: Naziv slike se spremeni tako da se glasi: &#8220;ZzP&#8221;<br \/>\n\u2022 Pred odstavkom za katerim je slika 33 se doda novi odstavek: \u201ePodatki na izpisih, ki jih ima uporabnik v procesu izvajanja mo\u017enost natisniti, se shranijo ob oddaji poro\u010dila. Ponovno se generirajo in shranijo le v primeru ponovne oddaje poro\u010dilo, v kolikor pride do nje.\u201c<\/p>\n<p>SLIKE<br \/>\n\u2022 Slika 18: Naziv slike se spremeni tako da se glasi: &#8220;Kreiranje zahtevka za povra\u010dilo sredstev\u201c<br \/>\n\u2022 Slika 27: Naziv slike se spremeni tako da se glasi: &#8220;ZzP&#8221;<\/p>\n<p><a class=\"link_pdf\" href=\"http:\/\/84.39.218.255\/wp-content\/uploads\/2015\/09\/Priro%C4%8Dnik%20za%20proces%20izvajanja%20(MVP)_1.pdf\" target=\"_blank\">Priro\u010dnik za proces izvajanja (MVP) (1.8M)<\/a><\/p>\n<h3>Navodila za uporabo modula za vnos podatkov \u2013 MVP (ISARR)<\/h3>\n<p>Tukaj so objavljena Navodila za uporabo modula za vnos podatkov \u2013 MVP (ISARR).<\/p>\n<p>11.10.2011 je bila objavljena nova razli\u010dica Navodil za uporabo modula za vnos podatkov \u2013 MVP (ISARR).<\/p>\n<p><a class=\"link_pdf\" href=\"http:\/\/84.39.218.255\/wp-content\/uploads\/2015\/09\/Navodila%20MVP,%2019.1.2012.pdf\" target=\"_blank\">Navodila za uporabo modula za vnos podatkov \u2013 MVP (ISARR) &#8211; NOVA (4.1M)<\/a><\/p>\n<p><a class=\"link_pdf\" href=\"http:\/\/84.39.218.255\/wp-content\/uploads\/2015\/09\/Corrigendum%20MVP,%2019.1.2012.pdf\" target=\"_blank\">Navodila za uporabo modula za vnos podatkov \u2013 MVP (ISARR) &#8211; CORRIGENDUM (685.8k<\/a><\/p>\n","protected":false},"excerpt":{"rendered":"<p>Nova razli\u010dica Navodil za uporabo modula za vnos podatkov \u2013 MVP (ISARR) 24.4.2015 je bila objavljena nova razli\u010dica Navodil za uporabo modula za vnos podatkov \u2013 MVP (ISARR). Ta vsebuje &hellip; <a href=\"http:\/\/www.si-hr.eu\/si\/projekti\/navodila-za-koncne-upravicence\/mvp-isarr\/\" class=\"more-link\">Preberi ve\u010d <span class=\"screen-reader-text\">MVP (ISARR)<\/span> <span class=\"meta-nav\">&rarr;<\/span><\/a><\/p>\n","protected":false},"author":1,"featured_media":0,"parent":3011,"menu_order":0,"comment_status":"closed","ping_status":"closed","template":"","meta":{"ngg_post_thumbnail":0},"acf":[],"_links":{"self":[{"href":"http:\/\/www.si-hr.eu\/si\/wp-json\/wp\/v2\/pages\/3015"}],"collection":[{"href":"http:\/\/www.si-hr.eu\/si\/wp-json\/wp\/v2\/pages"}],"about":[{"href":"http:\/\/www.si-hr.eu\/si\/wp-json\/wp\/v2\/types\/page"}],"author":[{"embeddable":true,"href":"http:\/\/www.si-hr.eu\/si\/wp-json\/wp\/v2\/users\/1"}],"replies":[{"embeddable":true,"href":"http:\/\/www.si-hr.eu\/si\/wp-json\/wp\/v2\/comments?post=3015"}],"version-history":[{"count":1,"href":"http:\/\/www.si-hr.eu\/si\/wp-json\/wp\/v2\/pages\/3015\/revisions"}],"predecessor-version":[{"id":3016,"href":"http:\/\/www.si-hr.eu\/si\/wp-json\/wp\/v2\/pages\/3015\/revisions\/3016"}],"up":[{"embeddable":true,"href":"http:\/\/www.si-hr.eu\/si\/wp-json\/wp\/v2\/pages\/3011"}],"wp:attachment":[{"href":"http:\/\/www.si-hr.eu\/si\/wp-json\/wp\/v2\/media?parent=3015"}],"curies":[{"name":"wp","href":"https:\/\/api.w.org\/{rel}","templated":true}]}}