{"id":3021,"date":"2015-09-17T14:06:53","date_gmt":"2015-09-17T13:06:53","guid":{"rendered":"http:\/\/84.39.218.255\/wp-content\/uploads\/2015\/09\/?page_id=3021"},"modified":"2015-09-17T14:06:53","modified_gmt":"2015-09-17T13:06:53","slug":"navodila-za-informiranje-in-obvescanje","status":"publish","type":"page","link":"http:\/\/www.si-hr.eu\/si\/projekti\/navodila-za-koncne-upravicence\/navodila-za-informiranje-in-obvescanje\/","title":{"rendered":"Navodila za informiranje in obve\u0161\u010danje"},"content":{"rendered":"<p>Tu lahko najdete logotipe, Navodila za informiranje in obve\u0161\u010danje javnosti za kon\u010dne upravi\u010dence ter Priro\u010dnik celostne grafi\u010dne podobe.<\/p>\n<p>Dne 17.2.2014 je bila objavljena nova razli\u010dica logotipov.<\/p>\n<p><b>POMEMBNO OPOZORILO<\/b>:<br \/>\nVse logotipe se uporablja skladno z Navodili za informiranje in obve\u0161\u010danje javnosti za kon\u010dne upravi\u010dence kot tudi Priro\u010dnik celostne grafi\u010dne podobe, ki veljata tudi sicer za vse aktivnosti na podro\u010dju informiranja in obve\u0161\u010danja javnosti, vendar pa jih je potrebno uporabljati smiselno. To pomeni, da za operacije odobrene v okviru 3. javnega razpisa velja, da se niti v imenu programa niti sicer ne referira ve\u010d na Instrument za predpristopno pomo\u010d (IPA), temve\u010d skladno z novimi logotipi na evropsko teritorialno sodelovanje oziroma na Evropski sklad za regionalni razvoj. Novi kontaktni podatki pa so slede\u010di:<\/p>\n<p>Slu\u017eba Vlade Republike Slovenije za razvoj in evropsko kohezijsko politiko<br \/>\nSkupni tehni\u010dni sekretariat Slovenija-Hrva\u0161ka 2007-2013<br \/>\nKontaktna oseba: Gordana Stani\u0161i\u0107<br \/>\nKotnikova 5<br \/>\nSI-1000 Ljubljana<br \/>\nTel. (+386) 1 400 3413<br \/>\nE-po\u0161ta: <span id=\"eeEncEmail_ddPinZ2e9J\"><a href=\"mailto:jts-si-hr.svlr@gov.si\">jts-si-hr.svlr@gov.si<\/a><\/span><\/p>\n<p><a class=\"link_zip\" href=\"http:\/\/84.39.218.255\/wp-content\/uploads\/2015\/09\/si-hr_logo_slovenian_sl.zip\" target=\"_blank\">Slovenski logotipi (6.3M)<\/a><\/p>\n<p><a class=\"link_zip\" href=\"http:\/\/84.39.218.255\/wp-content\/uploads\/2015\/09\/si_hr_logo_multilingual_sl.zip\" target=\"_blank\">Ve\u010djezi\u010dni logotipi (6.5M)<\/a><\/p>\n<p><a class=\"link_zip\" href=\"http:\/\/84.39.218.255\/wp-content\/uploads\/2015\/09\/si-hr_public_slovenian_sl.zip\" target=\"_blank\">Slovenska publiciteta (5.9M)<\/a><\/p>\n<p><a class=\"link_zip\" href=\"http:\/\/84.39.218.255\/wp-content\/uploads\/2015\/09\/si-hr_public_multilingual_sl.zip\" target=\"_blank\">Ve\u010djezi\u010dna publiciteta (5.7M)<\/a><\/p>\n<p><a class=\"link_pdf\" href=\"http:\/\/84.39.218.255\/wp-content\/uploads\/2015\/09\/Navodila%20za%20informiranje%20in%20obvescanje%20za%20upravicence.pdf\" target=\"_blank\">Navodila za informiranje in obve\u0161\u010danje javnosti za upravi\u010dence (1.7M)<\/a><\/p>\n<p><a class=\"link_pdf\" href=\"http:\/\/84.39.218.255\/wp-content\/uploads\/2015\/09\/Priro%C4%8Dnik%20CGP%20SI.pdf\" target=\"_blank\">Priro\u010dnik celostne grafi\u010dne podobe (8.1M)<\/a><\/p>\n<p><a class=\"link_pdf\" href=\"http:\/\/84.39.218.255\/wp-content\/uploads\/2015\/09\/Corrigendum%20Navodila%20za%20informiranje%20in%20obve%C5%A1%C4%8Danje_SI.pdf\" target=\"_blank\">Corrigendum &#8211; Navodila za informiranje in obve\u0161\u010danje javnosti za upravi\u010dencev (477.5k)<\/a><\/p>\n<p><a class=\"link_zip\" href=\"http:\/\/84.39.218.255\/wp-content\/uploads\/2015\/09\/Logotipi%20nove%20Slu%C5%BEbe%20Vlade%20RS.zip\" target=\"_blank\">Logotipi SVRK (797.3k)<\/a><\/p>\n","protected":false},"excerpt":{"rendered":"<p>Tu lahko najdete logotipe, Navodila za informiranje in obve\u0161\u010danje javnosti za kon\u010dne upravi\u010dence ter Priro\u010dnik celostne grafi\u010dne podobe. Dne 17.2.2014 je bila objavljena nova razli\u010dica logotipov. POMEMBNO OPOZORILO: Vse logotipe &hellip; <a href=\"http:\/\/www.si-hr.eu\/si\/projekti\/navodila-za-koncne-upravicence\/navodila-za-informiranje-in-obvescanje\/\" class=\"more-link\">Preberi ve\u010d <span class=\"screen-reader-text\">Navodila za informiranje in obve\u0161\u010danje<\/span> <span class=\"meta-nav\">&rarr;<\/span><\/a><\/p>\n","protected":false},"author":1,"featured_media":0,"parent":3011,"menu_order":0,"comment_status":"closed","ping_status":"closed","template":"","meta":{"ngg_post_thumbnail":0},"acf":[],"_links":{"self":[{"href":"http:\/\/www.si-hr.eu\/si\/wp-json\/wp\/v2\/pages\/3021"}],"collection":[{"href":"http:\/\/www.si-hr.eu\/si\/wp-json\/wp\/v2\/pages"}],"about":[{"href":"http:\/\/www.si-hr.eu\/si\/wp-json\/wp\/v2\/types\/page"}],"author":[{"embeddable":true,"href":"http:\/\/www.si-hr.eu\/si\/wp-json\/wp\/v2\/users\/1"}],"replies":[{"embeddable":true,"href":"http:\/\/www.si-hr.eu\/si\/wp-json\/wp\/v2\/comments?post=3021"}],"version-history":[{"count":1,"href":"http:\/\/www.si-hr.eu\/si\/wp-json\/wp\/v2\/pages\/3021\/revisions"}],"predecessor-version":[{"id":3022,"href":"http:\/\/www.si-hr.eu\/si\/wp-json\/wp\/v2\/pages\/3021\/revisions\/3022"}],"up":[{"embeddable":true,"href":"http:\/\/www.si-hr.eu\/si\/wp-json\/wp\/v2\/pages\/3011"}],"wp:attachment":[{"href":"http:\/\/www.si-hr.eu\/si\/wp-json\/wp\/v2\/media?parent=3021"}],"curies":[{"name":"wp","href":"https:\/\/api.w.org\/{rel}","templated":true}]}}