{"id":3027,"date":"2015-09-17T14:09:22","date_gmt":"2015-09-17T13:09:22","guid":{"rendered":"http:\/\/84.39.218.255\/wp-content\/uploads\/2015\/09\/?page_id=3027"},"modified":"2015-09-17T14:09:22","modified_gmt":"2015-09-17T13:09:22","slug":"navodila-o-upravicenosti-izdatkov","status":"publish","type":"page","link":"http:\/\/www.si-hr.eu\/si\/projekti\/navodila-za-koncne-upravicence\/navodila-o-upravicenosti-izdatkov\/","title":{"rendered":"Navodila o upravi\u010denosti izdatkov"},"content":{"rendered":"<h3>NAVODILA O UPRAVI\u010cENOSTI IZDATKOV &#8211; SPLO\u0160NA<\/h3>\n<p>Tu lahko najdete popravljeno verzijo Navodil o upravi\u010denosti izdatkov, ki je bila objavljena 17.2.2014.<\/p>\n<p>Ta vsebuje naslednje spremembe:<br \/>\n1. V celotnem dokumentu so se spremenili logotipi programa.<br \/>\n2. V imenu programa se je izbrisal sklic na IPA. Povsod v tekstu se pri sklicu na IPA doda \u0161e sklic na ESRR (IPA\/ESRR).<br \/>\n3. Pod opombo \u0161t. 6 se spremeni stavek tako, da se glasi: \u00bbDa bi bili potni stro\u0161ki zunaj obmo\u010dja programa upravi\u010deni, je treba dokazati, da je bilo potovanje nujno potrebno za zadevno operacijo ter da je bilo potovanje vnaprej odobreno (navedeno v prijavnici oziroma ga je predhodno odobril STS\/OU).\u00ab<br \/>\n4. V podpoglavju 2.2. STRO\u0160KI ZUNANJIH IZVAJALCEV se v prvi alineji bri\u0161e tekst: \u00bbza udele\u017eence, \u010de je potrebno\u00ab.<br \/>\n5. V podpoglavju 2.3.1.1 Amortizacija se v drugem odstavku doda stavek: \u00bbOprema mora biti kupljena v \u010dasu izvajanja operacije ter za namene operacije\u00ab.<br \/>\n6. Pod opombo \u0161t. 15 se doda stavek tako, da se glasi: \u00bbPrihodka se ne sme zamenjevati z dobi\u010dkom. Nadalje, prihodki se upo\u0161tevajo le pri projektih, ki so sofinancirani v okviru 1. javnega razpisa.\u00ab<br \/>\n7. V podpoglavju 3.3 JAVNO NARO\u010cANJE se 4. odstavek spremeni tako, da se glasi: \u00bbV okviru tega programa veljajo za vse upravi\u010dence v zvezi z oddajo javnih naro\u010dil za izvajanje storitev, dobavo blaga in gradbena dela dolo\u010dbe iz Poglavja 3, Dela 2, Naslova IV Uredbe (ES, Euratom) \u0161t. 1605\/2002 in iz Poglavja 3, Dela 2, Naslova III Uredbe (ES, Euratom) \u0161t. 2342\/2002 kot tudi Odlo\u010dba Komisije C(2007) 2034 o pravilih in postopkih, ki se uporabljajo za storitvene, nabavne in gradbene pogodbe, ki jih financira splo\u0161ni prora\u010dun Evropskih skupnosti za namene sodelovanja s tretjimi dr\u017eavami, z izjemo dela II.8.2.\u00ab<br \/>\n8. Skladno s spremembami t.i. PRAG se je spremenila tudi Tabela 1: Finan\u010dne mejne vrednosti in z njimi povezani postopki.<br \/>\n9. V poglavju 4. OKVIRNI SEZNAM NEUPRAVI\u010cENIH IZDATKOV se v 2. odstavku bri\u0161e tekst: \u00bbdo sredstev v okviru programa predpristopne pomo\u010di IPA\u00ab. To\u010dka e pa se spremeni tako, da se glasi: \u00bbstro\u0161ki poslovanja, razen kadar je druga\u010de dolo\u010deno v okvirnih sporazumih z mednarodnimi organizacijami\u00ab.<\/p>\n<p><a class=\"link_pdf\" href=\"http:\/\/84.39.218.255\/wp-content\/uploads\/2015\/09\/Navodila%20o%20upravi%C4%8Denosti%20izdatkov-Verzija%204%20final,%20Januar%202014.pdf\" target=\"_blank\">Navodila o upravi\u010denosti izdatkov (388.4k)<\/a><\/p>\n<h3>Navodila o upravi\u010denosti izdatkov za slovenske upravi\u010dence in obrazci za poro\u010danje<\/h3>\n<p>Tu lahko najdete popravljeno verzijo Navodil za upravi\u010dene izdatke za slovenske upravi\u010dence skupaj z dvema prilogama (Delo projektnega sodelavca na drugih operacijah in IZJAVA PROJEKTNEGA PARTNERJA) ki so stopila v veljavo 1.7.2014.<br \/>\nPrav tako si tu lahko nalo\u017eite mese\u010dno in dnevno \u010dasovnico projektnega sodelavca\/ke.<\/p>\n<p><a class=\"link_xls\" href=\"http:\/\/84.39.218.255\/wp-content\/uploads\/2015\/09\/Dnevna%20%C4%8Dasovnica%204.4.2014.xls\" target=\"_blank\">Obrazec za dnevno poro\u010danje (2.5M)<\/a><\/p>\n<p><a class=\"link_pdf\" href=\"http:\/\/84.39.218.255\/wp-content\/uploads\/2015\/09\/Priloga%20(Urejanje%20poro%C4%8Dila).pdf\" target=\"_blank\">Priloga (97.2k)<\/a><\/p>\n<p><a class=\"link_xls\" href=\"http:\/\/84.39.218.255\/wp-content\/uploads\/2015\/09\/Zbirnik%20regresa%20zaposlenega%20na%20projektu%204.4.2014.xls\" target=\"_blank\">Zbirnik regresa (155k)<\/a><\/p>\n<p><a class=\"link_xls\" href=\"http:\/\/84.39.218.255\/wp-content\/uploads\/2015\/09\/Mese%C4%8Dna%20%C4%8Dasovnica%204.4.2014.xls\" target=\"_blank\">Obrazec za mese\u010dno poro\u010danje (2.5M)<\/a><\/p>\n<p><a class=\"link_pdf\" href=\"http:\/\/84.39.218.255\/wp-content\/uploads\/2015\/09\/Navodila%20za%20upravi%C4%8Dene%20izdatke%20za%20SI%20upravi%C4%8Dence%20(verzija%204).pdf\" target=\"_blank\">Navodila za upravi\u010dene izdatke za slovenske upravi\u010dence (8.4M)<\/a><\/p>\n<p><a class=\"link_xls\" href=\"http:\/\/84.39.218.255\/wp-content\/uploads\/2015\/09\/Delo%20na%20drugih%20operacijah_OP%20SI%20HR.xls\" target=\"_blank\">Delo projektnega sodelavca na drugih operacijah (208.5k)<\/a><\/p>\n<p><a class=\"link_doc\" href=\"http:\/\/84.39.218.255\/wp-content\/uploads\/2015\/09\/Izjava_OP%20SI-HR.doc\" target=\"_blank\">IZJAVA PROJEKTNEGA PARTNERJA (192.5k)<\/a><\/p>\n","protected":false},"excerpt":{"rendered":"<p>NAVODILA O UPRAVI\u010cENOSTI IZDATKOV &#8211; SPLO\u0160NA Tu lahko najdete popravljeno verzijo Navodil o upravi\u010denosti izdatkov, ki je bila objavljena 17.2.2014. Ta vsebuje naslednje spremembe: 1. V celotnem dokumentu so se &hellip; <a href=\"http:\/\/www.si-hr.eu\/si\/projekti\/navodila-za-koncne-upravicence\/navodila-o-upravicenosti-izdatkov\/\" class=\"more-link\">Preberi ve\u010d <span class=\"screen-reader-text\">Navodila o upravi\u010denosti izdatkov<\/span> <span class=\"meta-nav\">&rarr;<\/span><\/a><\/p>\n","protected":false},"author":1,"featured_media":0,"parent":3011,"menu_order":0,"comment_status":"closed","ping_status":"closed","template":"","meta":{"ngg_post_thumbnail":0},"acf":[],"_links":{"self":[{"href":"http:\/\/www.si-hr.eu\/si\/wp-json\/wp\/v2\/pages\/3027"}],"collection":[{"href":"http:\/\/www.si-hr.eu\/si\/wp-json\/wp\/v2\/pages"}],"about":[{"href":"http:\/\/www.si-hr.eu\/si\/wp-json\/wp\/v2\/types\/page"}],"author":[{"embeddable":true,"href":"http:\/\/www.si-hr.eu\/si\/wp-json\/wp\/v2\/users\/1"}],"replies":[{"embeddable":true,"href":"http:\/\/www.si-hr.eu\/si\/wp-json\/wp\/v2\/comments?post=3027"}],"version-history":[{"count":1,"href":"http:\/\/www.si-hr.eu\/si\/wp-json\/wp\/v2\/pages\/3027\/revisions"}],"predecessor-version":[{"id":3028,"href":"http:\/\/www.si-hr.eu\/si\/wp-json\/wp\/v2\/pages\/3027\/revisions\/3028"}],"up":[{"embeddable":true,"href":"http:\/\/www.si-hr.eu\/si\/wp-json\/wp\/v2\/pages\/3011"}],"wp:attachment":[{"href":"http:\/\/www.si-hr.eu\/si\/wp-json\/wp\/v2\/media?parent=3027"}],"curies":[{"name":"wp","href":"https:\/\/api.w.org\/{rel}","templated":true}]}}