{"id":3037,"date":"2015-09-18T10:20:15","date_gmt":"2015-09-18T09:20:15","guid":{"rendered":"http:\/\/84.39.218.255\/wp-content\/uploads\/2015\/09\/?page_id=3037"},"modified":"2015-09-18T10:20:15","modified_gmt":"2015-09-18T09:20:15","slug":"3-skupni-javni-razpis-za-izbor-projektov","status":"publish","type":"page","link":"http:\/\/www.si-hr.eu\/si\/razpisi\/3-skupni-javni-razpis-za-izbor-projektov\/","title":{"rendered":"3. skupni javni razpis za izbor projektov"},"content":{"rendered":"<h3>Novo tabelo vezano na na\u010drt javnih naro\u010dil<\/h3>\n<p>Tabelo, ki je \u017ee objavljena na na\u0161i spletni strani se zamenjava s tabelo v prilogi.<\/p>\n<p><a class=\"link_xls\" href=\"http:\/\/84.39.218.255\/wp-content\/uploads\/2015\/09\/Na%C4%8Drt%20javnih%20naro%C4%8Dil%20-%20tabela_1.xls\" target=\"_blank\">NA\u010cRT JAVNIH NARO\u010cIL &#8211; TABELA (44.5k)<\/a><\/p>\n<h3>Objava tabel o izpolnjevanju pogojev za pogojno odobrene projekte v okviru 3. javnega razpisa<\/h3>\n<p>Prosimo vas, da s tega spletnega mesta prevzamete tabele, katere je potrebno izpolniti skupaj z izpolnitvijo pogojev. Naj vas opomnimo, da se objavljene tabele in njihovo izpolnjevanje nana\u0161a samo na pogojno odobrene projekta znotraj 3. javnega razpisa OP IPA SI-HR 2007-2013 ter da je potrebno omenjene tabele izpolniti v skladu z navodili navedenimi v \u00bbOBVESTILU O IZBORU VLOGE Z NAVEDBO DODATNIH POGOJEV\u00ab.<\/p>\n<p><a class=\"link_xls\" href=\"http:\/\/84.39.218.255\/wp-content\/uploads\/2015\/09\/Podroben%20opis%20na%C4%8Drtovanih%20stro%C5%A1kov%20za%20zunanje%20izvajalce.xls\" target=\"_blank\">Podroben opis na\u010drtovanih stro\u0161kov za zunanje izvajalce (49.5k)<\/a><\/p>\n<p><a class=\"link_xls\" href=\"http:\/\/84.39.218.255\/wp-content\/uploads\/2015\/09\/Podroben%20opis%20na%C4%8Drtovanih%20investicij.xls\" target=\"_blank\">Podroben opis na\u010drtovanih investicij (49.5k)<\/a><\/p>\n<p><a class=\"link_xls\" href=\"http:\/\/84.39.218.255\/wp-content\/uploads\/2015\/09\/Na%C4%8Drt%20javnih%20naro%C4%8Dil%20-%20tabela.xls\" target=\"_blank\">Na\u010drt javnih naro\u010dil &#8211; tabela (46k)<\/a><\/p>\n<h3>Objava 3. javnega razpisa OP IPA SI-HR 2007-2013<\/h3>\n<p>Tu lahko najdete razpisno dokumentacijo 3. javnega razpisa OP IPA SI-HR 2007-2013 z dne 3.2.2012.<\/p>\n<p><a class=\"link_pdf\" href=\"http:\/\/84.39.218.255\/wp-content\/uploads\/2015\/09\/3.%20JR%20SI-HR_SI_final%20.pdf\" target=\"_blank\">3. JR (181.8k)<\/a><\/p>\n<p><a class=\"link_pdf\" href=\"http:\/\/84.39.218.255\/wp-content\/uploads\/2015\/09\/OP%20SI-HR%202007-2013%203.%20JR_SI_final.pdf\" target=\"_blank\">OP IPA SI-HR 2007-2013 (1.1M)<\/a><\/p>\n<p><a class=\"link_pdf\" href=\"http:\/\/84.39.218.255\/wp-content\/uploads\/2015\/09\/PIP%20SI-HR%203.%20JR_SI_final.pdf\" target=\"_blank\">PIP SI-HR 2007-2013 (583.8k)<\/a><\/p>\n<p><a class=\"link_doc\" href=\"http:\/\/84.39.218.255\/wp-content\/uploads\/2015\/09\/Prijavnica%20A%20-%20Prijavni%20obrazac%20A%20SI-HR%203.%20JR_SI_final.doc\" target=\"_blank\">Prijavnica del A (1010k)<\/a><\/p>\n<p><a class=\"link_xls\" href=\"http:\/\/84.39.218.255\/wp-content\/uploads\/2015\/09\/Prijavnica%20del%20B%20-%20SI-HR%20-%20KON%C4%8CNA%203.%20JR_%202.2.2012.xls\" target=\"_blank\">Prijavnica del B (469k)<\/a><\/p>\n<p><a class=\"link_pdf\" href=\"http:\/\/84.39.218.255\/wp-content\/uploads\/2015\/09\/Pogodba%20o%20sofinanciranju%20SI-HR%203.%20JR_SI_final.pdf\" target=\"_blank\">Pogodba o sofinanciranju (286.5k)<\/a><\/p>\n<p><a class=\"link_pdf\" href=\"http:\/\/84.39.218.255\/wp-content\/uploads\/2015\/09\/Sporazum%20o%20partnerstvu%20SI-HR%203.%20JR_SI_final.pdf\" target=\"_blank\">Sporazum o partnerstvu (288.3k)<\/a><\/p>\n<p><a class=\"link_doc\" href=\"http:\/\/84.39.218.255\/wp-content\/uploads\/2015\/09\/Nalepka%20za%20ovojnico%20-%20Nalepnica%20za%20kuvertu_SI-HR_3.doc\" target=\"_blank\">Nalepka (29.5k)<\/a><\/p>\n","protected":false},"excerpt":{"rendered":"<p>Novo tabelo vezano na na\u010drt javnih naro\u010dil Tabelo, ki je \u017ee objavljena na na\u0161i spletni strani se zamenjava s tabelo v prilogi. NA\u010cRT JAVNIH NARO\u010cIL &#8211; TABELA (44.5k) Objava tabel &hellip; <a href=\"http:\/\/www.si-hr.eu\/si\/razpisi\/3-skupni-javni-razpis-za-izbor-projektov\/\" class=\"more-link\">Preberi ve\u010d <span class=\"screen-reader-text\">3. skupni javni razpis za izbor projektov<\/span> <span class=\"meta-nav\">&rarr;<\/span><\/a><\/p>\n","protected":false},"author":1,"featured_media":0,"parent":11,"menu_order":0,"comment_status":"closed","ping_status":"closed","template":"","meta":{"ngg_post_thumbnail":0},"acf":[],"_links":{"self":[{"href":"http:\/\/www.si-hr.eu\/si\/wp-json\/wp\/v2\/pages\/3037"}],"collection":[{"href":"http:\/\/www.si-hr.eu\/si\/wp-json\/wp\/v2\/pages"}],"about":[{"href":"http:\/\/www.si-hr.eu\/si\/wp-json\/wp\/v2\/types\/page"}],"author":[{"embeddable":true,"href":"http:\/\/www.si-hr.eu\/si\/wp-json\/wp\/v2\/users\/1"}],"replies":[{"embeddable":true,"href":"http:\/\/www.si-hr.eu\/si\/wp-json\/wp\/v2\/comments?post=3037"}],"version-history":[{"count":1,"href":"http:\/\/www.si-hr.eu\/si\/wp-json\/wp\/v2\/pages\/3037\/revisions"}],"predecessor-version":[{"id":3038,"href":"http:\/\/www.si-hr.eu\/si\/wp-json\/wp\/v2\/pages\/3037\/revisions\/3038"}],"up":[{"embeddable":true,"href":"http:\/\/www.si-hr.eu\/si\/wp-json\/wp\/v2\/pages\/11"}],"wp:attachment":[{"href":"http:\/\/www.si-hr.eu\/si\/wp-json\/wp\/v2\/media?parent=3037"}],"curies":[{"name":"wp","href":"https:\/\/api.w.org\/{rel}","templated":true}]}}