{"id":3039,"date":"2015-09-18T10:22:35","date_gmt":"2015-09-18T09:22:35","guid":{"rendered":"http:\/\/84.39.218.255\/wp-content\/uploads\/2015\/09\/?page_id=3039"},"modified":"2015-09-18T10:22:35","modified_gmt":"2015-09-18T09:22:35","slug":"informativni-dogodki","status":"publish","type":"page","link":"http:\/\/www.si-hr.eu\/si\/razpisi\/3-skupni-javni-razpis-za-izbor-projektov\/informativni-dogodki\/","title":{"rendered":"Informativni dogodki"},"content":{"rendered":"<h3>INDIVIDUALNA SVETOVANJA STS V OKVIRU 3. JR OP IPA SI-HR 2007-2013<\/h3>\n<p>Skupni tehni\u010dni sekretariat Operativnega programa IPA Slovenija-Hrva\u0161ka 2007\u20132013 skupaj z Info to\u010dko v Zagrebu organizira individualno pomo\u010d potencialnim prijaviteljem pri pripravi projektnih predlogov v okviru 3. javnega razpisa Operativnega programa IPA Slovenija-Hrva\u0161ka 2007\u20132013.<br \/>\nIndividualno svetovanja bodo potekala po naslednjem razporedu:<\/p>\n<p>1. <b>Ljubljana: med 13. marcem in 2. aprilom 2012 v prostorih Ministrstva za gospodarski razvoj in tehnologijo, Dunajska 58<\/b><\/p>\n<p><b>Obvezne so predhodne prijave na telefonsko \u0161tevilko<\/b>: +386 1 3201 411.<\/p>\n<p>2. <b>Zagreb: med 21. in 30. marcem 2012 v prostorih hrva\u0161kega &#8220;Ministrstva regionalnog razvoja i fondova Europske unije&#8221;, trg kralja petra Kre\u0161imira IV br. 1<\/b><\/p>\n<p><b>Obvezne so predhodne prijave na telefonsko \u0161tevilko<\/b>: +385 1 6391 991.<\/p>\n<p>Vsak udele\u017eenec bo imel najve\u010d 1.5 ure \u010dasa za svetovanje. <b>Za pridobitev termina za individualno svetovanje je potrebno ob prijavi predlo\u017eiti izpolnjen obrazec \u00bbIndividualna pomo\u010d pri pripravi projektnih predlogov\u00ab, ki je v prilogi oz. je potrebno predhodno poslati kratek opis projektne ideje in vpra\u0161anja na elektronska naslova <\/b><span id=\"eeEncEmail_npiYcz4rnU\"><a href=\"mailto:gordana.stanisic@gov.si\">gordana.stanisic@gov.si<\/a><\/span> in <span id=\"eeEncEmail_X7sDzMhPUZ\"><a href=\"mailto:viktorija.roncevic@mrrfeu.hr\">viktorija.roncevic@mrrfeu.hr<\/a><\/span>.<\/p>\n<p><a class=\"link_doc\" href=\"http:\/\/84.39.218.255\/wp-content\/uploads\/2015\/09\/Projektna%20ideja%20OP%20IPA%20SI-HR%203.%20JR%20NEW_2.doc\" target=\"_blank\">Projektna ideja OP IPA SI-HR, 3. JR (144k)<\/a><\/p>\n<h3>Gradivo za informativno delavnico v Bre\u017eicah<\/h3>\n<p>Tukaj lahko najdete gradivo za informativno delavnico v Bre\u017eicah 28.2.2012.<\/p>\n<p><a class=\"link_pdf\" href=\"http:\/\/84.39.218.255\/wp-content\/uploads\/2015\/09\/Prijavnica%20del%20A.pdf\" target=\"_blank\">Prjavnica del A (779.6k)<\/a><\/p>\n<p><a class=\"link_pdf\" href=\"http:\/\/84.39.218.255\/wp-content\/uploads\/2015\/09\/IPA%20POGODBA,%20SPORAZUM%20O%20PARTNERSTVU.pdf\" target=\"_blank\">IPA Pogodba, Sporazum o partnerstvu (1.3M)<\/a><\/p>\n<p><a class=\"link_pdf\" href=\"http:\/\/84.39.218.255\/wp-content\/uploads\/2015\/09\/Upravi%C4%8Deni%20izdatki.pdf\" target=\"_blank\">Upravi\u010deni izdatki (3.4M)<\/a><\/p>\n<p><a class=\"link_pdf\" href=\"http:\/\/84.39.218.255\/wp-content\/uploads\/2015\/09\/PIM.pdf\" target=\"_blank\">PIM (5.5M)<\/a><\/p>\n<p><a class=\"link_pdf\" href=\"http:\/\/84.39.218.255\/wp-content\/uploads\/2015\/09\/Napake%201.%20JR%20in%202.%20JR.pdf\" target=\"_blank\">Napake 1. JR in 2. JR (1.4M)<\/a><\/p>\n<p><a class=\"link_pdf\" href=\"http:\/\/84.39.218.255\/wp-content\/uploads\/2015\/09\/DP%20de%20minimis.pdf\" target=\"_blank\">Dr\u017eavna pomo\u010d de minimis (1.6M)<\/a><\/p>\n<p><a class=\"link_pdf\" href=\"http:\/\/84.39.218.255\/wp-content\/uploads\/2015\/09\/Predstavitev%203.%20JR_1.pdf\" target=\"_blank\">Predstavitev 3. JR (9.1M)<\/a><\/p>\n<h3>Informativna delavnica v okviru 3. javnega razpisa<\/h3>\n<p>Tukaj lahko najdete vabilo za informativno delavnico v okviru 3. javnega razpisa, ki bo potekala v torek 28. februarja 2012 v Bre\u017eicah. Datum delavnice za hrva\u0161ke upravi\u010dence bo objavljen naknadno.<\/p>\n<p><a class=\"link_pdf\" href=\"http:\/\/84.39.218.255\/wp-content\/uploads\/2015\/09\/VABILO%203.%20JR%20-%20Bre%C5%BEice.pdf\" target=\"_blank\">Vabilo informativna delavnica, Bre\u017eice (133k)<\/a><\/p>\n","protected":false},"excerpt":{"rendered":"<p>INDIVIDUALNA SVETOVANJA STS V OKVIRU 3. JR OP IPA SI-HR 2007-2013 Skupni tehni\u010dni sekretariat Operativnega programa IPA Slovenija-Hrva\u0161ka 2007\u20132013 skupaj z Info to\u010dko v Zagrebu organizira individualno pomo\u010d potencialnim prijaviteljem &hellip; <a href=\"http:\/\/www.si-hr.eu\/si\/razpisi\/3-skupni-javni-razpis-za-izbor-projektov\/informativni-dogodki\/\" class=\"more-link\">Preberi ve\u010d <span class=\"screen-reader-text\">Informativni dogodki<\/span> <span class=\"meta-nav\">&rarr;<\/span><\/a><\/p>\n","protected":false},"author":1,"featured_media":0,"parent":3037,"menu_order":0,"comment_status":"closed","ping_status":"closed","template":"","meta":{"ngg_post_thumbnail":0},"acf":[],"_links":{"self":[{"href":"http:\/\/www.si-hr.eu\/si\/wp-json\/wp\/v2\/pages\/3039"}],"collection":[{"href":"http:\/\/www.si-hr.eu\/si\/wp-json\/wp\/v2\/pages"}],"about":[{"href":"http:\/\/www.si-hr.eu\/si\/wp-json\/wp\/v2\/types\/page"}],"author":[{"embeddable":true,"href":"http:\/\/www.si-hr.eu\/si\/wp-json\/wp\/v2\/users\/1"}],"replies":[{"embeddable":true,"href":"http:\/\/www.si-hr.eu\/si\/wp-json\/wp\/v2\/comments?post=3039"}],"version-history":[{"count":1,"href":"http:\/\/www.si-hr.eu\/si\/wp-json\/wp\/v2\/pages\/3039\/revisions"}],"predecessor-version":[{"id":3040,"href":"http:\/\/www.si-hr.eu\/si\/wp-json\/wp\/v2\/pages\/3039\/revisions\/3040"}],"up":[{"embeddable":true,"href":"http:\/\/www.si-hr.eu\/si\/wp-json\/wp\/v2\/pages\/3037"}],"wp:attachment":[{"href":"http:\/\/www.si-hr.eu\/si\/wp-json\/wp\/v2\/media?parent=3039"}],"curies":[{"name":"wp","href":"https:\/\/api.w.org\/{rel}","templated":true}]}}