{"id":3041,"date":"2015-09-18T10:23:04","date_gmt":"2015-09-18T09:23:04","guid":{"rendered":"http:\/\/84.39.218.255\/wp-content\/uploads\/2015\/09\/?page_id=3041"},"modified":"2015-09-18T10:23:04","modified_gmt":"2015-09-18T09:23:04","slug":"pogosto-zastavljena-vprasanja-faq","status":"publish","type":"page","link":"http:\/\/www.si-hr.eu\/si\/razpisi\/3-skupni-javni-razpis-za-izbor-projektov\/pogosto-zastavljena-vprasanja-faq\/","title":{"rendered":"Pogosto zastavljena vpra\u0161anja (FAQ)"},"content":{"rendered":"<h3>Pogosto zastavljena vpra\u0161anja<\/h3>\n<p>Tukaj lahko najdete pogosto zastavljena vpra\u0161anja, ki se nana\u0161ajo na 3. Javni razpis OP IPA SI-HR 2007-2013.<\/p>\n<p><a class=\"link_pdf\" href=\"http:\/\/84.39.218.255\/wp-content\/uploads\/2015\/09\/FAQ%203.JR%20final%20SI.pdf\" target=\"_blank\">FAQ, 3. JR SI (175.8k)<\/a><\/p>\n","protected":false},"excerpt":{"rendered":"<p>Pogosto zastavljena vpra\u0161anja Tukaj lahko najdete pogosto zastavljena vpra\u0161anja, ki se nana\u0161ajo na 3. Javni razpis OP IPA SI-HR 2007-2013. FAQ, 3. JR SI (175.8k)<\/p>\n","protected":false},"author":1,"featured_media":0,"parent":3037,"menu_order":0,"comment_status":"closed","ping_status":"closed","template":"","meta":{"ngg_post_thumbnail":0},"acf":[],"_links":{"self":[{"href":"http:\/\/www.si-hr.eu\/si\/wp-json\/wp\/v2\/pages\/3041"}],"collection":[{"href":"http:\/\/www.si-hr.eu\/si\/wp-json\/wp\/v2\/pages"}],"about":[{"href":"http:\/\/www.si-hr.eu\/si\/wp-json\/wp\/v2\/types\/page"}],"author":[{"embeddable":true,"href":"http:\/\/www.si-hr.eu\/si\/wp-json\/wp\/v2\/users\/1"}],"replies":[{"embeddable":true,"href":"http:\/\/www.si-hr.eu\/si\/wp-json\/wp\/v2\/comments?post=3041"}],"version-history":[{"count":1,"href":"http:\/\/www.si-hr.eu\/si\/wp-json\/wp\/v2\/pages\/3041\/revisions"}],"predecessor-version":[{"id":3042,"href":"http:\/\/www.si-hr.eu\/si\/wp-json\/wp\/v2\/pages\/3041\/revisions\/3042"}],"up":[{"embeddable":true,"href":"http:\/\/www.si-hr.eu\/si\/wp-json\/wp\/v2\/pages\/3037"}],"wp:attachment":[{"href":"http:\/\/www.si-hr.eu\/si\/wp-json\/wp\/v2\/media?parent=3041"}],"curies":[{"name":"wp","href":"https:\/\/api.w.org\/{rel}","templated":true}]}}