{"id":3043,"date":"2015-09-18T10:24:26","date_gmt":"2015-09-18T09:24:26","guid":{"rendered":"http:\/\/84.39.218.255\/wp-content\/uploads\/2015\/09\/?page_id=3043"},"modified":"2015-09-18T10:24:26","modified_gmt":"2015-09-18T09:24:26","slug":"2-skupni-javni-razpis-za-izbor-projektov","status":"publish","type":"page","link":"http:\/\/www.si-hr.eu\/si\/razpisi\/2-skupni-javni-razpis-za-izbor-projektov\/","title":{"rendered":"2. skupni javni razpis za izbor projektov"},"content":{"rendered":"<h3>2. javni razpis OP IPA SI-HR 2007-2013<\/h3>\n<p>Drugi javni razpis Operativnega programa \u010dezmejnega sodelovanja Slovenija-Hrva\u0161ka 2007-2013 je bil objavljen 16. 4. 2010, zaklju\u010dil pa se je 30. 6. 2010. Ve\u010d informacij najdete pod rubriko informativni dogodki in arhivom dokumentov.<\/p>\n<h3>Informacije o 2. javnem razpisu OP IPA SI-HR 2007-2013<\/h3>\n<p>Informacije dobite med uradnimi urami, ki so ob <b>torkih, sredah in \u010detrtkih med 9. in 12.<br \/>\nuro. <\/b><\/p>\n<p>Informacije v <b>slovenskem jeziku<\/b>:<\/p>\n<p>Gordana Stani\u0161i\u0107<br \/>\nVodja Skupnega Tehni\u010dnega sekretariata<br \/>\nTel. + 386 (0)1 3201 411<br \/>\nE-naslov: <span id=\"eeEncEmail_7lGEsyUao8\"><a href=\"mailto:jts-si-hr.svlr@gov.si\">jts-si-hr.svlr@gov.si<\/a><\/span><\/p>\n<p>Informacije v <b>hrva\u0161kem jeziku<\/b>:<\/p>\n<p>Viktorija Ron\u010devi\u0107<br \/>\nInfo Point<br \/>\nTel. + 385 (0)1 6391 991<br \/>\nE-mail: <span id=\"eeEncEmail_43tc0Evfva\"><a href=\"mailto:viktorija.roncevic@mrrsvg.hr\">viktorija.roncevic@mrrsvg.hr<\/a><\/span><\/p>\n<h3>Razpisna dokumentacija za 2. JR, objavljena v Uradnem listu RS, dne 16. 4. 2010.<\/h3>\n<p>Tukaj se nahaja razpisna dokumentacija za 2. javni razpis v okviru OP IPA SI-HR 2007-2013, z dne 16. 4. 2010.<\/p>\n<p><a class=\"link_pdf\" href=\"http:\/\/84.39.218.255\/wp-content\/uploads\/2015\/09\/2.%20JR%20SI-HR_SI.pdf\" target=\"_blank\">2. javni razpis OP IPA SI-HR 2007-2013 (389.7k)<\/a><\/p>\n<p><a class=\"link_pdf\" href=\"http:\/\/84.39.218.255\/wp-content\/uploads\/2015\/09\/OP%20SI-HR%202007-2013_SI.pdf\" target=\"_blank\">OP IPA SI-HR 2007-2013 (1.1M)<\/a><\/p>\n<p><a class=\"link_pdf\" href=\"http:\/\/84.39.218.255\/wp-content\/uploads\/2015\/09\/PIP%20SI-HR_SI.pdf\" target=\"_blank\">PIP OP IPA SI-HR 2007-2013 (561.4k)<\/a><\/p>\n<p><a class=\"link_doc\" href=\"http:\/\/84.39.218.255\/wp-content\/uploads\/2015\/09\/Prijavnica%20A%20-%20Prijavni%20obrazac%20A_SI-HR.doc\" target=\"_blank\">Prijavnica del A OP IPA SI-HR 2007-2013 (989.5k)<\/a><\/p>\n<p><a class=\"link_xls\" href=\"http:\/\/84.39.218.255\/wp-content\/uploads\/2015\/09\/Prijavnica%20B%20-%20Prijavni%20obrazac%20B_SI-HR.xls\" target=\"_blank\">Prijavnica del B OP IPA SI-HR 2007-2013 (580k)<\/a><\/p>\n<p><a class=\"link_pdf\" href=\"http:\/\/84.39.218.255\/wp-content\/uploads\/2015\/09\/Pogodba%20o%20sofinanciranju_SI-HR.pdf\" target=\"_blank\">Pogodba o sofinanciranju OP IPA SI-HR (416k)<\/a><\/p>\n<p><a class=\"link_pdf\" href=\"http:\/\/84.39.218.255\/wp-content\/uploads\/2015\/09\/Sporazum%20o%20partnerstvu_SI-HR_1.pdf\" target=\"_blank\">Sporazum o partnerstvu OP IPA SI-HR (502.2k)<\/a><\/p>\n<p><a class=\"link_doc\" href=\"http:\/\/84.39.218.255\/wp-content\/uploads\/2015\/09\/Nalepka%20za%20ovojnico%20-%20Nalepnica%20za%20kuvertu_SI-HR.doc\" target=\"_blank\">Nalepka za ovojnico (29.5k)<\/a><\/p>\n","protected":false},"excerpt":{"rendered":"<p>2. javni razpis OP IPA SI-HR 2007-2013 Drugi javni razpis Operativnega programa \u010dezmejnega sodelovanja Slovenija-Hrva\u0161ka 2007-2013 je bil objavljen 16. 4. 2010, zaklju\u010dil pa se je 30. 6. 2010. Ve\u010d &hellip; <a href=\"http:\/\/www.si-hr.eu\/si\/razpisi\/2-skupni-javni-razpis-za-izbor-projektov\/\" class=\"more-link\">Preberi ve\u010d <span class=\"screen-reader-text\">2. skupni javni razpis za izbor projektov<\/span> <span class=\"meta-nav\">&rarr;<\/span><\/a><\/p>\n","protected":false},"author":1,"featured_media":0,"parent":11,"menu_order":0,"comment_status":"closed","ping_status":"closed","template":"","meta":{"ngg_post_thumbnail":0},"acf":[],"_links":{"self":[{"href":"http:\/\/www.si-hr.eu\/si\/wp-json\/wp\/v2\/pages\/3043"}],"collection":[{"href":"http:\/\/www.si-hr.eu\/si\/wp-json\/wp\/v2\/pages"}],"about":[{"href":"http:\/\/www.si-hr.eu\/si\/wp-json\/wp\/v2\/types\/page"}],"author":[{"embeddable":true,"href":"http:\/\/www.si-hr.eu\/si\/wp-json\/wp\/v2\/users\/1"}],"replies":[{"embeddable":true,"href":"http:\/\/www.si-hr.eu\/si\/wp-json\/wp\/v2\/comments?post=3043"}],"version-history":[{"count":1,"href":"http:\/\/www.si-hr.eu\/si\/wp-json\/wp\/v2\/pages\/3043\/revisions"}],"predecessor-version":[{"id":3044,"href":"http:\/\/www.si-hr.eu\/si\/wp-json\/wp\/v2\/pages\/3043\/revisions\/3044"}],"up":[{"embeddable":true,"href":"http:\/\/www.si-hr.eu\/si\/wp-json\/wp\/v2\/pages\/11"}],"wp:attachment":[{"href":"http:\/\/www.si-hr.eu\/si\/wp-json\/wp\/v2\/media?parent=3043"}],"curies":[{"name":"wp","href":"https:\/\/api.w.org\/{rel}","templated":true}]}}