{"id":3045,"date":"2015-09-18T10:24:53","date_gmt":"2015-09-18T09:24:53","guid":{"rendered":"http:\/\/84.39.218.255\/wp-content\/uploads\/2015\/09\/?page_id=3045"},"modified":"2015-09-18T10:24:53","modified_gmt":"2015-09-18T09:24:53","slug":"informativni-dogodki","status":"publish","type":"page","link":"http:\/\/www.si-hr.eu\/si\/razpisi\/2-skupni-javni-razpis-za-izbor-projektov\/informativni-dogodki\/","title":{"rendered":"Informativni dogodki"},"content":{"rendered":"<p>Tu lahko najdete vse informacije, povezane z informativnimi dogodki, ki so vezane na 2. javni razpis OP IPA SI-HR 2007-2013.<\/p>\n<p>Vse dokumente, ki se nana\u0161ajo na informativna dogajanja in delavnice, lahko najdete na spodnjih povezavah. Gradivo za hrva\u0161ke projektne partnerje najdete na hrva\u0161ki razli\u010dici spletne strani.<\/p>\n<p><a href=\"http:\/\/www.si-hr.eu\/news_sl\/detail\/category\/arhiv\/prezentacije_in_fotografije_iz_informativnih_delavnic_v_dobrni_in_post\">PREZENTACIJE IN FOTOGRAFIJE IZ INFORMATIVNIH DELAVNIC V DOBRNI IN POSTOJNI<\/a><\/p>\n<p><a href=\"http:\/\/www.si-hr.eu\/news_sl\/detail\/category\/arhiv\/individualna_svetovanja_glede_priprave_projektov\">INDIVIDUALNA SVETOVANJA GLEDE PRIPRAVE PROJEKTOV<\/a><\/p>\n<p><a href=\"http:\/\/www.si-hr.eu\/news_sl\/archivdetail\/category\/arhiv\/nacionalna_delavnica_v_okviru_2._javnega_razpisa\">NACIONALNA DELAVNICA V OKVIRU 2. JAVNEGA RAZPISA<\/a><\/p>\n<p><a href=\"http:\/\/www.si-hr.eu\/news_sl\/archivdetail\/category\/arhiv\/vabilo_na_informativne_delavnice_za_2._javni_razpis_za_izbor_projektov\">VABILO NA INFORMATIVNE DELAVNICE ZA 2. JAVNI RAZPIS ZA IZBOR PROJEKTOV<\/a><\/p>\n<p><a href=\"http:\/\/www.si-hr.eu\/news_sl\/archivdetail\/category\/arhiv\/srechanje_ministra_rs_dr._gjerkesha_in_ministra_rh_mag._pankretia_v_po\">SRE\u010cANJE MINISTRA RS dr. GJERKE\u0160A IN MINISTRA RH mag. PANKRETI\u0106A, V POD\u010cETRTKU, 19. 4. 2010<\/a><\/p>\n","protected":false},"excerpt":{"rendered":"<p>Tu lahko najdete vse informacije, povezane z informativnimi dogodki, ki so vezane na 2. javni razpis OP IPA SI-HR 2007-2013. Vse dokumente, ki se nana\u0161ajo na informativna dogajanja in delavnice, &hellip; <a href=\"http:\/\/www.si-hr.eu\/si\/razpisi\/2-skupni-javni-razpis-za-izbor-projektov\/informativni-dogodki\/\" class=\"more-link\">Preberi ve\u010d <span class=\"screen-reader-text\">Informativni dogodki<\/span> <span class=\"meta-nav\">&rarr;<\/span><\/a><\/p>\n","protected":false},"author":1,"featured_media":0,"parent":3043,"menu_order":0,"comment_status":"closed","ping_status":"closed","template":"","meta":{"ngg_post_thumbnail":0},"acf":[],"_links":{"self":[{"href":"http:\/\/www.si-hr.eu\/si\/wp-json\/wp\/v2\/pages\/3045"}],"collection":[{"href":"http:\/\/www.si-hr.eu\/si\/wp-json\/wp\/v2\/pages"}],"about":[{"href":"http:\/\/www.si-hr.eu\/si\/wp-json\/wp\/v2\/types\/page"}],"author":[{"embeddable":true,"href":"http:\/\/www.si-hr.eu\/si\/wp-json\/wp\/v2\/users\/1"}],"replies":[{"embeddable":true,"href":"http:\/\/www.si-hr.eu\/si\/wp-json\/wp\/v2\/comments?post=3045"}],"version-history":[{"count":1,"href":"http:\/\/www.si-hr.eu\/si\/wp-json\/wp\/v2\/pages\/3045\/revisions"}],"predecessor-version":[{"id":3046,"href":"http:\/\/www.si-hr.eu\/si\/wp-json\/wp\/v2\/pages\/3045\/revisions\/3046"}],"up":[{"embeddable":true,"href":"http:\/\/www.si-hr.eu\/si\/wp-json\/wp\/v2\/pages\/3043"}],"wp:attachment":[{"href":"http:\/\/www.si-hr.eu\/si\/wp-json\/wp\/v2\/media?parent=3045"}],"curies":[{"name":"wp","href":"https:\/\/api.w.org\/{rel}","templated":true}]}}