{"id":3047,"date":"2015-09-18T10:25:28","date_gmt":"2015-09-18T09:25:28","guid":{"rendered":"http:\/\/84.39.218.255\/wp-content\/uploads\/2015\/09\/?page_id=3047"},"modified":"2015-09-18T10:25:28","modified_gmt":"2015-09-18T09:25:28","slug":"pogosto-zastavljena-vprasanja-faq","status":"publish","type":"page","link":"http:\/\/www.si-hr.eu\/si\/razpisi\/2-skupni-javni-razpis-za-izbor-projektov\/pogosto-zastavljena-vprasanja-faq\/","title":{"rendered":"Pogosto zastavljena vpra\u0161anja (FAQ)"},"content":{"rendered":"<p>Tu si lahko nalo\u017eite pogosto zastavljena vpra\u0161anja, ki se nana\u0161ajo na 2. javni razpis OP IPA SI-HR 2007-2013.<\/p>\n<p><a class=\"link_pdf\" href=\"http:\/\/84.39.218.255\/wp-content\/uploads\/2015\/09\/FAQ%202.JR%20final%20SI.pdf\" target=\"_blank\">FAQ (377.7k)<\/a><\/p>\n","protected":false},"excerpt":{"rendered":"<p>Tu si lahko nalo\u017eite pogosto zastavljena vpra\u0161anja, ki se nana\u0161ajo na 2. javni razpis OP IPA SI-HR 2007-2013. FAQ (377.7k)<\/p>\n","protected":false},"author":1,"featured_media":0,"parent":3043,"menu_order":0,"comment_status":"closed","ping_status":"closed","template":"","meta":{"ngg_post_thumbnail":0},"acf":[],"_links":{"self":[{"href":"http:\/\/www.si-hr.eu\/si\/wp-json\/wp\/v2\/pages\/3047"}],"collection":[{"href":"http:\/\/www.si-hr.eu\/si\/wp-json\/wp\/v2\/pages"}],"about":[{"href":"http:\/\/www.si-hr.eu\/si\/wp-json\/wp\/v2\/types\/page"}],"author":[{"embeddable":true,"href":"http:\/\/www.si-hr.eu\/si\/wp-json\/wp\/v2\/users\/1"}],"replies":[{"embeddable":true,"href":"http:\/\/www.si-hr.eu\/si\/wp-json\/wp\/v2\/comments?post=3047"}],"version-history":[{"count":1,"href":"http:\/\/www.si-hr.eu\/si\/wp-json\/wp\/v2\/pages\/3047\/revisions"}],"predecessor-version":[{"id":3048,"href":"http:\/\/www.si-hr.eu\/si\/wp-json\/wp\/v2\/pages\/3047\/revisions\/3048"}],"up":[{"embeddable":true,"href":"http:\/\/www.si-hr.eu\/si\/wp-json\/wp\/v2\/pages\/3043"}],"wp:attachment":[{"href":"http:\/\/www.si-hr.eu\/si\/wp-json\/wp\/v2\/media?parent=3047"}],"curies":[{"name":"wp","href":"https:\/\/api.w.org\/{rel}","templated":true}]}}